{"id":8969,"date":"2025-01-09T13:07:14","date_gmt":"2025-01-09T13:07:14","guid":{"rendered":"https:\/\/hubertpietka.bialystok.pl\/?page_id=8969"},"modified":"2025-01-09T13:07:14","modified_gmt":"2025-01-09T13:07:14","slug":"na-wskros-obludne-klamstwem-perfidne-roznego-bandyctwa-prowokacje-napasci","status":"publish","type":"page","link":"https:\/\/hubertpietka.bialystok.pl\/?page_id=8969","title":{"rendered":"Na wskro\u015b ob\u0142udne k\u0142amstwem \/ perfidne r\u00f3\u017cnego bandyctwa prowokacje napa\u015bci"},"content":{"rendered":"\n<p>1.<br>Mo\u017cna si\u0119 na pot\u0119pienie<br>Zaprze\u0107 w k\u0142amstwach<br>K\u0142amstwa maj\u0105 by\u0107 nienaruszalne<br>Byleby tylko zrealizowa\u0107 bandyckie zbrodnie<br>\u015amier\u0107 prowokacje napa\u015bci zniszczenie itp<br>Byleby tylko te\u017c przy okazji<br>Zniszczy\u0107 czyje\u015b dobre imi\u0119<br>Szata\u0144stwo w ca\u0142ej pe\u0142ni<br>I w ca\u0142ej rozpi\u0119to\u015bci<br>Od k\u0142amstw do wszelkich zbrodni<br>I tak ci bandyci<br>I podwykonawcy ich wszelacy<br>W z\u0142u bandyckim kunktatorzy<br>Dla nas naszego i naszych<br>Ale nie tylko i chyba<br>Jak po bestialstwie<br>Na wsp\u00f3\u0142czesnych m\u0119czennikach wida\u0107<\/p>\n\n\n\n<p>2.<br>Uwaga uwaga<br>Alert dla osiedla<br>Takiego czy takiego i drogi<br>Takiej czy innej<br>Niebezpieczny przest\u0119pca grasuje<br>Jedzie idzie<br>Cz\u0119sto z psami<br>Robi zdj\u0119cia i si\u0119 modli<br>Zamykamy osiedla i drogi<br>Bardzo niebezpieczny jest przecie\u017c<br>Bo sprzeciwia si\u0119 z\u0142u bandyckiemu<br>Bez pardonu \u017cadnego<br>A oni chc\u0105 tylko<br>Niszczy\u0107 zabija\u0107 zniewala\u0107<br>Nic wi\u0119cej<br>A im wolno to przecie\u017c<br>Tak\u017ce taki to niebezpieczny przest\u0119pca<br>A i fajki pali<br>\u0141obuz ten taki<br>Kiedy to ju\u017c niemodne<br>A co m\u00f3wi bandyctwa jakiekolwiek<br>To ma by\u0107 zrobione<br>Bo inaczej przemoc bandycka<br>Dla jakkolwiek niepos\u0142usznych<br>To taki niebezpieczny przest\u0119pca<br>To nic \u017ce tak naprawd\u0119<br>Niewinny i bezbronny<\/p>\n\n\n\n<p>3.<br>Ju\u017c to nie raz zauwa\u017cy\u0142em<br>Te alerty bandyckie<br>Byleby tylko mi nam<br>Z\u0142o jakie\u015b uczyni\u0107 swobodnie<br>By czasem nikt w tym<br>Za bardzo nie przeszkadza\u0142<br>Przez takich czy innych<br>Misi\u00f3w bandyckich innych s\u0142u\u017calc\u00f3w<br>Czy tam jakich zreszt\u0105 psychopat\u00f3w<br>I to osiedle naszego zamieszkania<br>I centrum i tyle innych<br>I drogi bywaj\u0105 nagle<br>Zamkni\u0119te dla samochod\u00f3w<br>Jak ma mnie nas dopa\u015b\u0107<br>Bandyctwo jakiekolwiek z namaszczenia<br>Tego bandyctwa naczelnego<br>Tak\u017ce super<br>Pami\u0119tajcie tylko<br>By nie przeszkadza\u0107 jako\u015b z\u0142u<br>Bo mo\u017ce si\u0119 ono zem\u015bci\u0107<br>Czy na was<br>Czy na bliskich waszych<br>Na waszym mieniu<br>Tak jak m\u015bci\u0107 pr\u00f3buje<br>Si\u0119 z\u0142owrogo i nienawistnie<br>Na nas naszych i naszym<br>Ale i na innych<br>Te\u017c im to nie przeszkadza<br>Musi przecie\u017c panowa\u0107 wszechw\u0142adnie<br>Wszelkie pod\u0142e ob\u0142udne z\u0142o szata\u0144skie<\/p>\n\n\n\n<figure class=\"wp-block-image size-large\"><a href=\"https:\/\/hubertpietka.bialystok.pl\/wp-content\/uploads\/2025\/01\/IMG-20250109-WA0005.jpg\"><img loading=\"lazy\" decoding=\"async\" width=\"1024\" height=\"768\" src=\"https:\/\/hubertpietka.bialystok.pl\/wp-content\/uploads\/2025\/01\/IMG-20250109-WA0005-1024x768.jpg\" alt=\"\" class=\"wp-image-8970\" srcset=\"https:\/\/hubertpietka.bialystok.pl\/wp-content\/uploads\/2025\/01\/IMG-20250109-WA0005-1024x768.jpg 1024w, https:\/\/hubertpietka.bialystok.pl\/wp-content\/uploads\/2025\/01\/IMG-20250109-WA0005-300x225.jpg 300w, https:\/\/hubertpietka.bialystok.pl\/wp-content\/uploads\/2025\/01\/IMG-20250109-WA0005-768x576.jpg 768w, https:\/\/hubertpietka.bialystok.pl\/wp-content\/uploads\/2025\/01\/IMG-20250109-WA0005-1536x1152.jpg 1536w, https:\/\/hubertpietka.bialystok.pl\/wp-content\/uploads\/2025\/01\/IMG-20250109-WA0005.jpg 1600w\" sizes=\"auto, (max-width: 1024px) 100vw, 1024px\" \/><\/a><\/figure>\n\n\n\n<p><em>Na zdj. Wie\u017ca buduj\u0105cego si\u0119 ko\u015bcio\u0142a<br>Jana Paw\u0142a II w Ignatkach<br>A z tym bandyctwem<br>To jest tak<br>Im dalej w las<br>Tym wi\u0119cej k\u0142amstw<br>Albo k\u0142amstwa w ob\u0142udzie nienaruszalne<br>Byleby tylko by\u0142o po bandycku<br>Byleby tylko nam z\u0142o uczyni\u0107<br>Nam naszemu i naszym<br>Uderzy\u0107 chocia\u017c jako\u015b<br>Zniszczy\u0107 zniewoli\u0107 zgwa\u0142ci\u0107 zabi\u0107<br>Tak czy inaczej st\u0142amsi\u0107 co\u015b<br>A przy okazji zawsze<br>Uderza\u0107 w dobre imie nasze<br>Do tego jest dobre ka\u017cde<br>K\u0142amstwo pod\u0142e przy okazji zbrodni<br>Napa\u015bci zatrzymania i prowokacji jakichkolwiek<br>Ob\u0142uda u nich goni ob\u0142ud\u0119<br>I ob\u0142ud\u0105 jest t\u0142umaczona<br>Zamkni\u0119te szata\u0144skie ko\u0142o<br>I k\u0142amstwa niby t\u0142umacz\u0105ce zbrodnie<br>Niszcz\u0105ce fizycznie mentalnie i spo\u0142ecznie<\/em><\/p>\n","protected":false},"excerpt":{"rendered":"<p>1.Mo\u017cna si\u0119 na pot\u0119pienieZaprze\u0107 w k\u0142amstwachK\u0142amstwa maj\u0105 by\u0107 nienaruszalneByleby tylko zrealizowa\u0107 bandyckie zbrodnie\u015amier\u0107 prowokacje napa\u015bci zniszczenie itpByleby tylko te\u017c przy okazjiZniszczy\u0107 czyje\u015b dobre imi\u0119Szata\u0144stwo w&hellip; <\/p>\n","protected":false},"author":1,"featured_media":0,"parent":0,"menu_order":0,"comment_status":"closed","ping_status":"closed","template":"","meta":{"footnotes":""},"class_list":["post-8969","page","type-page","status-publish","hentry"],"_links":{"self":[{"href":"https:\/\/hubertpietka.bialystok.pl\/index.php?rest_route=\/wp\/v2\/pages\/8969","targetHints":{"allow":["GET"]}}],"collection":[{"href":"https:\/\/hubertpietka.bialystok.pl\/index.php?rest_route=\/wp\/v2\/pages"}],"about":[{"href":"https:\/\/hubertpietka.bialystok.pl\/index.php?rest_route=\/wp\/v2\/types\/page"}],"author":[{"embeddable":true,"href":"https:\/\/hubertpietka.bialystok.pl\/index.php?rest_route=\/wp\/v2\/users\/1"}],"replies":[{"embeddable":true,"href":"https:\/\/hubertpietka.bialystok.pl\/index.php?rest_route=%2Fwp%2Fv2%2Fcomments&post=8969"}],"version-history":[{"count":1,"href":"https:\/\/hubertpietka.bialystok.pl\/index.php?rest_route=\/wp\/v2\/pages\/8969\/revisions"}],"predecessor-version":[{"id":8971,"href":"https:\/\/hubertpietka.bialystok.pl\/index.php?rest_route=\/wp\/v2\/pages\/8969\/revisions\/8971"}],"wp:attachment":[{"href":"https:\/\/hubertpietka.bialystok.pl\/index.php?rest_route=%2Fwp%2Fv2%2Fmedia&parent=8969"}],"curies":[{"name":"wp","href":"https:\/\/api.w.org\/{rel}","templated":true}]}}