{"id":8976,"date":"2025-01-10T10:23:42","date_gmt":"2025-01-10T10:23:42","guid":{"rendered":"https:\/\/hubertpietka.bialystok.pl\/?page_id=8976"},"modified":"2025-01-10T10:23:42","modified_gmt":"2025-01-10T10:23:42","slug":"skladac-prawdziwe-ofiary-bogu-czy-poswiecic-swiat-szatanowi","status":"publish","type":"page","link":"https:\/\/hubertpietka.bialystok.pl\/?page_id=8976","title":{"rendered":"Sk\u0142ada\u0107 prawdziwe ofiary Bogu \/ czy po\u015bwi\u0119ci\u0107 \u015bwiat szatanowi"},"content":{"rendered":"\n<p>W staro\u017cytnym Izraelu<br>Na przeb\u0142aganie za grzechy spo\u0142eczno\u015bci<br>Wyp\u0119dzano koz\u0142a na pustyni\u0119<br>W ofierze dla demon\u00f3w<\/p>\n\n\n\n<p>Chyba niewiele si\u0119 zmieni\u0142o<br>W tym temacie<br>W tym wsp\u00f3\u0142czesnym \u015bwiecie naszym<br>Z t\u0105 r\u00f3\u017cnic\u0105 \u017ce wsp\u00f3\u0142cze\u015bni<br>Uwa\u017caj\u0105 chyba potrzeb\u0119 koz\u0142a ofiarnego<br>A potem se mo\u017cna<br>Dalej \u017cy\u0107 zuchwale i grzeszy\u0107<\/p>\n\n\n\n<p>I tak ja chyba<br>Mam by\u0107 z\u0142o\u017cony<br>Na ofiar\u0119 temu szatanowi<br>Kt\u00f3remu cho\u0107by to bandyctwo s\u0142u\u017cy<br>Bo mnie oskar\u017ca ci\u0105gle<br>\u017be nie mo\u017ce swobodnie<br>Pope\u0142nia\u0107 r\u00f3\u017cnych zbrodni swoich<br>Na \u017conie bliskich na mnie<br>Na nas naszych i naszym<br>I na innych<\/p>\n\n\n\n<p>Zreszt\u0105 oskar\u017caj\u0105 mnie chyba wszyscy<br>Za te zbrodnie bandyckie<br>\u017be niby jak ja<br>Zostan\u0119 z\u0142o\u017cony na ofiar\u0119 szatanowi<br>To ustan\u0105 wszelkie zbrodnie<br>Mimo \u017ce ani to bandyctwo<br>Ani to spo\u0142ecze\u0144stwo \u015bwiatowe<br>Nawr\u00f3ci\u0107 si\u0119 nie chce<br>Z wszelkich swoich grzech\u00f3w<br>Z wszelkich czyn\u00f3w<br>Ku z\u0142u dla innych<\/p>\n\n\n\n<p>Ci bandyci uwa\u017caj\u0105<br>\u017be mog\u0105 z\u0142o czyni\u0107<br>Pope\u0142nia\u0107 zbrodnie na innych<br>Bo s\u0105 jako\u015b lepsi<br>Mimo \u017ce wobec Boga<br>Wszyscy s\u0105 r\u00f3wni przecie\u017c<br>Bo to On wszystko stworzy\u0142<br>Mimo \u017ce niekt\u00f3rzy wybieraj\u0105 drog\u0119<br>By s\u0142u\u017cy\u0107 szatanowi<br>I wszelkiemu zbrodniczemu k\u0142amliwemu bandyctwu<\/p>\n\n\n\n<p>A wi\u0119c oskar\u017caj\u0105 mnie oni<br>\u017be z\u0142a se czyni\u0107 nie mog\u0105 spokojnie<br>Oskar\u017caj\u0105 mnie inni<br>Za te w\u0142a\u015bnie ich zbrodnie<br>Wierz\u0105c iluzji szatana<br>\u017be jak si\u0119 nasyci zbrodniami<br>To te ustan\u0105<br>Oskar\u017ca mnie spo\u0142ecze\u0144stwo i nawet<br>Ta rodzina moja o to samo w\u0142a\u015bnie<br>\u017be nie chc\u0119 si\u0119 podda\u0107<br>Nienawi\u015bci szata\u0144skiej i cho\u0107by<br>Z\u0142o\u017cy\u0107 szatanowi w ofierze t\u0105 moj\u0105 \u017con\u0119<br>\u017be niby to mia\u0142oby powstrzyma\u0107<br>Zlowrogo\u015b\u0107 zbrodnicz\u0105 tych bandyt\u00f3w<br>Nie powstrzyma a jeszcze by<br>Eskalowa\u0142o ich nienawisto\u015b\u0107 w pe\u0142ni<br>I tak b\u0119dzie<br>Przez trzy dni najpewniej<br>Bo ja nie zgodz\u0119<br>Si\u0119 na t\u0105 ofiar\u0119 szata\u0144sk\u0105<br>Bo wiem \u017ce to rozp\u0119ta<br>Ostateczn\u0105 kampani\u0119 z\u0142a<br>Ku zgubie tego \u015bwiata<\/p>\n\n\n\n<p>Ale oskar\u017ca mnie tak\u017ce<br>Nawet i ta \u017cona<br>Nie przyjmuj\u0105c do wiadomo\u015bci<br>Dzia\u0142a\u0144 tego bandyctwa<br>Zreszt\u0105 przecie\u017c oskar\u017ca\u0107 mnie mo\u017cna<br>Chyba za wszystko<br>Za to co robi\u0119 i nie robi\u0119<br>A jak ju\u017c to powinienem przecie\u017c wszystko inaczej<br>Za s\u0142owa wypowiedziane i ukryte<br>Wszystko to jest na m\u0142yn<br>Szatanowi i tyn bandytom<br>Byleby tylko ofiara szata\u0144ska<br>Zosta\u0142a wreszcie wykonana<br>Ludziom si\u0119 wydaje \u017ce to<br>Przejdzie bez echa<br>I tak te\u017c wt\u0142aczaj\u0105 to<br>Ci wszelcy bandyci<br>\u017be B\u00f3g pozwoli Sobie<br>Da\u0107 zakpi\u0107 z prawdy ponownie<br>Jak to by\u0142o z Jego Synem Bo\u017cym<br>Ale On by\u0142 te\u017c Bogiem<br>I podda\u0142 si\u0119 temu<br>Bo wiedzia\u0142 \u017ce tylko tak<br>Mo\u017cna odkupi\u0107 \u015bwiat z grzech\u00f3w<br>Tych wszystkich kt\u00f3rzy zechc\u0105<br>Si\u0119 nawr\u00f3ci\u0107 \u017cy\u0107 wed\u0142ug Boga<br>A ta ofiara szatanowi<br>Ze mnie czy z nas<br>Paradoksalnie zako\u0144czy ten \u015bwiat<br>Wbrew wszelkim k\u0142amstwom szata\u0144skim<br>I tego ca\u0142ego bandyctwa<br>Bo ogrom ob\u0142udy w tym w\u0142a\u015bnie temacie<br>Na nas naszych i naszym<br>I innych niewinnym<br>Ju\u017c zalewa \u015bwiat ca\u0142y<br>A za t\u0105 krew<br>Przyjdzie \u015bwiatu zap\u0142aci\u0107<br>Niech se nie my\u015bli<br>\u017be mo\u017ce oddawa\u0107 si\u0119<br>Po\u017c\u0105dliwo\u015bci konsumpcji lekcewa\u017ceniu zbrodni<br>Tak zwyczajnie i po prostu<br>Oboj\u0119tno\u015b\u0107 jest te\u017c win\u0105<br>Kiedy ma si\u0119 \u015bwiadomo\u015b\u0107 zbrodniczo\u015bci<br>I wszelkiej niesprawiedliwo\u015bci i nieprawo\u015bci<br>Wzgl\u0119dem spraw Bo\u017cych<br>I niewinnych ludzi r\u00f3\u017cnych<br>Ofiar wszelkiego bandyctwa k\u0142amliwego<br>I si\u0119 nie \u0142udzcie<br>Szatan si\u0119 nie nasyci<br>Szatana albo si\u0119 pokona<br>Wed\u0142ug prawd Bo\u017cych przyj\u0119tych<br>I te\u017c realizowanych<br>Albo szatan poch\u0142onie \u015bwiat ca\u0142y<br>A dzia\u0142ania bandyckie r\u00f3\u017cne<br>Niestety wype\u0142niaj\u0105 wszelkie po\u017c\u0105dania szatana<\/p>\n\n\n\n<figure class=\"wp-block-gallery has-nested-images columns-default is-cropped wp-block-gallery-1 is-layout-flex wp-block-gallery-is-layout-flex\">\n<figure class=\"wp-block-image size-large\"><a href=\"https:\/\/hubertpietka.bialystok.pl\/wp-content\/uploads\/2025\/01\/IMG-20250109-WA0006.jpg\"><img loading=\"lazy\" decoding=\"async\" width=\"768\" height=\"1024\" data-id=\"8977\" src=\"https:\/\/hubertpietka.bialystok.pl\/wp-content\/uploads\/2025\/01\/IMG-20250109-WA0006-768x1024.jpg\" alt=\"\" class=\"wp-image-8977\" srcset=\"https:\/\/hubertpietka.bialystok.pl\/wp-content\/uploads\/2025\/01\/IMG-20250109-WA0006-768x1024.jpg 768w, https:\/\/hubertpietka.bialystok.pl\/wp-content\/uploads\/2025\/01\/IMG-20250109-WA0006-225x300.jpg 225w, https:\/\/hubertpietka.bialystok.pl\/wp-content\/uploads\/2025\/01\/IMG-20250109-WA0006-1152x1536.jpg 1152w, https:\/\/hubertpietka.bialystok.pl\/wp-content\/uploads\/2025\/01\/IMG-20250109-WA0006.jpg 1200w\" sizes=\"auto, (max-width: 768px) 100vw, 768px\" \/><\/a><\/figure>\n<\/figure>\n\n\n\n<p><em>Na zdj. Ko\u015bci\u00f3\u0142 Jana Paw\u0142a II w budowie<br>Patron nas naszych naszego<br>W budowaniu \u017cycia<br>Z Bogiem w pe\u0142ni zgodnego<br>Ta budowla si\u0119 ci\u0105gle wznosi<br>Dotyczy te\u017c innych dzieci Bo\u017cych<br>Duch Boga albo ten \u015bwiat<br>Odbuduje moralnie z duchowej n\u0119dzy<br>Albo szatan rozwali t\u0105 budowl\u0119<br>Zanim zostanie uko\u0144czona<br>Oczywi\u015bcie jest to pewna parabola<br>Ten Bo\u017cy ko\u015bci\u00f3\u0142 mo\u017ce<br>Si\u0119 wznosi\u0107 pi\u0119knie<br>Kiedy zapewni mu si\u0119<br>Wszelkie \u015brodki odpowiednie<br>Albo popadnie w ruin\u0119<br>Nie zostanie uko\u0144czony<br>Na czym zale\u017cy bandyctwu wszelkiemu<br>I szatanowi<br>A ta metafora jest wyrazem<br>Budowania i umacniania spraw Bo\u017cych<br>W opozycji do wszelkiej dzia\u0142alno\u015bci<br>Z\u0142a diabelskiego tych bandyt\u00f3w<br>Kt\u00f3re maj\u0105 dzie\u0142a Bo\u017ce zniszczy\u0107<\/em><\/p>\n","protected":false},"excerpt":{"rendered":"<p>W staro\u017cytnym IzraeluNa przeb\u0142aganie za grzechy spo\u0142eczno\u015bciWyp\u0119dzano koz\u0142a na pustyni\u0119W ofierze dla demon\u00f3w Chyba niewiele si\u0119 zmieni\u0142oW tym temacieW tym wsp\u00f3\u0142czesnym \u015bwiecie naszymZ t\u0105 r\u00f3\u017cnic\u0105&hellip; <\/p>\n","protected":false},"author":1,"featured_media":0,"parent":0,"menu_order":0,"comment_status":"closed","ping_status":"closed","template":"","meta":{"footnotes":""},"class_list":["post-8976","page","type-page","status-publish","hentry"],"_links":{"self":[{"href":"https:\/\/hubertpietka.bialystok.pl\/index.php?rest_route=\/wp\/v2\/pages\/8976","targetHints":{"allow":["GET"]}}],"collection":[{"href":"https:\/\/hubertpietka.bialystok.pl\/index.php?rest_route=\/wp\/v2\/pages"}],"about":[{"href":"https:\/\/hubertpietka.bialystok.pl\/index.php?rest_route=\/wp\/v2\/types\/page"}],"author":[{"embeddable":true,"href":"https:\/\/hubertpietka.bialystok.pl\/index.php?rest_route=\/wp\/v2\/users\/1"}],"replies":[{"embeddable":true,"href":"https:\/\/hubertpietka.bialystok.pl\/index.php?rest_route=%2Fwp%2Fv2%2Fcomments&post=8976"}],"version-history":[{"count":1,"href":"https:\/\/hubertpietka.bialystok.pl\/index.php?rest_route=\/wp\/v2\/pages\/8976\/revisions"}],"predecessor-version":[{"id":8978,"href":"https:\/\/hubertpietka.bialystok.pl\/index.php?rest_route=\/wp\/v2\/pages\/8976\/revisions\/8978"}],"wp:attachment":[{"href":"https:\/\/hubertpietka.bialystok.pl\/index.php?rest_route=%2Fwp%2Fv2%2Fmedia&parent=8976"}],"curies":[{"name":"wp","href":"https:\/\/api.w.org\/{rel}","templated":true}]}}