{"id":8984,"date":"2025-01-12T11:52:39","date_gmt":"2025-01-12T11:52:39","guid":{"rendered":"https:\/\/hubertpietka.bialystok.pl\/?page_id=8984"},"modified":"2025-01-12T11:52:39","modified_gmt":"2025-01-12T11:52:39","slug":"przewrotna-wystepnosc-tego-bandyctwa-calego","status":"publish","type":"page","link":"https:\/\/hubertpietka.bialystok.pl\/?page_id=8984","title":{"rendered":"Przewrotna wyst\u0119pno\u015b\u0107 \/ tego bandyctwa ca\u0142ego"},"content":{"rendered":"\n<p>Przewrotno\u015b\u0107 wyst\u0119pna<br>To cechuje celowo tych bandyt\u00f3w<br>Bo maj\u0105 r\u00f3\u017cne menty<br>Na wszelkie swe bandyckie momenty<br>Maj\u0105 r\u00f3\u017cnych niecnych i bezprawych<br>By spe\u0142niali ich po\u017c\u0105dania szata\u0144skie<br>Co do zabicia zniewolenia gwa\u0142tu<br>Na \u017conie na mnie na tych zwierz\u0119tach<br>Na bliskich tak\u017ce i innych<br>Maj\u0105 takich w\u0105tpliwych moralnie<br>Co najmniej m\u00f3wi\u0105c ogl\u0119dnie<br>Tak\u017ce do wszelkiego nam szkodzeniae<br>Do uderzania w nas naszych i nasze<br>Od tej podwijki po misi\u00f3w bandyckich<br>Poprzez s\u0142u\u017calc\u00f3w innych a\u017c po<br>Psychopat\u00f3w r\u00f3\u017cnych skoro<br>Byleby tylko nam jakie\u015b okre\u015blone z\u0142o<br>A oni wszyscy \u015bci\u015ble<br>Wed\u0142ug wyst\u0119pnych po\u017c\u0105da\u0144 bandyckich<br>I wszelkiej bezprawnej przewrotno\u015bci<br>Skoro ja m\u00f3wi\u0119 tu nieustannie<br>A oni tak perfidnie bezczelnie<br>I podle na wszelkie sposoby dalej<\/p>\n\n\n\n<p>Nie ma sercu pokoju<br>Cz\u0142owiek kt\u00f3ry d\u0105\u017cy nieustannie<br>Do gwa\u0142tu na innych<br>Napa\u015bci czy jakiejkolwiek prowokacji<br>Nie ma pokoju cz\u0142owiek<br>Kt\u00f3ry nieustannie chce rozsiewa\u0107 z\u0142o<br>Wed\u0142ug intencji z\u0142a dla kogo\u015b<br>Tak ci wszyscy wymienieni wy\u017cej<br>Skoro zdecydowali si\u0119 spe\u0142nia\u0107<br>Szata\u0144skiego z\u0142a zap\u0119dy<br>\u015aci\u015ble wed\u0142ug tych bandyt\u00f3w<br>Cho\u0107 wypieraj\u0105 si\u0119 tego wzajemnie<\/p>\n\n\n\n<figure class=\"wp-block-gallery has-nested-images columns-default is-cropped wp-block-gallery-1 is-layout-flex wp-block-gallery-is-layout-flex\">\n<figure class=\"wp-block-image size-large\"><a href=\"https:\/\/hubertpietka.bialystok.pl\/wp-content\/uploads\/2025\/01\/IMG-20250110-WA0038.jpg\"><img loading=\"lazy\" decoding=\"async\" width=\"1024\" height=\"768\" data-id=\"8985\" src=\"https:\/\/hubertpietka.bialystok.pl\/wp-content\/uploads\/2025\/01\/IMG-20250110-WA0038-1024x768.jpg\" alt=\"\" class=\"wp-image-8985\" srcset=\"https:\/\/hubertpietka.bialystok.pl\/wp-content\/uploads\/2025\/01\/IMG-20250110-WA0038-1024x768.jpg 1024w, https:\/\/hubertpietka.bialystok.pl\/wp-content\/uploads\/2025\/01\/IMG-20250110-WA0038-300x225.jpg 300w, https:\/\/hubertpietka.bialystok.pl\/wp-content\/uploads\/2025\/01\/IMG-20250110-WA0038-768x576.jpg 768w, https:\/\/hubertpietka.bialystok.pl\/wp-content\/uploads\/2025\/01\/IMG-20250110-WA0038-1536x1152.jpg 1536w, https:\/\/hubertpietka.bialystok.pl\/wp-content\/uploads\/2025\/01\/IMG-20250110-WA0038.jpg 1600w\" sizes=\"auto, (max-width: 1024px) 100vw, 1024px\" \/><\/a><\/figure>\n<\/figure>\n\n\n\n<p>Dzi\u015b \u015bw. *<strong>Arkadi-usza<\/strong>*<br>*<strong>Arkadia<\/strong>* czyli wewn\u0119trzne uporz\u0105dkowanie<br>I pok\u00f3j serca<br>Bra\u0107 si\u0119 mog\u0105 tylko<br>Z \u017cycia dobrego<br>Z Bogiem zgodnego i ku<br>Dla innych dobru<br>Nie pomijaj\u0105c jednak sprawiedliwo\u015bci<br>I nazywania z\u0142ymi d\u0105\u017ce\u0144 wyst\u0119pnych<br>I takich czyn\u00f3w<br>Bo niekt\u00f3rzy uwa\u017caj\u0105<br>\u017be mog\u0105 tak dzia\u0142a\u0107<br>A ma ich spotyka\u0107<br>Mimo tego tylko Bo\u017ce mi\u0142osierdzie<br>Co jest z Boga kpin\u0105<br>Bo B\u00f3g jest nie tylko<br>Mi\u0142osierny ale i sprawiedliwy<br>Obok nieba Arkadii jest piek\u0142o<br>Bynajmniej nie puste<br>Dla tych cho\u0107by kt\u00f3rzy my\u015bl\u0105<br>\u017be z\u0142o mo\u017cna pope\u0142nia\u0107 zuchwale<br>\u017be mo\u017cna czyni\u0107 zbrodnie<br>Wbrew wszystkiemu z premedytacj\u0105 pod\u0142\u0105<\/p>\n\n\n\n<p><em>Na zdj. \u015aw. Faustyna i b\u0142. Micha\u0142<br>Pomi\u0119dzy nimi Jezus Mi\u0142osierny<br>Tylko wierne trwanie w Panu<br>Z intencj\u0105 prawdziwego dobra<br>Te\u017c dla innych<br>Jest Bogu znane<br>Tylko taka droga czysta i jasna<br>Kaplica Adoracji w *<strong>Wi-\u017anie<\/strong>* tu<br>O takich ludziach<br>B\u00f3g *<strong>wie i zna<\/strong>* ich<br>I przyznaje sietdi nich<br>Je\u015bli wiernie si\u0119 za Nim<br>Idzie wbrew z\u0142o\u015bci \u015bwiatowej wszelkiej<\/em><\/p>\n","protected":false},"excerpt":{"rendered":"<p>Przewrotno\u015b\u0107 wyst\u0119pnaTo cechuje celowo tych bandyt\u00f3wBo maj\u0105 r\u00f3\u017cne mentyNa wszelkie swe bandyckie momentyMaj\u0105 r\u00f3\u017cnych niecnych i bezprawychBy spe\u0142niali ich po\u017c\u0105dania szata\u0144skieCo do zabicia zniewolenia gwa\u0142tuNa&hellip; <\/p>\n","protected":false},"author":1,"featured_media":0,"parent":0,"menu_order":0,"comment_status":"closed","ping_status":"closed","template":"","meta":{"footnotes":""},"class_list":["post-8984","page","type-page","status-publish","hentry"],"_links":{"self":[{"href":"https:\/\/hubertpietka.bialystok.pl\/index.php?rest_route=\/wp\/v2\/pages\/8984","targetHints":{"allow":["GET"]}}],"collection":[{"href":"https:\/\/hubertpietka.bialystok.pl\/index.php?rest_route=\/wp\/v2\/pages"}],"about":[{"href":"https:\/\/hubertpietka.bialystok.pl\/index.php?rest_route=\/wp\/v2\/types\/page"}],"author":[{"embeddable":true,"href":"https:\/\/hubertpietka.bialystok.pl\/index.php?rest_route=\/wp\/v2\/users\/1"}],"replies":[{"embeddable":true,"href":"https:\/\/hubertpietka.bialystok.pl\/index.php?rest_route=%2Fwp%2Fv2%2Fcomments&post=8984"}],"version-history":[{"count":1,"href":"https:\/\/hubertpietka.bialystok.pl\/index.php?rest_route=\/wp\/v2\/pages\/8984\/revisions"}],"predecessor-version":[{"id":8986,"href":"https:\/\/hubertpietka.bialystok.pl\/index.php?rest_route=\/wp\/v2\/pages\/8984\/revisions\/8986"}],"wp:attachment":[{"href":"https:\/\/hubertpietka.bialystok.pl\/index.php?rest_route=%2Fwp%2Fv2%2Fmedia&parent=8984"}],"curies":[{"name":"wp","href":"https:\/\/api.w.org\/{rel}","templated":true}]}}