{"id":8990,"date":"2025-01-14T10:02:03","date_gmt":"2025-01-14T10:02:03","guid":{"rendered":"https:\/\/hubertpietka.bialystok.pl\/?page_id=8990"},"modified":"2025-01-14T10:02:03","modified_gmt":"2025-01-14T10:02:03","slug":"szata-na-czlowieka-se-znika-przy-tendencjach-napastliwych-tego-bandyctwa","status":"publish","type":"page","link":"https:\/\/hubertpietka.bialystok.pl\/?page_id=8990","title":{"rendered":"*Szata-na-cz\u0142owieka* se znika \/ przy tendencjach napastliwych tego bandyctwa"},"content":{"rendered":"\n<p>To jak tam<br>Te bandyckie mi\u015bki broni\u0105<br>Prawa niby do napa\u015bci<br>Tych bandyt\u00f3w wszelakich<br>Na \u017con\u0119 na mnie<br>A mo\u017ce to pi\u0119kni obro\u0144cy<br>Prawa niby do zabijania<br>Tych w\u0142a\u015bnie bandyt\u00f3w<br>Nikt nie ma takiego prawa<br>W oczach Bo\u017cych<br>Jedynie w s\u0142usznej obronie w\u0142asnej<br>Siebie swojego i swoich<\/p>\n\n\n\n<p>Tak\u017ce bandyckie mi\u015bki<br>Czy inni s\u0142u\u017calcy podobni<br>Skoro s\u0142u\u017c\u0105 tym bandytom<br>W narz\u0119dziach \u015brodk\u00f3w przymusu bezpo\u015bredniego<br>Staj\u0105 w obronie przemocy niesprawiedliwej<br>Tak naprawd\u0119 zawsze tych bandyt\u00f3w<br>Bo wobec bezbronnych i niewinnych<br>Tak pi\u0119knie broni\u0105 prawa<br>Do zabijania zniewalania tych bandyt\u00f3w<br>Czy jakiegokolwiek krzywdzenia<br>Nie tylko nas naszych naszego<br>I zreszt\u0105<\/p>\n\n\n\n<figure class=\"wp-block-gallery has-nested-images columns-default is-cropped wp-block-gallery-1 is-layout-flex wp-block-gallery-is-layout-flex\">\n<figure class=\"wp-block-image size-large\"><a href=\"https:\/\/hubertpietka.bialystok.pl\/wp-content\/uploads\/2025\/01\/Screenshot_20250114-092141_Messages.jpg\"><img loading=\"lazy\" decoding=\"async\" width=\"498\" height=\"1024\" data-id=\"8991\" src=\"https:\/\/hubertpietka.bialystok.pl\/wp-content\/uploads\/2025\/01\/Screenshot_20250114-092141_Messages-498x1024.jpg\" alt=\"\" class=\"wp-image-8991\" srcset=\"https:\/\/hubertpietka.bialystok.pl\/wp-content\/uploads\/2025\/01\/Screenshot_20250114-092141_Messages-498x1024.jpg 498w, https:\/\/hubertpietka.bialystok.pl\/wp-content\/uploads\/2025\/01\/Screenshot_20250114-092141_Messages-146x300.jpg 146w, https:\/\/hubertpietka.bialystok.pl\/wp-content\/uploads\/2025\/01\/Screenshot_20250114-092141_Messages-768x1579.jpg 768w, https:\/\/hubertpietka.bialystok.pl\/wp-content\/uploads\/2025\/01\/Screenshot_20250114-092141_Messages-747x1536.jpg 747w, https:\/\/hubertpietka.bialystok.pl\/wp-content\/uploads\/2025\/01\/Screenshot_20250114-092141_Messages-996x2048.jpg 996w, https:\/\/hubertpietka.bialystok.pl\/wp-content\/uploads\/2025\/01\/Screenshot_20250114-092141_Messages.jpg 1080w\" sizes=\"auto, (max-width: 498px) 100vw, 498px\" \/><\/a><\/figure>\n<\/figure>\n\n\n\n<p><em>Na zdj. Screen z mojego telefonu<br>A co ciekawe kiedy<br>Maj\u0105 przyj\u015b\u0107 ci bandyci misiowi<br>Ta podwijka bandycka czy inni<br>Z prawem niby<br>Do napa\u015bci i prowokacji<br>To znika z SMS-\u00f3w moich<br>*<strong>Szata-na-cz\u0142owieka<\/strong>*<br>Tak po prostu se znika<br>To jak\u017ce\u017c oni wszyscy<br>Nie wsp\u00f3\u0142pracuj\u0105 z tym bandyctwem<br>Skoro se wtedy znika<br>Tak po prostu<br>Co\u015b co ma ludzi chroni\u0107<br>Bo ci bandyci chc\u0105 wykorzysta\u0107<br>Chyba wszystko byleby szkodzi\u0107 ludziom<br>Nam naszemu i naszym<br>I najlepiej w mym telefonie<br>Mie\u0107 przygrywk\u0119 do swych czyn\u00f3w<br>Pod\u0142ych bezecnych nieprawych<br>A \u017ce co\u015b si\u0119 z prawd\u0105 mija<br>To akurat nie przeszkadza<br>Temu bandyctwu i im podobnym<br>Byleby tylko przemoc szata\u0144ska<br>Wobec nas skutecznie zaistnia\u0142a<\/em><\/p>\n","protected":false},"excerpt":{"rendered":"<p>To jak tamTe bandyckie mi\u015bki broni\u0105Prawa niby do napa\u015bciTych bandyt\u00f3w wszelakichNa \u017con\u0119 na mnieA mo\u017ce to pi\u0119kni obro\u0144cyPrawa niby do zabijaniaTych w\u0142a\u015bnie bandyt\u00f3wNikt nie ma&hellip; <\/p>\n","protected":false},"author":1,"featured_media":0,"parent":0,"menu_order":0,"comment_status":"closed","ping_status":"closed","template":"","meta":{"footnotes":""},"class_list":["post-8990","page","type-page","status-publish","hentry"],"_links":{"self":[{"href":"https:\/\/hubertpietka.bialystok.pl\/index.php?rest_route=\/wp\/v2\/pages\/8990","targetHints":{"allow":["GET"]}}],"collection":[{"href":"https:\/\/hubertpietka.bialystok.pl\/index.php?rest_route=\/wp\/v2\/pages"}],"about":[{"href":"https:\/\/hubertpietka.bialystok.pl\/index.php?rest_route=\/wp\/v2\/types\/page"}],"author":[{"embeddable":true,"href":"https:\/\/hubertpietka.bialystok.pl\/index.php?rest_route=\/wp\/v2\/users\/1"}],"replies":[{"embeddable":true,"href":"https:\/\/hubertpietka.bialystok.pl\/index.php?rest_route=%2Fwp%2Fv2%2Fcomments&post=8990"}],"version-history":[{"count":1,"href":"https:\/\/hubertpietka.bialystok.pl\/index.php?rest_route=\/wp\/v2\/pages\/8990\/revisions"}],"predecessor-version":[{"id":8992,"href":"https:\/\/hubertpietka.bialystok.pl\/index.php?rest_route=\/wp\/v2\/pages\/8990\/revisions\/8992"}],"wp:attachment":[{"href":"https:\/\/hubertpietka.bialystok.pl\/index.php?rest_route=%2Fwp%2Fv2%2Fmedia&parent=8990"}],"curies":[{"name":"wp","href":"https:\/\/api.w.org\/{rel}","templated":true}]}}