{"id":8994,"date":"2025-01-15T10:57:43","date_gmt":"2025-01-15T10:57:43","guid":{"rendered":"https:\/\/hubertpietka.bialystok.pl\/?page_id=8994"},"modified":"2025-01-15T10:57:43","modified_gmt":"2025-01-15T10:57:43","slug":"status-dali-kariere-ktora-ma-chronic-ta-podwijke-we-wszelkich-wobec-nas-bandyctwach","status":"publish","type":"page","link":"https:\/\/hubertpietka.bialystok.pl\/?page_id=8994","title":{"rendered":"Status dali karier\u0119 \/ kt\u00f3ra ma chroni\u0107 t\u0105 podwijk\u0119 \/\/ we wszelkich wobec nas bandyctwach"},"content":{"rendered":"\n<p>Taki *<strong>gna&#8230;ek<\/strong>* bezczelny<br>Ta podwijka<br>Nie do\u015b\u0107 mu nigdy<br>*<strong>Gna-nia<\/strong>* do na nas zbrodni<br>Jak ma za plecami bandyt\u00f3w<br>I tych misiowych<br>Bo parking wtedy odpowiednio wolny<br>Ale najpierw tych g\u0142\u00f3wnych<br>Taki bezczelny \u017ce my\u015bli<br>\u017be mo\u017ce obudzi\u0107 wszystkich<br>Nawet p\u00f3\u0142 bloku<br>Zreszt\u0105 ju\u017c to z nami zrobi\u0142<br>Przez te zwierz\u0119ta<br>Kt\u00f3re Bogu dzi\u0119ki reaguj\u0105 odpowiednio<br>Na zamiary pod\u0142e bandyctwa jego<br>(Oczywi\u015bcie dlatego s\u0105 te\u017c obiektem<br>Wszelkiej nienawi\u015bci bandyckiej do zniszczenia)<br>A on my\u015bli \u017ce jak bandyci<br>Zapewnili mu status i karier\u0119<br>To on teraz wszystko mo\u017ce<br>Zreszt\u0105 przecie\u017c od dawna odp\u0142aca si\u0119<br>Tym bandytom r\u00f3\u017cnymi bandyctwami<br>Wobec nas naszego i naszych<br>To nic dziwnego<br>\u017be mu ka\u017c\u0105 t\u0105 kropk\u0119<br>Perfidn\u0105 na swoje wierno\u015bci bandyctwu<br>Tak postawi\u0107 w\u0142a\u015bnie<\/p>\n\n\n\n<p>Nie przeszkadza mu wcale te\u017c<br>\u017be po ubecku<br>Bo ci bandyci w\u0142a\u015bnie tacy<br>I on te\u017c kt\u00f3ry przecie\u017c<br>Musi we wszystkim si\u0119<br>Do nich upodobni\u0107<br>Aby by\u0142 uznany po bandycku<br>Taka to pod\u0142o\u015b\u0107 bezbrze\u017cna niezmierna<br>Tej podwijki ukszta\u0142towanej<br>Przez tych bandyt\u00f3w<br>Na swe wierne podobie\u0144stwo<br>W z\u0142u szata\u0144skim<br>Wobec nas naszego i naszych<br>Mo\u017ce by\u0107 z siebie dumny<br>Po bandycku ucze\u0144 przecie\u017c<br>Ma przegoni\u0107 nawet swych mistrz\u00f3w<br>W tym z\u0142u<br>Skoro od pocz\u0105tku jego pobytu<br>Tu po szata\u0144sku wszystko<br>Jego w stosunku do nas<br>Nieprawd\u0119 m\u00f3wi\u0119 mo\u017ce<br>On wie to te\u017c \u017ce ja wiem<br>St\u0105d tak\u017ce ta nienawi\u015b\u0107 jego<br>Bo jest tch\u00f3rzem tak naprawd\u0119<br>I wie \u017ce mo\u017ce to si\u0119 obr\u00f3ci\u0107<br>Przeciwko niemu te\u017c<br>Dlatego taki nieposkromiony jest z\u0142owrogo<br>I pr\u00f3buje zrobi\u0107 wszystko<br>Co mu ka\u017ce to bandyctwo<br>\u017beby czasem nie zap\u0142aci\u0107<br>Za swe bandyctwa<br>I tak zap\u0142aci zreszt\u0105<br>Tak jak i oni<br>Jak nie na \u015bwiecie tym<br>To na tamtym<br>Biedni s\u0105 ci tak og\u00f3lnie<br>Kt\u00f3rzy my\u015bl\u0105 \u017ce mog\u0105<br>Z\u0142o wszelkie czyni\u0107 bez pardonu<br>Szatan po\u017cera swoje dzieci<br>Kt\u00f3re mu s\u0142u\u017c\u0105<br>Kiedy te przestaj\u0105 ju\u017c<br>By\u0107 u\u017cyteczne mu<\/p>\n\n\n\n<p>Taki bezczelny gna..ek<br>Bo do bandyctw r\u00f3\u017cnych go przeciezy gna i pcha<br>To bandyctwo ka\u017cdego dnia<br>Zreszt\u0105 i innych<br>Kt\u00f3rzy maj\u0105 post\u0119powa\u0107<br>Wed\u0142ug tych przebieg\u0142ych i perfidnych<br>\u017bmijowo bandyt\u00f3w<br>A kogo bandyctwo to z\u0142apie<br>Komu odpowiednio pos\u0142odzi<br>To taki nie ma ju\u017c<br>Zbytnio szans by wyrwa\u0107 si\u0119<br>Ze szpon\u00f3w tego bandyctwa<br>U kt\u00f3rego po szata\u0144sku wszystko<br>I nie wa\u017cne po ubecku<br>Czy jak<br>Byleby tylko spe\u0142nia\u0107 zamiary bandyctwa<br>Tak naprawd\u0119 to on<br>Jest bardzo \u017ca\u0142o\u015bci godny<br>Bo musi by\u0107 na wszelkie<br>Bandyckie posy\u0142ki<br>Cho\u0107 udaj\u0105 \u017ce jest inaczej<br>A jak bandyctwo zarz\u0105da i jego g\u0142owy<br>No to co wtedy<br>Za niepomy\u015blne misji bandyckiej realizowanie<br>Ale raczej p\u00f3ki tu jest<br>Mo\u017ce si\u0119 on zas\u0142ugiwa\u0107 r\u00f3\u017cnie<br>Tak jak i zreszt\u0105<br>Zas\u0142ugiwa\u0142 si\u0119 temu bandyctwu<br>Od pocz\u0105tku swego tu pobytu<\/p>\n\n\n\n<p>Tak samo by\u0142o<br>Z tym tak zwanym wielkim cz\u0142owiekiem<br>Tam na wsi<br>I z tym prostactwem chach\u0142ackim<br>Bo jak bandyctwo<br>Co\u015b komu\u015b i daje<br>To sobie ka\u017ce p\u0142aci\u0107<br>Wierno\u015bci\u0105 w ka\u017cdym z\u0142u<br>Nawet tym najpodlejszym<br>Wobec niewinnych tak naprawd\u0119<br>Kt\u00f3re tym si\u0119 narazi\u0142o<br>Temu bandyctwu \u017ce nie post\u0119puje<br>Wed\u0142ug z\u0142a kt\u00f3re ci czyni\u0105<br>I nie chwali ich<br>We wszelkim z\u0142u szata\u0144skim<br>Wtedy te\u017c nienawi\u015b\u0107 demoniczna<br>Udziela si\u0119 takim<br>Kt\u00f3rzy post\u0119puj\u0105 \u015bci\u015ble wed\u0142ug<br>Tego w\u0142a\u015bnie bandyctwa<br>Z premedytacj\u0105 zbrodnicz\u0105 we wszystkim<br>I z k\u0142amstwem wierutnym na ustach<br>Bo wed\u0142ug szatana i tego bandyctwa<br>Mo\u017cna si\u0119 wyprze\u0107 wszystkiego<br>Byleby tylko pope\u0142niane z\u0142o szata\u0144skie<br>Wreszcie by\u0142o<br>To kt\u00f3re zreszt\u0105 wyznacza<br>To ca\u0142e bandyctwo<br>I nawet spos\u00f3b nieprawy<br>Takich dzia\u0142a\u0144 i<br>Przecie\u017c bandyctwo takiego cho\u0107by<br>Ze wszystkiego oczy\u015bci<br>Da\u0142o mu status karier\u0119<br>Te\u017c i po to w\u0142a\u015bnie<br>Ale bandyctwo<br>Sumienia mu nie oczy\u015bci<br>O ile on i ma je jeszcze<br>Zreszt\u0105 po ci sumienie<br>Skoro byleby kasa by\u0142a odpowiednia<br>Skoro zdecydowa\u0142 si\u0119 post\u0119powa\u0107<br>Bo bandycku czyli szata\u0144sku<br>Chyba we wszystkim<br>To sumienie tu chyba nie gra ju\u017c<br>\u017badnej roli u niego<br>Zreszt\u0105 tak ma by\u0107 przecie\u017c<br>Wed\u0142ug za\u0142o\u017ce\u0144 bandyctwa tego<br>Tak to wygl\u0105da mniej wi\u0119cej<br>I B\u00f3g wie \u017ce prawd\u0119 tu m\u00f3wi\u0119<br>Wie on i to bandyctwo<br>Cho\u0107 si\u0119 nawzajem jak zwykle<br>Ze wszystkiego wypr\u0105<br>Do kolejnej pr\u00f3by bandyctwa<br>Bo u nich tak w\u0142a\u015bnie<br>M\u00f3w \u017ce nie twoja r\u0119ka<br>Nawet jak za r\u0119k\u0119 z\u0142api\u0105<br>A ci kt\u00f3rzy to<br>I nawet zobacz\u0105<br>To si\u0119 ich odpowiednio zastraszy<br>\u017be s\u0142owa nie bekn\u0105<br>Wszystko ma by\u0107 przecie\u017c<br>Po bandycku i w istocie tego z\u0142a<br>Te\u017c po szata\u0144sku<\/p>\n\n\n\n<p>A ta podwijka<br>To ju\u017c nawet i<br>Na osobny wiersz zas\u0142u\u017cy\u0142a<br>Pod\u0142ug zas\u0142ug dla tego bandyctwa<br>W nienawi\u015bci z\u0142owrogiej<br>Do nas naszego i naszych<br>Taka pi\u0119kna kariera i status<br>Kt\u00f3ry mu zapewni\u0142o to bandyctwo<br>Za jego zas\u0142ugi<br>Ma go chroni\u0107 przecie\u017c<br>I zobaczcie jaka kariera wspania\u0142a<br>Od lewaciarza o przepraszam laweciarza<br>Do w\u0142a\u015bciciela serwisu<br>W ci\u0105gu lat dos\u0142ownie kilku<br>Ale nawet ju\u017c wtedy<br>Tak mu si\u0119 to kr\u0119ci\u0142o pi\u0119knie<br>Ten biznes zas\u0142ug wobec bandyctwa<br>\u017be m\u00f3g\u0142 je\u017adzi\u0107 najnowszymi samochodami<br>Oczywi\u015bcie drogimi i mark\u0105 mi te\u017c przeciwn\u0105 niby<br>A w ci\u0105gu tych lat<br>Ile on tych samochod\u00f3w mia\u0142<br>Nie \u017cebym zazdro\u015bci\u0142<br>Tego zeszmacenia si\u0119 prosz\u0119 wybaczy\u0107<br>W tym bandyctwie<br>Ale trzeba przyzna\u0107<br>\u017be wynagradzali go za zas\u0142ugi<br>Tak dla nich wielkie<br>Zapewne i odpowiednio<br>A teraz dom buduje<br>Niech si\u0119 wyprowadzi<br>Ale wtedy by si\u0119 sko\u0144czy\u0142o<br>To z\u0142ote \u017ar\u00f3d\u0142o zas\u0142ug<br>Wobec tego bandyctwa<br>I sowitego wynagradzania<br>R\u00f3\u017cnych pod\u0142o\u015bci wobec nas<br>Tak\u017ce taka kariera<br>Ju\u017c b\u0119d\u0105c nawet lewaciarzem<br>Mo\u017cna sta\u0107 si\u0119 milionerem<br>A co dopiero teraz<\/p>\n\n\n\n<p>A ci nie uda si\u0119 tej podwijce<br>To zapewne dope\u0142nia bandyckie misie<br>Czy inni s\u0142u\u017calcy bandyccy<br>Lub psychopaci inni r\u00f3\u017cni<br>Kt\u00f3rym przecie\u017c te\u017c si\u0119<br>Zap\u0142aci hojnie zapewne<br>Za wszelkie ich zbrodnie<br>Wobec nas naszego i naszych<\/p>\n\n\n\n<p><em>Ps. I dlatego te\u017c zapewne<br>Zagro\u017ceni s\u0105 niekt\u00f3rzy nasi s\u0105siedzi<br>Cho\u0107by ta z naprzeciwka s\u0105siadka<br>Bo ona napewno go widzia\u0142a<br>W jego akcjach<br>A mo\u017ce dlatego te\u017c w\u0142a\u015bnie<br>M\u0105\u017c jej umar\u0142<br>Bo oni lubi\u0105 likwidowa\u0107<br>\u015awiadk\u00f3w niewygodnych ci bandyci<br>I na wszelkie sposoby<br>Im te\u017c szkodzi<br>Co nie zgadzam si\u0119<br>Z k\u0142amstwem i zbrodniami bandyckimi<br>Ma by\u0107 przecie\u017c zniszczone<\/em><\/p>\n","protected":false},"excerpt":{"rendered":"<p>Taki *gna&#8230;ek* bezczelnyTa podwijkaNie do\u015b\u0107 mu nigdy*Gna-nia* do na nas zbrodniJak ma za plecami bandyt\u00f3wI tych misiowychBo parking wtedy odpowiednio wolnyAle najpierw tych g\u0142\u00f3wnychTaki bezczelny&hellip; <\/p>\n","protected":false},"author":1,"featured_media":0,"parent":0,"menu_order":0,"comment_status":"closed","ping_status":"closed","template":"","meta":{"footnotes":""},"class_list":["post-8994","page","type-page","status-publish","hentry"],"_links":{"self":[{"href":"https:\/\/hubertpietka.bialystok.pl\/index.php?rest_route=\/wp\/v2\/pages\/8994","targetHints":{"allow":["GET"]}}],"collection":[{"href":"https:\/\/hubertpietka.bialystok.pl\/index.php?rest_route=\/wp\/v2\/pages"}],"about":[{"href":"https:\/\/hubertpietka.bialystok.pl\/index.php?rest_route=\/wp\/v2\/types\/page"}],"author":[{"embeddable":true,"href":"https:\/\/hubertpietka.bialystok.pl\/index.php?rest_route=\/wp\/v2\/users\/1"}],"replies":[{"embeddable":true,"href":"https:\/\/hubertpietka.bialystok.pl\/index.php?rest_route=%2Fwp%2Fv2%2Fcomments&post=8994"}],"version-history":[{"count":1,"href":"https:\/\/hubertpietka.bialystok.pl\/index.php?rest_route=\/wp\/v2\/pages\/8994\/revisions"}],"predecessor-version":[{"id":8995,"href":"https:\/\/hubertpietka.bialystok.pl\/index.php?rest_route=\/wp\/v2\/pages\/8994\/revisions\/8995"}],"wp:attachment":[{"href":"https:\/\/hubertpietka.bialystok.pl\/index.php?rest_route=%2Fwp%2Fv2%2Fmedia&parent=8994"}],"curies":[{"name":"wp","href":"https:\/\/api.w.org\/{rel}","templated":true}]}}