{"id":8999,"date":"2025-01-16T11:50:05","date_gmt":"2025-01-16T11:50:05","guid":{"rendered":"https:\/\/hubertpietka.bialystok.pl\/?page_id=8999"},"modified":"2025-01-16T11:50:05","modified_gmt":"2025-01-16T11:50:05","slug":"ma-napadac-nie-ma-koniunkturalnie-wedlug-zapatrywan-bandyctwa-akuratnych","status":"publish","type":"page","link":"https:\/\/hubertpietka.bialystok.pl\/?page_id=8999","title":{"rendered":"Ma napada\u0107 nie ma \/ koniunkturalnie \/ wed\u0142ug zapatrywa\u0144 bandyctwa akuratnych"},"content":{"rendered":"\n<p>Manipuluj\u0105 opiniami ci bandyci<br>Tak lubi\u0105 po szata\u0144sku wszystko<br>Bo w my\u015bl ideologii bandyckiej<br>Napada\u0107 ci\u0119 mog\u0105<br>Ale ty nie powiniene\u015b przecie\u017c<br>Siebie broni\u0107 swoich i swojego<br>Nie przeszkadza im to te\u017c<br>Wcale zreszt\u0105 szanta\u017cowa\u0107 \u017con\u0119 odpowiednio<br>\u017be jej jak\u0105\u015b krzywd\u0119 zrobi\u0105<br>Je\u015bli ty b\u0119dziesz si\u0119 broni\u0142<br>I \u017ce niby mo\u017cesz<br>Komu\u015b niewinnemu krzywd\u0119 zrobi\u0107<br>Jak by tak by\u0142o kiedykolwiek<br>W tych czasach bandyckich<\/p>\n\n\n\n<p>A ta obrona konieczna<br>Jest przygotowana na konkretn\u0105 napa\u015b\u0107<br>Na t\u0105 \u015bwi\u0105tynie domow\u0105 nasz\u0105<br>Kt\u00f3rej mir ten akurat<br>Wa\u017cy\u0142 si\u0119 narusza\u0107 nie raz<br>Ale teraz znowu<br>Wed\u0142ug manipulacji szata\u0144skich<br>Tego ca\u0142ego bandyctwa<br>Okazuje si\u0119 \u017ce przyk\u0142adny obywatel<br>\u017be napada\u0107 nie chce wcale<br>Jak to jest<br>Raz chce i mo\u017ce<br>A raz znowu nie<br>Wed\u0142ug upodoba\u0144 tego bandyctwa ca\u0142ego<br>A teraz znowu obywatel przyk\u0142adny<br>Ma rodzin\u0119 firm\u0119<br>Jak to si\u0119 m\u00f3wi<br>&#8222;Si\u0119 stara kosi pieni\u0105dz<br>Ma fury \u0142adne&#8221;<br>Ubecy te\u017c mieli rodziny<br>Co nie przeszkadza\u0142o im<br>Prowadzi\u0107 podw\u00f3jnego \u017cycia<br>Prze\u015bladowa\u0107 i torturowa\u0107<br>R\u00f3\u017cne ofiary komunistycznego systemu<br>Czy cho\u0107by i hitlerowcy<br>Nawet w obozach zag\u0142ady<br>Prowadzili \u017cycie z rodzinami<br>Wystarczy\u0142oby prze\u015bwietli\u0107 \u017cycie tego synka<br>Cho\u0107by pod wzgl\u0119dem finansowym<br>Oczywi\u015bcie w prawdzie<br>A to nie pasuje za\u0142o\u017ceniom<br>Tego bandyctwa ca\u0142ego<br>\u017beby si\u0119 okaza\u0142o \u017ce jako\u015b<br>By\u0142 on cho\u0107by finansowany<br>Czy\u017c nie bandyckimi \u015brodkami<br>Cho\u0107by jak pracowa\u0142 niby<br>Na lawecie tylko<br>Bo jak to wyt\u0142umaczy\u0107<br>\u017be je\u015bli jak sam m\u00f3wi\u0142<br>S\u0142ysza\u0142em to osobi\u015bcie<br>Nie zarabia nawet 4 tysi\u0119cy z\u0142otych<br>To kupuje sobie 5 fur<br>W tym jedn\u0105 najnowsz\u0105 nawet<br>Konkretnej marki w opozycji odpowiedniej<br>Taki przyk\u0142ad tutaj<br>A ja akurat wiem<br>Tak si\u0119 sk\u0142ada jako\u015b<br>Za co te bandyckie pieni\u0105dze<br>Dla tego synka<br>A poza tym<br>C\u00f3\u017c tak i choni\u0105 go<br>We wszystkim\u00a0 skoro jest<br>A\u017c tak niewinny<br>A zosta\u0142 tylko niby ofiar\u0105<br>Tych pom\u00f3wie\u0144 r\u00f3\u017cnych<br>Jakby tak by\u0142o<br>Nie musieliby go broni\u0107<br>Jego \u017cycie by si\u0119 samo odpowiednio broni\u0142o<br>A zale\u017cy im bardzo<br>Na tym w\u0142a\u015bnie<br>\u017beby by\u0142 odpowiednio wybielany<br>I odpowiednio zawsze przedstawiany<br>Bo sk\u0105d niby te wizualizacje<br>R\u00f3\u017cne odpowiednie z nim zwi\u0105zane<br>Ma by\u0107 w bandyctwie nietykalny<br>Albo z kolei niby niewinny<br>Tak jak akurat partykularnie<br>Pasuje temu bandyctwu<\/p>\n\n\n\n<figure class=\"wp-block-gallery has-nested-images columns-default is-cropped wp-block-gallery-1 is-layout-flex wp-block-gallery-is-layout-flex\">\n<figure class=\"wp-block-image size-large\"><a href=\"https:\/\/hubertpietka.bialystok.pl\/wp-content\/uploads\/2025\/01\/IMG-20250109-WA0007.jpg\"><img loading=\"lazy\" decoding=\"async\" width=\"1024\" height=\"768\" data-id=\"9000\" src=\"https:\/\/hubertpietka.bialystok.pl\/wp-content\/uploads\/2025\/01\/IMG-20250109-WA0007-1024x768.jpg\" alt=\"\" class=\"wp-image-9000\" srcset=\"https:\/\/hubertpietka.bialystok.pl\/wp-content\/uploads\/2025\/01\/IMG-20250109-WA0007-1024x768.jpg 1024w, https:\/\/hubertpietka.bialystok.pl\/wp-content\/uploads\/2025\/01\/IMG-20250109-WA0007-300x225.jpg 300w, https:\/\/hubertpietka.bialystok.pl\/wp-content\/uploads\/2025\/01\/IMG-20250109-WA0007-768x576.jpg 768w, https:\/\/hubertpietka.bialystok.pl\/wp-content\/uploads\/2025\/01\/IMG-20250109-WA0007-1536x1152.jpg 1536w, https:\/\/hubertpietka.bialystok.pl\/wp-content\/uploads\/2025\/01\/IMG-20250109-WA0007.jpg 1600w\" sizes=\"auto, (max-width: 1024px) 100vw, 1024px\" \/><\/a><\/figure>\n<\/figure>\n\n\n\n<p>Na zdj. Wiatka w *<strong>I-gnatkach<\/strong>* ko\u0142o ko\u015bcio\u0142a<br>Rodzaj schronienia pewien<br>Niech wbrew tym bandyckim k\u0142amstwom<br>Ta podwijka nas tu<br>Nie zechce napada\u0107<br>Bo *<strong>i-gnatki<\/strong>* zostan\u0105 policzono<br>A ja te\u017c wbrew tym<br>Wszelkim bandyckim manipulacjom<br>Mam prawo zawsze broni\u0107<br>Siebie swojego i swoich<br>Przed cho\u0107by takimi nienawistnymi z\u0142owrogimi<br>Napa\u015bciami r\u00f3\u017cnymi<br>Kt\u00f3re co za paradoks przecie\u017c<br>Raz ma a raz i nie ma<br>Uskutecznia\u0107 ta podwijka bandycka<br>Prawo do obrony w\u0142asnej koniecznej<br>Jest niezbywalnym prawem ka\u017cdego cz\u0142owieka<br>Zw\u0142aszcza gdy tak naprawd\u0119<br>Chc\u0105 niewinnych napada\u0107<br>Ta podwijka bandycka cho\u0107by<br>Oczywi\u015bcie raz tak a raz nie<br>Jak to lubi manipulowa\u0107 wszystkim<br>To ca\u0142e bandyctwo<\/p>\n\n\n\n<p><em>Ps. A je\u015bli chodzi te\u017c<br>O nasze \u015brodki finansowe<br>W opozycji do tego bandyty<br>Ka\u017cdy kto im s\u0142u\u017cy<br>Staje si\u0119 te\u017c takim<br>To tym bandytom<br>Zawsze zale\u017ca\u0142o na tym<br>\u017beby\u015bmy mieli ich jak najmniej<br>Najlepiej \u017ceby\u015bmy nie mieli pracy<br>A jak ju\u017c<br>To przy udziale bandyckim<br>Trzeba j\u0105 straci\u0107 analogicznie<br>I nigdy w tym<br>Odno\u015bnym czasie bandyckim<br>Nie mieli\u015bmy od nich<br>\u017badnych \u015brodk\u00f3w a raczej przeciwnie<br>Najlepiej by mno\u017cyli nasze straty<br>Uderzali w ka\u017cde dobra nasze<br>W czym sw\u00f3j skromny udzia\u0142<br>Ma te\u017c ten bandyta<br>Na swoj\u0105 miar\u0119 bo przecie\u017c<br>Za co mu tak p\u0142ac\u0105<br>I nawet ci bandyci<br>Chc\u0105 kara\u0107 ludzi za<br>Dla nas po\u017cyczki<br>Nawet to chc\u0105 nam uniemo\u017cliwi\u0107<br>Najlepiej przecie\u017c \u017ceby\u015bmy \u017cyli<br>W n\u0119dzy jak najwi\u0119kszej<br>Tak\u017ce w tym czasie bandyckim<br>Ale i wcze\u015bniej<br>Nie by\u0142o \u0142atwo i<br>Trudno si\u0119 koniec z ko\u0144cem<br>I z du\u017cym wysi\u0142kiem wi\u0105za\u0142o<br>I w opozycji do<br>Tego cho\u0107by bandyty<br>Bandyckiego finansowania si\u0119<br>U nas nie znajdzie<br>Wr\u0119cz przeciwnie jest przecie\u017c<br>Bo oni nie tylko<br>W nas ale i w nasze te\u017c<br>Dobra wszelkie uderza\u0107 nieustannie pr\u00f3buj\u0105<br>I w naszych te\u017c im<br>To nie przeszkadza jako\u015b<br>W przeciwie\u0144stwie do tego<br>Podwijki wy\u017cej wskazanego<br>Jemu akurat bandyci<br>Zapewniaj\u0105 pomy\u015blno\u015b\u0107 we wszystkim<br>I chroni\u0105 go<br>Na wszelkie sposoby zreszt\u0105<br>A ta pomy\u015blno\u015b\u0107<br>To tak\u017ce bandyckie finanse<br>Zap\u0142ata judaszowa za tak\u0105<br>Czy inna zreszt\u0105 zdrad\u0119<br>Kt\u00f3re ten stosuje tu<br>Od kiedy te\u017c tutaj jest<\/em><\/p>\n","protected":false},"excerpt":{"rendered":"<p>Manipuluj\u0105 opiniami ci bandyciTak lubi\u0105 po szata\u0144sku wszystkoBo w my\u015bl ideologii bandyckiejNapada\u0107 ci\u0119 mog\u0105Ale ty nie powiniene\u015b przecie\u017cSiebie broni\u0107 swoich i swojegoNie przeszkadza im to&hellip; <\/p>\n","protected":false},"author":1,"featured_media":0,"parent":0,"menu_order":0,"comment_status":"closed","ping_status":"closed","template":"","meta":{"footnotes":""},"class_list":["post-8999","page","type-page","status-publish","hentry"],"_links":{"self":[{"href":"https:\/\/hubertpietka.bialystok.pl\/index.php?rest_route=\/wp\/v2\/pages\/8999","targetHints":{"allow":["GET"]}}],"collection":[{"href":"https:\/\/hubertpietka.bialystok.pl\/index.php?rest_route=\/wp\/v2\/pages"}],"about":[{"href":"https:\/\/hubertpietka.bialystok.pl\/index.php?rest_route=\/wp\/v2\/types\/page"}],"author":[{"embeddable":true,"href":"https:\/\/hubertpietka.bialystok.pl\/index.php?rest_route=\/wp\/v2\/users\/1"}],"replies":[{"embeddable":true,"href":"https:\/\/hubertpietka.bialystok.pl\/index.php?rest_route=%2Fwp%2Fv2%2Fcomments&post=8999"}],"version-history":[{"count":1,"href":"https:\/\/hubertpietka.bialystok.pl\/index.php?rest_route=\/wp\/v2\/pages\/8999\/revisions"}],"predecessor-version":[{"id":9001,"href":"https:\/\/hubertpietka.bialystok.pl\/index.php?rest_route=\/wp\/v2\/pages\/8999\/revisions\/9001"}],"wp:attachment":[{"href":"https:\/\/hubertpietka.bialystok.pl\/index.php?rest_route=%2Fwp%2Fv2%2Fmedia&parent=8999"}],"curies":[{"name":"wp","href":"https:\/\/api.w.org\/{rel}","templated":true}]}}