{"id":9008,"date":"2025-01-19T12:02:53","date_gmt":"2025-01-19T12:02:53","guid":{"rendered":"https:\/\/hubertpietka.bialystok.pl\/?page_id=9008"},"modified":"2025-01-19T12:02:53","modified_gmt":"2025-01-19T12:02:53","slug":"niemoralne-gwiazdy-chcace-swiecic-czyims-kosztem-nie-moga-sie-ostac-wobec-prawd-bozych","status":"publish","type":"page","link":"https:\/\/hubertpietka.bialystok.pl\/?page_id=9008","title":{"rendered":"Niemoralne gwiazdy \/ chc\u0105ce \u015bwieci\u0107 czyim\u015b kosztem \/\/ nie mog\u0105 si\u0119 osta\u0107 wobec prawd Bo\u017cych"},"content":{"rendered":"\n<p>&#8222;Zr\u00f3bcie wszystko cokolwiek wam powie&#8221;<br>Wtedy to zrozumiecie<br>Kiedy Maryja odpowiednio powie<br>&#8222;Synu nie maj\u0105 ju\u017c win&#8221;<br>A tymczasem<\/p>\n\n\n\n<p>Do tej gwiazdy pierwszej<br>Jam mam to<br>Ale i B\u00f3g tak\u017ce<br>Bo to nie jest oboj\u0119tne<br>Dla moralno\u015bci w Bogu czystej<br>\u017be ona jeszcze przecie\u017c<br>Za \u017cycia \u017cony<br>Jako pierwsza ju\u017c dosy\u0107 dawno<br>Zachowywa\u0142a si\u0119 jak s\u0119p<br>Kt\u00f3ry tylko czeka<br>By ofiara odpowiednio pad\u0142a<br>By zabra\u0107 si\u0119 za \u0142up<br>Albo jak krewni nieboszczyka<br>Nad kt\u00f3rym jeszcze<br>Nie nakry\u0142o si\u0119 wieko trumny<br>Dziel\u0105cy ju\u017c spadek po nim<br>\u017be nie wspomn\u0119<br>Jak musia\u0142a si\u0119 czu\u0107 \u017cona<br>Kiedy ta pr\u00f3bowa\u0142a uwodzi\u0107<br>Jeszcze przecie\u017c za jej&nbsp; \u017cycia<br>I \u017ce my\u015bla\u0142a<br>\u017be ma jaki\u015b gwarant<br>Udzielaj\u0105c nam po\u017cyczki<br>My\u015bla\u0142a \u017ce mo\u017cna mnie kupi\u0107<br>I \u017ce przed \u015bwiatem<br>Gra ci\u0105gle ofiar\u0119<br>Tego co uknu\u0142a sobie sama<br>Bo jako\u015b on nie chce<br>By wszystko sz\u0142o<br>Po tej jej my\u015bli<br>Ona by\u0142a prowodyrem w tym<br>Takiego niemoralnego my\u015blenia i wskazywania<br>\u017be niby ma do mnie jakie\u015b prawo<br>\u017be ju\u017c nie wspomn\u0119<br>\u017be wkroczy\u0142a z butami<br>W ma\u0142\u017ce\u0144stwo sakramentalne<br>Pr\u00f3buj\u0105c je rozdziela\u0107 jako\u015b<br>I \u017ce pr\u00f3bowa\u0142a uzyskiwa\u0107 te\u017c<br>T\u0105 gwarancj\u0119 niemoralno\u015bci u \u017cony<br>W taki czy inny spos\u00f3b<br>To szatan dzieli nie B\u00f3g<br>Najpierw ma\u0142\u017ce\u0144stwa i pr\u00f3buje<br>W nie uderza\u0107<br>Na wszelkie sposoby zreszt\u0105<br>Nic jej nie usprawiedliwia<br>W moich oczach<br>Dlatego te\u017c w\u0142a\u015bnie<br>\u017be te wszystkie sprawy<br>Uwodzi\u0107 te\u017c mia\u0142y \u015bwiat ten<br>Tak si\u0119 nie stanie<br>Bo pocz\u0105tek ju\u017c tu<br>Jest niemoralny bardzo<br>I kolejne te\u017c lata<br>W u\u0142udzie niby jakich\u015b<br>Praw do mnie<br>Ja jej nigdy niczego<br>Bynajmniej nie obiecywa\u0142em<br>By\u0142bym wtedy jak ona<br>Tak samo niemoralny<br>Zreszt\u0105 z innych wzgl\u0119d\u00f3w<br>Tak by\u0107 nie mo\u017ce<br>Powiedzia\u0142em to wiele razy<br>Ja po prostu kocham<br>T\u0105 moj\u0105 \u017con\u0119<br>Na \u015bmier\u0107 i \u017cycie<\/p>\n\n\n\n<p><em>Dzi\u015b \u015bw. *<strong>Ka-nuta Le-warda<\/strong>*<br>I jakkolwiek by t\u0142umaczy\u0142a t\u0105 swoj\u0105 postaw\u0119<br>To jest ona w\u0142a\u015bnie<br>Z gruntu niemoralna<br>Bo zak\u0142ada rozdzia\u0142 ma\u0142\u017ce\u0144stwa sakramentalnego<br>Jeszcze za \u017cycia ma\u0142\u017conka<br>To jest punkt wyj\u015bcia<br>I potem trwa si\u0119 w tym<br>W tych swych b\u0142\u0119dach<br>T\u0142umacz\u0105c to przed \u015bwiatem<br>Na sposob\u00f3w wiele<br>A tak naprawd\u0119 by spe\u0142nia\u0107<br>R\u00f3\u017cne ambicje swoje<br>I takiej si\u0119 wydaje<br>\u017be jest niby lepsza<br>Ni\u017c ta \u017cona moja<br>Mimo \u017ce to B\u00f3g<br>Mi j\u0105 da\u0142 i wybra\u0142<br>Takich *<strong>kilka nut<\/strong>*<br>By zrozumie\u0107 by\u0142o mo\u017cna<br>Jak niemoralna jest taka postawa<br>Musz\u0119 by\u0107 czasem *<strong>lwem s\u0142\u00f3w<\/strong>*<br>By\u015bcie zrozumieli \u017ce \u017cadna<br>Niemoralna postawa jakkolwiek by\u0142aby niby pi\u0119knie t\u0142umaczona<br>Nie mo\u017ce by\u0107 usprawiedliwiona w\u0142a\u015bciwie w Bogu<br>Tym bardziej \u017ce to poruszy\u0142o te\u017c lawin\u0119<br>Kt\u00f3ra oczywi\u015bcie zak\u0142ada<br>\u017be ofiar\u0105 tego b\u0119dzie<br>Ta moj\u0105 \u017cona<br>Ale tak nie b\u0119dzie<br>Ju\u017c to wielokrotnie powiedzia\u0142am<br>I to jakkolwiek<br>Jest czy b\u0119dzie mi\u0119dzy nami<br>I na koniec<br>Niemoralny punkt wyj\u015bcia<br>Nigdy nie usprawiedliwi kolejnych<br>Te\u017c krok\u00f3w niemoralnych<br>Jakkolwiek pi\u0119knie by si\u0119 to zreszt\u0105 przedstawia\u0142o<br>Kropka koniec<\/em><\/p>\n\n\n\n<figure class=\"wp-block-gallery has-nested-images columns-default is-cropped wp-block-gallery-1 is-layout-flex wp-block-gallery-is-layout-flex\">\n<figure class=\"wp-block-image size-large\"><a href=\"https:\/\/hubertpietka.bialystok.pl\/wp-content\/uploads\/2025\/01\/IMG-20250119-WA0000.jpg\"><img loading=\"lazy\" decoding=\"async\" width=\"1024\" height=\"768\" data-id=\"9009\" src=\"https:\/\/hubertpietka.bialystok.pl\/wp-content\/uploads\/2025\/01\/IMG-20250119-WA0000-1024x768.jpg\" alt=\"\" class=\"wp-image-9009\" srcset=\"https:\/\/hubertpietka.bialystok.pl\/wp-content\/uploads\/2025\/01\/IMG-20250119-WA0000-1024x768.jpg 1024w, https:\/\/hubertpietka.bialystok.pl\/wp-content\/uploads\/2025\/01\/IMG-20250119-WA0000-300x225.jpg 300w, https:\/\/hubertpietka.bialystok.pl\/wp-content\/uploads\/2025\/01\/IMG-20250119-WA0000-768x576.jpg 768w, https:\/\/hubertpietka.bialystok.pl\/wp-content\/uploads\/2025\/01\/IMG-20250119-WA0000-1536x1152.jpg 1536w, https:\/\/hubertpietka.bialystok.pl\/wp-content\/uploads\/2025\/01\/IMG-20250119-WA0000.jpg 1600w\" sizes=\"auto, (max-width: 1024px) 100vw, 1024px\" \/><\/a><\/figure>\n<\/figure>\n\n\n\n<p><strong>Na zdj. Porz\u0105dki powszednie<br>My naprawd\u0119 robimy co mo\u017cemy<br>W obliczu nastawa\u0144 tych<br>Bandyckich wszelkich prze\u015bladowa\u0144 wyst\u0119pnych itp<br>My\u015bl\u0119 \u017ce ma\u0142o kto<br>Umia\u0142by si\u0119 znale\u017a\u0107<br>W tych naciskach kt\u00f3re oni<br>Nam serwuj\u0105 nieustannie<br>A my wobec tego bandyctwa<br>Chyba zawsze rozpi\u0119ci<br>Mi\u0119dzy \u017cyciem a \u015bmierci\u0105<br>Wolno\u015bci\u0105 i zniewoleniem<br>Normalnym \u017cyciem a tym wszystkim<br>Jak oni i im podobni<br>Chc\u0105 nas i naszych krzywdzi\u0107<br>Uderzaj\u0105c w nas naszych nasze<br>Nie jest prosto<br>W tym wszystkim balans znale\u017a\u0107<br>A jak si\u0119 komu\u015b wydaje<br>\u017be m\u00f3g\u0142by umia\u0142 niby<br>Lepiej ni\u017c ta \u017cona moja<br>&#8222;To jak siedzi niech baczy<br>By nie upad\u0142&#8221;<br>&#8222;A tylko tyle wiemy te\u017c o sobie<br>Na ile nas sprawdzono&#8221;<br>&#8222;I nikt nie by\u0142 te\u017c<br>Ani w jej<br>Ani w moich butach&#8221;<br>A chyba tylko B\u00f3g zna<br>Wszystkie te trudy i napi\u0119cia<br>Z kt\u00f3rymi nieustannie<br>Musimy si\u0119 mierzy\u0107 trwaj\u0105c wiernie<br>W mi\u0142o\u015bci i w Bogu<br>Bez Niego nie przetrwaliby\u015bmy<br>Tego ca\u0142ego naporu z\u0142ego<br>I tych wszystkich<br>Kt\u00f3rzy wed\u0142ug tego z\u0142ego<br>Chc\u0105 nam permanentnie z\u0142o czyni\u0107<\/strong><\/p>\n\n\n\n<p><strong><em><a href=\"https:\/\/youtu.be\/aLITnWEa9oI?si=dSuTnn9dRvXhee4g\">Wicijowski &#8211; S\u0142uchaj Ma\u0142a <\/a><\/em><\/strong><\/p>\n\n\n\n<p class=\"has-text-align-center\"><strong><em><a href=\"https:\/\/youtu.be\/0HM-rM7M26g?si=wZCSyHloQgNf8sLL\">Wicijowski &#8211; Nieugi\u0119ta <\/a><\/em><\/strong><\/p>\n\n\n\n<p class=\"has-text-align-right\"><strong><em><a href=\"https:\/\/youtu.be\/iI1FaHyHGTg?si=VazX0I0hGvSfqyjL\">Wicijowski &#8211; B\u0119d\u0119 twoj\u0105 si\u0142\u0105 <\/a><\/em><\/strong><\/p>\n\n\n\n<p><strong><em><a href=\"https:\/\/youtu.be\/DiC0S77d9TI?si=xbLWU516H7R5-DWp\">Wicijowski &#8211; B\u0119d\u0119 twoj\u0105 si\u0142\u0105 2<\/a><\/em><\/strong><\/p>\n","protected":false},"excerpt":{"rendered":"<p>&#8222;Zr\u00f3bcie wszystko cokolwiek wam powie&#8221;Wtedy to zrozumiecieKiedy Maryja odpowiednio powie&#8222;Synu nie maj\u0105 ju\u017c win&#8221;A tymczasem Do tej gwiazdy pierwszejJam mam toAle i B\u00f3g tak\u017ceBo to&hellip; <\/p>\n","protected":false},"author":1,"featured_media":0,"parent":0,"menu_order":0,"comment_status":"closed","ping_status":"closed","template":"","meta":{"footnotes":""},"class_list":["post-9008","page","type-page","status-publish","hentry"],"_links":{"self":[{"href":"https:\/\/hubertpietka.bialystok.pl\/index.php?rest_route=\/wp\/v2\/pages\/9008","targetHints":{"allow":["GET"]}}],"collection":[{"href":"https:\/\/hubertpietka.bialystok.pl\/index.php?rest_route=\/wp\/v2\/pages"}],"about":[{"href":"https:\/\/hubertpietka.bialystok.pl\/index.php?rest_route=\/wp\/v2\/types\/page"}],"author":[{"embeddable":true,"href":"https:\/\/hubertpietka.bialystok.pl\/index.php?rest_route=\/wp\/v2\/users\/1"}],"replies":[{"embeddable":true,"href":"https:\/\/hubertpietka.bialystok.pl\/index.php?rest_route=%2Fwp%2Fv2%2Fcomments&post=9008"}],"version-history":[{"count":1,"href":"https:\/\/hubertpietka.bialystok.pl\/index.php?rest_route=\/wp\/v2\/pages\/9008\/revisions"}],"predecessor-version":[{"id":9010,"href":"https:\/\/hubertpietka.bialystok.pl\/index.php?rest_route=\/wp\/v2\/pages\/9008\/revisions\/9010"}],"wp:attachment":[{"href":"https:\/\/hubertpietka.bialystok.pl\/index.php?rest_route=%2Fwp%2Fv2%2Fmedia&parent=9008"}],"curies":[{"name":"wp","href":"https:\/\/api.w.org\/{rel}","templated":true}]}}