{"id":9014,"date":"2025-01-20T16:21:50","date_gmt":"2025-01-20T16:21:50","guid":{"rendered":"https:\/\/hubertpietka.bialystok.pl\/?page_id=9014"},"modified":"2025-01-20T16:37:02","modified_gmt":"2025-01-20T16:37:02","slug":"nasze-sa-pacynki-prze-moc-i-pieniedzy-sila-dopadniemy-cie-i-tak-zdaja-sie-mowic-zadufani-w-sobie-bandyci","status":"publish","type":"page","link":"https:\/\/hubertpietka.bialystok.pl\/?page_id=9014","title":{"rendered":"Nasze s\u0105 pacynki prze-moc i pieni\u0119dzy si\u0142a \/ dopadniemy ci\u0119 i tak \/ zdaj\u0105 si\u0119 m\u00f3wi\u0107 zadufani w sobie bandyci"},"content":{"rendered":"\n<p>To o was powiedzia\u0142 Jezus<br>Pacynki bandyckie<br>Do faryzeusz\u00f3w ob\u0142udnik\u00f3w<br>\u017be dbacie bardziej o pozory<br>O rytualn\u0105 niby czysto\u015b\u0107<br>&#8222;O zewn\u0119trzn\u0105 stron\u0119 kubka i misy<br>A wasze wn\u0119trza pe\u0142ne s\u0105 niegodziwo\u015bci wszelkiej<br>I wszelkiego wyst\u0119pku&#8221;<br>Bo poplacie ci\u0105gle wed\u0142ug bandyt\u00f3w<br>Czy\u017c nie po to oni<br>Was wprowadzili w spos\u00f3b nieprawy<br>Do Ko\u015bcio\u0142a<br>By\u015bcie spe\u0142niali bandyckie wyst\u0119pki<br>By\u015bcie oskar\u017cali dzieci Bo\u017ce<br>Chyba za wszystko<br>Co jest domen\u0105 szata\u0144sk\u0105<br>Bo to on nieustannie<br>Oskar\u017ca niewinne dzieci Bo\u017ce<br>I pr\u00f3bujecie je zwodzi\u0107<br>Na nieprawe wed\u0142ug Boga drogi<br>B\u00f3g nie jest szatanem<br>Tak jak wy detalisci kt\u00f3rzy<br>Rozliczacie dzieci Bo\u017ce<br>Za dobre i czyste intencje<br>Ku bandyckiemu z\u0142u<br>Byleby tylko ci mogli spe\u0142nia\u0107<br>Niby w spos\u00f3b usprawiedliwiony<br>Swe wszelkie szata\u0144skie zap\u0119dy<br>P\u0119d ku zbrodniom ich wyst\u0119pnym<br>Wy macie usprawiedliwia\u0107 niby<br>Ich te bandyctwa<br>Zniewolenia m\u0119\u017ca zabicia \u017cony zniszczenia<br>Po to was wprowadzili<br>Ci bandyci do Ko\u015bcio\u0142a<br>By\u015bcie sieli zam\u0119t<br>Biada wam<br>Bo znieprawiacie sakramenty<br>I w ka\u017cdym s\u0142owie ideologicznie<br>Paplacie wed\u0142ug dialektyki lewackiej bandyckiej<br>G\u0142osicie niby nowe s\u0142owo<br>Ale jak to powiedzia\u0142 wcze\u015bniej<br>\u015aw. Pawe\u0142 Aposto\u0142<br>&#8222;Ktokolwiek g\u0142osi\u0142by inaczej ni\u017c my<br>Niech b\u0119dzie przekl\u0119ty&#8221;<br>On tak o was powiedzia\u0142<\/p>\n\n\n\n<p>Wasze przewrotne s\u0105dy<br>Maj\u0105 usprawiedliwia\u0107 przewrotno\u015b\u0107 bandyck\u0105<br>I szata\u0144sk\u0105 zbrodniczo\u015b\u0107 tych<br>Biada wam<br>Bo pr\u00f3bujecie Ko\u015bci\u00f3\u0142<br>Rozsadza\u0107 niejako od \u015brodka<br>A z Eucharystii kt\u00f3ra jest<br>Sercem Ko\u015bcio\u0142a niejako<br>Robicie sobie kpin\u0119<br>We wszelkich intencjach bandyckich<br>Chc\u0105c te\u017c psu\u0107 serca ludzkie<br>W spos\u00f3b najgorszy<br>Bo niejako od \u015brodka<br>Biada wam tu wybrzmia\u0142o<br>Bo wybrzmie\u0107 mia\u0142o<\/p>\n\n\n\n<p><strong><em><a href=\"https:\/\/youtu.be\/iWvlbQbllro?si=gGNCOkUQW6wh2C0n\">Stan Oskar\u017cenia &#8211; Ponad tym<\/a><\/em><\/strong><\/p>\n\n\n\n<p>I ani mi Ani<br>Wiem po co to robicie<br>\u017beby niby w spos\u00f3b usprawiedliwiony<br>Mog\u0142y dzia\u0142a\u0107 cho\u0107by te ca\u0142e<br>Bandyckie misie czy inni s\u0142u\u017cbi\u015bci<br>\u017beby niby zbrodnie tych bandyt\u00f3w<br>I wed\u0142ug nich post\u0119puj\u0105cych<br>Mog\u0142y by\u0107 niby usprawiedliwione<br>Nigdy nie b\u0119d\u0105<br>Usprawiedliwione zbrodnie na \u017cadnych dzieciach Bo\u017cych<br>Ani mi ani<br>Ani z tymi zwierz\u0119tami<br>Z nami naszymi i naszym<br>I niech spadaj\u0105<br>Wszelcy bandyccy poplecznicy<br>W zbrodniach szata\u0144skich wszelkich<br>Gwa\u0142tu zabijania zniewalania napa\u015bci<br>Zniszcze\u0144 zwiastun\u00f3w zbrodniczych<\/p>\n\n\n\n<figure class=\"wp-block-image size-large\"><a href=\"https:\/\/hubertpietka.bialystok.pl\/wp-content\/uploads\/2025\/01\/IMG-20250119-WA0006.jpg\"><img loading=\"lazy\" decoding=\"async\" width=\"1024\" height=\"768\" src=\"https:\/\/hubertpietka.bialystok.pl\/wp-content\/uploads\/2025\/01\/IMG-20250119-WA0006-1024x768.jpg\" alt=\"\" class=\"wp-image-9015\" srcset=\"https:\/\/hubertpietka.bialystok.pl\/wp-content\/uploads\/2025\/01\/IMG-20250119-WA0006-1024x768.jpg 1024w, https:\/\/hubertpietka.bialystok.pl\/wp-content\/uploads\/2025\/01\/IMG-20250119-WA0006-300x225.jpg 300w, https:\/\/hubertpietka.bialystok.pl\/wp-content\/uploads\/2025\/01\/IMG-20250119-WA0006-768x576.jpg 768w, https:\/\/hubertpietka.bialystok.pl\/wp-content\/uploads\/2025\/01\/IMG-20250119-WA0006-1536x1152.jpg 1536w, https:\/\/hubertpietka.bialystok.pl\/wp-content\/uploads\/2025\/01\/IMG-20250119-WA0006.jpg 1600w\" sizes=\"auto, (max-width: 1024px) 100vw, 1024px\" \/><\/a><\/figure>\n\n\n\n<p><em>Na zdj. Koncert zespo\u0142u *<strong>TSA<\/strong>*<br>Oni zdaj\u0105 si\u0119 m\u00f3wi\u0107 ci\u0105gle<br>I tak dopadniemy *<strong>ci\u0119<\/strong>*<br>Takim czy innym k\u0142amstwem oskar\u017ceniem<br>Takim czy innym zbrodni sposobem<br>Niewa\u017cne w sumie jakim<br>Dopadniemy \u017con\u0119 twoj\u0105 bliskich<br>I twoje wszystko<br>Bo nasze *<strong>to s\u0105<\/strong>*<br>Pot\u0119ga si\u0142a pieni\u0105dza przemocy moc<br>Z t\u0105 r\u00f3\u017cnic\u0105 tylko<br>\u017be oni wed\u0142ug szatana wszystko<br>W przeciwie\u0144stwie do nas<br>Kt\u00f3rzy wszystko staramy si\u0119<br>Lepiej czy gorzej mocniej s\u0142abiej<br>Ale wed\u0142ug Boga w prawdzie<\/em><\/p>\n\n\n\n<p class=\"has-text-align-right\"><strong><em><a href=\"https:\/\/youtu.be\/SXZvLsajTXw?si=hc32raLz_4rYpilH\">Stan Oskar\u017cenia &#8211; Nie upadn\u0119 na \u017c\u0105danie <\/a><\/em><\/strong><\/p>\n\n\n\n<p><em>Dzisiaj jest \u015bw. *<strong>Se-bastiana<\/strong>*<br>To co oni wyrabiaj\u0105<br>I ci\u0105gle chc\u0105 wyrabia\u0107<br>Pos\u0142uguj\u0105c si\u0119 takimi czy innymi<br>To \u015bwiadczy o tym<br>\u017be w d\u0105\u017ceniu do wszelkich zbrodni<br>\u015amierci zniewolenia zniszczenia gwa\u0142tu zadawania<br>\u017be to *<strong>s\u0105 bestie<\/strong>* niejako<br>Bo sumienia ju\u017c chyba<br>I nie maj\u0105 oni<br>A ka\u017cdy kto si\u0119 zatraca<br>W zbrodniach szata\u0144skich wobec innych<br>W\u0142a\u015bnie bestie przypomina<\/em><\/p>\n","protected":false},"excerpt":{"rendered":"<p>To o was powiedzia\u0142 JezusPacynki bandyckieDo faryzeusz\u00f3w ob\u0142udnik\u00f3w\u017be dbacie bardziej o pozoryO rytualn\u0105 niby czysto\u015b\u0107&#8222;O zewn\u0119trzn\u0105 stron\u0119 kubka i misyA wasze wn\u0119trza pe\u0142ne s\u0105 niegodziwo\u015bci&hellip; <\/p>\n","protected":false},"author":1,"featured_media":0,"parent":0,"menu_order":0,"comment_status":"closed","ping_status":"closed","template":"","meta":{"footnotes":""},"class_list":["post-9014","page","type-page","status-publish","hentry"],"_links":{"self":[{"href":"https:\/\/hubertpietka.bialystok.pl\/index.php?rest_route=\/wp\/v2\/pages\/9014","targetHints":{"allow":["GET"]}}],"collection":[{"href":"https:\/\/hubertpietka.bialystok.pl\/index.php?rest_route=\/wp\/v2\/pages"}],"about":[{"href":"https:\/\/hubertpietka.bialystok.pl\/index.php?rest_route=\/wp\/v2\/types\/page"}],"author":[{"embeddable":true,"href":"https:\/\/hubertpietka.bialystok.pl\/index.php?rest_route=\/wp\/v2\/users\/1"}],"replies":[{"embeddable":true,"href":"https:\/\/hubertpietka.bialystok.pl\/index.php?rest_route=%2Fwp%2Fv2%2Fcomments&post=9014"}],"version-history":[{"count":4,"href":"https:\/\/hubertpietka.bialystok.pl\/index.php?rest_route=\/wp\/v2\/pages\/9014\/revisions"}],"predecessor-version":[{"id":9021,"href":"https:\/\/hubertpietka.bialystok.pl\/index.php?rest_route=\/wp\/v2\/pages\/9014\/revisions\/9021"}],"wp:attachment":[{"href":"https:\/\/hubertpietka.bialystok.pl\/index.php?rest_route=%2Fwp%2Fv2%2Fmedia&parent=9014"}],"curies":[{"name":"wp","href":"https:\/\/api.w.org\/{rel}","templated":true}]}}