{"id":9026,"date":"2025-01-22T13:34:35","date_gmt":"2025-01-22T13:34:35","guid":{"rendered":"https:\/\/hubertpietka.bialystok.pl\/?page_id=9026"},"modified":"2025-01-22T13:34:35","modified_gmt":"2025-01-22T13:34:35","slug":"spojrzal-ze-smutkiem-jezus-na-zatwardzialosc-ich-serc","status":"publish","type":"page","link":"https:\/\/hubertpietka.bialystok.pl\/?page_id=9026","title":{"rendered":"&#8222;Spojrza\u0142 ze smutkiem Jezus \/ na zatwardzia\u0142o\u015b\u0107 ich serc&#8221;"},"content":{"rendered":"\n<p>Prawi\u0105 o rytualnej niby czysto\u015bci<br>Cho\u0107by te pacynki<br>Kt\u00f3rym daleko do Bo\u017cej prawdy<br>A praktykuj\u0105 nienawi\u015b\u0107<br>Po to by zniewoli\u0107 zabi\u0107<\/p>\n\n\n\n<p>Z\u0142owrogi w\u0105\u017c sw\u00f3j ogon zjada<br>Od Chrystusa po czasy wsp\u00f3\u0142czesne<br>Zatacza szatan znowu ko\u0142o b\u0142\u0119dne<br>Nie ku \u017cyciu prawo przecie\u017c<br>Lecz ku \u015bmierci<br>Wed\u0142ug poprawno\u015bci politycznej bandyt\u00f3w wszystko<br>A nie ewangelicznej mi\u0142o\u015bci Bo\u017cej<br>I ku \u017cyciu zwrotowi<\/p>\n\n\n\n<p>&#8222;Spojrza\u0142 ze smutkiem<br>Na zatwardzia\u0142o\u015b\u0107 ich serc&#8221;<\/p>\n\n\n\n<p>Bo nie ma w nich<br>W tych wszystkich wed\u0142ug bandyt\u00f3w<br>Prawdy Bo\u017cej i mi\u0142osierdzia<\/p>\n\n\n\n<p>Bo ci bandyci<br>I wszelcy im podobni<br>W dialektyce ideologicznej i post\u0119powaniu<br>Ci\u0105gle d\u0105\u017c\u0105 do tego w\u0142a\u015bnie<br>Do \u015bmierci zniewolenia zniszczenia<br>Dla \u017cony dla mnie<br>Nas naszego i naszych<br>Ale chyba nie tylko<br>Indoktrynacja bandycka musi by\u0107 przecie\u017c<br>Przemoc\u0105 wcielana w \u017cycie<br>Byleby wszystko wed\u0142ug nienawi\u015bci bandyckiej<\/p>\n\n\n\n<p>&#8222;Spojrza\u0142 ze smutkiem&#8221;<\/p>\n\n\n\n<p>Sami czyni\u0105 stokro\u0107 rzeczy gorsze<br>A oskar\u017caj\u0105 za wszystko<br>Byle pretekst cho\u0107by<br>A najlepiej tak \u017ceby<br>Te\u017c zniszczy\u0107 przy okazji skompromitowa\u0107<br>Ich postawy wed\u0142ug Boga<br>Nie tych bandyt\u00f3w przecie\u017c<br>I to im bardzo przeszkadza<br>To ich razi<br>\u017be nie mog\u0105 spokojnie<br>Spe\u0142nia\u0107 wszystkich swych szata\u0144skich bandyctw<\/p>\n\n\n\n<p>&#8222;Spojrza\u0142 spojrza\u0142&#8221;<br>Ale c\u00f3\u017c dla nich znaczy<br>Spojrzenie Bo\u017ce<br>Skoro oni kieruj\u0105 si\u0119 zawsze<br>Po\u017c\u0105daniami szatana pieni\u0105dzem<br>Ale spojrza\u0142<\/p>\n\n\n\n<p>I wszyscy kt\u00f3rzy my\u015bl\u0105<br>\u017be ich z\u0142e post\u0119powania<br>Wobec nas naszego i naszych<br>Mog\u0105 by\u0107 neutralne etycznie<br>Bo s\u0105 z przymusu cho\u0107by<br>To si\u0119 myl\u0105 podobnie zreszt\u0105<br>Jak cho\u0107by Pi\u0142at<br>Kt\u00f3rego faryzeusze ob\u0142udnicy przymusili<br>By wyda\u0142 wyrok na niewinnym<br>Bo\u017cym Synu<br>Wed\u0142ug ich zawi\u015bci i nienawi\u015bci<\/p>\n\n\n\n<p>Spojrza\u0142 spojrza\u0142 spojrza\u0142<br>Czy odczytasz w\u0142a\u015bciwie spojrzenie Bo\u017ce<\/p>\n\n\n\n<p>Bo pieni\u0105dze cho\u0107by<br>I komfort w\u0142asny wygoda<br>Konformizm i partykularyzm przyjemno\u015bci<br>S\u0105 wa\u017cniejsze ni\u017c sprawy Bo\u017ce<br>Spojrza\u0142<\/p>\n\n\n\n<p>Dzi\u015b \u015bw. *<strong>Win-cent-ego<\/strong>*<br>*<strong>Pieni\u0105dze maj\u0105 przezwyci\u0119\u017cy\u0107 jego<\/strong>*<br>Pieni\u0105dze maj\u0105 sprawy Bo\u017ce przezwyci\u0119\u017cy\u0107<br>I przeznaczy\u0107 ten \u015bwiat<br>Na wypalenie w tyglu<br>Z\u0142ota wszelkiego z\u0142a<br>Spojrza\u0142<br>&#8222;Zap\u0142aka\u0142 nad \u015bwiatem&#8221;<\/p>\n\n\n\n<figure class=\"wp-block-image size-large\"><a href=\"https:\/\/hubertpietka.bialystok.pl\/wp-content\/uploads\/2025\/01\/IMG-20250121-WA0036.jpg\"><img loading=\"lazy\" decoding=\"async\" width=\"768\" height=\"1024\" src=\"https:\/\/hubertpietka.bialystok.pl\/wp-content\/uploads\/2025\/01\/IMG-20250121-WA0036-768x1024.jpg\" alt=\"\" class=\"wp-image-9027\" srcset=\"https:\/\/hubertpietka.bialystok.pl\/wp-content\/uploads\/2025\/01\/IMG-20250121-WA0036-768x1024.jpg 768w, https:\/\/hubertpietka.bialystok.pl\/wp-content\/uploads\/2025\/01\/IMG-20250121-WA0036-225x300.jpg 225w, https:\/\/hubertpietka.bialystok.pl\/wp-content\/uploads\/2025\/01\/IMG-20250121-WA0036-1152x1536.jpg 1152w, https:\/\/hubertpietka.bialystok.pl\/wp-content\/uploads\/2025\/01\/IMG-20250121-WA0036.jpg 1200w\" sizes=\"auto, (max-width: 768px) 100vw, 768px\" \/><\/a><\/figure>\n\n\n\n<p><em>Na zdj. Maryja ona pomaga<br>Widzie\u0107 w\u0142a\u015bciwie Bo\u017ce sprawy<br>W odpowiedniej optyce niezmiennych warto\u015bci<br>Bo oni za wierno\u015b\u0107 warto\u015bciom<br>Chc\u0105 p\u0142aci\u0107 zawsze<br>Wi\u0119zieniem \u015bmierci\u0105 strachem i gwa\u0142tem<br>Przeinaczaj\u0105 te\u017c sprawy Bo\u017ce<br>Cho\u0107by doczesn\u0105 si\u0142\u0105 pieni\u0105dza<br>A Maryja patrzy cicho<br>Czy zn\u00f3w sprzedadz\u0105 Bo\u017cego Syna<br>Przekupi\u0105 wszystkich<br>Byleby by\u0142o pod\u0142ug ich nienawi\u015bci<br>I w\u0142adza nie wymkn\u0119\u0142a im si\u0119 z r\u0105k<\/em><\/p>\n\n\n\n<p><strong><em><a href=\"https:\/\/youtu.be\/p5IbCdNiZlA?si=UWXcvIHnvEoayEOz\">Stan Oskar\u017cenia &#8211; Nie skorzystam<\/a><\/em><\/strong><\/p>\n","protected":false},"excerpt":{"rendered":"<p>Prawi\u0105 o rytualnej niby czysto\u015bciCho\u0107by te pacynkiKt\u00f3rym daleko do Bo\u017cej prawdyA praktykuj\u0105 nienawi\u015b\u0107Po to by zniewoli\u0107 zabi\u0107 Z\u0142owrogi w\u0105\u017c sw\u00f3j ogon zjadaOd Chrystusa po czasy&hellip; <\/p>\n","protected":false},"author":1,"featured_media":0,"parent":0,"menu_order":0,"comment_status":"closed","ping_status":"closed","template":"","meta":{"footnotes":""},"class_list":["post-9026","page","type-page","status-publish","hentry"],"_links":{"self":[{"href":"https:\/\/hubertpietka.bialystok.pl\/index.php?rest_route=\/wp\/v2\/pages\/9026","targetHints":{"allow":["GET"]}}],"collection":[{"href":"https:\/\/hubertpietka.bialystok.pl\/index.php?rest_route=\/wp\/v2\/pages"}],"about":[{"href":"https:\/\/hubertpietka.bialystok.pl\/index.php?rest_route=\/wp\/v2\/types\/page"}],"author":[{"embeddable":true,"href":"https:\/\/hubertpietka.bialystok.pl\/index.php?rest_route=\/wp\/v2\/users\/1"}],"replies":[{"embeddable":true,"href":"https:\/\/hubertpietka.bialystok.pl\/index.php?rest_route=%2Fwp%2Fv2%2Fcomments&post=9026"}],"version-history":[{"count":1,"href":"https:\/\/hubertpietka.bialystok.pl\/index.php?rest_route=\/wp\/v2\/pages\/9026\/revisions"}],"predecessor-version":[{"id":9028,"href":"https:\/\/hubertpietka.bialystok.pl\/index.php?rest_route=\/wp\/v2\/pages\/9026\/revisions\/9028"}],"wp:attachment":[{"href":"https:\/\/hubertpietka.bialystok.pl\/index.php?rest_route=%2Fwp%2Fv2%2Fmedia&parent=9026"}],"curies":[{"name":"wp","href":"https:\/\/api.w.org\/{rel}","templated":true}]}}