{"id":9031,"date":"2025-01-23T19:17:27","date_gmt":"2025-01-23T19:17:27","guid":{"rendered":"https:\/\/hubertpietka.bialystok.pl\/?page_id=9031"},"modified":"2025-01-23T19:17:27","modified_gmt":"2025-01-23T19:17:27","slug":"parobki-wyrobniki-bandyckiej-klasy-wyzszej-albo-kur-ki-tych-alfonsow-mowiac-zartobliwie-troche-inaczej","status":"publish","type":"page","link":"https:\/\/hubertpietka.bialystok.pl\/?page_id=9031","title":{"rendered":"Parobki wyrobniki bandyckiej klasy wy\u017cszej \/ albo kur&#8230;ki tych alfons\u00f3w \/\/ m\u00f3wi\u0105c \u017cartobliwie troch\u0119 inaczej"},"content":{"rendered":"\n<p>1.<br>A c\u00f3\u017c tam za r\u00f3\u017cnica<br>Dla bandyt\u00f3w<br>Jakie wykorzystaj\u0105 s\u0142u\u017cby<br>Czy psychopat\u00f3w te\u017c jakich<br>Do swych cel\u00f3w pod\u0142ych szata\u0144skich<br>Byleby tylko zniewoli\u0107 zniszczy\u0107 zabi\u0107<br>C\u00f3\u017c to za r\u00f3\u017cnica<br>Jest dla nich<br>I te\u017c dla szatana<br>Kto jego narz\u0119dziem zostanie<br>I jednocze\u015bnie wykonawc\u0105 perfidii bandyckiej<br>Pod takim czy innym pretekstem<br>Podwijka czy inni psychopaci<br>Misie bandyckie czy inni s\u0142u\u017calcy<\/p>\n\n\n\n<p>2.<br>Ci pieprzeni k\u0142amstwami bandyci<br>S\u0105 bardzo dobrzy w czym\u015b<br>Mianowicie w prze\u015bladowaniach bandyckich nastawaniach<br>Tam w domu i ko\u0142o<br>Zapewnili sobie t\u0105 bandyck\u0105 podwijk\u0119<br>Na wsi ta psychopatka<br>Na innej ta\u0142atajstwo chach\u0142ackie<br>A wsz\u0119dzie indziej s\u0142u\u017calcy bandyccy<br>Teraz w drodze nomem omen<br>Do Suchowoli sk\u0105d pochodzi\u0142 b\u0142. ksi\u0105dz Jerzy Popie\u0142uszko<br>Zamordowany przez bandyckie s\u0142u\u017cby<br>Tamtego totalitarnego pa\u0144stwa<br>Ca\u0142\u0105 drog\u0119 z Bia\u0142egostoku<br>S\u0142u\u017calcy graniczni jednak si\u0119 okaza\u0142o<br>Ci najpierw a potem ca\u0142\u0105 drog\u0119 dalej<br>Te misie bandyckie<br>Tak\u017ce analogiczne prze\u015bladowania<br>Na tak naprawd\u0119 niewinnym<br>Byleby spe\u0142ni\u0107 zap\u0119dy po\u017c\u0105dliwe bandyckie<br>Byleby mnie dopa\u015b\u0107<br>By spokojnie (sic!) zabi\u0107 \u017con\u0119<br>C\u00f3\u017c za bandycka perfidia pod\u0142a<br>Brak s\u0142\u00f3w po prostu<br>Jak w tym pa\u0144stwie<br>Podobnie jak za niedawnych przecie\u017c<br>Czas\u00f3w ksi\u0119dza Jerzego<br>Mo\u017cna prze\u015bladowa\u0107 niewinnych ludzi<br>Powiedz\u0105 bandyci pewnie<br>\u017be przypadkiem wszystko<br>Tak oni lubi\u0105 te przypadki bandyckie r\u00f3\u017cne<br>Szok co oni robi\u0105<br>Z r\u00f3\u017cnymi lud\u017ami<br>Jak zdradliwe bestie z niekt\u00f3rych tutaj<br>Oni bandycko czyni\u0105<br>Zbrodnie z premedytacj\u0105<br>To jak nie szata\u0144skie<br>Jest to bandyctwo ca\u0142e<br>I kpi\u0105 se z innych jednocze\u015bnie<br>W \u017cywe oczy<br>Po szata\u0144sku<br>Jednocze\u015bnie kpi\u0105c se z Boga<br>Kpi\u0105 se ze wszystkiego szydz\u0105<br>W \u017cywe oczy<br>Cieszy si\u0119 szatan na pewno<br>Z innej strony patrz\u0105c<br>Z takich r\u00f3\u017cnych bandyckich postaw<br>Byleby tylko \u015bmier\u0107 zniewolenie zniszczenie<br>Byleby tylko osi\u0105gn\u0105\u0107 zbrodnicze cele<\/p>\n\n\n\n<figure class=\"wp-block-image size-large\"><a href=\"https:\/\/hubertpietka.bialystok.pl\/wp-content\/uploads\/2025\/01\/IMG-20250123-WA0037.jpg\"><img loading=\"lazy\" decoding=\"async\" width=\"768\" height=\"1024\" src=\"https:\/\/hubertpietka.bialystok.pl\/wp-content\/uploads\/2025\/01\/IMG-20250123-WA0037-768x1024.jpg\" alt=\"\" class=\"wp-image-9032\" srcset=\"https:\/\/hubertpietka.bialystok.pl\/wp-content\/uploads\/2025\/01\/IMG-20250123-WA0037-768x1024.jpg 768w, https:\/\/hubertpietka.bialystok.pl\/wp-content\/uploads\/2025\/01\/IMG-20250123-WA0037-225x300.jpg 225w, https:\/\/hubertpietka.bialystok.pl\/wp-content\/uploads\/2025\/01\/IMG-20250123-WA0037-1152x1536.jpg 1152w, https:\/\/hubertpietka.bialystok.pl\/wp-content\/uploads\/2025\/01\/IMG-20250123-WA0037.jpg 1200w\" sizes=\"auto, (max-width: 768px) 100vw, 768px\" \/><\/a><\/figure>\n\n\n\n<p>Na zdj. Suchowola jako geometryczny \u015brodek Europy<br>Mia\u0142 by\u0107 celem dzisiaj<br>Realizacji zamiar\u00f3w bandyckich<br>Co zapewne im te\u017c<br>Nie przeszkadza zbytnio<br>By realizowa\u0107 wsz\u0119dzie szata\u0144skie zap\u0119dy<br>Na \u017conie na mnie<br>Na nas naszych i naszym<br>Ale i nie tylko chyba<br>C\u00f3\u017c bandyctwo jest bandyctwo<\/p>\n\n\n\n<p>O przepraszam to przecie\u017c<br>Tak zwana elita ludzie lepsi wy\u017csi<br>Ni\u017c prostaczki tak zwane<br>I maj\u0105 te\u017c parobk\u00f3w swoich<br>Niewa\u017cne prywatnych jak ta podwijka cho\u0107by<br>Czy inni psychopaci<br>Ale i s\u0142u\u017cbowych<br>Jak cho\u0107by te bandyckie misie<br>Czy tam s\u0142u\u017cby i jakie<br>Ma ta bandycka elita<br>Swoich parobk\u00f3w wyrobnik\u00f3w<br>Do wszelkich cel\u00f3w bandyckich zatem<\/p>\n\n\n\n<p>A b\u0142. ksi\u0105dz Jerzy wcze\u015bniej<br>Alfonsem zosta\u0142 nazwany troch\u0119 nietrafnie<br>Bo teraz to si\u0119 kojarzy<br>Raczej jednoznacznie<br>St\u0105d imi\u0119 to zmieni\u0142<br>A ci bandyci<br>Jak alfonsi klasa wy\u017csza przecie\u017c<br>Maj\u0105 swoje kur..ki<br>Kt\u00f3re spe\u0142ni\u0105 wszelkie ich pod\u0142e cele zbrodnicze<br>Maj\u0105 te zwyk\u0142e jak ta podwijka<br>Czy inni psychopaci<br>I maj\u0105 ekskluzywne<br>Jak cho\u0107by te misie itp<br>A mo\u017ce aspiracj\u0105 tych kur\u2026ek<br>Jest w\u0142a\u015bnie do\u0142\u0105czenie do tej wy\u017cszej sfery<br>Elity bandyckiej alfons\u00f3w wy\u015bmienitych<br>Wtedy b\u0119d\u0105 mieli zapewne<br>Swoich parobk\u00f3w wyrobnik\u00f3w albo kur\u2026ki jakie\u015b<br>M\u00f3wi\u0105c analogicznie<br>Tak\u017ce u\u0142o\u017cyli si\u0119 pi\u0119knie<br>Ta wy\u017csza klasa<br>By odpowiednio przez kur..ki r\u00f3\u017cne<br>Parobk\u00f3w wyrobnik\u00f3w m\u00f3wi\u0105c inaczej<br>Pogn\u0119bi\u0107 prze\u015bladowa\u0107 czytaj inaczej<br>Tych niewinnych tak naprawd\u0119<br>R\u00f3\u017cnych Bo\u017cych prostaczk\u00f3w<br>Nazwy te raczej odpowiednie<br>Bo dla nich nie ma \u017cadnych warto\u015bci wy\u017cszych<br>Sprzedaj\u0105 siebie bandyctwu<br>I sprzedaj\u0105 te\u017c innych<br>R\u00f3\u017cne dzieci Bo\u017ce niewinne<br>Jak dla kur\u2026ek<br>A parobki wyrobniki aspiruj\u0105 odpowiednio<br>Do klasy wy\u017cszej<br>Tak\u017ce przez spoufala\u0107 z tymi wy\u017cszymi<br>Panami bandyckimi<br>I jak na alfons\u00f3w przysta\u0142o<br>Ci bandyci chroni\u0105 swoje r\u00f3\u017cne kur\u2026ki przecie\u017c<\/p>\n\n\n\n<p><em>Tekst piosenki nieodpowiedni dla nieletnich<\/em>:<\/p>\n\n\n\n<p class=\"has-text-align-center\"><strong><em><a href=\"https:\/\/youtu.be\/hZk_Mp1lme0?si=M5KqzoNtQLuZ_lWe\">Kult &#8211; Ku&#8230;y w\u0119drowniczki<\/a><\/em><\/strong> <\/p>\n","protected":false},"excerpt":{"rendered":"<p>1.A c\u00f3\u017c tam za r\u00f3\u017cnicaDla bandyt\u00f3wJakie wykorzystaj\u0105 s\u0142u\u017cbyCzy psychopat\u00f3w te\u017c jakichDo swych cel\u00f3w pod\u0142ych szata\u0144skichByleby tylko zniewoli\u0107 zniszczy\u0107 zabi\u0107C\u00f3\u017c to za r\u00f3\u017cnicaJest dla nichI te\u017c&hellip; <\/p>\n","protected":false},"author":1,"featured_media":0,"parent":0,"menu_order":0,"comment_status":"closed","ping_status":"closed","template":"","meta":{"footnotes":""},"class_list":["post-9031","page","type-page","status-publish","hentry"],"_links":{"self":[{"href":"https:\/\/hubertpietka.bialystok.pl\/index.php?rest_route=\/wp\/v2\/pages\/9031","targetHints":{"allow":["GET"]}}],"collection":[{"href":"https:\/\/hubertpietka.bialystok.pl\/index.php?rest_route=\/wp\/v2\/pages"}],"about":[{"href":"https:\/\/hubertpietka.bialystok.pl\/index.php?rest_route=\/wp\/v2\/types\/page"}],"author":[{"embeddable":true,"href":"https:\/\/hubertpietka.bialystok.pl\/index.php?rest_route=\/wp\/v2\/users\/1"}],"replies":[{"embeddable":true,"href":"https:\/\/hubertpietka.bialystok.pl\/index.php?rest_route=%2Fwp%2Fv2%2Fcomments&post=9031"}],"version-history":[{"count":1,"href":"https:\/\/hubertpietka.bialystok.pl\/index.php?rest_route=\/wp\/v2\/pages\/9031\/revisions"}],"predecessor-version":[{"id":9033,"href":"https:\/\/hubertpietka.bialystok.pl\/index.php?rest_route=\/wp\/v2\/pages\/9031\/revisions\/9033"}],"wp:attachment":[{"href":"https:\/\/hubertpietka.bialystok.pl\/index.php?rest_route=%2Fwp%2Fv2%2Fmedia&parent=9031"}],"curies":[{"name":"wp","href":"https:\/\/api.w.org\/{rel}","templated":true}]}}