{"id":9041,"date":"2025-01-24T20:40:05","date_gmt":"2025-01-24T20:40:05","guid":{"rendered":"https:\/\/hubertpietka.bialystok.pl\/?page_id=9041"},"modified":"2025-01-24T20:40:05","modified_gmt":"2025-01-24T20:40:05","slug":"aspirantura-zbrodnicza-u-tego-bandyctwa","status":"publish","type":"page","link":"https:\/\/hubertpietka.bialystok.pl\/?page_id=9041","title":{"rendered":"Aspirantura zbrodnicza \/ u tego bandyctwa"},"content":{"rendered":"\n<p>Bandyckie parobki wyrobniki<br>Bo wed\u0142ug tych bandyt\u00f3w<br>Maj\u0105 by\u0107 i ich<br>Te r\u00f3\u017cne bandyctwa<br>To ludzie zapewne bardzo ambitni<br>Raczej w tym negatywnym rozumieniu<br>Bo b\u0119d\u0105c parobkami wyrobnikami<br>Tej samozwa\u0144czej niby lepszej<br>Ni\u017c inni ludzie elity<br>Chc\u0105 aspirowa\u0107 w ich<br>Szeregi bandyckie jako\u015b zapewne<br>A \u017ceby tak si\u0119 sta\u0142o<br>Musz\u0105 si\u0119 wykaza\u0107 odpowiednio<br>Bandyctwem jakim\u015b pod\u0142ug tych w\u0142a\u015bnie<\/p>\n\n\n\n<p>Tacy to *<strong>aspiranci<\/strong>*<br>I dos\u0142ownie i w przeno\u015bni<br>Dos\u0142ownie nawet jak misie bandyckie<br>Czy inni bandyccy s\u0142u\u017cbi\u015bci<br>I w przeno\u015bni<br>Jak ta podwijka inni psychopaci<br>Ta&nbsp; i ci cho\u0107by tam i tu na wsi<\/p>\n\n\n\n<p>*<strong>A spirit<\/strong>* czyli duch<br>Kto\u015b by zapyta\u0142<br>A co tam sprawy ducha<br>Jak kto\u015b mamon\u0105 za\u015bwieci<br>Co tam nawet i honor<br>A znam takich kt\u00f3rzy<br>*<strong>A spiryt<\/strong>* czyli alkohol<br>Ten mocno wyskokowy<br>Wybior\u0105 zawsze sprzedaj\u0105c zreszt\u0105 kogokolwiek<br>Maj\u0105 tak raczej i owszem<br>Wybra\u0144cy bandyccy psychopaci tam r\u00f3\u017cni<\/p>\n\n\n\n<p>I przecie\u017c \u017ceby<br>Do bandyctwa aspirowa\u0107 odpowiednio<br>To trzeba si\u0119 wykaza\u0107 bezwzgl\u0119dnie<br>W\u0142a\u015bnie jak\u0105\u015b bandyck\u0105 zbrodni\u0105<br>Czy ku \u015bmierci zniewoleniu zniszczeniu<br>Nas naszych i naszego<br>Czy i innych zreszt\u0105<br>Bo sk\u0105d tyle wsp\u00f3\u0142czesnego bestialstwa<br>Bandyci nikomu nic nie daj\u0105<br>Za darmo tak zwane<br>Bandyci jak bandyci<br>Ceni\u0105 przecie\u017c r\u00f3\u017cne bandyctwa najbardziej<br>Morderstwa znieprawienie zniewolenie zniszczenie itp<br>Tak\u017ce takie \u015bci\u0119l\u0105 si\u0119 wytyczne<br>Dla r\u00f3\u017cnych aspirant\u00f3w<br>Do tej samozwa\u0144czej elity<br>Tak czy inaczej bandyckiej wprawdzie<\/p>\n\n\n\n<p>A \u017ce bandyci maj\u0105 argumenty<br>Tak zwane dodatkowe i przynale\u017cne<br>Cho\u0107by zastraszanie szanta\u017c i przemoc<br>To takim aspirantem<br>Mo\u017cna zosta\u0107 do\u015b\u0107 \u0142atwo<br>A bandyci ceni\u0105 te\u017c szczeg\u00f3lnie<br>Zdrady r\u00f3\u017cne<br>Tak\u017ce droga bandyckich antywarto\u015bci<br>Jest otwarta dla wszystkich<br>Nieprawych bezecnych przest\u0119pczych i wyst\u0119pnych<br>Ka\u017cda te\u017c patologia ludzka<br>Dobrze si\u0119 wpisuje<br>W t\u0105 drog\u0119 bandyck\u0105<br>Je\u015bli tylko kto\u015b b\u0119dzie chcia\u0142<br>Czyni\u0107 komu\u015b z\u0142o<br>Lub chocia\u017c mie\u0107 takie intencje<br>Z\u0142a dla kogo\u015b<br>Najpierw dla nas naszych naszego<br>Ale i nie tylko chyba<br>Bo sk\u0105d poczet wsp\u00f3\u0142ecznych m\u0119czennik\u00f3w<br>Ofiar tego ca\u0142ego bestialstwa<br>O ofiarach k\u0142amstw bandyckich<br>Ob\u0142udnych i szata\u0144skich<br>Ju\u017c i nawet nie wspomn\u0119<br>Od znieprawiania demoralizowania<br>Po chwalenie wszelkich zbrodni<br>I zbrodniarzy te\u017c chronienie<\/p>\n\n\n\n<figure class=\"wp-block-gallery has-nested-images columns-default is-cropped wp-block-gallery-1 is-layout-flex wp-block-gallery-is-layout-flex\">\n<figure class=\"wp-block-image size-large\"><a href=\"https:\/\/hubertpietka.bialystok.pl\/wp-content\/uploads\/2025\/01\/IMG-20250123-WA0036.jpg\"><img loading=\"lazy\" decoding=\"async\" width=\"768\" height=\"1024\" data-id=\"9042\" src=\"https:\/\/hubertpietka.bialystok.pl\/wp-content\/uploads\/2025\/01\/IMG-20250123-WA0036-768x1024.jpg\" alt=\"\" class=\"wp-image-9042\" srcset=\"https:\/\/hubertpietka.bialystok.pl\/wp-content\/uploads\/2025\/01\/IMG-20250123-WA0036-768x1024.jpg 768w, https:\/\/hubertpietka.bialystok.pl\/wp-content\/uploads\/2025\/01\/IMG-20250123-WA0036-225x300.jpg 225w, https:\/\/hubertpietka.bialystok.pl\/wp-content\/uploads\/2025\/01\/IMG-20250123-WA0036-1152x1536.jpg 1152w, https:\/\/hubertpietka.bialystok.pl\/wp-content\/uploads\/2025\/01\/IMG-20250123-WA0036.jpg 1200w\" sizes=\"auto, (max-width: 768px) 100vw, 768px\" \/><\/a><\/figure>\n<\/figure>\n\n\n\n<p><em>Na zdj. Tak\u017ce jest pi\u0119knie<br>Z tym bandyctwem ca\u0142ym<br>I wszelkimi do nich aspirantami<br>Najlepiej by si\u0119 by\u0142o mo\u017ce<br>Zamkn\u0105\u0107 w<br>Mydlanej ba\u0144ce<br>Ale B\u00f3g nakaza\u0142 dzieciom Bo\u017cym<br>T\u0105 walk\u0119 ze z\u0142em wszelkim<br>O prawd\u0119 czyst\u0105 przeciwko k\u0142amstwom<br>O dobro przeciwko zbrodniom<br>O pi\u0119kno \u017cycia wed\u0142ug warto\u015bci<br>W stosunku do amoralno\u015bci i relatywizacji<br>Odwr\u00f3ceniu porz\u0105dku odwiecznego<br>Tego pieprzonego k\u0142amstwami bandyctwa ca\u0142ego<br>I ich wszekich aspirant\u00f3w<br>Kamrat\u00f3w w zbrodniach wobec ludzko\u015bci<br>Bo ka\u017cdy cz\u0142owiek<br>Kt\u00f3rego dotykaj\u0105 ich zbrodnie<br>Ma niezbywaln\u0105 cz\u0142owiecz\u0105 godno\u015b\u0107<br>I jest cz\u0142onkiem Bo\u017cego uniwersum<\/em><\/p>\n","protected":false},"excerpt":{"rendered":"<p>Bandyckie parobki wyrobnikiBo wed\u0142ug tych bandyt\u00f3wMaj\u0105 by\u0107 i ichTe r\u00f3\u017cne bandyctwaTo ludzie zapewne bardzo ambitniRaczej w tym negatywnym rozumieniuBo b\u0119d\u0105c parobkami wyrobnikamiTej samozwa\u0144czej niby lepszejNi\u017c&hellip; <\/p>\n","protected":false},"author":1,"featured_media":0,"parent":0,"menu_order":0,"comment_status":"closed","ping_status":"closed","template":"","meta":{"footnotes":""},"class_list":["post-9041","page","type-page","status-publish","hentry"],"_links":{"self":[{"href":"https:\/\/hubertpietka.bialystok.pl\/index.php?rest_route=\/wp\/v2\/pages\/9041","targetHints":{"allow":["GET"]}}],"collection":[{"href":"https:\/\/hubertpietka.bialystok.pl\/index.php?rest_route=\/wp\/v2\/pages"}],"about":[{"href":"https:\/\/hubertpietka.bialystok.pl\/index.php?rest_route=\/wp\/v2\/types\/page"}],"author":[{"embeddable":true,"href":"https:\/\/hubertpietka.bialystok.pl\/index.php?rest_route=\/wp\/v2\/users\/1"}],"replies":[{"embeddable":true,"href":"https:\/\/hubertpietka.bialystok.pl\/index.php?rest_route=%2Fwp%2Fv2%2Fcomments&post=9041"}],"version-history":[{"count":1,"href":"https:\/\/hubertpietka.bialystok.pl\/index.php?rest_route=\/wp\/v2\/pages\/9041\/revisions"}],"predecessor-version":[{"id":9043,"href":"https:\/\/hubertpietka.bialystok.pl\/index.php?rest_route=\/wp\/v2\/pages\/9041\/revisions\/9043"}],"wp:attachment":[{"href":"https:\/\/hubertpietka.bialystok.pl\/index.php?rest_route=%2Fwp%2Fv2%2Fmedia&parent=9041"}],"curies":[{"name":"wp","href":"https:\/\/api.w.org\/{rel}","templated":true}]}}