{"id":9050,"date":"2025-01-27T13:04:22","date_gmt":"2025-01-27T13:04:22","guid":{"rendered":"https:\/\/hubertpietka.bialystok.pl\/?page_id=9050"},"modified":"2025-01-27T13:04:22","modified_gmt":"2025-01-27T13:04:22","slug":"swiatowy-dzien-pamieci-a-ten-holocaust-wspolczesny","status":"publish","type":"page","link":"https:\/\/hubertpietka.bialystok.pl\/?page_id=9050","title":{"rendered":"\u015awiatowy Dzie\u0144 Pami\u0119ci \/ a ten holocaust wsp\u00f3\u0142czesny"},"content":{"rendered":"\n<p>Dzi\u015b \u015awiatowy Dzie\u0144 Pami\u0119ci Holocaustu<br>A ci bandyci morduj\u0105 dalej<br>Pami\u0119\u0107 pami\u0119ci\u0105 byle odpowiedni\u0105<br>A holocaust wsp\u00f3\u0142czesny m\u0119czennik\u00f3w niewinnych<br>Dalej perfidnie<br>*<strong>Holo-caust<\/strong>* *<strong>zach\u0142ysn\u0105\u0107 \u015bmierci chaustem<\/strong>*<br>To lubi\u0105 ci bandyci<br>Byle nie w nich<br>Niczego nie nauczy\u0142a si\u0119 ludzko\u015b\u0107<br>\u017be przecie\u017c morderst zorganizowanych<br>Jest jedno \u017ar\u00f3d\u0142o<br>Nie inaczej tylko szata\u0144skiej nienawi\u015bci<br>Jednych do drugich<br>I to \u017ce jednym si\u0119 wydaje<br>Oczywi\u015bcie tym przemoc\u0105 jak\u0105kolwiek silniejszym<br>\u017be od innych s\u0105 lepsi<br>Tak samo jak hitlerowcy<br>Mo\u017cna do tego dostosowa\u0107 przecie\u017c<br>Caly system prawny<br>I ogl\u0105d spo\u0142eczny tak zwany<br>W tym celu kszta\u0142ci\u0107 mentalnie<br>By akceptowane albo chwalone nawet<br>By\u0142y wszelkie zbrodnie<br>Dramat ludzko\u015bci trwa dalej<br>On zawsze uderza w niewinnych<br>Tak naprawd\u0119 jakikolwiek by\u0142by zreszt\u0105<br>Szata\u0144ski klucz do zbrodni<br>Pycha i zadufanie w sobie<br>Pozwala niekt\u00f3rym mniema\u0107<br>\u017be maj\u0105 wi\u0119ksze ni\u017c inni<br>Prawa i \u017ce mog\u0105 decydowa\u0107<br>Te\u017c o czyim\u015b \u017cyciu<br>Tak si\u0119 dzieje z aborcj\u0105<br>Z eutanazj\u0105 i tym<br>Holocaustem wsp\u00f3\u0142czesnym bestialskim<br>Bo ka\u017cde mordowanie usystematyzowane<br>Jest bestialstwem wed\u0142ug szatana<br>Kt\u00f3ry nigdy nie szanuje \u017cycia<br>Bo on chce zniszczy\u0107<br>Wszystko i wszystkich<br>Pos\u0142uguj\u0105c si\u0119 r\u00f3\u017cnymi<br>I sumieniami zdeformowanym przez z\u0142o<\/p>\n\n\n\n<p>Ten wiersz to jest protest<br>Przeciwko jakimkolwiek morderstwom<br>Szczeg\u00f3lnie tym zorganizowanym bestialsko<br>Pod jakimkolwiek by to nie by\u0142o pretekstem<br>W tym \u015awiatowym Dniu Pami\u0119ci Holocaustu<br>To musi tu wybrzmie\u0107<br>Je\u015bli cz\u0142owiecze\u0144stwo ma si\u0119 osta\u0107<br>W swym wyrazie humanistycznym najg\u0142\u0119bszym<br>Nikt nie ma prawa mordowa\u0107<br>W oczach Bo\u017cych<br>Chyba \u017ce w s\u0142usznej obronie<br>Siebie swego i swoich<br>Przed z\u0142owrog\u0105 i nienawistn\u0105 napa\u015bci\u0105<\/p>\n\n\n\n<figure class=\"wp-block-gallery has-nested-images columns-default is-cropped wp-block-gallery-1 is-layout-flex wp-block-gallery-is-layout-flex\">\n<figure class=\"wp-block-image size-large\"><a href=\"https:\/\/hubertpietka.bialystok.pl\/wp-content\/uploads\/2025\/01\/IMG-20250123-WA0040.jpg\"><img loading=\"lazy\" decoding=\"async\" width=\"768\" height=\"1024\" data-id=\"9051\" src=\"https:\/\/hubertpietka.bialystok.pl\/wp-content\/uploads\/2025\/01\/IMG-20250123-WA0040-768x1024.jpg\" alt=\"\" class=\"wp-image-9051\" srcset=\"https:\/\/hubertpietka.bialystok.pl\/wp-content\/uploads\/2025\/01\/IMG-20250123-WA0040-768x1024.jpg 768w, https:\/\/hubertpietka.bialystok.pl\/wp-content\/uploads\/2025\/01\/IMG-20250123-WA0040-225x300.jpg 225w, https:\/\/hubertpietka.bialystok.pl\/wp-content\/uploads\/2025\/01\/IMG-20250123-WA0040-1152x1536.jpg 1152w, https:\/\/hubertpietka.bialystok.pl\/wp-content\/uploads\/2025\/01\/IMG-20250123-WA0040.jpg 1200w\" sizes=\"auto, (max-width: 768px) 100vw, 768px\" \/><\/a><\/figure>\n<\/figure>\n\n\n\n<p><em>Na zdj. Stajenka w Suchowoli<br>Miejscu kszta\u0142towania si\u0119 osobowo\u015bci duchowej<br>B\u0142. ksi\u0119dza Jerzego Popie\u0142uszki m\u0119czennika<br>Nienawistnego systemu komuny<br>Nie tylko wobec wiary<br>Ale i czystego \u017cycia ludzkiego<br>My\u015bl\u0119 \u017ce mam chyba jednak<br>Dobr\u0105 intuicj\u0119 \u017ce ten<br>Holocaust wsp\u00f3\u0142czesny niewinnych m\u0119czennik\u00f3w<br>Jest zorganizowany w zwi\u0105zku<br>Z czynnikiem takim te\u017c w\u0142a\u015bnie<br>Je\u015bli ludzko\u015b\u0107 nie powr\u00f3ci<br>Do cz\u0142owiecze\u0144stwa swoich korzeni<br>Wra\u017cliwo\u015bci pe\u0142nej na ka\u017cdego cz\u0142owieka<br>To si\u0119 nie ostoi<br>Bo hula szatan dzi\u015b<br>Przez swe morderstwa<br>Pos\u0142uguj\u0105c si\u0119 takimi czy innymi<br>A za wszystkim te\u017c stoi na pewno jakie\u015b<br>Wielkie k\u0142amstwo szata\u0144skie<br>Bo to tylko ono<br>Pozwala organizowa\u0107 morderstwa<br>Na tak\u0105 skal\u0119<br>Holocaustu w\u0142a\u015bnie<\/em><\/p>\n","protected":false},"excerpt":{"rendered":"<p>Dzi\u015b \u015awiatowy Dzie\u0144 Pami\u0119ci HolocaustuA ci bandyci morduj\u0105 dalejPami\u0119\u0107 pami\u0119ci\u0105 byle odpowiedni\u0105A holocaust wsp\u00f3\u0142czesny m\u0119czennik\u00f3w niewinnychDalej perfidnie*Holo-caust* *zach\u0142ysn\u0105\u0107 \u015bmierci chaustem*To lubi\u0105 ci bandyciByle nie w&hellip; <\/p>\n","protected":false},"author":1,"featured_media":0,"parent":0,"menu_order":0,"comment_status":"closed","ping_status":"closed","template":"","meta":{"footnotes":""},"class_list":["post-9050","page","type-page","status-publish","hentry"],"_links":{"self":[{"href":"https:\/\/hubertpietka.bialystok.pl\/index.php?rest_route=\/wp\/v2\/pages\/9050","targetHints":{"allow":["GET"]}}],"collection":[{"href":"https:\/\/hubertpietka.bialystok.pl\/index.php?rest_route=\/wp\/v2\/pages"}],"about":[{"href":"https:\/\/hubertpietka.bialystok.pl\/index.php?rest_route=\/wp\/v2\/types\/page"}],"author":[{"embeddable":true,"href":"https:\/\/hubertpietka.bialystok.pl\/index.php?rest_route=\/wp\/v2\/users\/1"}],"replies":[{"embeddable":true,"href":"https:\/\/hubertpietka.bialystok.pl\/index.php?rest_route=%2Fwp%2Fv2%2Fcomments&post=9050"}],"version-history":[{"count":1,"href":"https:\/\/hubertpietka.bialystok.pl\/index.php?rest_route=\/wp\/v2\/pages\/9050\/revisions"}],"predecessor-version":[{"id":9052,"href":"https:\/\/hubertpietka.bialystok.pl\/index.php?rest_route=\/wp\/v2\/pages\/9050\/revisions\/9052"}],"wp:attachment":[{"href":"https:\/\/hubertpietka.bialystok.pl\/index.php?rest_route=%2Fwp%2Fv2%2Fmedia&parent=9050"}],"curies":[{"name":"wp","href":"https:\/\/api.w.org\/{rel}","templated":true}]}}