{"id":9060,"date":"2025-01-29T15:20:10","date_gmt":"2025-01-29T15:20:10","guid":{"rendered":"https:\/\/hubertpietka.bialystok.pl\/?page_id=9060"},"modified":"2025-01-29T15:20:10","modified_gmt":"2025-01-29T15:20:10","slug":"nienawisc-diabelska-objawia-sie-we-wszelkich-klamstwach-i-czynach-tego-bandyctwa","status":"publish","type":"page","link":"https:\/\/hubertpietka.bialystok.pl\/?page_id=9060","title":{"rendered":"Nienawi\u015b\u0107 diabelska objawia si\u0119 \/ we wszelkich k\u0142amstwach i czynach tego bandyctwa"},"content":{"rendered":"\n<p>Czy\u017c nie ma racji<br>\u017be to jest bandyctwo<br>Pieprzone najgorszymi k\u0142amstwami<br>Bo jak najpodlejszymi jak najbardziej tylko<br>Si\u0119 da te\u017c ob\u0142udnymi i perfidnymi<br>Takie s\u0105 ich k\u0142amstwa<br>Stricte szata\u0144skie i wszelkie dzie\u0142a<br>Czytaj szata\u0144skie zbrodnie podobnie<br>Kt\u00f3re ca\u0142y czas pr\u00f3buj\u0105<br>Przedsi\u0119wzi\u0105\u0107 po szata\u0144sku oczywi\u015bcie<br>Wobec nas naszego i naszych<br>I tak\u017ce innych<br>Najpierw wobec \u017cony mnie<br>Tych zwierz\u0105t i bliskich<br>Wobec naszych miejsc i samochod\u00f3w<\/p>\n\n\n\n<p>No w\u0142a\u015bnie<br>Pod\u0142o\u015b\u0107 najpodlejsza jest ich chyba<br>Tego bandyctwa i im podobnych<br>Najlepszym wyrazem<br>Chocia\u017cby s\u0142u\u017cb bandyckich<br>Kt\u00f3re tak\u017ce upodobniaj\u0105 si\u0119<br>Do nich w pe\u0142ni<br>We wszelkim k\u0142amliwym bandyctwie<br>Wi\u0119c s\u0142usznie mo\u017cna ich<br>Te\u017c tak w\u0142a\u015bnie nazywa\u0107<br>Zas\u0142uguj\u0105 na miano bandyckie<br>Przez wsp\u00f3\u0142prac\u0119 w zbrodniach<br>I wszelkich k\u0142amstwach<\/p>\n\n\n\n<p>Oczywi\u015bcie u tych bandyt\u00f3w<br>Ma by\u0107 wszystko niby przypadkiem<br>Przypadkiem tak re\u017cyseruj\u0105 cho\u0107by<br>Ruch na drodze<br>\u017beby z odpowiedniej perspektywy<br>Czytaj dra\u0144skiego dro\u0144stwa wygl\u0105da\u0142o<br>\u017be ja niby je\u017cd\u017c\u0119<br>Po wariacji przepisy \u0142ami\u0105c<br>Pr\u0119dko\u015b\u0107 przekraczaj\u0105c itp<br>Na m\u0142yn to przecie\u017c<br>Tym r\u00f3\u017cnym bandyckim s\u0142u\u017cbom<\/p>\n\n\n\n<p>A dzisiaj przy Mi\u0142osierdziu tu w \u0141om\u017cy<br>To hit bandycki po prostu<br>Wed\u0142ug zreszt\u0105 perfidnych k\u0142amstw bandyckich<br>Bo lubi\u0105 ci bandyci<br>Orzeka\u0107 cho\u0107by odpowiednio<br>Na temat naszych samochod\u00f3w<br>Po bandycku \u017ce cho\u0107by niebezpieczne<br>Dla \u015brodowiska i ruchu<br>Bandyctwo perfidne niepomierne<br>Bo zamykaj\u0105c nam mo\u017cliwo\u015bci wszelkie<br>Nie tylko rozwoju<br>To jeszcze dybi\u0105 na<br>To ma\u0142o co mamy<br>I oni tak ze wszystkim<br>Pieprzone pod\u0142ymi k\u0142amstwami bandyctwo<br>I ci wszelcy s\u0142u\u017calcy bandyccy<br>Kt\u00f3rzy z nimi do jednej bramki graj\u0105<br>Przeciwko ubogim i niewinnym<br>Pomijaj\u0105c ju\u017c to nawet<br>\u017be to ub\u00f3stwo nasze oni powoduj\u0105 w\u0142a\u015bnie<br>Zamykaj\u0105c nam cho\u0107by pracy drogi<br>I dybi\u0105 nawet na to<br>Co organizujemy z trudem takim<br>Niepomiernym wobec ich bandyctw<br>Nieustannych k\u0142amliwych pod\u0142ych ob\u0142udnych perfidnych<\/p>\n\n\n\n<figure class=\"wp-block-gallery has-nested-images columns-default is-cropped wp-block-gallery-1 is-layout-flex wp-block-gallery-is-layout-flex\">\n<figure class=\"wp-block-image size-large\"><a href=\"https:\/\/hubertpietka.bialystok.pl\/wp-content\/uploads\/2025\/01\/20250129_155220-scaled.jpg\"><img loading=\"lazy\" decoding=\"async\" width=\"768\" height=\"1024\" data-id=\"9061\" src=\"https:\/\/hubertpietka.bialystok.pl\/wp-content\/uploads\/2025\/01\/20250129_155220-768x1024.jpg\" alt=\"\" class=\"wp-image-9061\" srcset=\"https:\/\/hubertpietka.bialystok.pl\/wp-content\/uploads\/2025\/01\/20250129_155220-768x1024.jpg 768w, https:\/\/hubertpietka.bialystok.pl\/wp-content\/uploads\/2025\/01\/20250129_155220-225x300.jpg 225w, https:\/\/hubertpietka.bialystok.pl\/wp-content\/uploads\/2025\/01\/20250129_155220-1152x1536.jpg 1152w, https:\/\/hubertpietka.bialystok.pl\/wp-content\/uploads\/2025\/01\/20250129_155220-1536x2048.jpg 1536w, https:\/\/hubertpietka.bialystok.pl\/wp-content\/uploads\/2025\/01\/20250129_155220-scaled.jpg 1920w\" sizes=\"auto, (max-width: 768px) 100vw, 768px\" \/><\/a><\/figure>\n<\/figure>\n\n\n\n<p><em>Na zdj. A teraz sami os\u0105d\u017acie<br>Czy te wycieki z tego w\u0142a\u015bnie samochodu<br>Czy mo\u017ce jednak s\u0105 obok<br>Pieprzone wszelkimi k\u0142amstwami bandyctwo<br>I oni tak wszystko<br>Byleby tylko uderza\u0107 bezwzgl\u0119dnie<br>W nas naszych i nasze<br>Podle perfidnie i ob\u0142udnie<br>Wykorzystuj\u0105c r\u00f3\u017cnych niecnych<br>I tak czy innych<br>S\u0142u\u017calc\u00f3w bandyckich r\u00f3\u017cnych<br>Brak s\u0142\u00f3w po prostu<br>Na wszelkie takie pod\u0142o\u015bci<br>Bo wiedzieli \u017ce tu przyjedziemy<br>I by\u0142o tylko to miejsce<br>Tu przy ko\u015bciele<br>I oni tak organizuj\u0105<br>Wszystko i wszystkich<br>Przeciwko nam<br>Byleby tylko nas dosi\u0119g\u0142a<br>Ich nienawi\u015b\u0107 diabelska<\/em><\/p>\n\n\n\n<p><strong>I oczywi\u015bcie b\u0119d\u0105 udawa\u0107 dalej<br>\u017be oni nic ci bandyci<br>Byleby tylko z\u0142o szata\u0144skie<br>By\u0142o nam czynione zawsze<br>Byleby tylko wobec<br>Nas naszych i naszego<br>Po bandycku by\u0142o wszystko<br>I tak oni ca\u0142y czas<br>I im podobni zreszt\u0105<br>W bandyctwach tamtych wszelkich<\/strong><\/p>\n","protected":false},"excerpt":{"rendered":"<p>Czy\u017c nie ma racji\u017be to jest bandyctwoPieprzone najgorszymi k\u0142amstwamiBo jak najpodlejszymi jak najbardziej tylkoSi\u0119 da te\u017c ob\u0142udnymi i perfidnymiTakie s\u0105 ich k\u0142amstwaStricte szata\u0144skie i wszelkie&hellip; <\/p>\n","protected":false},"author":1,"featured_media":0,"parent":0,"menu_order":0,"comment_status":"closed","ping_status":"closed","template":"","meta":{"footnotes":""},"class_list":["post-9060","page","type-page","status-publish","hentry"],"_links":{"self":[{"href":"https:\/\/hubertpietka.bialystok.pl\/index.php?rest_route=\/wp\/v2\/pages\/9060","targetHints":{"allow":["GET"]}}],"collection":[{"href":"https:\/\/hubertpietka.bialystok.pl\/index.php?rest_route=\/wp\/v2\/pages"}],"about":[{"href":"https:\/\/hubertpietka.bialystok.pl\/index.php?rest_route=\/wp\/v2\/types\/page"}],"author":[{"embeddable":true,"href":"https:\/\/hubertpietka.bialystok.pl\/index.php?rest_route=\/wp\/v2\/users\/1"}],"replies":[{"embeddable":true,"href":"https:\/\/hubertpietka.bialystok.pl\/index.php?rest_route=%2Fwp%2Fv2%2Fcomments&post=9060"}],"version-history":[{"count":1,"href":"https:\/\/hubertpietka.bialystok.pl\/index.php?rest_route=\/wp\/v2\/pages\/9060\/revisions"}],"predecessor-version":[{"id":9062,"href":"https:\/\/hubertpietka.bialystok.pl\/index.php?rest_route=\/wp\/v2\/pages\/9060\/revisions\/9062"}],"wp:attachment":[{"href":"https:\/\/hubertpietka.bialystok.pl\/index.php?rest_route=%2Fwp%2Fv2%2Fmedia&parent=9060"}],"curies":[{"name":"wp","href":"https:\/\/api.w.org\/{rel}","templated":true}]}}