{"id":9067,"date":"2025-01-31T21:04:00","date_gmt":"2025-01-31T21:04:00","guid":{"rendered":"https:\/\/hubertpietka.bialystok.pl\/?page_id=9067"},"modified":"2025-01-31T21:04:00","modified_gmt":"2025-01-31T21:04:00","slug":"szatanstwo-w-pelnej-wyrafinowanej-postaci","status":"publish","type":"page","link":"https:\/\/hubertpietka.bialystok.pl\/?page_id=9067","title":{"rendered":"Szata\u0144stwo \/ w pe\u0142nej wyrafinowanej postaci"},"content":{"rendered":"\n<p>Brak mi ju\u017c s\u0142\u00f3w czasem<br>Po prostu<br>Jakie to jest szata\u0144stwo<br>To wszystko co tak perfidnie<br>Pr\u00f3buje realizowa\u0107 to bandyctwo<br>Wobec nas naszych i naszego<\/p>\n\n\n\n<p>Namno\u017cyli nieprawych sposob\u00f3w i metod<br>By w nas naszych i nasze<br>Podle uderza\u0107<br>Chyba nie spos\u00f3b ich<br>Tu wymieni\u0107 wszystkich<br>Namno\u017cyli te\u017c r\u00f3\u017cnych niecnych<br>Kt\u00f3rzy uderza\u0107 w nas maj\u0105<br>Nawet w ko\u015bciele<br>Fa\u0142szywych niby braci i siostry<br>Pod takim czy innym<br>Bandyckim k\u0142amliwie pretekstem<br>Czytaj szata\u0144stwem<br>Nic dziwnego ci bandyci<br>Nie szanuj\u0105 przecie\u017c \u017cadnych \u015bwi\u0119to\u015bci<br>No inaczej by nas szanowali<br>Bo my nie idziemy tylko od siebie<br>Lecz z Boga jest<br>To wszystko w naszej drodze<br>Dlatego to tak przeszkadza szatanowi<br>I wszelkim s\u0142ugom bandycko jego<br>Nic dziwnego przecie\u017c szatan<br>Si\u0119 za anio\u0142a \u015bwiat\u0142o\u015bci podaje<br>Wi\u0119c c\u00f3\u017c tam fa\u0142szywym chrze\u015bcijanom<\/p>\n\n\n\n<p>Namno\u017cyli ju\u017c takich<br>Od tej podwijki tu<br>Po bandyckie misie wsz\u0119dzie<br>I innych s\u0142u\u017calc\u00f3w bandyckich<br>Ka\u017cdy w nas mo\u017ce uderza\u0107<br>Jakikolwiek psychopata<br>Czy po prostu \u015bwir wariat<br>Czy tam jaki wyst\u0119pny niecny<br>Ile p\u0142ac\u0105 za to<br>Co te\u017c obiecuj\u0105<\/p>\n\n\n\n<p>I \u015brodk\u00f3w bandyckich te\u017c namno\u017cyli<br>Od gazowania podstawowo<br>Wsz\u0119dzie zreszt\u0105 gdzie by\u0107 mo\u017cemy<br>Po zwyk\u0142ych zab\u00f3jc\u00f3w k\u0142uciem jakim\u015b<br>Psy jakie\u015b dalej na nasze<br>I oczywi\u015bcie jaki\u015b niby<br>Nieszcz\u0119\u015bliwy wypadek na nas<br>Po\u017car zalanie pora\u017cenie pr\u0105dem<br>Wybuch gdzie\u015b jaki\u015b czy samochodowy<br>Namno\u017cyli metod \u015brodk\u00f3w niecnych<br>I r\u00f3\u017cnych pod\u0142ug bandyt\u00f3w wyst\u0119pnych<\/p>\n\n\n\n<p>A i zabra\u0107 nam \u015brodki<br>Do \u017cycia te\u017c najlepiej<br>Zablokowa\u0107 mo\u017cliwo\u015bci wsparcia jakiegokolwiek<br>Nieustannie czyha\u0107 na nasze naszych<br>Pe\u0142ny wyraz tego bandyctwa<br>A i fa\u0142szywe pieni\u0105dze<br>\u017be niby my koniecznie<br>I wymienia\u0107 by mo\u017cna jeszcze<br>Taki przekr\u00f3j bandyckich ludzi<br>I k\u0142amliwych metod<br>Bo te\u017c najlepiej nas wkr\u0119ca\u0107<br>Zreszt\u0105 wsz\u0119dzie<br>\u017be my na przyk\u0142ad<br>Co\u015b komu\u015b gdzie\u015b kradniemy<br>I najlepiej znowu w ko\u015bciele<br>Pod\u0142o\u015b\u0107 tego bandyctwa<br>Zdecydowanie ca\u0142kowicie pod\u0142ug szatana<\/p>\n\n\n\n<p>Tak\u017ce trudno si\u0119 przed tym<br>Broni\u0107 troch\u0119<br>Bo ci bandyci i pod\u0142ug nich r\u00f3\u017cni<br>Uderza\u0107 chc\u0105 i uderzaj\u0105<br>Na kroku niemal ka\u017cdym<br>Gdzie by\u015bmy nie byli<br>Masakra te\u017c jak ob\u0142udne<br>Jest to wszystko<\/p>\n\n\n\n<figure class=\"wp-block-gallery has-nested-images columns-default is-cropped wp-block-gallery-1 is-layout-flex wp-block-gallery-is-layout-flex\">\n<figure class=\"wp-block-image size-large\"><a href=\"https:\/\/hubertpietka.bialystok.pl\/wp-content\/uploads\/2025\/01\/Resized_20250130_195334.jpeg\"><img loading=\"lazy\" decoding=\"async\" width=\"756\" height=\"1008\" data-id=\"9068\" src=\"https:\/\/hubertpietka.bialystok.pl\/wp-content\/uploads\/2025\/01\/Resized_20250130_195334.jpeg\" alt=\"\" class=\"wp-image-9068\" srcset=\"https:\/\/hubertpietka.bialystok.pl\/wp-content\/uploads\/2025\/01\/Resized_20250130_195334.jpeg 756w, https:\/\/hubertpietka.bialystok.pl\/wp-content\/uploads\/2025\/01\/Resized_20250130_195334-225x300.jpeg 225w\" sizes=\"auto, (max-width: 756px) 100vw, 756px\" \/><\/a><\/figure>\n<\/figure>\n\n\n\n<p><em>Na zdj. Ko\u015bci\u00f3\u0142 Mi\u0142osierdzia Bo\u017cego<br>Tym bandytom przez takich czy innych pod\u0142ych<br>Chrze\u015bcijan fa\u0142szywych<br>Nie przeszkadza uderza\u0107 te\u017c odpowiednio<br>K\u0142amstwem i zbrodni\u0105<br>\u015amierci zniewolenia<br>Tak\u017ce w ko\u015bciele<br>Zreszt\u0105 i wsz\u0119dzie gdzie jeste\u015bmy<br>To jak\u017ce\u017c to nie jest<br>Szata\u0144stwo jakie\u015b jak najgorsze<br>Skoro byle jak najob\u0142udniej<br>Jak najperfidniej k\u0142amliwie<br>I jak najpodlej<br>Zap\u0142ac\u0105 oni jeszcze i ci wszyscy pod\u0142ug nich<br>Za te wszystkie szata\u0144stwa<br>Kpienie sobie ze spraw Bo\u017cych<br>I za te zbrodnie cho\u0107by<br>Wobec niewinnych<br>Wsp\u00f3\u0142czesnego bandyckiego ludob\u00f3jstwa<br>Brak s\u0142\u00f3w czasem po prostu<br>Jakie to jest szata\u0144stwo<br>To wszystko w\u0142a\u015bnie<br>I ani mi Ani<br>Z nami naszymi i naszym<br>I niech spadaj\u0105 gwiazdy szatana<br>Wszelkie i tego bandyctwa<\/em><\/p>\n","protected":false},"excerpt":{"rendered":"<p>Brak mi ju\u017c s\u0142\u00f3w czasemPo prostuJakie to jest szata\u0144stwoTo wszystko co tak perfidniePr\u00f3buje realizowa\u0107 to bandyctwoWobec nas naszych i naszego Namno\u017cyli nieprawych sposob\u00f3w i metodBy&hellip; <\/p>\n","protected":false},"author":1,"featured_media":0,"parent":0,"menu_order":0,"comment_status":"closed","ping_status":"closed","template":"","meta":{"footnotes":""},"class_list":["post-9067","page","type-page","status-publish","hentry"],"_links":{"self":[{"href":"https:\/\/hubertpietka.bialystok.pl\/index.php?rest_route=\/wp\/v2\/pages\/9067","targetHints":{"allow":["GET"]}}],"collection":[{"href":"https:\/\/hubertpietka.bialystok.pl\/index.php?rest_route=\/wp\/v2\/pages"}],"about":[{"href":"https:\/\/hubertpietka.bialystok.pl\/index.php?rest_route=\/wp\/v2\/types\/page"}],"author":[{"embeddable":true,"href":"https:\/\/hubertpietka.bialystok.pl\/index.php?rest_route=\/wp\/v2\/users\/1"}],"replies":[{"embeddable":true,"href":"https:\/\/hubertpietka.bialystok.pl\/index.php?rest_route=%2Fwp%2Fv2%2Fcomments&post=9067"}],"version-history":[{"count":1,"href":"https:\/\/hubertpietka.bialystok.pl\/index.php?rest_route=\/wp\/v2\/pages\/9067\/revisions"}],"predecessor-version":[{"id":9069,"href":"https:\/\/hubertpietka.bialystok.pl\/index.php?rest_route=\/wp\/v2\/pages\/9067\/revisions\/9069"}],"wp:attachment":[{"href":"https:\/\/hubertpietka.bialystok.pl\/index.php?rest_route=%2Fwp%2Fv2%2Fmedia&parent=9067"}],"curies":[{"name":"wp","href":"https:\/\/api.w.org\/{rel}","templated":true}]}}