{"id":9087,"date":"2025-02-05T09:49:18","date_gmt":"2025-02-05T09:49:18","guid":{"rendered":"https:\/\/hubertpietka.bialystok.pl\/?page_id=9087"},"modified":"2025-02-05T09:52:47","modified_gmt":"2025-02-05T09:52:47","slug":"jak-zesz-zalosny-ten-swiat-bandyckiej-przemocy","status":"publish","type":"page","link":"https:\/\/hubertpietka.bialystok.pl\/?page_id=9087","title":{"rendered":"Jak\u017ce\u017c \u017ca\u0142osny \/ \u015bwiat bandyckiej przemocy"},"content":{"rendered":"\n<p>\u017ba\u0142osny jest ten bandycki \u015bwiat<br>W kt\u00f3rym oni<br>Produkuj\u0105 niejako morderc\u00f3w napastnik\u00f3w<br>Z ludzi pr\u00f3buj\u0105 wyzyska\u0107<br>Jak najgorsze instynkty<br>Szanta\u017cem przekupstwem l\u0119kiem zastraszaniem<br>\u017ba\u0142osny jest ten \u015bwiat bandycki<br>Kt\u00f3ry oni tworz\u0105<br>Ju\u017c od do\u015b\u0107 dawna<\/p>\n\n\n\n<p><em>Dzi\u015b \u015bw. Agaty<br>Kt\u00f3rej imi\u0119 dobro znaczy<br>A dla tych bandyt\u00f3w<br>I tych pod\u0142ug nich<br>Dobrem jest tylko to<br>Co jest jak\u0105\u015b korzy\u015bci\u0105<br>Dla nich i nie wa\u017cne<br>\u017be to jest kosztem czyim\u015b<br>\u017be to jest pozyskiwane<br>Z\u0142a czynieniem innym<br>\u017ba\u0142osny jest ten \u015bwiat bandycki<br>Bo je\u015bli relatywizm<br>To tylko ten bandycki<br>To jest dobre<br>Co jest dobre dla bandyt\u00f3w<br>Nie wa\u017cne \u017ce jest<br>Z\u0142em w istocie<br>I kosztem te\u017c innych<br>\u017ba\u0142osny \u015bwiat bandycki<\/em><\/p>\n\n\n\n<p>Bo bardzo \u017ca\u0142osne<br>Jest \u017cy\u0107 ku zbrodniom<br>Dla innych a jednocze\u015bnie<br>Nape\u0142nia\u0107 sw\u0105 kies\u0119<br>Bardzo \u017ca\u0142osne jest tak powodowa\u0107<br>Byle \u015bmier\u0107 zniewolenie zniszczenie<br>Dla nas naszych i naszego<br>Ale przecie\u017c nie tylko<br>Bardzo to jest \u017ca\u0142osne<br>\u017by\u0107 ku z\u0142u dla innych<br>Bardzo jest \u017ca\u0142osne<br>\u017by\u0107 z\u0142em szata\u0144skim dla innych<br>Pora\u017caj\u0105ca n\u0119dza duchowa<\/p>\n\n\n\n<p>I tak oni<br>Cho\u0107by wobec tej mojej \u017cony<br>Produkuj\u0105 morderc\u00f3w r\u00f3\u017cnych napastnik\u00f3w<br>Cho\u0107by w jej pracy<br>Czy gdziekolwiek zreszt\u0105<br>Bo mo\u017cna nawet wykorzystywa\u0107 chorych<br>Odpowiednio ich szanta\u017cuj\u0105c<br>By czynili zbrodnie bandyckie<br>Bo przecie\u017c to p\u00f3jdzie<br>Na karb ich niby niepoczytalno\u015bci<br>Cho\u0107 to motywowane po bandycku<br>Szata\u0144stwo w pe\u0142nej postaci<br>Zabi\u0107 zniszczy\u0107 zniewoli\u0107<br>Jak nie tak to inaczej<\/p>\n\n\n\n<p>A to jest najlepsze<br>\u017be ci chc\u0105 to z\u0142o<br>Czyni\u0107 nam naszemu naszym nieustannie<br>A r\u00f3\u017cne bandyckie s\u0142u\u017cby<br>Maj\u0105 ich broni\u0107<br>W tym prawie do zbrodni<br>Przeciwko niewinnym tak naprawd\u0119<br>I dodatkowo na nas nastaj\u0105<br>Broni\u0105 s\u0142u\u017calcy bandyccy z\u0142a bandyckiego<br>Pi\u0119kne po prostu<br>A raczej bardzo \u017ca\u0142osne<br>\u017be ci kt\u00f3rzy maj\u0105<br>Broni\u0107 niewinnych przed przemoc\u0105<br>W tej przemocy bandyckiej wsp\u00f3\u0142uczestnicz\u0105<br>Bardzo \u017ca\u0142osne<\/p>\n\n\n\n<p>\u017ba\u0142osne jest to te\u017c<br>\u017be ci bandyci<br>Se my\u015bl\u0105 \u017ce jak<br>Dysponuj\u0105 przemoc\u0105 r\u00f3\u017cn\u0105<br>To chyba wszystko mog\u0105<br>Bardzo to \u017ca\u0142osne<br>\u017be wszystko ma by\u0107<br>Tak po bandycku<br>A jak nie przemoc\u0105<br>To zastraszaniem przekupstwem szanta\u017cem<br>Przecie\u017c ju\u017c wiedz\u0105<br>\u017be ludzi w imi\u0119<br>Swych najni\u017cszych instynkt\u00f3w<br>Mog\u0105 zrobi\u0107 wszystko chyba<br>Dla tych bandyt\u00f3w<br>Przecie\u017c na ka\u017cdego<br>Si\u0119 znajdzie co\u015b odpowiednio<br>W my\u015bl starej komunistycznej zasady<br>Bardzo \u017ca\u0142osny ten \u015bwiat bandycki<br>W kt\u00f3rym ma panowa\u0107 przemoc<br>K\u0142amstwa zbrodnie i najni\u017csze instynkty<br>Czy partykularne korzy\u015bci<br>Taki to \u015bwiat po bandycku<br>\u017ba\u0142osny bardzo<\/p>\n\n\n\n<figure class=\"wp-block-gallery has-nested-images columns-default is-cropped wp-block-gallery-1 is-layout-flex wp-block-gallery-is-layout-flex\">\n<figure class=\"wp-block-image size-large\"><a href=\"https:\/\/hubertpietka.bialystok.pl\/wp-content\/uploads\/2025\/02\/Resized_20250128_163330.jpeg\"><img loading=\"lazy\" decoding=\"async\" width=\"1008\" height=\"756\" data-id=\"9088\" src=\"https:\/\/hubertpietka.bialystok.pl\/wp-content\/uploads\/2025\/02\/Resized_20250128_163330.jpeg\" alt=\"\" class=\"wp-image-9088\" srcset=\"https:\/\/hubertpietka.bialystok.pl\/wp-content\/uploads\/2025\/02\/Resized_20250128_163330.jpeg 1008w, https:\/\/hubertpietka.bialystok.pl\/wp-content\/uploads\/2025\/02\/Resized_20250128_163330-300x225.jpeg 300w, https:\/\/hubertpietka.bialystok.pl\/wp-content\/uploads\/2025\/02\/Resized_20250128_163330-768x576.jpeg 768w\" sizes=\"auto, (max-width: 1008px) 100vw, 1008px\" \/><\/a><\/figure>\n<\/figure>\n\n\n\n<p><em>Na zdj. Oni nas maj\u0105<br>Za stado baran\u00f3w<br>Kt\u00f3re mo\u017cna i trzeba<br>Na rze\u017a zaprowadzi\u0107<br>Uwa\u017caj\u0105 \u017ce s\u0105 lepsi<br>Bo przemoc bandyck\u0105<br>Realizuj\u0105 po szata\u0144sku totalnie<br>Uwa\u017caj\u0105 \u017ce mog\u0105 mie\u0107 prawa<br>Kosztem innych<br>Lub nawet ze z\u0142em<br>Dla innych byleby oni<br>Osi\u0105gali bandycie korzy\u015bci swoje<br>Jak\u017ce\u017c to \u017ca\u0142osne<br>Ten ca\u0142y \u015bwiat bandycki<br>Kt\u00f3ry oni buduj\u0105<br>Na zbrodniach<br>\u015amierci zniewolenia zniszczenie<br>I chyba nie tylko<br>Dla nas przecie\u017c<\/em><\/p>\n\n\n\n<p class=\"has-text-align-right\"><strong><em><a href=\"https:\/\/youtu.be\/4UMtnoSBQuo?si=qYdGEFofE2srKmpY\">Bart Sosnowski &#8211; Jak na psy <\/a><\/em><\/strong><\/p>\n","protected":false},"excerpt":{"rendered":"<p>\u017ba\u0142osny jest ten bandycki \u015bwiatW kt\u00f3rym oniProdukuj\u0105 niejako morderc\u00f3w napastnik\u00f3wZ ludzi pr\u00f3buj\u0105 wyzyska\u0107Jak najgorsze instynktySzanta\u017cem przekupstwem l\u0119kiem zastraszaniem\u017ba\u0142osny jest ten \u015bwiat bandyckiKt\u00f3ry oni tworz\u0105Ju\u017c od&hellip; <\/p>\n","protected":false},"author":1,"featured_media":0,"parent":0,"menu_order":0,"comment_status":"closed","ping_status":"closed","template":"","meta":{"footnotes":""},"class_list":["post-9087","page","type-page","status-publish","hentry"],"_links":{"self":[{"href":"https:\/\/hubertpietka.bialystok.pl\/index.php?rest_route=\/wp\/v2\/pages\/9087","targetHints":{"allow":["GET"]}}],"collection":[{"href":"https:\/\/hubertpietka.bialystok.pl\/index.php?rest_route=\/wp\/v2\/pages"}],"about":[{"href":"https:\/\/hubertpietka.bialystok.pl\/index.php?rest_route=\/wp\/v2\/types\/page"}],"author":[{"embeddable":true,"href":"https:\/\/hubertpietka.bialystok.pl\/index.php?rest_route=\/wp\/v2\/users\/1"}],"replies":[{"embeddable":true,"href":"https:\/\/hubertpietka.bialystok.pl\/index.php?rest_route=%2Fwp%2Fv2%2Fcomments&post=9087"}],"version-history":[{"count":2,"href":"https:\/\/hubertpietka.bialystok.pl\/index.php?rest_route=\/wp\/v2\/pages\/9087\/revisions"}],"predecessor-version":[{"id":9090,"href":"https:\/\/hubertpietka.bialystok.pl\/index.php?rest_route=\/wp\/v2\/pages\/9087\/revisions\/9090"}],"wp:attachment":[{"href":"https:\/\/hubertpietka.bialystok.pl\/index.php?rest_route=%2Fwp%2Fv2%2Fmedia&parent=9087"}],"curies":[{"name":"wp","href":"https:\/\/api.w.org\/{rel}","templated":true}]}}