{"id":9095,"date":"2025-02-07T21:25:04","date_gmt":"2025-02-07T21:25:04","guid":{"rendered":"https:\/\/hubertpietka.bialystok.pl\/?page_id=9095"},"modified":"2025-02-07T21:25:04","modified_gmt":"2025-02-07T21:25:04","slug":"przysiega-malzenska-a-degrengolada-szatanska","status":"publish","type":"page","link":"https:\/\/hubertpietka.bialystok.pl\/?page_id=9095","title":{"rendered":"Przysi\u0119ga ma\u0142\u017ce\u0144ska \/ a degrengolada szata\u0144ska"},"content":{"rendered":"\n<p>1.<br>&#8222;Zap\u0142at\u0105 za grzech jest \u015bmier\u0107&#8221; (Rz 6,23a)<br>M\u00f3wi S\u0142owo Bo\u017ce<br>Nie tylko ta wieczna<br>Dla tych kt\u00f3rzy nie zechc\u0105<br>Si\u0119 w prawdzie Bo\u017cej nawr\u00f3ci\u0107<br>Mo\u017cna by\u0107 \u017cywym trupem<br>I za \u017cycia<br>Z dusz\u0105 tchn\u0105c\u0105 zgnilizn\u0105<br>Je\u015bli si\u0119 lekcewa\u017cy Bo\u017ce prawa sumienia<\/p>\n\n\n\n<p>Tak\u017ce za grzech na nas<br>Jakiegokolwiek zab\u00f3jstwa<br>Zap\u0142at\u0105 b\u0119dzie \u015bmier\u0107 dla \u015bwiata<br>Nie ja tak wymy\u015bli\u0142em<br>Ale si\u0119 sta\u0142o tak<br>Wyrokiem Bo\u017cej Opatrzno\u015bci<br>Gdy ludzie \u0142aski Bo\u017ce<br>Chc\u0105 traktowa\u0107 opatrznie<br>Gdy nie chc\u0105 wsp\u00f3\u0142pracowa\u0107<br>Z Bo\u017cym mi\u0142osierdziem<br>To si\u0119 nara\u017c\u0105<br>Na ka\u017c\u0105c\u0105 Bo\u017c\u0105 sprawiedliwo\u015b\u0107<br>Mo\u017ce te\u017c dlatego<br>\u017be to dotyczy tych ma\u0142ych<br>Wobec \u015bwiata ca\u0142ego<br>Dlatego konsekwencje maj\u0105 by\u0107 totalne<br>I tak\u017ce wed\u0142ug z\u0142a totalnego<br>Kt\u00f3re pr\u00f3buj\u0105 nam serwowa\u0107<br>Ci bandyci i im podobni<br>Nieustannie wobec nas naszego naszych<br>Ale i innych niewinnych<br>Kt\u00f3rych mo\u017ce jeste\u015bmy Bo\u017cym znakiem<\/p>\n\n\n\n<p>2.<br>B\u00f3g powiedzia\u0142<br>&#8222;We czci niech b\u0119dzie ma\u0142\u017ce\u0144stwo pod ka\u017cdym wzgl\u0119dem&#8221; (Hbr 13,4a)<br>A co oni m\u00f3wi\u0105<br>Ci bandyci jak Herod<br>Z perykopy ewangelicznej dzisiejszej<br>Przysi\u0119ga sakramentu ma\u0142\u017ce\u0144stwa<br>I te S\u0142owa Bo\u017ce cho\u0107by<br>A oni w\u0142a\u015bnie jak Herod<br>Przysi\u0119gli zabi\u0107 to znaczy<br>On przez wzgl\u0105d na biesiadnik\u00f3w<br>I przysi\u0119g\u0119 Herodiadzie<br>Za jej raczej erotyczny taniec<br>Nie odm\u00f3wi\u0142 \u015bmierci proroka<br>\u0179le rozumiej\u0105c warto\u015b\u0107 przysi\u0119gi przewrotnej<br>A raczej aby to si\u0119 nie sta\u0142o<br>Z uszczerbkiem \u017ale rozumianym<br>Dla autorytetu jego w\u0142adzy<br>Tak samo ci bandyci<br>Oni chyba zaprzysi\u0119gli si\u0119<br>By zabija\u0107 i traktuj\u0105 to<br>Opatrznie i przewrotnie chyba<br>Za punkt niew\u0142a\u015bciwie rozumianego honoru<br>Pod\u0142ug przewrotno\u015bci szata\u0144skiej<br>Tak wobec \u017cony<br>Ale i innych te\u017c przecie<br>Bo sk\u0105d \u017cesz s\u0105 ci wsp\u00f3\u0142cze\u015bni m\u0119czennicy<br>Opatrzno\u015b\u0107 przewrotna \u017ale rozumianych warto\u015bci<br>Kompromituj\u0105 w\u0142a\u015bnie te antywarto\u015bci szata\u0144skie<\/p>\n\n\n\n<figure class=\"wp-block-gallery has-nested-images columns-default is-cropped wp-block-gallery-1 is-layout-flex wp-block-gallery-is-layout-flex\">\n<figure class=\"wp-block-image size-large\"><a href=\"https:\/\/hubertpietka.bialystok.pl\/wp-content\/uploads\/2025\/02\/Resized_20250128_163310.jpeg\"><img loading=\"lazy\" decoding=\"async\" width=\"1008\" height=\"756\" data-id=\"9096\" src=\"https:\/\/hubertpietka.bialystok.pl\/wp-content\/uploads\/2025\/02\/Resized_20250128_163310.jpeg\" alt=\"\" class=\"wp-image-9096\" srcset=\"https:\/\/hubertpietka.bialystok.pl\/wp-content\/uploads\/2025\/02\/Resized_20250128_163310.jpeg 1008w, https:\/\/hubertpietka.bialystok.pl\/wp-content\/uploads\/2025\/02\/Resized_20250128_163310-300x225.jpeg 300w, https:\/\/hubertpietka.bialystok.pl\/wp-content\/uploads\/2025\/02\/Resized_20250128_163310-768x576.jpeg 768w\" sizes=\"auto, (max-width: 1008px) 100vw, 1008px\" \/><\/a><\/figure>\n<\/figure>\n\n\n\n<p><strong>Na zdj. Rozproszone owce<br>I tej kom\u00f3rki ma\u0142\u017ce\u0144skiej<br>Z powodu wyjazdu \u017cony<br>Na studia do Wroc\u0142awia<br>Rozproszone te\u017c owce dzieci Bo\u017cych<br>Chaosem i przemoc\u0105 bandyt\u00f3w diabelsk\u0105<br>W aspekcie szerszym<br>Bo dla tych bandyt\u00f3w<br>Ka\u017cde rozdzielenie rozproszenie<br>Jest okazj\u0105 do ich bandyctw<br>Zbrodni \u015bmierci zniewolenia odpowiednio<br>Si\u0119 jest blisko to czyni\u0105<br>To co dopiero z oddalenia<br>I wszystko u nich<br>Potwierdza\u0107 maj\u0105 r\u00f3\u017cne k\u0142amstwa szata\u0144skie<br>W swej przewrotno\u015bci wskazane wy\u017cej<br>Niech si\u0119 nie wa\u017c\u0105<br>B\u00f3g zna prawd\u0119<br>Wbrew ich wszelkim pod\u0142ym k\u0142amstwom<br>Wbrew po\u017c\u0105daniom w\u0142adzy i przemocy<br>Za kt\u00f3re maj\u0105 p\u0142aci\u0107<br>R\u00f3\u017cne Bo\u017ce owce<\/strong><\/p>\n\n\n\n<p><em>Dzi\u015b wspominana \u015bw. *<strong>Kol-e-ta<\/strong>*<br>Dla mnie *<strong>cool jest ta<\/strong>*<br>I tylko ta<br>Cho\u0107by wedle sakramentu ma\u0142\u017ce\u0144stwa<br>Ale te\u017c i jednocze\u015bnie<br>Odwiecznych Bo\u017cych wyrok\u00f3w<br>Wbrew wszelkim pod\u0142ym k\u0142amstwom<br>Tego bandyctwa i ich d\u0105\u017ceniom<br>Do wszelkich zbrodni<br>I to jest niepodwa\u017calne<br>I u mnie niezmienne<br>Dop\u00f3ki \u017cy\u0107 b\u0119d\u0119<br>Wbrew wszelkiej nienawi\u015bci<br>Tych bandyt\u00f3w i pod\u0142ug nich<br>Tak mi dopom\u00f3\u017c B\u00f3g<br>To s\u0105 w\u0142a\u015bciwe s\u0142owa przysi\u0119gi<br>Dobrze rozumianej<br>Nie pod\u0142ug degrengolady szata\u0144skiej<br>Odwracania sens\u00f3w warto\u015bci i znacze\u0144<br>I po\u017c\u0105da\u0144 wszelkich sprawek \u015bwiatowych<br>Tak w\u0142a\u015bnie amen<\/em><\/p>\n","protected":false},"excerpt":{"rendered":"<p>1.&#8222;Zap\u0142at\u0105 za grzech jest \u015bmier\u0107&#8221; (Rz 6,23a)M\u00f3wi S\u0142owo Bo\u017ceNie tylko ta wiecznaDla tych kt\u00f3rzy nie zechc\u0105Si\u0119 w prawdzie Bo\u017cej nawr\u00f3ci\u0107Mo\u017cna by\u0107 \u017cywym trupemI za \u017cyciaZ&hellip; <\/p>\n","protected":false},"author":1,"featured_media":0,"parent":0,"menu_order":0,"comment_status":"closed","ping_status":"closed","template":"","meta":{"footnotes":""},"class_list":["post-9095","page","type-page","status-publish","hentry"],"_links":{"self":[{"href":"https:\/\/hubertpietka.bialystok.pl\/index.php?rest_route=\/wp\/v2\/pages\/9095","targetHints":{"allow":["GET"]}}],"collection":[{"href":"https:\/\/hubertpietka.bialystok.pl\/index.php?rest_route=\/wp\/v2\/pages"}],"about":[{"href":"https:\/\/hubertpietka.bialystok.pl\/index.php?rest_route=\/wp\/v2\/types\/page"}],"author":[{"embeddable":true,"href":"https:\/\/hubertpietka.bialystok.pl\/index.php?rest_route=\/wp\/v2\/users\/1"}],"replies":[{"embeddable":true,"href":"https:\/\/hubertpietka.bialystok.pl\/index.php?rest_route=%2Fwp%2Fv2%2Fcomments&post=9095"}],"version-history":[{"count":1,"href":"https:\/\/hubertpietka.bialystok.pl\/index.php?rest_route=\/wp\/v2\/pages\/9095\/revisions"}],"predecessor-version":[{"id":9097,"href":"https:\/\/hubertpietka.bialystok.pl\/index.php?rest_route=\/wp\/v2\/pages\/9095\/revisions\/9097"}],"wp:attachment":[{"href":"https:\/\/hubertpietka.bialystok.pl\/index.php?rest_route=%2Fwp%2Fv2%2Fmedia&parent=9095"}],"curies":[{"name":"wp","href":"https:\/\/api.w.org\/{rel}","templated":true}]}}