{"id":9109,"date":"2025-02-10T15:43:06","date_gmt":"2025-02-10T15:43:06","guid":{"rendered":"https:\/\/hubertpietka.bialystok.pl\/?page_id=9109"},"modified":"2025-02-10T15:43:06","modified_gmt":"2025-02-10T15:43:06","slug":"bandyckie-czystki-na-narodzie-polskim-na-tych-ktorzy-nie-pozwalaja-sie-znieprawiac","status":"publish","type":"page","link":"https:\/\/hubertpietka.bialystok.pl\/?page_id=9109","title":{"rendered":"Bandyckie czystki na narodzie polskim \/ na tych kt\u00f3rzy nie pozwalaj\u0105 si\u0119 znieprawia\u0107"},"content":{"rendered":"\n<p><strong>Dzi\u015b \u015bw. Scholastyki<br>Tak te\u017c nazywano dziedzin\u0119<br>\u015aredniowiecznej klasycznej uniwersyteckiej nauki<br>Opartej na warto\u015bciach chrze\u015bcija\u0144skich<\/strong><\/p>\n\n\n\n<p>\u017beby wykorzeni\u0107 nar\u00f3d z warto\u015bci<br>Trzeba wyeliminowa\u0107 najpierw o\u015bwiecon\u0105 elit\u0119<br>Kt\u00f3ra ma krytyczny<br>Stosunek do rzeczywisto\u015bci<br>Czytaj ma wiedz\u0119 odpowiedni\u0105<br>I zdolno\u015b\u0107 do my\u015blenia<br>Wed\u0142ug klasycznych warto\u015bci<br>A tym samym odpowiedni stosunek<br>Do \u015bwiata i rzeczywisto\u015bci<br>Najpierw trzeba wyeliminowa\u0107 t\u0105 elit\u0119<br>Klasycznych naukowc\u00f3w<br>Opartych na wiedzy i warto\u015bciach<br>Potem pora b\u0119dzie na duchowie\u0144stwo<br>Oparte na trwa\u0142ych warto\u015bciach chrze\u015bcija\u0144skich<br>Wiedzieli to hitlerowcy i stalinowcy<br>I tak dzia\u0142ali wobec Polak\u00f3w<br>W czasie drugiej apokalipsy<\/p>\n\n\n\n<p>Czy\u017c nie podobnie czasem<br>Ju\u017c dzieje si\u0119 dzisiaj<br>Jak to jest np mo\u017cliwe<br>\u017be w ci\u0105gu paru lat<br>Znikn\u0119\u0142o nagle z powierzchni ziemi<br>Oko\u0142o 150 naukowc\u00f3w<br>Z Uniwersytetu w Poznaniu<br>Czy\u017c tak samo<br>Nie dzieje si\u0119 czasem<br>I na innych uczelniach<br>Potem przyjdzie czas na duchowie\u0144stwo<br>A w mi\u0119dzyczasie morduje si\u0119<br>I innych z mojego pokolenia<br>I tego mych rodzic\u00f3w<br>I mo\u017ce m\u0142odszych troch\u0119<br>Kt\u00f3rzy maj\u0105 zdolno\u015b\u0107 krytycznego my\u015blenia<br>Kto za tym stoi<br>Wtedy hitlerowcy stalinowcy<br>A dzisiaj jacy bandyci<\/p>\n\n\n\n<p>Bo ta strategia szata\u0144ska<br>Wida\u0107 jest realizowana<br>Dok\u0142adnie w taki spos\u00f3b<br>Jak by\u0142o to wtedy<br>Doda\u0107 tu nale\u017cy lewackie rz\u0105dy<br>W naszym kraju<br>Kt\u00f3re tylko o tym my\u015bl\u0105<br>Jak psu\u0107 moralnie Polak\u00f3w<br>Jak niszczy\u0107 ich wra\u017cliwo\u015b\u0107 czysto\u015b\u0107<br>Ju\u017c od dzieci\u0144stwa<br>Jak wprowadza\u0107 r\u00f3\u017cne ideologie zgorszenia<br>Kt\u00f3re maj\u0105 Polak\u00f3w zniewala\u0107<br>Ju\u017c od najm\u0142odszych lat<br>Wiadomo przecie\u017c \u017ce zniewolonymi<br>Du\u017co \u0142atwiej si\u0119 steruje<br>Ni\u017c tymi krytycznie my\u015bl\u0105cymi<br>A t\u0105 elit\u0119 na uczelniach<br>Trzeba te\u017c zapewne zast\u0105pi\u0107 lewakami<br>Kt\u00f3rzy w m\u0142odzie\u017cy b\u0119d\u0105 pot\u0119gowa\u0107<br>Te nurty ideologicznego zgorszenia zniewoleniami<br>Jak to jest mo\u017cliwe<br>\u017be tak si\u0119 dzieje w tym XXI wieku<br>I oczywi\u015bcie media lewackie<br>Te\u017c maj\u0105 pot\u0119gowa\u0107 te bezecno\u015bci<br>Cz\u0142owieka natury moralnej<br>By wykorzeni\u0107 Polak\u00f3w z my\u015blenia<br>O warto\u015bciach i post\u0119powania<br>W zgodzie z sumieniem<br>Znieprawionymi i zniewolonymi<br>Przecie\u017c sterowa\u0107 jest du\u017co \u0142atwiej<br>Kto za tym stoi<br>Za tymi wszystkimi zbrodniami<br>Kto stoi za tym<br>Pot\u0119gowaniem lewactwa na ka\u017cdym polu<br>Od rz\u0105du po uczelnie<br>Przez szko\u0142y i media<br>Komu zale\u017cy na niszczeniu<br>Tak zwanych \u015bwiadomych Polak\u00f3w<br>Kto chce wykorzeni\u0107 ten nar\u00f3d<br>Z wszelkich warto\u015bci<br>Kto wreszcie chce eksterminowa\u0107<br>T\u0105 nacj\u0119 metod\u0105 czystki etnicznej<br>Bo to ju\u017c jest holocaust<br>To jest ludob\u00f3jstwo<br>Na tym narodzie w\u0142a\u015bnie<br>Kto za tym wszystkim stoi<br>I czy gdzie\u015b jeszcze<br>Jest mo\u017ce podobnie<br>Niszczenie ludzko\u015bci zaczyna si\u0119<br>Od niszczenia moralno\u015bci pojedynczej osoby<br>Wyeliminowa\u0107 niepo\u017c\u0105danych<br>Pozosta\u0142ych zastraszy\u0107 wi\u0119zieniami zaszanta\u017cowa\u0107<br>Strategia totalitarna hitlerowc\u00f3w i komunist\u00f3w<br>Jest realizowana w tym kraju<br>Dzisiaj w trzecim tysi\u0105cleciu<br>Kto za tym stoi<br>Jak mo\u017cna nie by\u0107<br>Tymi zbrodniami na ludzko\u015bci<br>I na uniwersalnych warto\u015bciach pora\u017conym<\/p>\n\n\n\n<p>To jest eksterminacja tego narodu<br>A z drugiej strony<br>Niszczenie moralno\u015bci m\u0142odego pokolenia<br>Dzieci i m\u0142odzie\u017cy<br>Kto za tym stoi<br>Komu zale\u017cy by zniszczy\u0107<br>Ten ca\u0142y nar\u00f3d<br>Pocz\u0105wszy od jego elity<br>Zdolnej do my\u015blenia krytycznego<br>Po innych \u015bwiadomych<br>Tego na czym \u015bwiat stoi<br>I kieruj\u0105cych si\u0119 warto\u015bciami<br>Kto chce zniszczy\u0107 ten nar\u00f3d<br>Wykorzeni\u0107 go z idea\u0142\u00f3w<br>By czyni\u0107 z pozosta\u0142ych<br>Stado baran\u00f3w odpowiednio sterowalnych<br>Przez z\u0142o ku ka\u017cdemu z\u0142u<br>Oto pytania<br>Bo to jest masakra jaka\u015b<\/p>\n\n\n\n<p>I czy\u017c nie tym duchu<br>Maj\u0105 te\u017c nas naszych nasze<br>Mnie \u017con\u0119 i tak dalej<br>Mordowa\u0107 zniewala\u0107 niszczy\u0107<br>Czy\u017c nie w tym samym<br>Z\u0142ym duchu tych strategii szata\u0144skich<br>Eliminacji i eksterminacji niepo\u017c\u0105danych<br>Dla lewackicg bandyt\u00f3w jakich\u015b<br>Niszcz\u0105cych ludzi bezpo\u015brednio i moralnie<br>I czy to jest ju\u017c<br>Tego bandyctwa wszelkiego pe\u0142ne spektrum<br>Tego szata\u0144stwa kt\u00f3re dzieje si\u0119<br>We wsp\u00f3\u0142czesnej Polsce<br>I czy tylko tu<\/p>\n\n\n\n<figure class=\"wp-block-gallery has-nested-images columns-default is-cropped wp-block-gallery-1 is-layout-flex wp-block-gallery-is-layout-flex\">\n<figure class=\"wp-block-image size-large\"><a href=\"https:\/\/hubertpietka.bialystok.pl\/wp-content\/uploads\/2025\/02\/20250210_163914-scaled.jpg\"><img loading=\"lazy\" decoding=\"async\" width=\"768\" height=\"1024\" data-id=\"9110\" src=\"https:\/\/hubertpietka.bialystok.pl\/wp-content\/uploads\/2025\/02\/20250210_163914-768x1024.jpg\" alt=\"\" class=\"wp-image-9110\" srcset=\"https:\/\/hubertpietka.bialystok.pl\/wp-content\/uploads\/2025\/02\/20250210_163914-768x1024.jpg 768w, https:\/\/hubertpietka.bialystok.pl\/wp-content\/uploads\/2025\/02\/20250210_163914-225x300.jpg 225w, https:\/\/hubertpietka.bialystok.pl\/wp-content\/uploads\/2025\/02\/20250210_163914-1152x1536.jpg 1152w, https:\/\/hubertpietka.bialystok.pl\/wp-content\/uploads\/2025\/02\/20250210_163914-1536x2048.jpg 1536w, https:\/\/hubertpietka.bialystok.pl\/wp-content\/uploads\/2025\/02\/20250210_163914-scaled.jpg 1920w\" sizes=\"auto, (max-width: 768px) 100vw, 768px\" \/><\/a><\/figure>\n<\/figure>\n\n\n\n<p><em>Na zdj. B\u0142. ksi\u0105dz Jerzy Popie\u0142uszko m\u0119czennik<br>Komunistycznego systemu ludzi znieprawiaj\u0105cego<br>I usuwaj\u0105cego niewygodnych totalno\u015bci z\u0142a<br>A zastraszaj\u0105cy te\u017c pozosta\u0142ych<br>I tak to jest te\u017c<br>\u017be wszelkie s\u0142u\u017cby zawodowe tutaj<br>S\u0105 s\u0142uzalcami tego szata\u0144skiego z\u0142a<br>Tak przecie\u017c jest<br>Cho\u0107by wobec nas naszych naszego<br>Ale chyba i nie tylko<br>Jak to jednak tu wida\u0107<\/em><\/p>\n","protected":false},"excerpt":{"rendered":"<p>Dzi\u015b \u015bw. ScholastykiTak te\u017c nazywano dziedzin\u0119\u015aredniowiecznej klasycznej uniwersyteckiej naukiOpartej na warto\u015bciach chrze\u015bcija\u0144skich \u017beby wykorzeni\u0107 nar\u00f3d z warto\u015bciTrzeba wyeliminowa\u0107 najpierw o\u015bwiecon\u0105 elit\u0119Kt\u00f3ra ma krytycznyStosunek do rzeczywisto\u015bciCzytaj&hellip; <\/p>\n","protected":false},"author":1,"featured_media":0,"parent":0,"menu_order":0,"comment_status":"closed","ping_status":"closed","template":"","meta":{"footnotes":""},"class_list":["post-9109","page","type-page","status-publish","hentry"],"_links":{"self":[{"href":"https:\/\/hubertpietka.bialystok.pl\/index.php?rest_route=\/wp\/v2\/pages\/9109","targetHints":{"allow":["GET"]}}],"collection":[{"href":"https:\/\/hubertpietka.bialystok.pl\/index.php?rest_route=\/wp\/v2\/pages"}],"about":[{"href":"https:\/\/hubertpietka.bialystok.pl\/index.php?rest_route=\/wp\/v2\/types\/page"}],"author":[{"embeddable":true,"href":"https:\/\/hubertpietka.bialystok.pl\/index.php?rest_route=\/wp\/v2\/users\/1"}],"replies":[{"embeddable":true,"href":"https:\/\/hubertpietka.bialystok.pl\/index.php?rest_route=%2Fwp%2Fv2%2Fcomments&post=9109"}],"version-history":[{"count":1,"href":"https:\/\/hubertpietka.bialystok.pl\/index.php?rest_route=\/wp\/v2\/pages\/9109\/revisions"}],"predecessor-version":[{"id":9111,"href":"https:\/\/hubertpietka.bialystok.pl\/index.php?rest_route=\/wp\/v2\/pages\/9109\/revisions\/9111"}],"wp:attachment":[{"href":"https:\/\/hubertpietka.bialystok.pl\/index.php?rest_route=%2Fwp%2Fv2%2Fmedia&parent=9109"}],"curies":[{"name":"wp","href":"https:\/\/api.w.org\/{rel}","templated":true}]}}