{"id":9123,"date":"2025-02-16T15:17:09","date_gmt":"2025-02-16T15:17:09","guid":{"rendered":"https:\/\/hubertpietka.bialystok.pl\/?page_id=9123"},"modified":"2025-02-16T15:20:04","modified_gmt":"2025-02-16T15:20:04","slug":"nawet-promyk-jasnej-modlitwy-nie-moze-rozswiecac-ciemnosci-wokol-smierci-klinik-aborcyjnych","status":"publish","type":"page","link":"https:\/\/hubertpietka.bialystok.pl\/?page_id=9123","title":{"rendered":"Nawet promyk jasnej modlitwy \/ nie mo\u017ce roz\u015bwieca\u0107 ciemno\u015bci \u015bmierci \/\/ wok\u00f3\u0142 klinik aborcyjnych"},"content":{"rendered":"\n<p>Z przera\u017ceniem wys\u0142ucha\u0142em<br>W przem\u00f3wieniu wiceprezydenta USA<br>Tego \u017ce w Wielkiej Brytanii<br>Ze wskazaniem na Szkocj\u0119<br>Jest zakaz modlenia si\u0119<br>W promieniu 200 metr\u00f3w<br>Od kliniki aborcyjnej<br>I \u017ce dotyczy to tak\u017ce tam mieszka\u0144c\u00f3w<br>Pora\u017caj\u0105ce \u017ce klinika \u015bmierci<br>Ma promieniowa\u0107 w promieniu takim<br>A mo\u017ce zaraz to b\u0119dzie<br>2000 metr\u00f3w a mo\u017ce 200000<br>To jest jak pustynia<br>Z\u0142a kt\u00f3ra ma wci\u0105ga\u0107 wszystko<br>W swej orbicie<br>Albo jak wybuch atomu<br>Kt\u00f3ry ma niszczy\u0107 wszystko<br>W promieniu swego wybuchu<br>Zostawia\u0107 spieczon\u0105 ziemi\u0119<br>Szata\u0144skie z\u0142o kt\u00f3re chce<br>Wyeliminowa\u0107 jakiekolwiek dobro<br>W czyim interesie tak naprawd\u0119<br>Dzia\u0142a rz\u0105d brytyjski g\u0142\u0119biej patrz\u0105c<br>Na to wszystko<br>Boga czy mo\u017ce szatana<br>Skoro \u015bmier\u0107 ma promieniowa\u0107<br>Na wszystko wok\u00f3\u0142<br>I niszczy\u0107 by tam nie by\u0142o \u017cycia<br>W prawdzie i w Bogu<br>Zbrodniomy\u015bl jak z Orwella<br>Kt\u00f3ry by\u0142 przecie\u017c Brytyjczykiem<br>I oczywi\u015bcie zgodnie z doktryn\u0105<br>Totalitaryzmu komunistycznego dobrze jest widziane<br>Wed\u0142ug przewrotno\u015bci szata\u0144skiej<br>Donoszenie jednych na drugich<br>Czy tam jest jeszcze demokracja<br>Nie wydaje mi si\u0119<br>Skoro rz\u0105d pr\u00f3buje ingerowa\u0107<br>W co\u015b co tak naprawd\u0119<br>Jest nieweryfikowalne czyli<br>W czyj\u0105\u015b modlitw\u0119 cich\u0105<br>Czy czyje\u015b my\u015bli<br>I nawet jeden Brytyjczyk<br>Zosta\u0142 ju\u017c skazany<br>Za tak\u0105 modlitw\u0119<br>W promieniu kliniki \u015bmierci<br>Bo si\u0119 przyzna\u0142 do modlitwy<br>A m\u00f3g\u0142 przecie\u017c r\u00f3wnie dobrze<br>O cukierkach my\u015ble\u0107<br>Co za absurd dok\u0105d zmierzacie<br>Brytyjczycy dok\u0105d ten \u015bwiat zmierza<br>Bogu dzi\u0119ki za Ameryk\u0119<br>I nurt pro-life i tak zwanego te\u017c<br>Racjonalnego my\u015blenia wed\u0142ug warto\u015bci<br>Kt\u00f3ry si\u0119 tam odzywa<br>Tak\u017ce w polityce<br>Tam rz\u0105d chyba rzeczywi\u015bcie<br>Jest si\u0119 staje wed\u0142ug tego<br>Bo\u017cego upodobania my\u015blenia wed\u0142ug warto\u015bci<br>A nie wcielania wsz\u0119dzie<br>Z\u0142a komunistycznego totalno\u015bci<br>Gdzie prze\u015bladowania i terror<br>Nawet wobec spraw tak osobistych<br>Jak indywidualne my\u015blenie<br>Jest ju\u017c wida\u0107 na tym<br>Porz\u0105dku dziennym wed\u0142ug totalno\u015bci<br>Cywilizacji \u015bmierci kt\u00f3ra po szata\u0144sku<br>Ma si\u0119 rozsiewa\u0107 wok\u00f3\u0142 wsz\u0119dzie<\/p>\n\n\n\n<p><em>Dzi\u015b wspominana jest \u015bw. *<strong>Ju-li-ana<\/strong>*<br>B\u00f3g powiedzia\u0142 mi wyra\u017anie<br>Tylko you *<strong>ty i Ana<\/strong>*<br>I ja nie mog\u0119<br>Przeciwko temu wykroczy\u0107<br>Nawet jak bym chcia\u0142 inaczej<br>Bo B\u00f3g powiedzia\u0142 mi tak<br>A poza tym jak<br>Przy tych klinikach \u015bmierci<br>Ona w\u0142a\u015bnie jest w tym<br>Moim najbli\u017cszym promieniu<br>Je\u015bli j\u0105 zabij\u0105 ci bandyci<br>Wed\u0142ug po\u017c\u0105da\u0144 szata\u0144skich<br>To \u015bmier\u0107 rozleje si\u0119<br>Te\u017c wsz\u0119dzie wok\u00f3\u0142<br>Bo to ona jest bastionem<br>Dla wszelkich po\u017c\u0105da\u0144 szata\u0144skich<br>Tych bandyt\u00f3w \u015bmierci wok\u00f3\u0142<br>Mimo tego \u017ce mo\u017ce oni<br>Nie wiedz\u0105 co czyni\u0105<br>Ale tak b\u0119dzie w\u0142a\u015bnie<br>Bo B\u00f3g tak powiedzia\u0142<br>Poza tym kocham moj\u0105 \u017con\u0119<br>Wi\u0119c to polecenie Bo\u017ce<br>Nie jest dla mnie problemem<br>Ono naturalniej si\u0119 wtapia<br>W fundament mego \u017cycia<br>A szatan pos\u0142uguje si\u0119<br>Tymi bandytami i wszelkimi te\u017c im podobnymi<br>We wszelkich zbrodniach<br>\u015amierci zniewolenia i zniszczenia<br>Nawet je\u015bli ci nie maj\u0105<br>Odpowiedniej ku temu \u015bwiadomo\u015bci<br>Co nie znaczy<br>\u017be temu nie trzeba<br>Dawa\u0107 tamy odpowiedniej<br>Wobec nas naszego i naszych<br>By \u015bmier\u0107 nie poch\u0142on\u0119\u0142a<br>Ca\u0142ego tego \u015bwiata<br>Wbrew zreszt\u0105 szata\u0144skim te\u017c k\u0142amstwom<br>Tego ca\u0142ego bandyctwa<br>I im podobnych w zbrodniach<br>I ani mi Ani<br>Powiedzia\u0142em definitywnie i finalnie<br>Bo B\u00f3g tego wymaga<\/em><\/p>\n\n\n\n<figure class=\"wp-block-gallery has-nested-images columns-default is-cropped wp-block-gallery-1 is-layout-flex wp-block-gallery-is-layout-flex\">\n<figure class=\"wp-block-image size-large\"><a href=\"https:\/\/hubertpietka.bialystok.pl\/wp-content\/uploads\/2025\/02\/IMG-20250214-WA0044.jpg\"><img loading=\"lazy\" decoding=\"async\" width=\"768\" height=\"1024\" data-id=\"9124\" src=\"https:\/\/hubertpietka.bialystok.pl\/wp-content\/uploads\/2025\/02\/IMG-20250214-WA0044-768x1024.jpg\" alt=\"\" class=\"wp-image-9124\" srcset=\"https:\/\/hubertpietka.bialystok.pl\/wp-content\/uploads\/2025\/02\/IMG-20250214-WA0044-768x1024.jpg 768w, https:\/\/hubertpietka.bialystok.pl\/wp-content\/uploads\/2025\/02\/IMG-20250214-WA0044-225x300.jpg 225w, https:\/\/hubertpietka.bialystok.pl\/wp-content\/uploads\/2025\/02\/IMG-20250214-WA0044-1152x1536.jpg 1152w, https:\/\/hubertpietka.bialystok.pl\/wp-content\/uploads\/2025\/02\/IMG-20250214-WA0044.jpg 1200w\" sizes=\"auto, (max-width: 768px) 100vw, 768px\" \/><\/a><\/figure>\n<\/figure>\n\n\n\n<p><strong>Na zdj. \u015aw. Maksymilian Maria Kolbe<br>Na maksa w Chrystusie<br>Ja by\u0107 musz\u0119<br>Tylko wtedy b\u0119d\u0119 odpowiednio<br>Usprawiedliwiony przed Bogiem<br>Nawet je\u015bli ci bandyci wszelcy<br>Mi gro\u017c\u0105 zniewoleniem \u015bmierci\u0105 <br>Za obron\u0119 mojej \u017cony<br>Nas naszych i naszego<br>Ale ja tak musz\u0119<br>Bo to jest jasny<br>Bo\u017cy przykaz do mnie<br>I ja nie mog\u0119<br>Od tego odst\u0105pi\u0107<br>Czy w prawo czy te\u017c w lewo<br>Z tego B\u00f3g mnie b\u0119dzie<br>Rozlicza\u0142 odpowiednio<\/strong><\/p>\n\n\n\n<p><strong><em><a href=\"https:\/\/youtu.be\/MrQ0U12NUyI?si=4gAw0TqhEg_8hOvP\">D\u017cem &#8211; To wszystko co mam<\/a><\/em><\/strong><\/p>\n\n\n\n<p class=\"has-text-align-center\"><strong><em><a href=\"https:\/\/youtu.be\/tW3RRphLbAg?si=TCDFM3qSsID2JRxc\">Dew\u00f3dzki &amp; Nie\u0107 &#8211; Nasza magia <\/a><\/em><\/strong><\/p>\n\n\n\n<p class=\"has-text-align-right\"><strong><em><a href=\"https:\/\/youtu.be\/TzwKcIZVFSs?si=tePFiKV4ShZS60h5\">Sebastian Riedel &amp; Cree &#8211; Ciemno\u015bci blask<\/a><\/em><\/strong><\/p>\n","protected":false},"excerpt":{"rendered":"<p>Z przera\u017ceniem wys\u0142ucha\u0142emW przem\u00f3wieniu wiceprezydenta USATego \u017ce w Wielkiej BrytaniiZe wskazaniem na Szkocj\u0119Jest zakaz modlenia si\u0119W promieniu 200 metr\u00f3wOd kliniki aborcyjnejI \u017ce dotyczy to tak\u017ce&hellip; <\/p>\n","protected":false},"author":1,"featured_media":0,"parent":0,"menu_order":0,"comment_status":"closed","ping_status":"closed","template":"","meta":{"footnotes":""},"class_list":["post-9123","page","type-page","status-publish","hentry"],"_links":{"self":[{"href":"https:\/\/hubertpietka.bialystok.pl\/index.php?rest_route=\/wp\/v2\/pages\/9123","targetHints":{"allow":["GET"]}}],"collection":[{"href":"https:\/\/hubertpietka.bialystok.pl\/index.php?rest_route=\/wp\/v2\/pages"}],"about":[{"href":"https:\/\/hubertpietka.bialystok.pl\/index.php?rest_route=\/wp\/v2\/types\/page"}],"author":[{"embeddable":true,"href":"https:\/\/hubertpietka.bialystok.pl\/index.php?rest_route=\/wp\/v2\/users\/1"}],"replies":[{"embeddable":true,"href":"https:\/\/hubertpietka.bialystok.pl\/index.php?rest_route=%2Fwp%2Fv2%2Fcomments&post=9123"}],"version-history":[{"count":2,"href":"https:\/\/hubertpietka.bialystok.pl\/index.php?rest_route=\/wp\/v2\/pages\/9123\/revisions"}],"predecessor-version":[{"id":9127,"href":"https:\/\/hubertpietka.bialystok.pl\/index.php?rest_route=\/wp\/v2\/pages\/9123\/revisions\/9127"}],"wp:attachment":[{"href":"https:\/\/hubertpietka.bialystok.pl\/index.php?rest_route=%2Fwp%2Fv2%2Fmedia&parent=9123"}],"curies":[{"name":"wp","href":"https:\/\/api.w.org\/{rel}","templated":true}]}}