{"id":9129,"date":"2025-02-21T10:25:08","date_gmt":"2025-02-21T10:25:08","guid":{"rendered":"https:\/\/hubertpietka.bialystok.pl\/?page_id=9129"},"modified":"2025-02-21T10:25:08","modified_gmt":"2025-02-21T10:25:08","slug":"skompromitowane-rozne-czynniki-bandyckie-wobec-tej-bozej-misji","status":"publish","type":"page","link":"https:\/\/hubertpietka.bialystok.pl\/?page_id=9129","title":{"rendered":"Skompromitowane r\u00f3\u017cne czynniki bandyckie \/ wobec tej Bo\u017cej misji"},"content":{"rendered":"\n<p>Bandyci s\u0105 tak zawzi\u0119ci<br>W tych swych szata\u0144skich zap\u0119dach<br>Po prostu w zaparte<br>Mimo \u017ce ta podwija wielokrotnie skompromitowana<br>Cho\u0107 tak wywija\u0107 umie<br>Zapewne jak trzeba<br>Podobnie te bandyckie misie<br>Czy inni bandyccy s\u0142u\u017calcy<br>Post\u0119puj\u0105cy dok\u0142adnie jak chc\u0105<br>Ci bandyci te\u017c k\u0142amliwie ob\u0142udnie<br>A wszystko to przecie\u017c<br>Bo jak nie zabi\u0107 \u017con\u0119<br>To zniewoli\u0107<br>Mnie j\u0105<br>Albo w naszych i nasze<br>Tak zaparli si\u0119 w tych<br>Z\u0142ych dzia\u0142aniach<br>Zbrodniach wed\u0142ug szatana<br>Byleby tylko z\u0142o jakie\u015b czyni\u0107<br>Mo\u017cna si\u0119 zaprze\u0107 w z\u0142u<br>Podobnie jak by\u0107 wiernym<br>Dobru prawdzie i mi\u0142o\u015bci<br>Na przek\u00f3r szatanowi<br>I temu ca\u0142emu bandyctwu<br>I r\u00f3\u017cnym wyst\u0119pnym pod\u0142ug nich<br>Mo\u017cna si\u0119 zaprze\u0107 w szata\u0144stwie<br>Przeciwko dzieciom Bo\u017cym przecie\u017c<br>I to na ka\u017cdej linii<br>K\u0142amstw i zbrodni ob\u0142udnie pod\u0142ych<br>Przeciwko Bogu te\u017c tak naprawd\u0119<br>Walcz\u0105c bo my si\u0119 staramy<br>Wszystko pod\u0142ug Niego<br>I to pomimo r\u00f3\u017cnych<br>Niedomaga\u0144 i s\u0142abo\u015bci<br>Kt\u00f3re zreszt\u0105 cz\u0119sto<br>Te\u017c nam funduje to bandyctwo<br>Na r\u00f3\u017cne sposoby<br>Przecie\u017c nasze niedomagania s\u0105 zawsze<br>Okazj\u0105 do ukazania przewagi szatana<br>Pod\u0142ug kt\u00f3rego post\u0119puje to bandyctwo<br>W ca\u0142ej pe\u0142ni nieprawych tendencji<br>I ju\u017c dokonanych r\u00f3\u017cnych zbrodni<br>Patrz poczet niewinnych m\u0119czennik\u00f3w wsp\u00f3\u0142czesnych<br>Barbarzy\u0144stwa tego z Bogiem walcz\u0105cego<br>Przez to wszystko<\/p>\n\n\n\n<p>\/<\/p>\n\n\n\n<p>Dzi\u015b \u015bw. P. *<strong>Dam-i-ani<\/strong>*<br>R\u00f3\u017cne *<strong>damy i Ania<\/strong>*<br>Ale tylko ona jest *<strong>ma-dame<\/strong>*<br>Czyli *<strong>moja dama<\/strong>*<br>I innej nie b\u0119dzie<br>Tak jak Maryja<br>Jest w niebie tylko jedna<\/p>\n\n\n\n<p><strong>Bo ja jak Frodo z W\u0142adcy Pier\u015bcieni<br>Musz\u0119 do ko\u0144ca donie\u015b\u0107<br>T\u0105 obr\u0105czk\u0119 ma\u0142\u017ce\u0144sk\u0105<br>Wbrew z\u0142u wszelkiemu szata\u0144skiemu<br>Bo misj\u0119 tak\u0105 mi<br>B\u00f3g w\u0142a\u015bnie wyznaczy\u0142<br>I tylko w ten spos\u00f3b<br>Mo\u017ce zosta\u0107 przezwyci\u0119\u017cone<br>To wszelkie r\u00f3\u017cne pod\u0142e z\u0142o<br>I dlatego tak jej<br>Nienawidzi szatan i wszelcy<br>Post\u0119puj\u0105cy wed\u0142ug jego nienawi\u015bci<br>Ale tak\u0105 w\u0142a\u015bnie<br>Mi B\u00f3g wymy\u015bli\u0142 misj\u0119<br>Zgodn\u0105 zreszt\u0105 z preferencjami serca<br>Dlatego tam gdzie ona<br>Tam te\u017c i ja<\/strong><\/p>\n\n\n\n<figure class=\"wp-block-gallery has-nested-images columns-default is-cropped wp-block-gallery-1 is-layout-flex wp-block-gallery-is-layout-flex\">\n<figure class=\"wp-block-image size-large\"><a href=\"https:\/\/hubertpietka.bialystok.pl\/wp-content\/uploads\/2025\/02\/IMG-20250218-WA0017.jpg\"><img loading=\"lazy\" decoding=\"async\" width=\"768\" height=\"1024\" data-id=\"9130\" src=\"https:\/\/hubertpietka.bialystok.pl\/wp-content\/uploads\/2025\/02\/IMG-20250218-WA0017-768x1024.jpg\" alt=\"\" class=\"wp-image-9130\" srcset=\"https:\/\/hubertpietka.bialystok.pl\/wp-content\/uploads\/2025\/02\/IMG-20250218-WA0017-768x1024.jpg 768w, https:\/\/hubertpietka.bialystok.pl\/wp-content\/uploads\/2025\/02\/IMG-20250218-WA0017-225x300.jpg 225w, https:\/\/hubertpietka.bialystok.pl\/wp-content\/uploads\/2025\/02\/IMG-20250218-WA0017-1152x1536.jpg 1152w, https:\/\/hubertpietka.bialystok.pl\/wp-content\/uploads\/2025\/02\/IMG-20250218-WA0017.jpg 1200w\" sizes=\"auto, (max-width: 768px) 100vw, 768px\" \/><\/a><\/figure>\n<\/figure>\n\n\n\n<p><em>Na zdj. Krzy\u017cu \u015awi\u0119ty wybaw nas<br>Od bandyctwa wszelkiego tego<br>Ja nie mog\u0119 si\u0119 zaprze\u0107<br>Tej Bo\u017cej misji<br>Kt\u00f3r\u0105 na mnie na\u0142o\u017cy\u0142 B\u00f3g<br>Dok\u0142adnie tak jak zapar\u0142o si\u0119<br>Ku z\u0142u szata\u0144skiemu<br>Dla nas naszych i naszego<br>To bandyctwo ca\u0142e i wszelcy<br>Pod\u0142ug nich post\u0119puj\u0105cy<br>Tylko w ten spos\u00f3b<br>\u017by\u0107 mog\u0119 w komuni serca<br>Z \u017con\u0105 i Bogiem<br>Oni z kolei wybieraj\u0105 chyba<br>Komunizm wsp\u00f3\u0142pracy we wszelkim z\u0142u<br>Nie ma dla mnie<br>\u017badnej innej drogi<br>Bo tak mi powiedzia\u0142 B\u00f3g<\/em><\/p>\n\n\n\n<p class=\"has-text-align-center\"><strong><em><a href=\"https:\/\/youtu.be\/Kmhk123hgxw?si=rysXHB8Vkdy6Wn0G\">Marek Grechuta &#8211; B\u0119dziesz moj\u0105 pani\u0105 <\/a><\/em><\/strong><\/p>\n","protected":false},"excerpt":{"rendered":"<p>Bandyci s\u0105 tak zawzi\u0119ciW tych swych szata\u0144skich zap\u0119dachPo prostu w zaparteMimo \u017ce ta podwija wielokrotnie skompromitowanaCho\u0107 tak wywija\u0107 umieZapewne jak trzebaPodobnie te bandyckie misieCzy inni&hellip; <\/p>\n","protected":false},"author":1,"featured_media":0,"parent":0,"menu_order":0,"comment_status":"closed","ping_status":"closed","template":"","meta":{"footnotes":""},"class_list":["post-9129","page","type-page","status-publish","hentry"],"_links":{"self":[{"href":"https:\/\/hubertpietka.bialystok.pl\/index.php?rest_route=\/wp\/v2\/pages\/9129","targetHints":{"allow":["GET"]}}],"collection":[{"href":"https:\/\/hubertpietka.bialystok.pl\/index.php?rest_route=\/wp\/v2\/pages"}],"about":[{"href":"https:\/\/hubertpietka.bialystok.pl\/index.php?rest_route=\/wp\/v2\/types\/page"}],"author":[{"embeddable":true,"href":"https:\/\/hubertpietka.bialystok.pl\/index.php?rest_route=\/wp\/v2\/users\/1"}],"replies":[{"embeddable":true,"href":"https:\/\/hubertpietka.bialystok.pl\/index.php?rest_route=%2Fwp%2Fv2%2Fcomments&post=9129"}],"version-history":[{"count":1,"href":"https:\/\/hubertpietka.bialystok.pl\/index.php?rest_route=\/wp\/v2\/pages\/9129\/revisions"}],"predecessor-version":[{"id":9131,"href":"https:\/\/hubertpietka.bialystok.pl\/index.php?rest_route=\/wp\/v2\/pages\/9129\/revisions\/9131"}],"wp:attachment":[{"href":"https:\/\/hubertpietka.bialystok.pl\/index.php?rest_route=%2Fwp%2Fv2%2Fmedia&parent=9129"}],"curies":[{"name":"wp","href":"https:\/\/api.w.org\/{rel}","templated":true}]}}