{"id":9141,"date":"2025-02-25T08:09:48","date_gmt":"2025-02-25T08:09:48","guid":{"rendered":"https:\/\/hubertpietka.bialystok.pl\/?page_id=9141"},"modified":"2025-02-25T08:09:48","modified_gmt":"2025-02-25T08:09:48","slug":"przewaga-szatanska-w-walce-z-bozymi-dziecmi","status":"publish","type":"page","link":"https:\/\/hubertpietka.bialystok.pl\/?page_id=9141","title":{"rendered":"Przewaga szata\u0144ska w walce \/ z Bo\u017cymi dzie\u0107mi"},"content":{"rendered":"\n<p>To jak szatan szaleje<br>W tym \u015bwiecie<br>Widz\u0119 dobrze po snach swoich<br>Pomieszanie z popl\u0105taniem gry pozor\u00f3w<br>Byleby tylko zaszkodzi\u0107 cz\u0142owiekowi<br>A nawet go zniszczy\u0107 definitywnie<\/p>\n\n\n\n<p>Sta\u0142o si\u0119 to u mnie<br>Kiedy by\u0142em w dziwnym domu<br>Z nier\u00f3wnym sufitem pierwszy raz<br>Kiedy spa\u0142em nagle si\u0119 obudzi\u0142em<br>A nade mn\u0105 szeptucha prawos\u0142awna<br>Odprawia\u0142a swe czary<br>Od tego czasu przesta\u0142em ju\u017c<br>Spa\u0107 dobrze<br>A moje sny si\u0119 sta\u0142y<br>Szata\u0144skimi koszmarami<br>Strach pomy\u015ble\u0107 co by by\u0142o<br>Gdybym wtedy nie by\u0142<br>W stanie u\u015bwi\u0119caj\u0105cej \u0142aski<br>Bo to bardzo silne piero\u0144stwo<br>I mog\u0142o mie\u0107 dost\u0119p<br>Tylko do tej sfery mojej<br>Zaciemnienia szata\u0144skiego sn\u00f3w moich<br>I to si\u0119 powtarza<br>Do\u015b\u0107 cz\u0119sto bardzo<br>Szczeg\u00f3lnie gdy w naszym \u017cyciu<br>Dzieje si\u0119 co\u015b dobrego<br>Jakie\u015b nad z\u0142em zwyci\u0119stwo<br>Wtedy ten szatan<br>Kt\u00f3ry sfer\u0105 snu mojego zaw\u0142adn\u0105\u0142<br>Poprzez t\u0105 szeptuch\u0119<br>Si\u0119 m\u015bci ewidentnie<\/p>\n\n\n\n<p>Podobnie si\u0119 sta\u0142o<br>Z tym pieskiem naszym<br>Kiedy zostawi\u0142em go nieopatrzenie<br>W samochodzie przy KP<br>Gdzie by\u0142o spotkanie o \u0141om\u017cy<br>Od tego czasu piesek<br>Si\u0119 zacz\u0105\u0142 rzuca\u0107<br>Na wszystko co si\u0119 rusza<br>Samochody rowery itp<br>A nawet i ludzi<br>Mo\u017ce to te\u017c zas\u0142uga<br>Jakiej\u015b prawos\u0142awnej szeptuchy<br>Bo widz\u0119 w tym piesku<br>T\u0105 walk\u0119 z si\u0142ami z\u0142a<br>Kt\u00f3re chc\u0105 nim zaw\u0142adn\u0105\u0107<br>Oczywi\u015bcie na szkod\u0119 nasz\u0105<br>Wcze\u015bniej w og\u00f3le nie by\u0142o<br>Nic takiego podobnego<br>Wi\u0119c przypuszczam \u017ce co\u015b<br>Si\u0119 musia\u0142o sta\u0107 takiego<\/p>\n\n\n\n<p>Ave Maria<br>Id\u017a precz szatanie<br>Od nas ode mnie<br>Od tych zwierz\u0105t<br>Nas naszych i naszego<br>Moc\u0105 Bo\u017c\u0105 niech b\u0119dzie przezwyci\u0119\u017cone<br>Wszelkie w \u017cyciu naszym<br>Dzia\u0142anie twoje pod\u0142e<\/p>\n\n\n\n<p>A to te\u017c jak dzia\u0142a<br>Szatan wida\u0107 dobrze<br>Po tym bandyctwie<br>I wszelkich im podobnych<br>Byleby tylko nam chocia\u017c zaszkodzi\u0107<br>A najch\u0119tniej zabi\u0107 zniewoli\u0107<br>\u017bon\u0119 mnie naszych nasze<br>I tak s\u0105 w tym te\u017c stali<br>Z perfidn\u0105 premedytacj\u0105 i\u015bcie szata\u0144sk\u0105<br>Ka\u017cdego dnia do z\u0142a<br>Mo\u017cna powiedzie\u0107 ich zawo\u0142anie jest<br>A przez kogo to<br>Si\u0119 dzieje dzia\u0107 mo\u017ce<br>W istocie jak nie przez<br>Nieprzyjaciela ludzi dzieci Bo\u017cych<br>Czyli szatana w\u0142a\u015bnie<\/p>\n\n\n\n<p>A z tym prawos\u0142awiem szeptanym<br>Co\u015b jest chyba na rzeczy<br>Nie wiem o co chodzi<br>Ale w jednym mie\u015bcie<br>Cerkiew roz\u015bwietlona a zaciemniony ko\u015bci\u00f3\u0142<br>A w niedziel\u0119<br>Dzwoni\u0105 cerkiewne dzwony<br>A milcz\u0105 te ko\u015bcielne<br>I na tej wsi<br>Nienawi\u015b\u0107 te\u017c takich do nas<br>I\u015bcie diabelska<br>Takze o co tu chodzi<br>Nie wiem ale przecie\u017c chyba<br>Nie Bia\u0142oru\u015b jeszcze tutaj<br>Tak czy inaczej Panie Bo\u017ce<br>Jak wida\u0107 du\u017co z\u0142a szata\u0144skiego<br>Z tej w\u0142a\u015bnie strony<\/p>\n\n\n\n<figure class=\"wp-block-gallery has-nested-images columns-default is-cropped wp-block-gallery-1 is-layout-flex wp-block-gallery-is-layout-flex\">\n<figure class=\"wp-block-image size-large\"><a href=\"https:\/\/hubertpietka.bialystok.pl\/wp-content\/uploads\/2025\/02\/IMG-20250224-WA0011.jpg\"><img loading=\"lazy\" decoding=\"async\" width=\"768\" height=\"1024\" data-id=\"9142\" src=\"https:\/\/hubertpietka.bialystok.pl\/wp-content\/uploads\/2025\/02\/IMG-20250224-WA0011-768x1024.jpg\" alt=\"\" class=\"wp-image-9142\" srcset=\"https:\/\/hubertpietka.bialystok.pl\/wp-content\/uploads\/2025\/02\/IMG-20250224-WA0011-768x1024.jpg 768w, https:\/\/hubertpietka.bialystok.pl\/wp-content\/uploads\/2025\/02\/IMG-20250224-WA0011-225x300.jpg 225w, https:\/\/hubertpietka.bialystok.pl\/wp-content\/uploads\/2025\/02\/IMG-20250224-WA0011-1152x1536.jpg 1152w, https:\/\/hubertpietka.bialystok.pl\/wp-content\/uploads\/2025\/02\/IMG-20250224-WA0011.jpg 1200w\" sizes=\"auto, (max-width: 768px) 100vw, 768px\" \/><\/a><\/figure>\n<\/figure>\n\n\n\n<p><em>Na zdj. W bielskim ko\u015bciele Mi\u0142osierny Jezus<br>To tereny zreszt\u0105 w og\u00f3le tu przecie\u017c<br>Styku katolicyzmu z prawos\u0142awiem<br>Niestety z\u0142o mo\u017ce wchodzi\u0107 wsz\u0119dzie<br>Tak te\u017c by\u0142o w historii<br>I wykorzystywa\u0107 sw\u0105 wszelk\u0105 pot\u0119g\u0119<br>Do walki z dzie\u0107mi Bo\u017cymi<br>Jezu zmi\u0142uj si\u0119 nad nami<br>Niech zniknie ta przewaga szata\u0144ska<br>W \u017cyciu naszym<br>I wszelkich Bo\u017cych dzieci<br>Szatanie id\u017a precz<\/em><\/p>\n\n\n\n<p><em>Jezu ufam Tobie<br>Zmieni\u0107 tego wszystkiego chyba<br>Zbytnio nie mog\u0119<br>Wi\u0119c si\u0119 staramy<br>Otwiera\u0107 na Bo\u017ce dzia\u0142anie<br>Mimo tych podst\u0119p\u00f3w szata\u0144skich<br>Ty sam Panie dzia\u0142aj<\/em><\/p>\n","protected":false},"excerpt":{"rendered":"<p>To jak szatan szalejeW tym \u015bwiecieWidz\u0119 dobrze po snach swoichPomieszanie z popl\u0105taniem gry pozor\u00f3wByleby tylko zaszkodzi\u0107 cz\u0142owiekowiA nawet go zniszczy\u0107 definitywnie Sta\u0142o si\u0119 to u&hellip; <\/p>\n","protected":false},"author":1,"featured_media":0,"parent":0,"menu_order":0,"comment_status":"closed","ping_status":"closed","template":"","meta":{"footnotes":""},"class_list":["post-9141","page","type-page","status-publish","hentry"],"_links":{"self":[{"href":"https:\/\/hubertpietka.bialystok.pl\/index.php?rest_route=\/wp\/v2\/pages\/9141","targetHints":{"allow":["GET"]}}],"collection":[{"href":"https:\/\/hubertpietka.bialystok.pl\/index.php?rest_route=\/wp\/v2\/pages"}],"about":[{"href":"https:\/\/hubertpietka.bialystok.pl\/index.php?rest_route=\/wp\/v2\/types\/page"}],"author":[{"embeddable":true,"href":"https:\/\/hubertpietka.bialystok.pl\/index.php?rest_route=\/wp\/v2\/users\/1"}],"replies":[{"embeddable":true,"href":"https:\/\/hubertpietka.bialystok.pl\/index.php?rest_route=%2Fwp%2Fv2%2Fcomments&post=9141"}],"version-history":[{"count":1,"href":"https:\/\/hubertpietka.bialystok.pl\/index.php?rest_route=\/wp\/v2\/pages\/9141\/revisions"}],"predecessor-version":[{"id":9143,"href":"https:\/\/hubertpietka.bialystok.pl\/index.php?rest_route=\/wp\/v2\/pages\/9141\/revisions\/9143"}],"wp:attachment":[{"href":"https:\/\/hubertpietka.bialystok.pl\/index.php?rest_route=%2Fwp%2Fv2%2Fmedia&parent=9141"}],"curies":[{"name":"wp","href":"https:\/\/api.w.org\/{rel}","templated":true}]}}