{"id":9154,"date":"2025-02-27T13:11:13","date_gmt":"2025-02-27T13:11:13","guid":{"rendered":"https:\/\/hubertpietka.bialystok.pl\/?page_id=9154"},"modified":"2025-02-27T13:11:13","modified_gmt":"2025-02-27T13:11:13","slug":"niewolnicy-zla-a-milosc-czlowieka","status":"publish","type":"page","link":"https:\/\/hubertpietka.bialystok.pl\/?page_id=9154","title":{"rendered":"Niewolnicy z\u0142a \/ a mi\u0142o\u015b\u0107 cz\u0142owieka"},"content":{"rendered":"\n<p>Kocha\u0107 wszystkich ludzi<br>A co to znaczy<br>Czy to znaczy kocha\u0107 z\u0142ych<br>I z\u0142o kt\u00f3re czyni\u0105<br>Czy raczej potencja\u0142 dobra<br>Kt\u00f3ry jest w ka\u017cdym cz\u0142owieku<br>Tylko niekt\u00f3rzy si\u0119 z\u0142u zaprzedali<br>Staj\u0105c si\u0119 z\u0142a niewolnikami<br>Dla r\u00f3\u017cnych korzy\u015bci najcz\u0119\u015bciej materialnych<br>A z\u0142o tak dzia\u0142a<br>\u017be coraz bardziej zniewala<br>Tych kt\u00f3rzy je czyni\u0105<br>Przymuszajac niejako do coraz wi\u0119kszego<br>Za ka\u017cdym razem z\u0142a<br>\u017be cz\u0142owiek ju\u017c taki niejako<br>Nie potrafi si\u0119 z tego z\u0142a wyswobodzi\u0107<br>By wybiera\u0107 dobro<br>Je\u015bli si\u0119 w prawdzie Bo\u017cej<br>Nie nawr\u00f3ci<br>I nie zacznie z\u0142a<br>Z\u0142em nazywa\u0107 a dobra dobrem<br>A nie na odwr\u00f3t<br>I je\u015bli nie po\u017ca\u0142uje tego<br>Z\u0142a kt\u00f3re czyni\u0142<br>I nie spr\u00f3buj\u0119 jako\u015b<br>Wynagrodzi\u0107 tych kt\u00f3rym z\u0142o czyni\u0142<\/p>\n\n\n\n<p>I tak jest z tym<br>Ca\u0142ym bandyctwem i im podobnymi<br>Nienawidz\u0119 z\u0142a kt\u00f3re czyni\u0105<br>Ale kocham w nich cz\u0142owieka<br>Czyli ten potencja\u0142 dobra<br>Kt\u00f3ry w nich jest<br>Lecz je\u015bli si\u0119 nie nawr\u00f3c\u0105<br>Nie zaprzestan\u0105 z\u0142a czyni\u0107<br>I to coraz gorszego<br>Marny ich los b\u0119dzie<br>Bo szatan ma tak<br>\u017be tych kt\u00f3rzy mu s\u0142u\u017c\u0105<br>W ka\u017cdym z\u0142u<br>Po\u017cera te\u017c w ko\u0144cu<br>I za \u017cycia i te\u017c na \u015bmier\u0107 wieczn\u0105<\/p>\n\n\n\n<p><strong><em><a href=\"https:\/\/youtu.be\/wF25FLexW80?si=ZtO2eC7gtfNVqcCu\">Redox &#8211; Zakochany Klown<\/a><\/em><\/strong><\/p>\n\n\n\n<p>W ten te\u017c spos\u00f3b<br>Tak bardzo kocham moj\u0105 \u017con\u0119<br>Bo ona realizuje w prawdzie<br>Potencja\u0142 Bo\u017cy<br>Kt\u00f3ry B\u00f3g w niej z\u0142o\u017cy\u0142<\/p>\n\n\n\n<p class=\"has-text-align-center\"><strong><em><a href=\"https:\/\/youtu.be\/j7gfvvDTfAM?si=eF7lLOg-3m2LFwkx\">Rezerwat &#8211; Kocha ciebie niebo<\/a><\/em><\/strong><\/p>\n\n\n\n<p>I jest te\u017c tak<br>\u017be dla z\u0142ych<br>Ci kt\u00f3rzy dobro czyni\u0105<br>Po prostu w Bogu<br>S\u0105 g\u0142upi i naiwni<br>Bo nie osi\u0105gaj\u0105 tym<br>Na przyk\u0142ad partykularnych korzy\u015bci<br>Lecz nie tak jest<br>Bynajmniej w Bogu<br>A my si\u0119 mo\u017ce cieszy\u0107<br>Tak naprawd\u0119 bo nienawi\u015b\u0107 bandyctwa<br>\u015awiadczy \u017ce jeste\u015bmy na drodze<br>Odpowiedniej czyli Bo\u017cej<br>\u0179li maj\u0105 wykrzywiony obraz \u015bwiata<br>Przez s\u0142u\u017cb\u0119 z\u0142u<br>Szatan zniekszta\u0142ca widzenie zniewalaj\u0105c<br>Coraz bardziej by dobra w\u0142a\u015bciwego<br>Nie widzie\u0107 i z\u0142o nazywa\u0107 dobrem opatrznie<\/p>\n\n\n\n<p class=\"has-text-align-right\"><strong><em><a href=\"https:\/\/youtu.be\/GHrYcuOoJYU?si=yserb4Fi7ldjIdKv\">\u0141ukasz \u0141yczkowski &amp; 5 Rano &#8211; Nie jest \u017ale<\/a><\/em><\/strong> <\/p>\n\n\n\n<figure class=\"wp-block-gallery has-nested-images columns-default is-cropped wp-block-gallery-1 is-layout-flex wp-block-gallery-is-layout-flex\">\n<figure class=\"wp-block-image size-large\"><a href=\"https:\/\/hubertpietka.bialystok.pl\/wp-content\/uploads\/2025\/02\/IMG-20250225-WA0030.jpg\"><img loading=\"lazy\" decoding=\"async\" width=\"768\" height=\"1024\" data-id=\"9155\" src=\"https:\/\/hubertpietka.bialystok.pl\/wp-content\/uploads\/2025\/02\/IMG-20250225-WA0030-768x1024.jpg\" alt=\"\" class=\"wp-image-9155\" srcset=\"https:\/\/hubertpietka.bialystok.pl\/wp-content\/uploads\/2025\/02\/IMG-20250225-WA0030-768x1024.jpg 768w, https:\/\/hubertpietka.bialystok.pl\/wp-content\/uploads\/2025\/02\/IMG-20250225-WA0030-225x300.jpg 225w, https:\/\/hubertpietka.bialystok.pl\/wp-content\/uploads\/2025\/02\/IMG-20250225-WA0030-1152x1536.jpg 1152w, https:\/\/hubertpietka.bialystok.pl\/wp-content\/uploads\/2025\/02\/IMG-20250225-WA0030.jpg 1200w\" sizes=\"auto, (max-width: 768px) 100vw, 768px\" \/><\/a><\/figure>\n<\/figure>\n\n\n\n<p><em>Na zdj. Jezus Mi\u0142osierny i \u015bw. Faustyna<br>I Jan Pawe\u0142 II<br>Patronowie \u017cony i naszych bliskich<br>Mi\u0142osierdzie Bo\u017ce mo\u017ce by\u0107<br>Ale tylko dla tych<br>Kt\u00f3rzy ze z\u0142a zechc\u0105<br>Nawraca\u0107 si\u0119 i zaczn\u0105<br>Dobro nazywa\u0107 dobrem<br>A z\u0142o z\u0142em w prawdzie<br>Tych kt\u00f3rzy nie chc\u0105<br>Tego czyni\u0107 si\u0119 nawraca\u0107<br>Czeka karz\u0105ca Bo\u017ca sprawiedliwo\u015b\u0107<br>Kt\u00f3ra objawia si\u0119 ju\u017c<br>Za \u017cycia a po \u015bmierci<br>Definitywnie i finalnie<br>I\u015b\u0107 za dobrem i<br>Dobro czyni\u0107 a nie<br>S\u0142u\u017cy\u0107 z\u0142u i przez to<br>Szatanowi lecz s\u0142u\u017cy\u0107 Bogu<br>Tak nam zawsze Bo\u017ce dopom\u00f3\u017c<\/em><\/p>\n","protected":false},"excerpt":{"rendered":"<p>Kocha\u0107 wszystkich ludziA co to znaczyCzy to znaczy kocha\u0107 z\u0142ychI z\u0142o kt\u00f3re czyni\u0105Czy raczej potencja\u0142 dobraKt\u00f3ry jest w ka\u017cdym cz\u0142owiekuTylko niekt\u00f3rzy si\u0119 z\u0142u zaprzedaliStaj\u0105c si\u0119&hellip; <\/p>\n","protected":false},"author":1,"featured_media":0,"parent":0,"menu_order":0,"comment_status":"closed","ping_status":"closed","template":"","meta":{"footnotes":""},"class_list":["post-9154","page","type-page","status-publish","hentry"],"_links":{"self":[{"href":"https:\/\/hubertpietka.bialystok.pl\/index.php?rest_route=\/wp\/v2\/pages\/9154","targetHints":{"allow":["GET"]}}],"collection":[{"href":"https:\/\/hubertpietka.bialystok.pl\/index.php?rest_route=\/wp\/v2\/pages"}],"about":[{"href":"https:\/\/hubertpietka.bialystok.pl\/index.php?rest_route=\/wp\/v2\/types\/page"}],"author":[{"embeddable":true,"href":"https:\/\/hubertpietka.bialystok.pl\/index.php?rest_route=\/wp\/v2\/users\/1"}],"replies":[{"embeddable":true,"href":"https:\/\/hubertpietka.bialystok.pl\/index.php?rest_route=%2Fwp%2Fv2%2Fcomments&post=9154"}],"version-history":[{"count":1,"href":"https:\/\/hubertpietka.bialystok.pl\/index.php?rest_route=\/wp\/v2\/pages\/9154\/revisions"}],"predecessor-version":[{"id":9156,"href":"https:\/\/hubertpietka.bialystok.pl\/index.php?rest_route=\/wp\/v2\/pages\/9154\/revisions\/9156"}],"wp:attachment":[{"href":"https:\/\/hubertpietka.bialystok.pl\/index.php?rest_route=%2Fwp%2Fv2%2Fmedia&parent=9154"}],"curies":[{"name":"wp","href":"https:\/\/api.w.org\/{rel}","templated":true}]}}