{"id":9158,"date":"2025-03-03T10:37:21","date_gmt":"2025-03-03T10:37:21","guid":{"rendered":"https:\/\/hubertpietka.bialystok.pl\/?page_id=9158"},"modified":"2025-03-03T10:37:21","modified_gmt":"2025-03-03T10:37:21","slug":"listy-goncze-lisow-gonczych-wedlug-zasady-tyrani-i-przemocy","status":"publish","type":"page","link":"https:\/\/hubertpietka.bialystok.pl\/?page_id=9158","title":{"rendered":"Listy go\u0144cze &#8211; lis\u00f3w go\u0144czych \/ wed\u0142ug zasady tyrani i przemocy"},"content":{"rendered":"\n<p>Powiedzia\u0142 mi dzi\u015b szatan<br>Najlepiej by\u0142oby zrobi\u0107 list go\u0144czy<br>Na ciebie na was<br>A ja mu odpowiadam<br>Zapewne za to przest\u0119pstwo najci\u0119\u017csze<br>Nara\u017cenie si\u0119 na nienawi\u015b\u0107 z\u0142owrog\u0105<br>Bandyt\u00f3w i im podobnych<br>Bo przecie\u017c my nic z\u0142ego<br>Nie zrobili\u015bmy tak naprawd\u0119<br>I powinno by\u0107<br>Jak na dzikim zachodzie<br>Na tym dzikim wschodzie<br>&#8222;Poszukiwany \u017cywy lub martwy&#8221;<br>Z dopiskiem koniecznie \u017ce wiecie<br>Tak \u017ceby to wygl\u0105da\u0142o<br>\u017be to tak wysz\u0142o samo<br>\u017be niby nie nikt<br>Tak najlepiej \u015bmier\u0107 zadawa\u0107<br>A nagroda bandyt\u00f3w b\u0119dzie sowita<br>Pocieszy si\u0119 ni\u0105 nikczemnik<br>Przez trzy dni cho\u0107by potencjalnie<\/p>\n\n\n\n<p>Wtedy misie bandyckie b\u0119d\u0105 mia\u0142y<br>Niby czyste r\u0119ce<br>To nic \u017ce oni przecie\u017c<br>I inni im podobni<br>Zawsze wiedz\u0105 gdzie jestem jeste\u015bmy<br>Wa\u017cne \u017ceby to wygl\u0105da\u0142o odpowiednio<br>Jak ze wszystkim<br>U szatana i tych bandyt\u00f3w<br>Cho\u0107by te r\u00f3\u017cne chore nagrywania<br>Wa\u017cne \u017ceby pozory by\u0142y zachowane<br>A jak nie bandyckie misie<br>Z listem go\u0144czym czy bez<br>Inni bandyccy s\u0142u\u017calcy<br>To ta podwijka mo\u017ce przecie\u017c<br>Z doskoku te\u017c<br>Wed\u0142ug zapotrzebowania bandyckiego odpowiedniego<br>Lub inni jacy\u015b psychopaci<\/p>\n\n\n\n<p>I prosz\u0119 wybaczy\u0107<br>Tak jak nie wierz\u0119<br>W niewinno\u015b\u0107 tych bandyt\u00f3w<br>I im podobnych<br>W r\u00f3\u017cnych zagraniach do nas<br>To niestety nie wierz\u0119 te\u017c<br>W niewinno\u015b\u0107 cho\u0107by szkolnych dzieci<br>Pokazali to bandyci \u017ce mo\u017cna<br>Takie wykorzysta\u0107 przeciwko mnie<br>To i zapewne mo\u017cna<br>Przeciwko \u017conie odpowiednio te\u017c<br>Przecie\u017c tak si\u0119 r\u00f3\u017cni staraj\u0105<br>By zepsu\u0107 dzieci i to<br>Od lat najwcze\u015bniejszych<br>A jak z ko\u015bcio\u0142\u00f3w<br>Ci mog\u0105 jaskinie zb\u00f3jc\u00f3w robi\u0107<br>To co dopiero ze szk\u00f3\u0142<\/p>\n\n\n\n<p>Czy tam zreszt\u0105 jak<br>I kogo te\u017c<br>B\u0119d\u0105 chcieli wykorzysta\u0107 ci bandyci<br>O fakty chodzi<br>Wi\u0119c niech se nie my\u015bl\u0105<br>\u017be oczy zamydl\u0105 mi<br>A tym bardziej Bogu<br>We wszystkim zreszt\u0105<br>Co si\u0119 odnosi do nas<br>Naszych i naszego<\/p>\n\n\n\n<figure class=\"wp-block-gallery has-nested-images columns-default is-cropped wp-block-gallery-1 is-layout-flex wp-block-gallery-is-layout-flex\">\n<figure class=\"wp-block-image size-large\"><a href=\"https:\/\/hubertpietka.bialystok.pl\/wp-content\/uploads\/2025\/03\/IMG-20250301-WA0023.jpg\"><img loading=\"lazy\" decoding=\"async\" width=\"768\" height=\"1024\" data-id=\"9159\" src=\"https:\/\/hubertpietka.bialystok.pl\/wp-content\/uploads\/2025\/03\/IMG-20250301-WA0023-768x1024.jpg\" alt=\"\" class=\"wp-image-9159\" srcset=\"https:\/\/hubertpietka.bialystok.pl\/wp-content\/uploads\/2025\/03\/IMG-20250301-WA0023-768x1024.jpg 768w, https:\/\/hubertpietka.bialystok.pl\/wp-content\/uploads\/2025\/03\/IMG-20250301-WA0023-225x300.jpg 225w, https:\/\/hubertpietka.bialystok.pl\/wp-content\/uploads\/2025\/03\/IMG-20250301-WA0023-1152x1536.jpg 1152w, https:\/\/hubertpietka.bialystok.pl\/wp-content\/uploads\/2025\/03\/IMG-20250301-WA0023.jpg 1200w\" sizes=\"auto, (max-width: 768px) 100vw, 768px\" \/><\/a><\/figure>\n<\/figure>\n\n\n\n<p><em>Na zdj. Dzieci Fatimskie<br>Niestety oni robi\u0105 wszystko<br>By zniszczy\u0107 niewinno\u015b\u0107<br>dzieci\u0144stwa<br>Dlatego te\u017c cho\u0107by<br>Nie chc\u0119 mie\u0107 dzieci<br>Zreszt\u0105 oni robi\u0105 wszystko<br>By demoralizowa\u0107 ludzi<br>W postrzeganiu prawdy i czysto\u015bci<br>By wywo\u0142ywa\u0107 odruchy najgorsze<br>W ludziach na zasadzie<br>Pierwotnych instynkt\u00f3w i bezsumienia<\/em><\/p>\n\n\n\n<p class=\"has-text-align-left\">( <strong><em><a href=\"https:\/\/youtu.be\/x05wN7pqsgg?si=iqe7iAszJou5rUbM\">Panny Wykl\u0119te &#8211; Noc<\/a><\/em><\/strong> <\/p>\n\n\n\n<p class=\"has-text-align-center\">\/<\/p>\n\n\n\n<p class=\"has-text-align-right\">&#8211; a nam spokoju nie chc\u0105 da\u0107 nawet noc\u0105 )<\/p>\n","protected":false},"excerpt":{"rendered":"<p>Powiedzia\u0142 mi dzi\u015b szatanNajlepiej by\u0142oby zrobi\u0107 list go\u0144czyNa ciebie na wasA ja mu odpowiadamZapewne za to przest\u0119pstwo najci\u0119\u017cszeNara\u017cenie si\u0119 na nienawi\u015b\u0107 z\u0142owrog\u0105Bandyt\u00f3w i im podobnychBo&hellip; <\/p>\n","protected":false},"author":1,"featured_media":0,"parent":0,"menu_order":0,"comment_status":"closed","ping_status":"closed","template":"","meta":{"footnotes":""},"class_list":["post-9158","page","type-page","status-publish","hentry"],"_links":{"self":[{"href":"https:\/\/hubertpietka.bialystok.pl\/index.php?rest_route=\/wp\/v2\/pages\/9158","targetHints":{"allow":["GET"]}}],"collection":[{"href":"https:\/\/hubertpietka.bialystok.pl\/index.php?rest_route=\/wp\/v2\/pages"}],"about":[{"href":"https:\/\/hubertpietka.bialystok.pl\/index.php?rest_route=\/wp\/v2\/types\/page"}],"author":[{"embeddable":true,"href":"https:\/\/hubertpietka.bialystok.pl\/index.php?rest_route=\/wp\/v2\/users\/1"}],"replies":[{"embeddable":true,"href":"https:\/\/hubertpietka.bialystok.pl\/index.php?rest_route=%2Fwp%2Fv2%2Fcomments&post=9158"}],"version-history":[{"count":1,"href":"https:\/\/hubertpietka.bialystok.pl\/index.php?rest_route=\/wp\/v2\/pages\/9158\/revisions"}],"predecessor-version":[{"id":9160,"href":"https:\/\/hubertpietka.bialystok.pl\/index.php?rest_route=\/wp\/v2\/pages\/9158\/revisions\/9160"}],"wp:attachment":[{"href":"https:\/\/hubertpietka.bialystok.pl\/index.php?rest_route=%2Fwp%2Fv2%2Fmedia&parent=9158"}],"curies":[{"name":"wp","href":"https:\/\/api.w.org\/{rel}","templated":true}]}}