{"id":9166,"date":"2025-03-06T12:48:01","date_gmt":"2025-03-06T12:48:01","guid":{"rendered":"https:\/\/hubertpietka.bialystok.pl\/?page_id=9166"},"modified":"2025-03-06T18:52:13","modified_gmt":"2025-03-06T18:52:13","slug":"malzenstwa-sakrament-po-bozemu-a-wedlug-bandyctwa-tego","status":"publish","type":"page","link":"https:\/\/hubertpietka.bialystok.pl\/?page_id=9166","title":{"rendered":"Ma\u0142\u017ce\u0144stwa sakrament po Bo\u017cemu \/ a wed\u0142ug bandyctwa tego"},"content":{"rendered":"\n<p>Sami \u017cyj\u0105 co najmniej<br>W zwi\u0105zkach niesakramentalnych<br>Albo i te\u017c po rozwodach<br>Albo innych co gorsza nieuporz\u0105dkowanych<br>I wa\u017cne tylko \u017ceby<br>Co\u015b dobrze wygl\u0105da\u0142o na zewn\u0105trz<br>A chc\u0105 ocenia\u0107 ma\u0142\u017ce\u0144stwo sakramentalne<br>\u017be niby oni lepiej wiedz\u0105<br>Co jest jakie u Boga<br>Jak powinno by\u0107 po ludzku<br>To i mo\u017ce wiedz\u0105<br>Ale nie bior\u0105 tego<br>Pod uwag\u0119 co oni nam<br>Czyni\u0105 nieustannie i ile<br>Nas to wszystko kosztuje<br>A gdyby w\u0142a\u015bciwie rozumieli<br>Bo\u017ce sprawy nie chcieliby<br>Rozdziera\u0107 i rozdziela\u0107 ma\u0142\u017ce\u0144stwo sakramentalne<br>I tym bardziej rozumieli by<br>\u017be B\u00f3g chce zawsze<br>Bardziej mi\u0142osierdzia ni\u017c ich zbrodni<br>A co przeciwne Bogu<br>To jest szata\u0144skie<br>Na zasadzie cho\u0107by kontrastu<br>I tak to wszystko bandyctwo<\/p>\n\n\n\n<p><em>Dzi\u015b \u015bw. R\u00f3\u017cy<br>Ka\u017cda r\u00f3\u017ca ma kolce<br>Wi\u0119c si\u0119 czasem mo\u017cna *<strong>pok\u0142\u00f3\u0107<\/strong>*<br>Czy nawet *<strong>pok\u0142\u00f3ci\u0107<\/strong>*<br>Nie zmienia to faktu<br>\u017be ka\u017cdy Ma\u0142y Ksi\u0105\u017c\u0119<br>Jest odpowiedzialny za R\u00f3\u017c\u0119 swoj\u0105<br>A we\u017acie te\u017c pod uwag\u0119<br>To sobie dobrze<br>\u017be akurat bez tej R\u00f3\u017cy<br>\u015awiat istnia\u0142 nie b\u0119dzie<br>Powiedzia\u0142em i nie zmieni\u0119<br>Jakkolwiek jest mi\u0119dzy nami<br>Czy te\u017c b\u0119dzie<br>Cho\u0107by po to by\u015bcie poznali<br>Czym jest sakrament ma\u0142\u017ce\u0144stwa<br>W Bo\u017cej prawdzie<\/em><\/p>\n\n\n\n<figure class=\"wp-block-gallery has-nested-images columns-default is-cropped wp-block-gallery-1 is-layout-flex wp-block-gallery-is-layout-flex\">\n<figure class=\"wp-block-image size-large\"><a href=\"https:\/\/hubertpietka.bialystok.pl\/wp-content\/uploads\/2025\/03\/IMG-20250306-WA0010.jpg\"><img loading=\"lazy\" decoding=\"async\" width=\"768\" height=\"1024\" data-id=\"9167\" src=\"https:\/\/hubertpietka.bialystok.pl\/wp-content\/uploads\/2025\/03\/IMG-20250306-WA0010-768x1024.jpg\" alt=\"\" class=\"wp-image-9167\" srcset=\"https:\/\/hubertpietka.bialystok.pl\/wp-content\/uploads\/2025\/03\/IMG-20250306-WA0010-768x1024.jpg 768w, https:\/\/hubertpietka.bialystok.pl\/wp-content\/uploads\/2025\/03\/IMG-20250306-WA0010-225x300.jpg 225w, https:\/\/hubertpietka.bialystok.pl\/wp-content\/uploads\/2025\/03\/IMG-20250306-WA0010-1152x1536.jpg 1152w, https:\/\/hubertpietka.bialystok.pl\/wp-content\/uploads\/2025\/03\/IMG-20250306-WA0010.jpg 1200w\" sizes=\"auto, (max-width: 768px) 100vw, 768px\" \/><\/a><\/figure>\n<\/figure>\n\n\n\n<p><strong>Na zdj. Krzy\u017c i Maryja<br>Przy ko\u015bciele \u015bw. Jadwigi<br>Czysto\u015b\u0107 idzie w parze<br>Czasem te\u017c z przesileniem<br>Kt\u00f3re mo\u017ce si\u0119 wyra\u017ca\u0107 przewra\u017cliwieniem<br>Jakim\u015b przeci\u0105\u017ceniem<br>Tym bardziej \u017ce to bandyctwo<br>I im podobni r\u00f3\u017cni<br>Gruszek w popiele<br>Raczej nie zasypuj\u0105 przys\u0142owiowo m\u00f3wi\u0105c<br>Aby nam wszelkie z\u0142o czyni\u0107<br>A b\u0119d\u0105c ze sob\u0105 razem<br>Wie si\u0119 komu si\u0119 zaufa\u0142o<br>Poprzez sakrament ma\u0142\u017ce\u0144stwa zw\u0142aszcza<br>A w ma\u0142\u017ce\u0144stwie kr\u00f3luje zawsze<br>M\u0105\u017c i \u017cona najpierw<\/strong><\/p>\n\n\n\n<p><strong><em>I ani mi Ani<br>Z nami naszymi naszym<br>I niech spadaj\u0105 wszelcy<br>Obro\u0144cy bandyckiego z\u0142a zawodowi prywatni<br>Ich szata\u0144skich zbrodni i k\u0142amstw<br>Jezu ufam Tobie<br>W ka\u017cdy \u017cycia czas<\/em><\/strong><\/p>\n\n\n\n<p><strong><em><a href=\"https:\/\/youtu.be\/5hsbbvFzGMU?si=2BGOBapiTznkZuxt\">Czerwono-Czarni &#8211; Ma\u0142y Ksi\u0105\u017c\u0119 <\/a><\/em><\/strong><\/p>\n","protected":false},"excerpt":{"rendered":"<p>Sami \u017cyj\u0105 co najmniejW zwi\u0105zkach niesakramentalnychAlbo i te\u017c po rozwodachAlbo innych co gorsza nieuporz\u0105dkowanychI wa\u017cne tylko \u017cebyCo\u015b dobrze wygl\u0105da\u0142o na zewn\u0105trzA chc\u0105 ocenia\u0107 ma\u0142\u017ce\u0144stwo sakramentalne\u017be&hellip; <\/p>\n","protected":false},"author":1,"featured_media":0,"parent":0,"menu_order":0,"comment_status":"closed","ping_status":"closed","template":"","meta":{"footnotes":""},"class_list":["post-9166","page","type-page","status-publish","hentry"],"_links":{"self":[{"href":"https:\/\/hubertpietka.bialystok.pl\/index.php?rest_route=\/wp\/v2\/pages\/9166","targetHints":{"allow":["GET"]}}],"collection":[{"href":"https:\/\/hubertpietka.bialystok.pl\/index.php?rest_route=\/wp\/v2\/pages"}],"about":[{"href":"https:\/\/hubertpietka.bialystok.pl\/index.php?rest_route=\/wp\/v2\/types\/page"}],"author":[{"embeddable":true,"href":"https:\/\/hubertpietka.bialystok.pl\/index.php?rest_route=\/wp\/v2\/users\/1"}],"replies":[{"embeddable":true,"href":"https:\/\/hubertpietka.bialystok.pl\/index.php?rest_route=%2Fwp%2Fv2%2Fcomments&post=9166"}],"version-history":[{"count":3,"href":"https:\/\/hubertpietka.bialystok.pl\/index.php?rest_route=\/wp\/v2\/pages\/9166\/revisions"}],"predecessor-version":[{"id":9172,"href":"https:\/\/hubertpietka.bialystok.pl\/index.php?rest_route=\/wp\/v2\/pages\/9166\/revisions\/9172"}],"wp:attachment":[{"href":"https:\/\/hubertpietka.bialystok.pl\/index.php?rest_route=%2Fwp%2Fv2%2Fmedia&parent=9166"}],"curies":[{"name":"wp","href":"https:\/\/api.w.org\/{rel}","templated":true}]}}