{"id":9175,"date":"2025-03-09T22:53:03","date_gmt":"2025-03-09T22:53:03","guid":{"rendered":"https:\/\/hubertpietka.bialystok.pl\/?page_id=9175"},"modified":"2025-03-09T22:53:03","modified_gmt":"2025-03-09T22:53:03","slug":"niepomierna-wyzszosc-i-lepszosc-tego-calego-bandyctwa-nad-smiertelnikow-zwyklych","status":"publish","type":"page","link":"https:\/\/hubertpietka.bialystok.pl\/?page_id=9175","title":{"rendered":"Niepomierna wy\u017cszo\u015b\u0107 i lepszo\u015b\u0107 tego ca\u0142ego bandyctwa \/\/ nad \u015bmiertelnik\u00f3w zwyk\u0142ych"},"content":{"rendered":"\n<p>Przecie\u017c my tylko chcieliby\u015bmy<br>Normalnie \u017cy\u0107 zwyczajnie<br>A oni zawzi\u0119li si\u0119<br>By zniszczy\u0107 nam \u017cycie<\/p>\n\n\n\n<p>Z czego to wynika<br>Jak nie z nienawi\u015bci szata\u0144skiej<br>Bo my nie chcemy<br>Nikomu niszczy\u0107 \u017cycia<br>Wr\u0119cz przeciwnie<\/p>\n\n\n\n<p>Zabi\u0107 \u017con\u0119 zniewoli\u0107 i m\u0119\u017ca<br>Zniszczy\u0107 nas naszych i nasze<br>Ale nie tylko chyba<br>Z\u0142owrogi refren nienawistnych<br>Tak bardzo przeszkadzamy<br>W procederach zbrodni r\u00f3\u017cnych<br>\u017be trzeba najpierw nas wyeliminowa\u0107<\/p>\n\n\n\n<p>Bandyckie misie inni s\u0142u\u017cbi\u015bci<br>Psychopaci r\u00f3\u017cni kt\u00f3rym zbrodniczo\u015b\u0107 bandycka<br>Ci\u0105gle na my\u015bli chyba<br>Byleby tylko w nas uderza\u0107<\/p>\n\n\n\n<p>Chorzy chyba o Panie<br>Bo jak to nazwa\u0107 inaczej<br>W tych nagrywaniach permanentnych perfidnych<br>Podobnie w tym \u0142apaniu<br>Na czerwone po bandycku<br>Chyba chorzy na nienawi\u015b\u0107 zawistn\u0105<br>Najgorsza to choroba<\/p>\n\n\n\n<p><strong><em><a href=\"https:\/\/youtu.be\/bR9dGWmmbyc?si=ZXldxlnCxJXXV0BP\">Houk &#8211; \u017byj\u0119 w tym mie\u015bcie<\/a><\/em><\/strong><\/p>\n\n\n\n<figure class=\"wp-block-embed is-type-video is-provider-youtube wp-block-embed-youtube wp-embed-aspect-4-3 wp-has-aspect-ratio\"><div class=\"wp-block-embed__wrapper\">\n<iframe loading=\"lazy\" title=\"Houk- \u017byj\u0119 w tym mie\u015bcie\" width=\"1333\" height=\"1000\" src=\"https:\/\/www.youtube.com\/embed\/bR9dGWmmbyc?feature=oembed\" frameborder=\"0\" allow=\"accelerometer; autoplay; clipboard-write; encrypted-media; gyroscope; picture-in-picture; web-share\" referrerpolicy=\"strict-origin-when-cross-origin\" allowfullscreen><\/iframe>\n<\/div><\/figure>\n\n\n\n<p class=\"has-text-align-center\">\/<\/p>\n\n\n\n<p class=\"has-text-align-right\"><strong><em><a href=\"https:\/\/youtu.be\/4UMtnoSBQuo?si=e596N4mfH0woi-kx\">Bartosz Bart Sosnowski &#8211; Jak na psy<\/a><\/em><\/strong><\/p>\n\n\n\n<figure class=\"wp-block-embed is-type-video is-provider-youtube wp-block-embed-youtube wp-embed-aspect-16-9 wp-has-aspect-ratio\"><div class=\"wp-block-embed__wrapper\">\n<iframe loading=\"lazy\" title=\"BARTOSZ &quot;Bart&quot; SOSNOWSKI (1983-2021 R..I.P.) &quot;Jak na psy&quot;  live 2021\" width=\"1778\" height=\"1000\" src=\"https:\/\/www.youtube.com\/embed\/4UMtnoSBQuo?feature=oembed\" frameborder=\"0\" allow=\"accelerometer; autoplay; clipboard-write; encrypted-media; gyroscope; picture-in-picture; web-share\" referrerpolicy=\"strict-origin-when-cross-origin\" allowfullscreen><\/iframe>\n<\/div><\/figure>\n\n\n\n<p><em>Mam wra\u017cenie czasem<br>\u017be im bardziej si\u0119 broni<br>Cz\u0142owiek swoich swojego<br>To tym bardziej wzrasta<br>Ta nienawi\u015b\u0107 szata\u0144ska bandyctwa<br>I im podobnych<br>Widocznie uwa\u017caj\u0105 si\u0119 za lepszych<br>I \u017ce maj\u0105 prawo<br>Kogo\u015b zgnie\u015b\u0107 jak przys\u0142owiow\u0105 much\u0119<br>Co im tam przecie\u017c<br>Skoro oni wszystko po szata\u0144sku<br>\u017be przed Bogiem<br>S\u0105 przecie\u017c wszyscy r\u00f3wni<br>Z naciskiem tylko<br>Na postawy moralne w\u0142a\u015bciwe<br>Ale to im jest obce<br>Ze wzgl\u0119du na szata\u0144stwo wszelkie<br>W ich post\u0119powaniu<br>W niby prawie<br>Do \u015bmierci zniewolenia zniszczenia<br>Dla nas naszych i naszego<br>Ale przecie\u017c nie tylko<br>Wy\u017csze ale chyba w szatanie<br>Jest to bandyctwo ca\u0142e<br>I w wszelkim z\u0142u zbrodniczym<br>Pod\u0142ug niego i tak\u017ce<br>W r\u00f3\u017cnych szata\u0144skich k\u0142amstwach<br>Wszelkiej ob\u0142udzie pod\u0142o\u015bciach perfidii niezmiernej<br>W d\u0105\u017ceniach do zbrodni<br>W tym na pewno<br>Jest wy\u017csze to bandyctwo<br>I im wszelcy podobni<br>Jezu ufam Tobie<br>Wbrew tym wszelkim<br>Szata\u0144skim postawom<br>I nie podoba im si\u0119<br>\u017be m\u00f3wi\u0119 prawd\u0119<\/em><\/p>\n\n\n\n<p><em>Tak s\u0105 przecie\u017c wy\u017csi<br>Wed\u0142ug szata\u0144skiej w\u0142a\u015bnie pychy<br>I zadufania w sobie<br>Wed\u0142ug tego s\u0105 wy\u017csi<br>I lepsi na pewno<br>Wy\u017csi lepsi<br>Z prawem wobec kogo\u015b<br>Do \u017cycia i \u015bmierci<br>Jak Bug tacy wysocy<br>Tak daleko mo\u017ce si\u0119ga\u0107<br>Pycha zawi\u015b\u0107 i w sobie<br>Niezmierne i bezbrze\u017cne zadufanie<\/em><\/p>\n\n\n\n<p><em>I w tym s\u0105 te\u017c<br>Na pewno wy\u017csi niedosi\u0119\u017cnie<br>Co kto\u015b powinien<br>Nak\u0142adaj\u0105c na nas ci\u0119\u017cary r\u00f3\u017cne<br>Tak naprawd\u0119 nie do uniesienia<br>Kt\u00f3rych sami m\u00f3wi\u0105c ewangelicznie<br>Jak faryzeusze ob\u0142udnicy<br>Nie chc\u0105 tkn\u0105\u0107 nawet palcem<br>Tak\u017ce w wielu rzeczach s\u0105<br>Wy\u017csi ci bandyci r\u00f3\u017cni wszelcy<br>Cho\u0107by w pysze szata\u0144skiej<br>I perfidnie pod\u0142ej ob\u0142udzie<br>W tym s\u0105 wr\u0119cz niedo\u015bcigni\u0119ci<br>Bior\u0105c te\u017c cho\u0107by pod uwag\u0119<br>Te ich r\u00f3\u017cne chore<br>Wy\u015bcigi w mie\u015bcie<br>Tak by wszystko po bandycku<br>By\u0142o tak w\u0142a\u015bnie po szata\u0144sku<\/em><\/p>\n","protected":false},"excerpt":{"rendered":"<p>Przecie\u017c my tylko chcieliby\u015bmyNormalnie \u017cy\u0107 zwyczajnieA oni zawzi\u0119li si\u0119By zniszczy\u0107 nam \u017cycie Z czego to wynikaJak nie z nienawi\u015bci szata\u0144skiejBo my nie chcemyNikomu niszczy\u0107 \u017cyciaWr\u0119cz&hellip; <\/p>\n","protected":false},"author":1,"featured_media":0,"parent":0,"menu_order":0,"comment_status":"closed","ping_status":"closed","template":"","meta":{"footnotes":""},"class_list":["post-9175","page","type-page","status-publish","hentry"],"_links":{"self":[{"href":"https:\/\/hubertpietka.bialystok.pl\/index.php?rest_route=\/wp\/v2\/pages\/9175","targetHints":{"allow":["GET"]}}],"collection":[{"href":"https:\/\/hubertpietka.bialystok.pl\/index.php?rest_route=\/wp\/v2\/pages"}],"about":[{"href":"https:\/\/hubertpietka.bialystok.pl\/index.php?rest_route=\/wp\/v2\/types\/page"}],"author":[{"embeddable":true,"href":"https:\/\/hubertpietka.bialystok.pl\/index.php?rest_route=\/wp\/v2\/users\/1"}],"replies":[{"embeddable":true,"href":"https:\/\/hubertpietka.bialystok.pl\/index.php?rest_route=%2Fwp%2Fv2%2Fcomments&post=9175"}],"version-history":[{"count":1,"href":"https:\/\/hubertpietka.bialystok.pl\/index.php?rest_route=\/wp\/v2\/pages\/9175\/revisions"}],"predecessor-version":[{"id":9176,"href":"https:\/\/hubertpietka.bialystok.pl\/index.php?rest_route=\/wp\/v2\/pages\/9175\/revisions\/9176"}],"wp:attachment":[{"href":"https:\/\/hubertpietka.bialystok.pl\/index.php?rest_route=%2Fwp%2Fv2%2Fmedia&parent=9175"}],"curies":[{"name":"wp","href":"https:\/\/api.w.org\/{rel}","templated":true}]}}