{"id":9178,"date":"2025-03-13T08:30:29","date_gmt":"2025-03-13T08:30:29","guid":{"rendered":"https:\/\/hubertpietka.bialystok.pl\/?page_id=9178"},"modified":"2025-03-13T08:30:29","modified_gmt":"2025-03-13T08:30:29","slug":"ze-zwierzem-czolowe-zderzenie-przypadkowe-czy-nie-byleby-tylko-wszystko-po-bandycku","status":"publish","type":"page","link":"https:\/\/hubertpietka.bialystok.pl\/?page_id=9178","title":{"rendered":"Ze zwierzem czo\u0142owe zderzenie \/ przypadkowe czy nie \/\/ byleby tylko wszystko po bandycku"},"content":{"rendered":"\n<p>Wczoraj ko\u0142o miejscowo\u015bci *<strong>Klebonka<\/strong>*<br>Wydarzy\u0142o si\u0119 tak zwane<br>Zdarzenie drogowe nieprzewidziane<br>A czy\u017c to nie by\u0142a i czasem<br>Bandycka *<strong>kaba\u0142ka<\/strong>*<br>Przecie\u017c wiadomo \u017ce oni<br>Nie cofn\u0105 si\u0119 chyba<br>Przed niczym co mo\u017ce<br>Nam zaszkodzi\u0107 jako\u015b<br>Zderzy\u0142em si\u0119 samochodem jad\u0105c<br>Z czym\u015b du\u017cym<br>Nie wiem \u0142o\u015b czy jele\u0144<br>Najpierw przebieg\u0142 jeden<br>Wi\u0119c mocno zahamowa\u0142em zwolni\u0142em<br>Niestety przed drugim nie zd\u0105\u017cy\u0142em<br>I uderzy\u0142 w samoch\u00f3d<br>Nam si\u0119 nic nie sta\u0142o<br>Ani mi ani psu<br>Kt\u00f3ry by\u0142 ze mn\u0105<br>Bo ju\u017c jecha\u0142em do\u015b\u0107 wolno<br>Inaczej mog\u0142oby by\u0107 du\u017co gorzej<br>Zwierz zatrzyma\u0142 si\u0119 na masce<br>Nie wpad\u0142 do \u015brodka<br>I par\u0119 metr\u00f3w potem odskoczy\u0142<\/p>\n\n\n\n<p>A czy\u017c to by\u0107<br>Nie mog\u0142o motywowane bandycko<br>Skoro oni byleby tylko<br>Nam jako\u015b zaszkodzi\u0107<br>Wczoraj dzie\u0144 by\u0142 dobry<br>Wyst\u0119p m\u00f3j i piesk\u00f3w<br>W bia\u0142ostockim Obiektywie telewizji regionalnej<br>I to chwil\u0119 przed tym<br>Zdarzeniem w\u0142a\u015bnie<br>A czy\u017c czasem<br>Nie mog\u0142a to by\u0107<br>Bandycka nagonka tak zwana<br>Jest takie co\u015b w my\u015blistwie<br>Kto wie ten wie<br>\u017be zwierz\u0119ta si\u0119 nakierowuje<br>W spos\u00f3b odpowiedni<br>Nie jest to trudne<br>Bo ja w terenie niezabudowanym<br>Jad\u0119 zwykle ze stabiln\u0105 pr\u0119dko\u015bci\u0105<br>Tak zwan\u0105 dopuszczaln\u0105<br>Wi\u0119c przewidzie\u0107 \u0142atwo<br>Gdzie mog\u0119 by\u0107 i kiedy<br>I bandyci to wiedz\u0105<br>Co\u015b mi tak m\u00f3wi tak\u017ce <br>To moje imi\u0119 patrona my\u015bliwych<\/p>\n\n\n\n<p>Tylko niestety nie sta\u0142o si\u0119<br>Do ko\u0144ca po bandycku<br>Bo nic nam si\u0119 nie sta\u0142o jako\u015b<br>Byliby zadowoleni bardziej<br>Jakby by\u0142o inaczej<br>I oczywi\u015bcie im to te\u017c<br>Nie przeszkadza wcale<br>By chcie\u0107 zabi\u0107 zniewoli\u0107 \u017con\u0119<br>Dalej mnie nam szkodzi\u0107 jako\u015b<br>Wczoraj wr\u00f3ci\u0142a po dw\u00f3ch tygodniach<br>Ta podwija i oczywi\u015bcie mia\u0142a<br>Ju\u017c tu wywija\u0107 po bandycku<br>Tak\u017ce to zdarzenie bardzo<br>Na ten m\u0142yn bandycki<br>R\u00f3\u017cnych k\u0142amstw cho\u0107by mnie kompromitacji<br>Bo przecie\u017c uderzy\u0142em w zwierz\u0119<br>A wiem to st\u0105d te\u017c<br>\u017be wcze\u015bniej parokrotnie unikn\u0105\u0142em<br>Takich w\u0142a\u015bnie zdarze\u0144<br>I co za bandycki przypadek<br>Wtedy w\u0142a\u015bnie \u017cadnego ruchu<br>Nie by\u0142o na drodze<br>Ani tych wy\u015bcig\u00f3w bandyckich tak\u017ce<br>Tote\u017c to bardzo<br>Na ten m\u0142yn bandyckich k\u0142amstw<br>I o zobacz drugi samoch\u00f3d<br>Pi\u0119\u0107 centymetr\u00f3w wystaje za lini\u0119 parkowania<br>To jego te\u017c trzeba nas<br>Po bandycku potraktowa\u0107<br>Przez jakich\u015b bandyckich s\u0142u\u017calc\u00f3w<br>I pewnie b\u0119d\u0105 te\u017c komplikacje<br>Ze \u015bci\u0105gni\u0119ciem tego samochodu<br>Bo on niestety do kasacji<br>Wszystko musi by\u0107 przecie\u017c<br>Po bandycku \u017ce oni<br>Niby nic \u017ce przypadek<br>Ale byleby tylko by\u0142o to wszystko<br>Jak akurat pasuje tym bandytom<br>Tak\u017ce taka sytuacja<br>Oni d\u0105\u017c\u0105 do najgorszych<br>Rzeczy dla nas nieustannie<br>Ze zbrodnicz\u0105 premedytacj\u0105<br>I nie cofn\u0105 si\u0119 chyba<br>I przed niczym<br>A nawet je\u015bli to rzeczywi\u015bcie<br>By\u0142 przypadek cho\u0107 ja to<br>Znaj\u0105c dzia\u0142ania bandyckie r\u00f3\u017cne<br>Nie wierz\u0119 za grosz<br>To nie do ko\u0144ca<br>By\u0142o to my\u015bli bandyckiej<br>Bo przecie\u017c dzi\u0119ki Bogu<br>Nic nam si\u0119 nie sta\u0142o<br>A samoch\u00f3d no c\u00f3\u017c<br>Trudno ale to tylko samoch\u00f3d<br>Cho\u0107 oczywi\u015bcie i to tak\u017ce<br>Taka nasza strata<\/p>\n\n\n\n<figure class=\"wp-block-gallery has-nested-images columns-default is-cropped wp-block-gallery-1 is-layout-flex wp-block-gallery-is-layout-flex\">\n<figure class=\"wp-block-image size-large\"><a href=\"https:\/\/hubertpietka.bialystok.pl\/wp-content\/uploads\/2025\/03\/IMG-20250312-WA0059.jpg\"><img loading=\"lazy\" decoding=\"async\" width=\"1024\" height=\"768\" data-id=\"9179\" src=\"https:\/\/hubertpietka.bialystok.pl\/wp-content\/uploads\/2025\/03\/IMG-20250312-WA0059-1024x768.jpg\" alt=\"\" class=\"wp-image-9179\" srcset=\"https:\/\/hubertpietka.bialystok.pl\/wp-content\/uploads\/2025\/03\/IMG-20250312-WA0059-1024x768.jpg 1024w, https:\/\/hubertpietka.bialystok.pl\/wp-content\/uploads\/2025\/03\/IMG-20250312-WA0059-300x225.jpg 300w, https:\/\/hubertpietka.bialystok.pl\/wp-content\/uploads\/2025\/03\/IMG-20250312-WA0059-768x576.jpg 768w, https:\/\/hubertpietka.bialystok.pl\/wp-content\/uploads\/2025\/03\/IMG-20250312-WA0059-1536x1152.jpg 1536w, https:\/\/hubertpietka.bialystok.pl\/wp-content\/uploads\/2025\/03\/IMG-20250312-WA0059.jpg 1600w\" sizes=\"auto, (max-width: 1024px) 100vw, 1024px\" \/><\/a><\/figure>\n<\/figure>\n\n\n\n<p><em>Na zdj. Po zderzeniu z du\u017cym zwierzem<br>Czy to by\u0142a nagonka<br>Czy te\u017c nie<br>A oni lubi\u0105 takie<br>I dos\u0142ownie i w przeno\u015bni<br>Na mnie na \u017conie<br>Na nas naszych i naszym<br>Tak\u017ce by nas kompromitowa\u0107<br>Na wszelkie sposoby przed \u015bwiatem<br>Bogu dzi\u0119ki bez wi\u0119kszych konsekwencji<br>Cho\u0107 oni na pewno b\u0119d\u0105<br>Utrudnia\u0107 dalsze czynno\u015bci<br>Cho\u0107by z tym wrakiem samochodu<br>Bo przecie\u017c wszystko<br>Musi by\u0107 nie inaczej<br>A w\u0142a\u015bnie po bandycku<br>Niby przypadkiem czy jak tam<br>Wszystko ma s\u0142u\u017cy\u0107 szata\u0144skim<br>Tych bandyt\u00f3w zbrodniom i k\u0142amstwom<\/em><\/p>\n","protected":false},"excerpt":{"rendered":"<p>Wczoraj ko\u0142o miejscowo\u015bci *Klebonka*Wydarzy\u0142o si\u0119 tak zwaneZdarzenie drogowe nieprzewidzianeA czy\u017c to nie by\u0142a i czasemBandycka *kaba\u0142ka*Przecie\u017c wiadomo \u017ce oniNie cofn\u0105 si\u0119 chybaPrzed niczym co mo\u017ceNam&hellip; <\/p>\n","protected":false},"author":1,"featured_media":0,"parent":0,"menu_order":0,"comment_status":"closed","ping_status":"closed","template":"","meta":{"footnotes":""},"class_list":["post-9178","page","type-page","status-publish","hentry"],"_links":{"self":[{"href":"https:\/\/hubertpietka.bialystok.pl\/index.php?rest_route=\/wp\/v2\/pages\/9178","targetHints":{"allow":["GET"]}}],"collection":[{"href":"https:\/\/hubertpietka.bialystok.pl\/index.php?rest_route=\/wp\/v2\/pages"}],"about":[{"href":"https:\/\/hubertpietka.bialystok.pl\/index.php?rest_route=\/wp\/v2\/types\/page"}],"author":[{"embeddable":true,"href":"https:\/\/hubertpietka.bialystok.pl\/index.php?rest_route=\/wp\/v2\/users\/1"}],"replies":[{"embeddable":true,"href":"https:\/\/hubertpietka.bialystok.pl\/index.php?rest_route=%2Fwp%2Fv2%2Fcomments&post=9178"}],"version-history":[{"count":1,"href":"https:\/\/hubertpietka.bialystok.pl\/index.php?rest_route=\/wp\/v2\/pages\/9178\/revisions"}],"predecessor-version":[{"id":9180,"href":"https:\/\/hubertpietka.bialystok.pl\/index.php?rest_route=\/wp\/v2\/pages\/9178\/revisions\/9180"}],"wp:attachment":[{"href":"https:\/\/hubertpietka.bialystok.pl\/index.php?rest_route=%2Fwp%2Fv2%2Fmedia&parent=9178"}],"curies":[{"name":"wp","href":"https:\/\/api.w.org\/{rel}","templated":true}]}}