{"id":9182,"date":"2025-03-16T09:38:12","date_gmt":"2025-03-16T09:38:12","guid":{"rendered":"https:\/\/hubertpietka.bialystok.pl\/?page_id=9182"},"modified":"2025-03-16T09:38:12","modified_gmt":"2025-03-16T09:38:12","slug":"w-przeciazeniach-zla-czasem-przepraszam-dziekuje-prosze-najpierw-zonie-i-wszystkim-ludziom-woli-dobrej","status":"publish","type":"page","link":"https:\/\/hubertpietka.bialystok.pl\/?page_id=9182","title":{"rendered":"W przeci\u0105\u017ceniach z\u0142a czasem \/ przepraszam dzi\u0119kuj\u0119 prosz\u0119 \/ najpierw \u017conie i wszystkim ludziom woli dobrej"},"content":{"rendered":"\n<p>Je\u015bli mam kogo\u015b przeprasza\u0107<br>To najpierw moj\u0105 \u017con\u0119<br>\u017be czasami jestem dla niej<br>Niezbyt dobry<br>Zwyk\u0142a ludzka s\u0142abo\u015b\u0107<br>Kt\u00f3ra si\u0119 niestety cz\u0119sto przejawia<br>Wobec tej koszuli najbli\u017cszej<br>Kt\u00f3ra okrywa twe cia\u0142o<br>A na usprawiedliwienie mam to<br>\u017be niestety ci bandyci<br>I r\u00f3\u017cni im podobni<br>Powoduj\u0105 wiele frustracji<br>Kt\u00f3re niestety cz\u0142owiek gdzie\u015b wy\u0142adowuje<br>A najbli\u017cej najpro\u015bciej<br>Przepraszam ci\u0119 za to \u017cono<br>Niestety chyba nie mog\u0119 obieca\u0107<br>\u017be to si\u0119 nie powt\u00f3rzy<br>Bo jestem tylko cz\u0142owiekiem s\u0142abym<br>Na kt\u00f3rego wp\u0142ywa czynnik\u00f3w wiele<br>I nie bez znaczenia<br>Tu jest te\u017c ten<br>Czynnik tak zwany bandycki<br>Staram si\u0119 nad tym pracowa\u0107<br>Ale czasem na odwr\u00f3t wychodzi<\/p>\n\n\n\n<p>I oczywi\u015bcie ci bandyci<br>Staraj\u0105 si\u0119 wykorzysta\u0107 wszystko<br>Przeciwko nam niestety<br>Wed\u0142ug perfidii i ob\u0142udy szata\u0144skiej<br>Ka\u017cdy pretekst jest dobry<br>Dla nich by w nas<br>Uderza\u0107 jako\u015b<\/p>\n\n\n\n<p>D\u017awigamy z\u0142a groz\u0119 dnia ka\u017cdego<br>Groz\u0119 \u015bmierci zniewolenia i zniszczenia<br>A s\u0105 to bardzo<br>Na wskro\u015b realne zagro\u017cenia<br>Dlatego dzi\u0119kuj\u0119 ci \u017cono<br>\u017be jeste\u015b ze mn\u0105<br>Mimo tego wszystkiego<br>Mimo nawet moich r\u00f3\u017cnych s\u0142abo\u015bci<br>I dzi\u0119kuj\u0119 wszystkim kt\u00f3rzy<br>Nam jakie\u015b dobro czyni\u0105<br>Zw\u0142aszcza wobec \u017cony<br>Bo to doceniam najbardziej<br>I dzieje si\u0119 to<br>Wbrew tej bandyckiej totalnej przemocy<br>Prosz\u0119 nie zostawiajcie nas<br>Bo ten przycz\u00f3\u0142ek<br>Na tym morzu z\u0142a bandyckiego<br>Jest te\u017c dla was najpro\u015bciej<\/p>\n\n\n\n<figure class=\"wp-block-gallery has-nested-images columns-default is-cropped wp-block-gallery-1 is-layout-flex wp-block-gallery-is-layout-flex\">\n<figure class=\"wp-block-image size-large\"><a href=\"https:\/\/hubertpietka.bialystok.pl\/wp-content\/uploads\/2025\/03\/20250316_095016-scaled.jpg\"><img loading=\"lazy\" decoding=\"async\" width=\"1024\" height=\"768\" data-id=\"9183\" src=\"https:\/\/hubertpietka.bialystok.pl\/wp-content\/uploads\/2025\/03\/20250316_095016-1024x768.jpg\" alt=\"\" class=\"wp-image-9183\" srcset=\"https:\/\/hubertpietka.bialystok.pl\/wp-content\/uploads\/2025\/03\/20250316_095016-1024x768.jpg 1024w, https:\/\/hubertpietka.bialystok.pl\/wp-content\/uploads\/2025\/03\/20250316_095016-300x225.jpg 300w, https:\/\/hubertpietka.bialystok.pl\/wp-content\/uploads\/2025\/03\/20250316_095016-768x576.jpg 768w, https:\/\/hubertpietka.bialystok.pl\/wp-content\/uploads\/2025\/03\/20250316_095016-1536x1152.jpg 1536w, https:\/\/hubertpietka.bialystok.pl\/wp-content\/uploads\/2025\/03\/20250316_095016-2048x1536.jpg 2048w\" sizes=\"auto, (max-width: 1024px) 100vw, 1024px\" \/><\/a><\/figure>\n<\/figure>\n\n\n\n<p><em>Na zdj. Najpi\u0119kniejsze kwiaty naszego domu<br>Zawsze dla \u017cony<br>Bo ona d\u017awiga najwi\u0119ksze ci\u0119\u017cary<br>Tej grozy bandyckiej<br>I na niej ma si\u0119<br>Skupia\u0107 najpierw<br>Ta przemoc szata\u0144ska<br>Bandyt\u00f3w i r\u00f3\u017cnych pod\u0142ug nich<br>Niestety rykoszetem to uderza<br>Tak\u017ce we mnie<br>W naszych i nasze tak\u017ce<br>I cho\u0107 du\u017co nas<br>To kosztuje czasem<br>To trwajmy po prostu<br>Na tym naszym stanowisku<br>Wierno\u015b\u0107 mi\u0142o\u015bci zakrywa wiele s\u0142abo\u015bci<br>Niech ka\u017cdy woli dobrej wytrwa<br>Na drodze wiary prostej<br>Cho\u0107by w niezbywaln\u0105 warto\u015b\u0107 cz\u0142owiecze\u0144stwa<br>Wbrew wszelkiej przemocy szata\u0144skiej<br>Bo przemoc ma swe<br>\u0179r\u00f3d\u0142a i realizacje w szatanie<br>Ktokolwiek by si\u0119 jej dopuszcza\u0142<br>Zw\u0142aszcza wobec niewinnych dzieci Bo\u017cych<br>Kt\u00f3rzy tym podpadaj\u0105 szatanowi<br>Niejako z definicji niejako genetycznie<br>\u017be z Boga s\u0105 w\u0142a\u015bnie<br>I to pomimo ludzkich przecie\u017c<br>R\u00f3\u017cnych s\u0142abo\u015bci kt\u00f3re dotykaj\u0105 wszystkich<\/em><\/p>\n","protected":false},"excerpt":{"rendered":"<p>Je\u015bli mam kogo\u015b przeprasza\u0107To najpierw moj\u0105 \u017con\u0119\u017be czasami jestem dla niejNiezbyt dobryZwyk\u0142a ludzka s\u0142abo\u015b\u0107Kt\u00f3ra si\u0119 niestety cz\u0119sto przejawiaWobec tej koszuli najbli\u017cszejKt\u00f3ra okrywa twe cia\u0142oA na&hellip; <\/p>\n","protected":false},"author":1,"featured_media":0,"parent":0,"menu_order":0,"comment_status":"closed","ping_status":"closed","template":"","meta":{"footnotes":""},"class_list":["post-9182","page","type-page","status-publish","hentry"],"_links":{"self":[{"href":"https:\/\/hubertpietka.bialystok.pl\/index.php?rest_route=\/wp\/v2\/pages\/9182","targetHints":{"allow":["GET"]}}],"collection":[{"href":"https:\/\/hubertpietka.bialystok.pl\/index.php?rest_route=\/wp\/v2\/pages"}],"about":[{"href":"https:\/\/hubertpietka.bialystok.pl\/index.php?rest_route=\/wp\/v2\/types\/page"}],"author":[{"embeddable":true,"href":"https:\/\/hubertpietka.bialystok.pl\/index.php?rest_route=\/wp\/v2\/users\/1"}],"replies":[{"embeddable":true,"href":"https:\/\/hubertpietka.bialystok.pl\/index.php?rest_route=%2Fwp%2Fv2%2Fcomments&post=9182"}],"version-history":[{"count":1,"href":"https:\/\/hubertpietka.bialystok.pl\/index.php?rest_route=\/wp\/v2\/pages\/9182\/revisions"}],"predecessor-version":[{"id":9184,"href":"https:\/\/hubertpietka.bialystok.pl\/index.php?rest_route=\/wp\/v2\/pages\/9182\/revisions\/9184"}],"wp:attachment":[{"href":"https:\/\/hubertpietka.bialystok.pl\/index.php?rest_route=%2Fwp%2Fv2%2Fmedia&parent=9182"}],"curies":[{"name":"wp","href":"https:\/\/api.w.org\/{rel}","templated":true}]}}