{"id":9186,"date":"2025-03-17T11:07:11","date_gmt":"2025-03-17T11:07:11","guid":{"rendered":"https:\/\/hubertpietka.bialystok.pl\/?page_id=9186"},"modified":"2025-03-17T11:07:11","modified_gmt":"2025-03-17T11:07:11","slug":"dopoki-walczysz-jestes-zwyciezca","status":"publish","type":"page","link":"https:\/\/hubertpietka.bialystok.pl\/?page_id=9186","title":{"rendered":"&#8222;Dop\u00f3ki walczysz \/ jeste\u015b zwyci\u0119zc\u0105&#8221;"},"content":{"rendered":"\n<p>Wczoraj by\u0142 wspominany \u015bw. *<strong>Her-i-bert<\/strong>*<br>Her czyli *<strong>jej i tylko jej Bert<\/strong>*<br>Czyli na wy\u0142\u0105czno\u015b\u0107 \u017cony<br>Ale paradoksalnie dzi\u0119ki temu<br>Mog\u0119 by\u0107 w pe\u0142ni te\u017c dla was<br>Bo bez niej nie mia\u0142bym<br>Nawet siebie<br>I jak \u015bpiewa\u0142 klasyk<br>&#8222;Mo\u017ce tylko lito\u015b\u0107 w niebie&#8221;<br>Dlatego chc\u0105 j\u0105 zniszczy\u0107 bandyci<br>Bo dzi\u0119ki szatanowi wiedz\u0105<br>\u017be bez niej<br>I mnie nie b\u0119dzie<br>Zreszt\u0105 jak m\u00f3wi\u0142 inny klasyk<br>&#8222;Nie b\u0119dzie niczego&#8221;<\/p>\n\n\n\n<p class=\"has-text-align-right\"><strong><em><a href=\"https:\/\/youtu.be\/049qZB7w0a8?si=yHmdfH8NfseqZmJz\">De \u0141indows &#8211; Tylko dzi\u0119ki tobie <\/a><\/em><\/strong><\/p>\n\n\n\n<p>A teraz wed\u0142ug dedukcji prostej<br>To mam do powiedzenia<br>Zarzutom ob\u0142udnym by si\u0119 wybiela\u0107<br>A mnie zawsze oczernia\u0107<br>Wed\u0142ug dedukcji logicznej moralnej prostej<br>Kto czyni bandyctwa<br>Ten te\u017c jest *<strong>mentom<\/strong>*<br>Na wszelkie bandyckie *<strong>momenty<\/strong>*<br>Kimkolwiek by nie by\u0142<br>I je\u015bli oni nas naszych i nasze<br>\u015acigaj\u0105 z\u0142owrogo i nienawistnie prze\u015bladuj\u0105c<br>Za to \u017ce idziemy<br>Za Bogiem wiernie<br>W mi\u0142o\u015bci i prawdzie<br>To oni krocza za szatanem<br>Oni i wszelacy pod\u0142ug nich<br>No raczej i nie inaczej<br>Skoro \u015bmier\u0107 zniewolenie gwa\u0142t zniszczenie<br>To dla nich igraszka szata\u0144ska<br>No przecie\u017c nie wobec<br>Nich samych tak ma by\u0107<\/p>\n\n\n\n<figure class=\"wp-block-gallery has-nested-images columns-default is-cropped wp-block-gallery-1 is-layout-flex wp-block-gallery-is-layout-flex\">\n<figure class=\"wp-block-image size-large\"><a href=\"https:\/\/hubertpietka.bialystok.pl\/wp-content\/uploads\/2025\/03\/IMG-20250315-WA0011.jpg\"><img loading=\"lazy\" decoding=\"async\" width=\"768\" height=\"1024\" data-id=\"9187\" src=\"https:\/\/hubertpietka.bialystok.pl\/wp-content\/uploads\/2025\/03\/IMG-20250315-WA0011-768x1024.jpg\" alt=\"\" class=\"wp-image-9187\" srcset=\"https:\/\/hubertpietka.bialystok.pl\/wp-content\/uploads\/2025\/03\/IMG-20250315-WA0011-768x1024.jpg 768w, https:\/\/hubertpietka.bialystok.pl\/wp-content\/uploads\/2025\/03\/IMG-20250315-WA0011-225x300.jpg 225w, https:\/\/hubertpietka.bialystok.pl\/wp-content\/uploads\/2025\/03\/IMG-20250315-WA0011-1152x1536.jpg 1152w, https:\/\/hubertpietka.bialystok.pl\/wp-content\/uploads\/2025\/03\/IMG-20250315-WA0011.jpg 1200w\" sizes=\"auto, (max-width: 768px) 100vw, 768px\" \/><\/a><\/figure>\n<\/figure>\n\n\n\n<p><em>Na zdj. Uwa\u017caj\u0105 nas za debili<br>Za to \u017ce przeciwstawiamy si\u0119<br>Tej wszelkiej ich przemocy szata\u0144skiej<br>I tych wszystkich s\u0142u\u017calc\u00f3w zdradliwych<br>Kt\u00f3rych maj\u0105 do swojej dyspozycji<br>Zawodowych czy prywatnych<br>Uwa\u017caj\u0105 nas za takich<br>&#8222;Za owce na rze\u017a przeznaczone&#8221;<br>Jak m\u00f3wi S\u0142owo Bo\u017ce<\/em><\/p>\n\n\n\n<p>Dzi\u015b \u015bw. Jana *<strong>Sarkandra<\/strong>*<br>A ja im zadedykuj\u0119<br>*<strong>Sarkastycznie<\/strong>* mo\u017ce troch\u0119 ten refren<br>&#8222;Nie podoba si\u0119 to wypier&#8221;<\/p>\n\n\n\n<p class=\"has-text-align-right\"><em>(Uwaga: nie dla dzieci!)<\/em><\/p>\n\n\n\n<p><strong><em><a href=\"https:\/\/youtu.be\/PwhLcjWlH5Q?si=jKxLI4bdmAwYlL2r\">Zenek Kupatasa &#8211; S\u0142oneczko <\/a><\/em><\/strong><\/p>\n","protected":false},"excerpt":{"rendered":"<p>Wczoraj by\u0142 wspominany \u015bw. *Her-i-bert*Her czyli *jej i tylko jej Bert*Czyli na wy\u0142\u0105czno\u015b\u0107 \u017conyAle paradoksalnie dzi\u0119ki temuMog\u0119 by\u0107 w pe\u0142ni te\u017c dla wasBo bez niej&hellip; <\/p>\n","protected":false},"author":1,"featured_media":0,"parent":0,"menu_order":0,"comment_status":"closed","ping_status":"closed","template":"","meta":{"footnotes":""},"class_list":["post-9186","page","type-page","status-publish","hentry"],"_links":{"self":[{"href":"https:\/\/hubertpietka.bialystok.pl\/index.php?rest_route=\/wp\/v2\/pages\/9186","targetHints":{"allow":["GET"]}}],"collection":[{"href":"https:\/\/hubertpietka.bialystok.pl\/index.php?rest_route=\/wp\/v2\/pages"}],"about":[{"href":"https:\/\/hubertpietka.bialystok.pl\/index.php?rest_route=\/wp\/v2\/types\/page"}],"author":[{"embeddable":true,"href":"https:\/\/hubertpietka.bialystok.pl\/index.php?rest_route=\/wp\/v2\/users\/1"}],"replies":[{"embeddable":true,"href":"https:\/\/hubertpietka.bialystok.pl\/index.php?rest_route=%2Fwp%2Fv2%2Fcomments&post=9186"}],"version-history":[{"count":1,"href":"https:\/\/hubertpietka.bialystok.pl\/index.php?rest_route=\/wp\/v2\/pages\/9186\/revisions"}],"predecessor-version":[{"id":9188,"href":"https:\/\/hubertpietka.bialystok.pl\/index.php?rest_route=\/wp\/v2\/pages\/9186\/revisions\/9188"}],"wp:attachment":[{"href":"https:\/\/hubertpietka.bialystok.pl\/index.php?rest_route=%2Fwp%2Fv2%2Fmedia&parent=9186"}],"curies":[{"name":"wp","href":"https:\/\/api.w.org\/{rel}","templated":true}]}}