{"id":9194,"date":"2025-03-28T13:12:49","date_gmt":"2025-03-28T13:12:49","guid":{"rendered":"https:\/\/hubertpietka.bialystok.pl\/?page_id=9194"},"modified":"2025-03-28T13:12:49","modified_gmt":"2025-03-28T13:12:49","slug":"podwojne-urodziny-zwyciestwem-nad-zlem-szatanskim-wszelkim","status":"publish","type":"page","link":"https:\/\/hubertpietka.bialystok.pl\/?page_id=9194","title":{"rendered":"Podw\u00f3jne urodziny zwyci\u0119stwem \/ nad z\u0142em szata\u0144skim wszelkim"},"content":{"rendered":"\n<p>Dzi\u015b rado\u015b\u0107 ogromna<br>Cho\u0107 umiarkowana te\u017c mimo wszystko<br>Bo kolejne urodziny mojej \u017cony<br>I p\u00f3\u0142 roczku naszego pieska<br>S\u0142awika ju\u017c wspania\u0142ego obro\u0144cy<br>Uda\u0142o si\u0119 przetrwa\u0107 nam<br>Do tej pory<br>I mam nadziej\u0119 w Panu<br>\u017be tak zostanie<br>Mimo nienawistnych plan\u00f3w<br>I z\u0142owrogich dzia\u0142a\u0144 wszelkich<br>Tych bandyt\u00f3w i im podobnych<br>A maj\u0105 oni r\u00f3\u017cne<br>Szemrane menty na wszelkie<br>Swoje bandyckie momenty podst\u0119pne<br>I lubi si\u0119 m\u015bci\u0107<br>To z\u0142o szata\u0144skie za wszystko<br>Ale mam nadziej\u0119<br>\u017be i ten dzie\u0144 przetrzymany<br>I tak te\u017c b\u0119dzie dalej<br>Mimo r\u00f3\u017cnych trud\u00f3w s\u0142abo\u015bci naszych<br>I wszelkich przeciwie\u0144stw<br>Kt\u00f3re to z\u0142o szata\u0144skie mno\u017cy<br>Byleby tylko w nas uderza\u0107<br>\u015amiertelnie niewolniczo wszelkim zniszczeniem<br>Mam nadziej\u0119 \u017ce doczekamy wyzwolenia<br>Od tego wszelkiego z\u0142a szata\u0144skiego<br>Wszelkich bandyckich zbrodni<br>W tym zestawie w\u0142a\u015bnie<br>I tych kt\u00f3rzy s\u0105 wok\u00f3\u0142<br>Jezu ufam Tobie<\/p>\n\n\n\n<figure class=\"wp-block-gallery has-nested-images columns-default is-cropped wp-block-gallery-1 is-layout-flex wp-block-gallery-is-layout-flex\">\n<figure class=\"wp-block-image size-large\"><a href=\"https:\/\/hubertpietka.bialystok.pl\/wp-content\/uploads\/2025\/03\/Resized_20250324_201501.jpeg\"><img loading=\"lazy\" decoding=\"async\" width=\"756\" height=\"1008\" data-id=\"9195\" src=\"https:\/\/hubertpietka.bialystok.pl\/wp-content\/uploads\/2025\/03\/Resized_20250324_201501.jpeg\" alt=\"\" class=\"wp-image-9195\" srcset=\"https:\/\/hubertpietka.bialystok.pl\/wp-content\/uploads\/2025\/03\/Resized_20250324_201501.jpeg 756w, https:\/\/hubertpietka.bialystok.pl\/wp-content\/uploads\/2025\/03\/Resized_20250324_201501-225x300.jpeg 225w\" sizes=\"auto, (max-width: 756px) 100vw, 756px\" \/><\/a><\/figure>\n<\/figure>\n\n\n\n<p><em>Na zdj. Matka Czu\u0142o\u015bci<br>Kt\u00f3r\u0105 mo\u017cna okazywa\u0107<br>Przecie\u017c na r\u00f3\u017cne sposoby<br>Nie tyle dotykiem<br>Ale raczej wszelk\u0105 trosk\u0105<br>I odpowiedzialno\u015bci\u0105 za siebie<br>Nawzajem i za to<br>Co si\u0119 oswoi\u0142o w Panu<br>Tak trwamy<br>Mimo \u017ce nie jest \u0142atwo<br>Wobec wszelkich nacisk\u00f3w szata\u0144skich<br>Tego bandyctwa i wszystkich<br>W zbrodniach podst\u0119pnych i k\u0142amstwach<br>Pod\u0142ug nich<br>Bo po owocach si\u0119 poznaje<br>R\u00f3\u017cne bandyckie dzia\u0142ania<br>Po tym jakie maj\u0105<br>Przynosi\u0107 efekty zbrodnicze<br>I tych kt\u00f3rzy tym zap\u0119dom<br>S\u0142u\u017c\u0105 pod\u0142ug tych bandyt\u00f3w<br>Cokolwiek by nie m\u00f3wili<br>P\u00f3ki co si\u0119 udaje<br>To rozpoznawa\u0107 wszelkie podst\u0119py diabelskie<br>I mam nadziej\u0119<br>\u017be tak te\u017c zostanie<br>Ufno\u015b\u0107 w Panu<br>Razem si\u0119 trzymamy i ufam<br>\u017be w Bogu ten nawa\u0142<br>Z\u0142a bandycko-szata\u0144skiego przetrwamy r\u00f3\u017cnego<\/em><\/p>\n","protected":false},"excerpt":{"rendered":"<p>Dzi\u015b rado\u015b\u0107 ogromnaCho\u0107 umiarkowana te\u017c mimo wszystkoBo kolejne urodziny mojej \u017conyI p\u00f3\u0142 roczku naszego pieskaS\u0142awika ju\u017c wspania\u0142ego obro\u0144cyUda\u0142o si\u0119 przetrwa\u0107 namDo tej poryI mam nadziej\u0119&hellip; <\/p>\n","protected":false},"author":1,"featured_media":0,"parent":0,"menu_order":0,"comment_status":"closed","ping_status":"closed","template":"","meta":{"footnotes":""},"class_list":["post-9194","page","type-page","status-publish","hentry"],"_links":{"self":[{"href":"https:\/\/hubertpietka.bialystok.pl\/index.php?rest_route=\/wp\/v2\/pages\/9194","targetHints":{"allow":["GET"]}}],"collection":[{"href":"https:\/\/hubertpietka.bialystok.pl\/index.php?rest_route=\/wp\/v2\/pages"}],"about":[{"href":"https:\/\/hubertpietka.bialystok.pl\/index.php?rest_route=\/wp\/v2\/types\/page"}],"author":[{"embeddable":true,"href":"https:\/\/hubertpietka.bialystok.pl\/index.php?rest_route=\/wp\/v2\/users\/1"}],"replies":[{"embeddable":true,"href":"https:\/\/hubertpietka.bialystok.pl\/index.php?rest_route=%2Fwp%2Fv2%2Fcomments&post=9194"}],"version-history":[{"count":1,"href":"https:\/\/hubertpietka.bialystok.pl\/index.php?rest_route=\/wp\/v2\/pages\/9194\/revisions"}],"predecessor-version":[{"id":9196,"href":"https:\/\/hubertpietka.bialystok.pl\/index.php?rest_route=\/wp\/v2\/pages\/9194\/revisions\/9196"}],"wp:attachment":[{"href":"https:\/\/hubertpietka.bialystok.pl\/index.php?rest_route=%2Fwp%2Fv2%2Fmedia&parent=9194"}],"curies":[{"name":"wp","href":"https:\/\/api.w.org\/{rel}","templated":true}]}}