{"id":9198,"date":"2025-03-29T13:05:02","date_gmt":"2025-03-29T13:05:02","guid":{"rendered":"https:\/\/hubertpietka.bialystok.pl\/?page_id=9198"},"modified":"2025-03-29T13:05:02","modified_gmt":"2025-03-29T13:05:02","slug":"szczyty-bandyckiej-klamliwej-obludy-wszelkich-kombinacji-szatanskich-roznych-niby-przypadkowych-dzialan-byleby-tylko-ku-zlu-dla-nas-naszego-i-naszych","status":"publish","type":"page","link":"https:\/\/hubertpietka.bialystok.pl\/?page_id=9198","title":{"rendered":"Szczyty bandyckiej k\u0142amliwej ob\u0142udy \/ wszelkich kombinacji szata\u0144skich \/ r\u00f3\u017cnych niby przypadkowych dzia\u0142a\u0144 \/ byleby tylko ku z\u0142u dla nas naszego i naszych"},"content":{"rendered":"\n<p>Gdzie by nie by\u0142 cz\u0142owiek<br>Zastawia si\u0119 zawsze<br>Jakie b\u0119d\u0105 akurat wyst\u0119py szata\u0144skie<br>Tego bandyctwa i im podobnym<br>Maj\u0105 oni przecie\u017c zawsze<br>Do dyspozycji r\u00f3\u017cne kombinacje szata\u0144skie<br>I r\u00f3\u017cnych szemranych m\u0119t\u00f3w<br>Na wszelkie ich bandyckie podst\u0119py<br>Bo najbardziej lubi\u0105 oni<br>Niby przypadkowo a byleby tylko<br>Spe\u0142ni\u0107 jako\u015b szata\u0144skie zap\u0119dy<br>Tego bandyctwa i innych niecnych<br>Czy na dworze czy te\u017c w domu<br>W samochodzie czy jakkolwiek<br>Nigdy nie mo\u017ce by\u0107<br>Spokojny cz\u0142owiek<br>Bo zawsze i wsz\u0119dzie<br>Chce uderza\u0107 to ca\u0142e bandyctwo<br>I nawet z ko\u015bcio\u0142\u00f3w<br>&#8222;Uczynili jaskinie zb\u00f3jc\u00f3w&#8221;<br>Co dopiero gdziekolwiek indziej<\/p>\n\n\n\n<p>Tak z tym pieskiem cho\u0107by<br>Wiedz\u0105 bandyci \u017ce nie lubi<br>On dzieci jak ja zreszt\u0105<br>Dlatego ci pod\u0142ug nich<br>Pr\u00f3buj\u0105 wystawia\u0107 dzieci<br>Na jego reakcje byleby tylko<br>By\u0142o po bandycku<br>Najch\u0119tniej na wybiegu dla piesk\u00f3w<br>Ale nie tylko<br>I koniecznie trzeba go zaskakiwa\u0107<br>Czy na niego wyle\u017a\u0107<br>Czy rowerem hulajnog\u0105<br>Byleby tylko odpowiednio pod\u0142ug<br>Tych bandyt\u00f3w zareagowa\u0142<br>Byleby tylko m\u00f3c go usun\u0105\u0107<br>Bo ju\u017c jest obro\u0144c\u0105 skutecznym<br>Kt\u00f3ry staje na przek\u00f3r bandactwom szata\u0144skim<br>Cho\u0107by r\u00f3\u017cnych napa\u015bci<br>Albo te\u017c nasy\u0142a\u0107 na niego<br>Inne pieski odpowiednie<br>Takie cho\u0107by kombinacje szata\u0144skie<br>Tego ca\u0142ego bandyctwa<br>Tylko przy wyj\u015bciu z pieskiem<br>A maj\u0105 oni te\u017c przecie\u017c<br>Inne bandyckie metody szata\u0144skich nacisk\u00f3w<br>I najlepiej niby przypadkowo w\u0142a\u015bnie<\/p>\n\n\n\n<p>Tak samo z t\u0105 podwijk\u0105<br>Niby przypadkowo napastliwa ci\u0105gle<br>Musi si\u0119 ona przecie\u017c<br>Zas\u0142ugiwa\u0107 tym bandytom po bandycku<br>A jak nie ona<br>To mo\u017ce inni jacy\u015b psychopaci<br>Albo misie bandyckie czy inni<br>Bandyccy s\u0142u\u017calcy jacykolwiek zreszt\u0105<br>Tak\u017ce zawsze maj\u0105 szata\u0144skie mo\u017cliwo\u015bci<br>R\u00f3\u017cne bandyckie kombinacje niby przypadkowych<br>Dzia\u0142a\u0144 wszelkich nienawistnych i z\u0142owrogich<br>Ci bandyci i im podobni<\/p>\n\n\n\n<p>Tak tylko z napa\u015bciami zniewoleniemi<br>Ale mo\u017cna i zabija\u0107 przecie\u017c<br>Tu te\u017c maj\u0105 bandyci<br>Wiele niby przypadkowych kombinacji szata\u0144skich<br>I wszelcy w z\u0142u nienawistnym<br>Pod\u0142ug nich<br>Bo mo\u017cna potraktowa\u0107 gazem<br>Mo\u017cna te\u017c odpowiednio uk\u0142u\u0107 urazi\u0107<br>Mo\u017ce by\u0107 jaki\u015b niby przypadkowy<br>Odpowiedni wypadek po bandycku<br>Itd i tak oni wszystko<br>Byleby tylko osi\u0105gn\u0105\u0107 swe<br>Cele szatanskie na nas naszych i naszym<br>I tak wymienia\u0107 wiele mo\u017cna<br>Bo przecie\u017c w podobny szata\u0144ski<br>Po bandycku spos\u00f3b mo\u017cna uderza\u0107<br>W nasze prace samochody itp<br>Wiele maj\u0105 oni kombinacji szata\u0144skich przecie\u017c<br>Ra\u017c\u0105cych nas odpowiednio<\/p>\n\n\n\n<p>Tak\u017ce mo\u017cna mno\u017cy\u0107<br>Bandyckie kombinacje niby przypadkowe szata\u0144skie<br>4x4x4x4x\u2026<br>I tak wymienia\u0107 mo\u017cna<br>Do\u015b\u0107 d\u0142ugo jeszcze<br>Ich wszelkie dzia\u0142ania bandyckie<br>Te kombinacje szata\u0144skie niby przypadkowe<br>Byleby tylko uderza\u0107 jako\u015b<br>W nas naszych i nasze<br>Szata\u0144stwo czystej postaci<br>Bo niby oni nic<br>A byleby tylko<br>Nam naszemu i naszym<br>Uczyni\u0107 jakie\u015b z\u0142o pod\u0142e<br>I tak oni czas ca\u0142y<br>Ci bandyci i wszelcy<br>Pod\u0142ug w\u0142a\u015bnie nich<br>Bezczelnie perfidnie i na chama<br>Ale przecie\u017c powiedzie\u0107 zawsze mo\u017cna<br>\u017be niby przypadkowo<br>I tak oni wszystko ci\u0105gle<br>Takie jest w\u0142a\u015bnie szata\u0144stwo<br>Podst\u0119pne fa\u0142szywe i u\u0142udne<br>Z efektem jedynie s\u0142usznym<br>Z\u0142a zbrodniczego dla nas<br>Ale nie tylko przecie\u017c<\/p>\n\n\n\n<figure class=\"wp-block-gallery has-nested-images columns-default is-cropped wp-block-gallery-1 is-layout-flex wp-block-gallery-is-layout-flex\">\n<figure class=\"wp-block-image size-large\"><a href=\"https:\/\/hubertpietka.bialystok.pl\/wp-content\/uploads\/2025\/03\/IMG-20250327-WA0026.jpg\"><img loading=\"lazy\" decoding=\"async\" width=\"1024\" height=\"768\" data-id=\"9199\" src=\"https:\/\/hubertpietka.bialystok.pl\/wp-content\/uploads\/2025\/03\/IMG-20250327-WA0026-1024x768.jpg\" alt=\"\" class=\"wp-image-9199\" srcset=\"https:\/\/hubertpietka.bialystok.pl\/wp-content\/uploads\/2025\/03\/IMG-20250327-WA0026-1024x768.jpg 1024w, https:\/\/hubertpietka.bialystok.pl\/wp-content\/uploads\/2025\/03\/IMG-20250327-WA0026-300x225.jpg 300w, https:\/\/hubertpietka.bialystok.pl\/wp-content\/uploads\/2025\/03\/IMG-20250327-WA0026-768x576.jpg 768w, https:\/\/hubertpietka.bialystok.pl\/wp-content\/uploads\/2025\/03\/IMG-20250327-WA0026-1536x1152.jpg 1536w, https:\/\/hubertpietka.bialystok.pl\/wp-content\/uploads\/2025\/03\/IMG-20250327-WA0026.jpg 1600w\" sizes=\"auto, (max-width: 1024px) 100vw, 1024px\" \/><\/a><\/figure>\n<\/figure>\n\n\n\n<p><em>Na zdj. M\u00f3dlcie si\u0119 za nami<br>Naszymi i naszym \u015bwi\u0119ci papie\u017ce<br>I wszyscy \u015bwi\u0119ci<br>By\u015bmy przerwali te wszystkie<br>Bandyckie szata\u0144skie podst\u0119py<br>Umieli je rozpoznawa\u0107 i przeciwko<br>Nim odpowiednio reagowa\u0107 odpowiada\u0107<br>Bo ci\u0105gle mno\u017c\u0105 oni<br>Wszelkie kombinacje niby przypadkowych<br>A szata\u0144sko podst\u0119pnych dzia\u0142a\u0144<br>Wobec nas naszego i naszych<br>B\u00f3g jednak zna te\u017c<br>Wszelkie intencje serc<br>I t\u0105 k\u0142amliw\u0105 ob\u0142ud\u0119<br>Kt\u00f3ra tymi bandytami i im<br>R\u00f3\u017cnymi podobnymi w z\u0142u kieruje<br>Ludzi mo\u017cna odszuka\u0107<br>Ale nie Boga dlatego<br>Te\u017c za wszystko odpowie<br>Ka\u017cdy z\u0142y cz\u0142owiek w sprawiedliwo\u015bci<br>Wed\u0142ug swych z\u0142a zamiar\u00f3w<br>I te\u017c nieczystych pod\u0142ych intencji<br>Mimo \u017ce ich to teraz<br>Zbytnio nie wzrusza<br>Odpowie przed Bogiem kiedy\u015b<br>To ca\u0142e bandyctwo<br>Bo nas B\u00f3g uczyni\u0142<br>Probierzem i miernikiem ludzkich intencji<br>Wed\u0142ug nieodgadnionych a zarazem wymiernych<br>Paradoks\u00f3w Bo\u017cych<\/em><\/p>\n","protected":false},"excerpt":{"rendered":"<p>Gdzie by nie by\u0142 cz\u0142owiekZastawia si\u0119 zawszeJakie b\u0119d\u0105 akurat wyst\u0119py szata\u0144skieTego bandyctwa i im podobnymMaj\u0105 oni przecie\u017c zawszeDo dyspozycji r\u00f3\u017cne kombinacje szata\u0144skieI r\u00f3\u017cnych szemranych m\u0119t\u00f3wNa&hellip; <\/p>\n","protected":false},"author":1,"featured_media":0,"parent":0,"menu_order":0,"comment_status":"closed","ping_status":"closed","template":"","meta":{"footnotes":""},"class_list":["post-9198","page","type-page","status-publish","hentry"],"_links":{"self":[{"href":"https:\/\/hubertpietka.bialystok.pl\/index.php?rest_route=\/wp\/v2\/pages\/9198","targetHints":{"allow":["GET"]}}],"collection":[{"href":"https:\/\/hubertpietka.bialystok.pl\/index.php?rest_route=\/wp\/v2\/pages"}],"about":[{"href":"https:\/\/hubertpietka.bialystok.pl\/index.php?rest_route=\/wp\/v2\/types\/page"}],"author":[{"embeddable":true,"href":"https:\/\/hubertpietka.bialystok.pl\/index.php?rest_route=\/wp\/v2\/users\/1"}],"replies":[{"embeddable":true,"href":"https:\/\/hubertpietka.bialystok.pl\/index.php?rest_route=%2Fwp%2Fv2%2Fcomments&post=9198"}],"version-history":[{"count":1,"href":"https:\/\/hubertpietka.bialystok.pl\/index.php?rest_route=\/wp\/v2\/pages\/9198\/revisions"}],"predecessor-version":[{"id":9200,"href":"https:\/\/hubertpietka.bialystok.pl\/index.php?rest_route=\/wp\/v2\/pages\/9198\/revisions\/9200"}],"wp:attachment":[{"href":"https:\/\/hubertpietka.bialystok.pl\/index.php?rest_route=%2Fwp%2Fv2%2Fmedia&parent=9198"}],"curies":[{"name":"wp","href":"https:\/\/api.w.org\/{rel}","templated":true}]}}