{"id":9202,"date":"2025-03-30T13:40:12","date_gmt":"2025-03-30T13:40:12","guid":{"rendered":"https:\/\/hubertpietka.bialystok.pl\/?page_id=9202"},"modified":"2025-03-30T13:40:12","modified_gmt":"2025-03-30T13:40:12","slug":"falszywe-szatansko-bandyckie-punkty-wyjscia-ku-wszelkim-zbrodniom-i-klamstwom-na-nas-naszych-i-naszym-ale-przeciez-nie-tylko","status":"publish","type":"page","link":"https:\/\/hubertpietka.bialystok.pl\/?page_id=9202","title":{"rendered":"Fa\u0142szywe szata\u0144sko bandyckie punkty wyj\u015bcia \/ ku wszelkim zbrodniom i k\u0142amstwom \/ na nas naszych i naszym \/ ale przecie\u017c nie tylko"},"content":{"rendered":"\n<p>Warto chyba tu wy\u0142uszczy\u0107<br>Fa\u0142szywe punkty wyj\u015bcia<br>Wszelkiej dialektyki bandyckiej po szata\u0144sku<\/p>\n\n\n\n<p>Najpierw \u017ce<br>Seks jest najpe\u0142niejszym wyrazem mi\u0142o\u015bci<br>Prosz\u0119 wybaczy\u0107<br>Ale seksi\u0107 si\u0119 mo\u017ce<br>Ka\u017cdy z ka\u017cdym<br>I wszystko ze wszystkim<br>I to bynajmniej bez jakiejkolwiek<br>Mi\u0142o\u015bci prawdziwej<br>Seks mo\u017ce by\u0107 zwyk\u0142ym u\u017cyciem<br>Szczeg\u00f3lnie w tym wsp\u00f3\u0142czesnym \u015bwiecie<br>A wyrazem prawdziwej mi\u0142o\u015bci<br>Jest wsp\u00f3\u0142odpowiedzialno\u015b\u0107 za siebie nawzajem<br>I \u017ce dzieci s\u0105 sensem<br>Jedynym mi\u0142o\u015bci ma\u0142\u017ce\u0144skiej<br>Dzieci by\u0107 mog\u0105<br>I poza t\u0105 struktur\u0105<br>Szczeg\u00f3lnie wsp\u00f3\u0142cze\u015bnie w por\u0105baniu wszelkim<br>Tego \u015bwiata<br>A ma\u0142\u017ce\u0144stwo sakramentalne jest zawsze<br>Tu najpierw i to mimo w\u0142a\u015bnie tego<br>Dzieci s\u0105 tylko dope\u0142nieniem<br>Kt\u00f3re mog\u0105 by\u0107 a mog\u0105 i nie by\u0107<br>Wed\u0142ug rozeznania ma\u0142\u017ce\u0144stw<br>I ich r\u00f3\u017cnych szczeg\u00f3\u0142owych warunk\u00f3w<\/p>\n\n\n\n<p>Kolejny fa\u0142szywy szata\u0144ski punkt wyj\u015bcia<br>Tych bandyt\u00f3w i im podobnych<br>To \u017ce oni s\u0105 lepsi<br>Od innych<br>I \u017ce mog\u0105 decydowa\u0107<br>Nawet o czyim\u015b \u017cyciu i \u015bmierci zdrowiu<br>I zreszt\u0105 wszystkim<br>\u017be mog\u0105 wszystkim<br>Jak chc\u0105 sterowa\u0107 po szata\u0144sku<br>\u017be mog\u0105 nawet ingerowa\u0107<br>W nasz\u0105 ma\u0142\u017ce\u0144sk\u0105 relacj\u0119<br>Pozwala\u0107 na r\u00f3\u017cne wyrazy kontaktu<br>Szata\u0144ski punkt wyj\u015bcia<br>Bo w Bogu wszyscy s\u0105<br>Mniej wi\u0119cej r\u00f3wni<br>I z t\u0105 tylko r\u00f3\u017cnic\u0105<br>Kto bardziej wype\u0142nia w prawdzie wol\u0119 Bo\u017c\u0105<br>A nie jak oni w\u0142a\u015bnie<br>K\u0142amliwie po szata\u0144sku<br>W tym s\u0105 zapewne lepsi<br>\u017be pe\u0142ni\u0105 wszelkie szata\u0144stwa<br>\u017be czyni\u0107 niby mog\u0105<br>Wszelkie zbrodnie i k\u0142amstwa<br>I to w\u0142a\u015bnie g\u0142\u00f3wnie<br>Wobec niewinnych Bo\u017cych dzieci<br>Szata\u0144stwo w pe\u0142ni<br>I \u017ce je\u015bli dysponuj\u0105 przemoc\u0105<br>To wszystko tak w\u0142a\u015bnie mog\u0105<br>I to ma te\u017c decydowa\u0107 a jak\u017ce<br>O ich przewadze moralnej<br>Tak chyba w szatanie<br>Bo to jego atrybuty niezmienne<br>Wszelkie k\u0142amstwa i zbrodnie<br>Mo\u017cliwo\u015b\u0107 decydowaniu o czyim\u015b \u017cyciu czy \u015bmierci<br>Takie prawo ma tylko B\u00f3g<br>A szatan i ci bandyci<br>S\u0105 uzurpatorami tego Bo\u017cego prawa<\/p>\n\n\n\n<p>I kolejny szata\u0144ski punkt<br>Fa\u0142szywej dedukcji bandyckiej<br>\u017be niby wszyscy wszystko mog\u0105<br>A przepraszam bandyci przede wszystkim<br>I im podobni<br>Ale my nie mo\u017cemy odpowiednio<br>Fa\u0142szywy szata\u0144ski punkt wyj\u015bcia<br>Bo to wszystko jest oczywi\u015bcie<br>Z intencj\u0105 z\u0142a dla nas<br>Naszych i naszego<br>\u017be oni mog\u0105 tak w\u0142a\u015bnie<br>Fa\u0142szywie nas oskar\u017ca\u0107 o wszystko<br>Z t\u0105 z\u0142a wszelkiego dla nas intencj\u0105<br>I \u017ce mog\u0105 przek\u0142amywa\u0107 wszystko<br>Byleby wszystko by\u0142o<br>Po szata\u0144sku czyli po bandycku<br>Byleby tylko si\u0119 spe\u0142nia\u0142y<br>To nic \u017ce k\u0142amliwie przecie\u017c<br>Wszelkie szatanskie bandycku tezy<br>By w k\u0142amstwach ob\u0142udnych wszelkich<br>Pod\u0142ych i perfidnych<br>Znajdowa\u0142y niby usprawiedliwienie<br>Wszelkie bandyckie po szata\u0144sku zbrodnie<\/p>\n\n\n\n<p>Fa\u0142szywe punkty wyj\u015bcia<br>Tej dialektyki szata\u0144skiej po bandycku<br>Byleby tylko oni mogli<br>Realizowa\u0107 wszelkie swe zbrodnie<br>I byleby tylko mentalno\u015b\u0107 bandycka<br>Zdominowa\u0142a wszystko<br>Nie tylko tak zwane<br>Zdroworozs\u0105dkowe i logiczne my\u015blenie<br>Ale by tak\u017ce przeformatowa\u0107<br>Po szata\u0144sku poj\u0119cia moralne<br>\u017be tylko to jest dobre i w\u0142a\u015bciwe niby<br>Co pasuje tym bandytom<br>Tak aby spokojnie<br>Mogli realizowa\u0107 swe zbrodnie<br>Oni i im podobni<br>Przeformatowa\u0107 moralno\u015b\u0107<br>By szata\u0144skie poj\u0119cia bandyckie<br>Zmieni\u0142y uniwersalny system warto\u015bci<br>By z\u0142o by\u0142o nazywane dobrem<br>I na odwr\u00f3t<br>Tak jak zreszt\u0105 chce te\u017c<br>I szatan tego<br>A i \u017ce nie ma przecie\u017c szatana<br>I \u017ce szatan Bogiem sta\u0107 si\u0119 mo\u017ce<br>To tak w skr\u00f3cie<\/p>\n\n\n\n<figure class=\"wp-block-gallery has-nested-images columns-default is-cropped wp-block-gallery-1 is-layout-flex wp-block-gallery-is-layout-flex\">\n<figure class=\"wp-block-image size-large\"><a href=\"https:\/\/hubertpietka.bialystok.pl\/wp-content\/uploads\/2025\/03\/IMG-20250323-WA0009.jpg\"><img loading=\"lazy\" decoding=\"async\" width=\"768\" height=\"1024\" data-id=\"9203\" src=\"https:\/\/hubertpietka.bialystok.pl\/wp-content\/uploads\/2025\/03\/IMG-20250323-WA0009-768x1024.jpg\" alt=\"\" class=\"wp-image-9203\" srcset=\"https:\/\/hubertpietka.bialystok.pl\/wp-content\/uploads\/2025\/03\/IMG-20250323-WA0009-768x1024.jpg 768w, https:\/\/hubertpietka.bialystok.pl\/wp-content\/uploads\/2025\/03\/IMG-20250323-WA0009-225x300.jpg 225w, https:\/\/hubertpietka.bialystok.pl\/wp-content\/uploads\/2025\/03\/IMG-20250323-WA0009-1152x1536.jpg 1152w, https:\/\/hubertpietka.bialystok.pl\/wp-content\/uploads\/2025\/03\/IMG-20250323-WA0009.jpg 1200w\" sizes=\"auto, (max-width: 768px) 100vw, 768px\" \/><\/a><\/figure>\n\n\n\n<figure class=\"wp-block-image size-large\"><a href=\"https:\/\/hubertpietka.bialystok.pl\/wp-content\/uploads\/2025\/03\/IMG-20250323-WA0008.jpg\"><img loading=\"lazy\" decoding=\"async\" width=\"768\" height=\"1024\" data-id=\"9205\" src=\"https:\/\/hubertpietka.bialystok.pl\/wp-content\/uploads\/2025\/03\/IMG-20250323-WA0008-768x1024.jpg\" alt=\"\" class=\"wp-image-9205\" srcset=\"https:\/\/hubertpietka.bialystok.pl\/wp-content\/uploads\/2025\/03\/IMG-20250323-WA0008-768x1024.jpg 768w, https:\/\/hubertpietka.bialystok.pl\/wp-content\/uploads\/2025\/03\/IMG-20250323-WA0008-225x300.jpg 225w, https:\/\/hubertpietka.bialystok.pl\/wp-content\/uploads\/2025\/03\/IMG-20250323-WA0008-1152x1536.jpg 1152w, https:\/\/hubertpietka.bialystok.pl\/wp-content\/uploads\/2025\/03\/IMG-20250323-WA0008.jpg 1200w\" sizes=\"auto, (max-width: 768px) 100vw, 768px\" \/><\/a><\/figure>\n\n\n\n<figure class=\"wp-block-image size-large\"><a href=\"https:\/\/hubertpietka.bialystok.pl\/wp-content\/uploads\/2025\/03\/IMG-20250323-WA0010.jpg\"><img loading=\"lazy\" decoding=\"async\" width=\"768\" height=\"1024\" data-id=\"9204\" src=\"https:\/\/hubertpietka.bialystok.pl\/wp-content\/uploads\/2025\/03\/IMG-20250323-WA0010-768x1024.jpg\" alt=\"\" class=\"wp-image-9204\" srcset=\"https:\/\/hubertpietka.bialystok.pl\/wp-content\/uploads\/2025\/03\/IMG-20250323-WA0010-768x1024.jpg 768w, https:\/\/hubertpietka.bialystok.pl\/wp-content\/uploads\/2025\/03\/IMG-20250323-WA0010-225x300.jpg 225w, https:\/\/hubertpietka.bialystok.pl\/wp-content\/uploads\/2025\/03\/IMG-20250323-WA0010-1152x1536.jpg 1152w, https:\/\/hubertpietka.bialystok.pl\/wp-content\/uploads\/2025\/03\/IMG-20250323-WA0010.jpg 1200w\" sizes=\"auto, (max-width: 768px) 100vw, 768px\" \/><\/a><\/figure>\n<\/figure>\n\n\n\n<p><em>Na zdj. Kwiatki bratki<br>Bia\u0142e \u017c\u00f3\u0142te fioletowe<br>To kt\u00f3rzy bracia i siostry<br>Czy naturalnie przez wi\u0119zy<br>Krwi przyja\u017ani znajomo\u015bci<br>Czy po prostu w Bogu<br>S\u0105 zagro\u017ceni przez<br>Szata\u0144sk\u0105 zbrodniczo\u015b\u0107 tych bandyt\u00f3w<br>I wszelkich im podobnych<br>W k\u0142amstwach i zbrodniach<br>Te bia\u0142e niewinne<br>No tak przecie\u017c zawsze<br>Wszelkie dzieci Bo\u017ce<br>W tym my przeszkadzamy bardzo<br>Szata\u0144skiej nienawi\u015bci tych bandyt\u00f3w<br>I wszelkich pod\u0142ug nich<br>Czy ci kt\u00f3rych lepszo\u015b\u0107 niby<br>Tych bandyt\u00f3w i pod\u0142ug nich<br>Skaza\u0142a na \u015bmier\u0107 czy odej\u015bcie<br>Oni s\u0105 w\u0142a\u015bnie<br>Jak barbarzy\u0144cy w ogrodzie<br>Zniszczy\u0107 chc\u0105 wszystko<br>To tak przy wio\u015bnie<br>I ju\u017c to zreszt\u0105 od dawna czyni\u0105<br>Bo sk\u0105d ten poczet<br>Wsp\u00f3\u0142czesnych m\u0119czennik\u00f3w niewinnych<br>A \u017ce ci\u0105gle im ma\u0142o<br>Wszelkich zbrodni szata\u0144skich<br>To i dalej chc\u0105 realizowa\u0107<br>Swe perfidne d\u0105\u017cenia do zbrodni<br>Pod\u0142ug szatana w pe\u0142ni k\u0142amliwie<br>Co wykaza\u0142em powy\u017cej<br>Tak \u017ce chyba w tym<br>Ca\u0142ym bandyckim \u015bwiecie<br>S\u0105 niezagro\u017ceni tylko bandyci<br>I wszelcy pod\u0142ug nich<br>W k\u0142amstwach szata\u0144skich splugawieni<br>Kt\u00f3re realizowana\u0107 trzeba bezwzgl\u0119dnie<br>By m\u00f3c by\u0107 z tym bandyctwem na wierzchu<br>Przecie\u017c oni s\u0105 lepsi<br>Tak chyba w szata\u0144skiej przemocy<br>Kt\u00f3r\u0105 maj\u0105 do dyspozycji<\/em><\/p>\n\n\n\n<p><em>A zbrodnie \u015bmier\u0107 zniewolenia gwa\u0142ty i zniszczenia<br>To czyja\u017c to domena<br>Czyje to s\u0105 atrybuty<br>Od zawsze w rozumieniu normalnym<br>Jak nie szatana w\u0142a\u015bnie<br>To kogo niby s\u0105 ci bandyci w\u0142a\u015bnie<br>I wszelcy pod\u0142ug nich<br>Jak nie szatana<br>Skoro w pe\u0142ni realizuj\u0105<br>Wszelkie szatanskie wytyczne<br>Wszelkich k\u0142amstw ob\u0142udy i fa\u0142szu<br>Ku zbrodniom wszelkim najgorszym<br>Taka chyba jest dedukcja prosta<br>Dla wszystkich kt\u00f3rzy maj\u0105<br>Niezachwiany jeszcze ca\u0142kowicie zmys\u0142 moralny<br>I odpowiednie postrzeganie spraw logiczne<br>W nazywaniu rzeczy \u015bwiata tego<br>Co jest Boga jest Boga<br>A co jest szatana to szatana<br>Po owocach dobra i z\u0142a<br>To wszystko si\u0119 odpowiednio rozpoznaje<br>I po intencjach kt\u00f3re towarzysz\u0105<br>Wszelkim dobrym czy z\u0142ym<br>Sprawom \u015bwiata tego<br>I ludziom albo pod\u0142ug Boga<br>Albo nienawistnej i z\u0142owrogiej tendencji<br>Z\u0142a wszelkiego dla innych ni\u017c oni sami<br>Tego bandyctwa i im podobnych<\/em><\/p>\n","protected":false},"excerpt":{"rendered":"<p>Warto chyba tu wy\u0142uszczy\u0107Fa\u0142szywe punkty wyj\u015bciaWszelkiej dialektyki bandyckiej po szata\u0144sku Najpierw \u017ceSeks jest najpe\u0142niejszym wyrazem mi\u0142o\u015bciProsz\u0119 wybaczy\u0107Ale seksi\u0107 si\u0119 mo\u017ceKa\u017cdy z ka\u017cdymI wszystko ze wszystkimI&hellip; <\/p>\n","protected":false},"author":1,"featured_media":0,"parent":0,"menu_order":0,"comment_status":"closed","ping_status":"closed","template":"","meta":{"footnotes":""},"class_list":["post-9202","page","type-page","status-publish","hentry"],"_links":{"self":[{"href":"https:\/\/hubertpietka.bialystok.pl\/index.php?rest_route=\/wp\/v2\/pages\/9202","targetHints":{"allow":["GET"]}}],"collection":[{"href":"https:\/\/hubertpietka.bialystok.pl\/index.php?rest_route=\/wp\/v2\/pages"}],"about":[{"href":"https:\/\/hubertpietka.bialystok.pl\/index.php?rest_route=\/wp\/v2\/types\/page"}],"author":[{"embeddable":true,"href":"https:\/\/hubertpietka.bialystok.pl\/index.php?rest_route=\/wp\/v2\/users\/1"}],"replies":[{"embeddable":true,"href":"https:\/\/hubertpietka.bialystok.pl\/index.php?rest_route=%2Fwp%2Fv2%2Fcomments&post=9202"}],"version-history":[{"count":1,"href":"https:\/\/hubertpietka.bialystok.pl\/index.php?rest_route=\/wp\/v2\/pages\/9202\/revisions"}],"predecessor-version":[{"id":9206,"href":"https:\/\/hubertpietka.bialystok.pl\/index.php?rest_route=\/wp\/v2\/pages\/9202\/revisions\/9206"}],"wp:attachment":[{"href":"https:\/\/hubertpietka.bialystok.pl\/index.php?rest_route=%2Fwp%2Fv2%2Fmedia&parent=9202"}],"curies":[{"name":"wp","href":"https:\/\/api.w.org\/{rel}","templated":true}]}}