{"id":9208,"date":"2025-03-31T11:34:06","date_gmt":"2025-03-31T11:34:06","guid":{"rendered":"https:\/\/hubertpietka.bialystok.pl\/?page_id=9208"},"modified":"2025-03-31T11:34:06","modified_gmt":"2025-03-31T11:34:06","slug":"victoria-w-bogu-stworzen-bozych-w-walce-przeciwko-szatanowi-i-wszelkimi-jego-dziecmi","status":"publish","type":"page","link":"https:\/\/hubertpietka.bialystok.pl\/?page_id=9208","title":{"rendered":"Victoria w Bogu stworze\u0144 Bo\u017cych \/ w walce przeciwko szatanowi \/ i wszelkimi jego dzie\u0107mi"},"content":{"rendered":"\n<p>\u015acigaj\u0105 nas i prze\u015bladuj\u0105<br>Gro\u017c\u0105c nam nieustannie<br>Ci bandyci i wszelacy<br>Pod\u0142ug nich w z\u0142u szata\u0144skim<br>Bo wiernie idziemy za Bogiem<br>Bo to B\u00f3g mi powiedzia\u0142<br>&#8222;Masz obroni\u0107 ten sw\u00f3j przycz\u00f3\u0142ek<br>A najpierw sw\u0105 \u017con\u0119<br>Przed tym szata\u0144stwem wszelkim<br>Kt\u00f3rzy ci jej chc\u0105 wyrz\u0105dza\u0107 nieustannie<br>W zniewoleniu lub \u015bmierci<br>I to kosztem swojego \u017cycia&#8221;<br>Tak B\u00f3g powiedzia\u0142<br>I tak si\u0119 dzieje<br>Mimo naszych s\u0142abo\u015bci<br>Kt\u00f3re pot\u0119guj\u0105 wszelkie dzia\u0142ania bandyctwa<br>Mimo przeciwno\u015bci kt\u00f3re mno\u017c\u0105 oni<br>I wszelkich trudno\u015bci<br>A gdyby\u015bcie wiedzieli<br>Ile kosztuje taka obrona<br>Jak si\u0119 przy tym spala wewn\u0119trznie cz\u0142owiek<br>Nie wydawaliby\u015bcie pochopnych pozornych s\u0105d\u00f3w<br>A skoro B\u00f3g tak powiedzia\u0142<br>To w czym oni trwaj\u0105<br>Ci bandyci i wszelcy jacykolwiek<br>Pod\u0142ug nich jak nie<br>W perfidnym szata\u0144stwie<br>Wed\u0142ug zbrodni i k\u0142amstw<br>Kt\u00f3rym szermuje dowolnie to bandyctwo<\/p>\n\n\n\n<p>I zobacz jak upodobali sobie<br>Ci bandyci i im podobni<br>W z\u0142u szata\u0144skim<br>Ten wybieg dla piesk\u00f3w<br>Czy\u017c nie mam racji<br>\u017be misie pieprzone k\u0142amstwami<br>Pod\u0142ug k\u0142amstw tych bandyt\u00f3w<br>Lubi\u0105 bandyckie ustawki<br>Dzisiaj tak si\u0119 ustawili<br>Przy tym wybiegu<br>Z jednej strony oni<br>A z drugiej r\u00f3wnie bandyckie<br>Bo s\u0142u\u017c\u0105ce k\u0142amstwom i jednocze\u015bnie<br>Te\u017c cywilizacji \u015bmierci s\u0142u\u017cby medyczne<br>I tak ca\u0142y czas<br>Rozgrywaj\u0105 to ci bandyci<br>Po szata\u0144sku szermuj\u0105c r\u00f3\u017cnymi s\u0142u\u017cbami<br>I innymi niecnymi prywatnymi<br>Patrz ci\u0105gle na przyk\u0142ad<br>Ta podwija a i inni<br>Zap\u0119dzeni w z\u0142o dla nas<br>O psychopatycznej prowieniencji<br>Bo my nic z\u0142ego bynajmniej<br>Nie zrobili\u015bmy nikomu<br>I tak ca\u0142y czas<br>To szata\u0144skie bandyctwo<br>Wykorzystuje r\u00f3\u017cnych niecnych szemranych wyst\u0119pnych<br>Dla nas ku z\u0142u szata\u0144skiemu<br>\u015amierci zniewoleniu zniszczeniu<br>Byleby tylko uderzenia szata\u0144skie<br>Nas dosi\u0119g\u0142y jakie\u015b<br>I tak wsz\u0119dzie chyba zreszt\u0105<br>I na ka\u017cdym kroku<br>Wed\u0142ug hegemonii bandyckiej przemocy<br>Realizowanej nieustannie w szatanie<br>Pod\u0142ug wszelkich przeciwno\u015bci i trudno\u015bci<br>M\u00f3wi\u0105c ogl\u0119dnie kt\u00f3re tworz\u0105 oni<br>I im podobni<br>W z\u0142u szata\u0144skim wszelkim<br>Wobec niewinnych tak naprawd\u0119<br>Dzieci Bo\u017cych kt\u00f3rymi jeste\u015bmy<br>A kt\u00f3re tym w\u0142a\u015bnie<br>Narazi\u0142y si\u0119 na nienawi\u015b\u0107 z\u0142owrog\u0105 szatana<br>I tych kt\u00f3rzy post\u0119puj\u0105<br>\u015aci\u015ble wed\u0142ug niego<br>W z\u0142u wszelkim dla nas<br>Naszych i naszego<br>Ale i chyba nie tylko<\/p>\n\n\n\n<p>I taki to jest<br>Ten tak zwanych przyzwoitych \u015bwiat<br>Wed\u0142ug tego bandyctwa i szatana<br>Wed\u0142ug tyrani z\u0142a i przemocy<br>Bo to po szata\u0144sku<br>Zawsze idzie w parze<br>Szatan lubi takie argumenty<br>Ku zbrodniom i k\u0142amstwom<br>I tym samym si\u0119 karmi\u0105<br>I psuj\u0105 te\u017c innych jednocze\u015bnie<br>Ci bandyci i wszelcy pod\u0142ug nich<br>W jadzie szata\u0144skim ku zbrodniom<\/p>\n\n\n\n<figure class=\"wp-block-gallery has-nested-images columns-default is-cropped wp-block-gallery-1 is-layout-flex wp-block-gallery-is-layout-flex\">\n<figure class=\"wp-block-image size-large\"><a href=\"https:\/\/hubertpietka.bialystok.pl\/wp-content\/uploads\/2025\/03\/IMG-20250331-WA0000.jpg\"><img loading=\"lazy\" decoding=\"async\" width=\"1024\" height=\"740\" data-id=\"9209\" src=\"https:\/\/hubertpietka.bialystok.pl\/wp-content\/uploads\/2025\/03\/IMG-20250331-WA0000-1024x740.jpg\" alt=\"\" class=\"wp-image-9209\" srcset=\"https:\/\/hubertpietka.bialystok.pl\/wp-content\/uploads\/2025\/03\/IMG-20250331-WA0000-1024x740.jpg 1024w, https:\/\/hubertpietka.bialystok.pl\/wp-content\/uploads\/2025\/03\/IMG-20250331-WA0000-300x217.jpg 300w, https:\/\/hubertpietka.bialystok.pl\/wp-content\/uploads\/2025\/03\/IMG-20250331-WA0000-768x555.jpg 768w, https:\/\/hubertpietka.bialystok.pl\/wp-content\/uploads\/2025\/03\/IMG-20250331-WA0000-1536x1110.jpg 1536w, https:\/\/hubertpietka.bialystok.pl\/wp-content\/uploads\/2025\/03\/IMG-20250331-WA0000.jpg 1600w\" sizes=\"auto, (max-width: 1024px) 100vw, 1024px\" \/><\/a><\/figure>\n<\/figure>\n\n\n\n<p><em>Na zdj. Wczoraj wieczorem pieski nasze<br>U\u0142o\u017cy\u0142y si\u0119 tak w\u0142a\u015bnie<br>W znak V czyli victorii<br>I to b\u0119dzie zwyci\u0119stwo<br>Wierz\u0119 w to mocno<br>Wbrew temu wszelkiemu szata\u0144stwu<br>Bo my idziemy z Bogiem<br>I w\u0142a\u015bnie za to<br>Prze\u015bladuj\u0105 nas dr\u0119cz\u0105c ci\u0105gle szatani<br>Czyli wed\u0142ug biblijnej etymologii przeciwnicy<br>Tak te\u017c w\u0142a\u015bnie<br>I wed\u0142ug wszelkich atrybut\u00f3w szata\u0144skich<br>Kt\u00f3rymi pos\u0142uguj\u0105 si\u0119 nieustannie<br>Byleby tylko ku z\u0142u<br>Dla nas naszego i naszych<br>Staramy si\u0119 wykonywa\u0107<br>Tylko to co powinni\u015bmy<br>A reszt\u0119 zostawiamy Bogu<br>Niech On w nas zwyci\u0119\u017ca<br>Tak jak to robi<br>A reszta tak\u017ce si\u0119 wype\u0142ni<br>Byle wed\u0142ug Boga nie szatana<br>I tych bandyt\u00f3w zadzier\u017cgni\u0119tych<br>Nieustannie w niezmiernym szata\u0144stwie<br>Tak mam dopom\u00f3\u017c Panie<\/em><\/p>\n\n\n\n<p>A do koleg\u00f3w pi\u0142karzy<br>Te\u017c mam s\u0142owo to tylko<br>Gdyby\u015bcie wiedzieli ile nas kosztuje<br>Walka z tym szata\u0144stwem wszelkim<br>Na co dzie\u0144<br>I ile musimy wytrwa\u0107 wycierpie\u0107<br>R\u00f3\u017cnych szata\u0144skich atak\u00f3w<br>To by\u015bcie mo\u017ce uszanowali intencje<br>Z kt\u00f3rymi wychodz\u0119 na boisko<br>Sam milcz\u0119 a m\u00f3g\u0142bym<br>Ze sto razy ka\u017cdemu zwraca\u0107 te\u017c uwag\u0119<br>Prosz\u0119 mi wierzy\u0107 lub nie<br>Umiem ustawia\u0107 na boisku gr\u0119<br>Ale staram si\u0119 jednak unika\u0107<br>Tak zwanych stan\u00f3w zapalnych<br>Bo to na m\u0142yn tego<br>Bandyctwa w pe\u0142ni szata\u0144skiego<br>Wi\u0119c si\u0119 wcale nie odzywam<br>Dop\u00f3ki kto\u015b mnie nie sprowokuje<br>Szanowaliby\u015bcie t\u0105 moj\u0105 postaw\u0119<br>Gdyby\u015bcie wiedzieli<br>Jak si\u0119 spala wewn\u0105trz cz\u0142owiek<br>Przecie\u017c i dla was te\u017c<br>Ja si\u0119 nieustanie spalam<br>A nie post\u0119powaliby\u015bcie w zgodzie<br>Z szata\u0144sk\u0105 nieprawo\u015bci\u0105 tego bandyctwa<br>Przekr\u0119caj\u0105cego zawsze czyste dobre intencje<br>Byleby tylko by\u0142o po szata\u0144sku<br>Staram si\u0119 was szanowa\u0107<br>Wi\u0119c wy szanujcie i mnie<br>Tylko tyle<br>A mo\u017ce i a\u017c tyle<br>Bo to przecie\u017c bandyctwu<br>Jest na przek\u00f3r<br>A \u0142atwiej p\u0142yn\u0105\u0107 z fal\u0105<br>Tak zwan\u0105 kt\u00f3ra ma przewag\u0119<br>Nawet je\u015bli to fala bandycka<br>W pe\u0142ni pod\u0142ug wszelkiego plugastwa<\/p>\n\n\n\n<p><\/p>\n","protected":false},"excerpt":{"rendered":"<p>\u015acigaj\u0105 nas i prze\u015bladuj\u0105Gro\u017c\u0105c nam nieustannieCi bandyci i wszelacyPod\u0142ug nich w z\u0142u szata\u0144skimBo wiernie idziemy za BogiemBo to B\u00f3g mi powiedzia\u0142&#8222;Masz obroni\u0107 ten sw\u00f3j przycz\u00f3\u0142ekA&hellip; <\/p>\n","protected":false},"author":1,"featured_media":0,"parent":0,"menu_order":0,"comment_status":"closed","ping_status":"closed","template":"","meta":{"footnotes":""},"class_list":["post-9208","page","type-page","status-publish","hentry"],"_links":{"self":[{"href":"https:\/\/hubertpietka.bialystok.pl\/index.php?rest_route=\/wp\/v2\/pages\/9208","targetHints":{"allow":["GET"]}}],"collection":[{"href":"https:\/\/hubertpietka.bialystok.pl\/index.php?rest_route=\/wp\/v2\/pages"}],"about":[{"href":"https:\/\/hubertpietka.bialystok.pl\/index.php?rest_route=\/wp\/v2\/types\/page"}],"author":[{"embeddable":true,"href":"https:\/\/hubertpietka.bialystok.pl\/index.php?rest_route=\/wp\/v2\/users\/1"}],"replies":[{"embeddable":true,"href":"https:\/\/hubertpietka.bialystok.pl\/index.php?rest_route=%2Fwp%2Fv2%2Fcomments&post=9208"}],"version-history":[{"count":1,"href":"https:\/\/hubertpietka.bialystok.pl\/index.php?rest_route=\/wp\/v2\/pages\/9208\/revisions"}],"predecessor-version":[{"id":9210,"href":"https:\/\/hubertpietka.bialystok.pl\/index.php?rest_route=\/wp\/v2\/pages\/9208\/revisions\/9210"}],"wp:attachment":[{"href":"https:\/\/hubertpietka.bialystok.pl\/index.php?rest_route=%2Fwp%2Fv2%2Fmedia&parent=9208"}],"curies":[{"name":"wp","href":"https:\/\/api.w.org\/{rel}","templated":true}]}}