{"id":9212,"date":"2025-03-31T22:03:10","date_gmt":"2025-03-31T22:03:10","guid":{"rendered":"https:\/\/hubertpietka.bialystok.pl\/?page_id=9212"},"modified":"2025-03-31T22:03:10","modified_gmt":"2025-03-31T22:03:10","slug":"polswiatek-bandyckich-zbrodni-i-klamstw-ma-zdominowac-po-szatansku-caly-ten-swiat","status":"publish","type":"page","link":"https:\/\/hubertpietka.bialystok.pl\/?page_id=9212","title":{"rendered":"P\u00f3\u0142\u015bwiatek bandyckich zbrodni i k\u0142amstw \/ ma zdominowa\u0107 po szata\u0144sku ca\u0142y ten \u015bwiat"},"content":{"rendered":"\n<p>Jak ogarn\u0105\u0107 Panie<br>Te ich wszystkie szata\u0144stwa<br>Kt\u00f3re chc\u0105 czyni\u0107 nieustannie<br>Ci bandyci i im podobni<br>Na wiele sposob\u00f3w<br>Wobec nas naszego i naszych<br>Jak ogarn\u0105\u0107 te wszystkie szata\u0144stwa<br>Tylko z Twoj\u0105 pomoc\u0105<\/p>\n\n\n\n<p>Ja si\u0119 niemal nieustanie modl\u0119<br>A oni te\u017c nieustannie<br>Chc\u0105 czyni\u0107 wszelkie szata\u0144stwa swoje<br>Na r\u00f3\u017cne sposoby<br>Przez r\u00f3\u017cnych bezecnych i wyst\u0119pnych<br>Najpierw wobec \u017cony<br>R\u00f3wnolegle te\u017c ze mn\u0105<br>Ze wszystkimi odpowiednio<br>Wed\u0142ug paradygmat\u00f3w szata\u0144skich<br>\u015amierci zniewolenia zniszczenia gwa\u0142tu<br>To znowu w nasze zwierz\u0119ta<br>W nasze samochody<br>I tak dalej we wszystko<br>Co z nami zwi\u0105zane<br>Tak jest perfidne i podst\u0119pne<br>To bandyctwo szata\u0144skie ca\u0142e<\/p>\n\n\n\n<p>Jak nie podwija to no przecie\u017c no raczej<br>Inni psychopaci<br>A tu na dzia\u0142ce<br>Se wymy\u015blili wyst\u0119pnych nieletnich<br>W zwi\u0105zku z poorawczakiem tutaj po s\u0105siedzku<br>A zaraz mo\u017ce jacy\u015b emigranci<br>Przecie\u017c oni chc\u0105<br>I mog\u0105 wykorzysta\u0107 wszystkich<br>W swym z\u0142u szata\u0144skim<br>Oni s\u0105 jak zaraza<br>Zarazi\u0107 z\u0142em chc\u0105 \u015bwiat ca\u0142y<br>To znowu\u017c bandyckie misie<br>Kt\u00f3re szczeka\u0107 maj\u0105 po szata\u0144sku<br>Wed\u0142ug tych bandyt\u00f3w<br>Czy inni bandyccy s\u0142u\u017calcy<br>Ma by\u0107 przecie\u017c totalno\u015b\u0107 z\u0142a<br>Wed\u0142ug tych bandyt\u00f3w i szatana<br>Bo oni s\u0105 wsp\u00f3\u0142mierni w\u0142a\u015bnie z nim<\/p>\n\n\n\n<p>A teraz no zobacz<br>Na Whatsappie nie mog\u0119 ju\u017c<br>Nie tylko zobaczy\u0107 status<br>Kt\u00f3ry zamieszczam sobie<br>Ale i tych kt\u00f3rzy go te\u017c zobaczyli<br>I mo\u017cna jednocze\u015bnie dzi\u0119ki temu<br>I im i mnie<br>Czyni\u0107 szata\u0144stwa bandyckie odpowiednie<br>Czyli jednak racj\u0119 mia\u0142em<br>\u017be ta aplikacja<br>Te\u017c ma dzia\u0142a\u0107 po bandycku<br>Podobnie jak wcze\u015bniej FB Google zreszt\u0105 itp<br>Wszystko ma by\u0107 przecie\u017c<br>Odpowiednio po bandycku<br>By ci mogli spokojnie<br>Spe\u0142nia\u0107 wszelkie szata\u0144stwa swoje<br>K\u0142amstwa i zbrodnie<br>W \u0142\u0105czno\u015bci z wszelkim zreszt\u0105<br>Pod\u0142ym perfidnym i ob\u0142udnym k\u0142amstwem<\/p>\n\n\n\n<figure class=\"wp-block-gallery has-nested-images columns-default is-cropped wp-block-gallery-1 is-layout-flex wp-block-gallery-is-layout-flex\">\n<figure class=\"wp-block-image size-large\"><a href=\"https:\/\/hubertpietka.bialystok.pl\/wp-content\/uploads\/2025\/03\/Resized_20250331_103826.jpeg\"><img loading=\"lazy\" decoding=\"async\" width=\"756\" height=\"1008\" data-id=\"9213\" src=\"https:\/\/hubertpietka.bialystok.pl\/wp-content\/uploads\/2025\/03\/Resized_20250331_103826.jpeg\" alt=\"\" class=\"wp-image-9213\" srcset=\"https:\/\/hubertpietka.bialystok.pl\/wp-content\/uploads\/2025\/03\/Resized_20250331_103826.jpeg 756w, https:\/\/hubertpietka.bialystok.pl\/wp-content\/uploads\/2025\/03\/Resized_20250331_103826-225x300.jpeg 225w\" sizes=\"auto, (max-width: 756px) 100vw, 756px\" \/><\/a><\/figure>\n<\/figure>\n\n\n\n<p><em>Na zdj. Czasem si\u0119 czuj\u0119<br>Tak osamotniony w walce<br>Jak ta biedna Ukraina<br>Z rosyjskim naje\u017ad\u017ac\u0105<br>Te kolory symbolicznie<br>Przypominaj\u0105 tu flag\u0119 Ukrainy<br>Jemio\u0142a \u017c\u00f3\u0142ta i kwiatki niebieski<br>Czasem si\u0119 tak samo czuj\u0119<br>Osamotniony w walce<br>Z tym ca\u0142ym bandyctwem<br>I wszelkim pod\u0142ug nich zdradziectwem<br>Bo ju\u017c przestaje si\u0119 liczy\u0107<br>Cz\u0142owiek i cz\u0142owiecze\u0144stwo<br>W swym wymiarze podstawowym<br>Wa\u017cne s\u0105 tylko szata\u0144stwa wszelkie<br>Tego bandyctwa kt\u00f3re czyni\u0105<br>Czynili i chc\u0105 dalej czyni\u0107<br>Kpi\u0105c sobie w \u017cywe oczy<br>Z wszelkiej zwyczajnej ludzkiej przyzwoito\u015bci<br>I z ogl\u0105du spraw ludzkich<br>Wed\u0142ug Bo\u017cych warto\u015bci<br>Tak sobie nieustannie kpi i szydzi<br>To ca\u0142e bandyctwo<br>I wszelcy w z\u0142u szata\u0144skim pod\u0142ug nich<br>Tak\u017ce bandycki p\u00f3\u0142\u015bwiatek k\u0142amliwych zbrodni<br>Ma wida\u0107 zdominowa\u0107 \u015bwiat ca\u0142y<br>Czy inni tego nie widz\u0105<br>Czy chc\u0105 by ten \u015bwiat<br>Pogr\u0105\u017cy\u0142y totalnie wszelkie k\u0142amliwe zbrodnie<\/em><\/p>\n\n\n\n<p class=\"has-text-align-right\"><strong><em><a href=\"https:\/\/youtu.be\/FILdfdIwlFQ?si=OPci6JjOD4mD5VkL\">Turbo &#8211; Zwyczajnie nie<\/a><\/em><\/strong><\/p>\n","protected":false},"excerpt":{"rendered":"<p>Jak ogarn\u0105\u0107 PanieTe ich wszystkie szata\u0144stwaKt\u00f3re chc\u0105 czyni\u0107 nieustannieCi bandyci i im podobniNa wiele sposob\u00f3wWobec nas naszego i naszychJak ogarn\u0105\u0107 te wszystkie szata\u0144stwaTylko z Twoj\u0105&hellip; <\/p>\n","protected":false},"author":1,"featured_media":0,"parent":0,"menu_order":0,"comment_status":"closed","ping_status":"closed","template":"","meta":{"footnotes":""},"class_list":["post-9212","page","type-page","status-publish","hentry"],"_links":{"self":[{"href":"https:\/\/hubertpietka.bialystok.pl\/index.php?rest_route=\/wp\/v2\/pages\/9212","targetHints":{"allow":["GET"]}}],"collection":[{"href":"https:\/\/hubertpietka.bialystok.pl\/index.php?rest_route=\/wp\/v2\/pages"}],"about":[{"href":"https:\/\/hubertpietka.bialystok.pl\/index.php?rest_route=\/wp\/v2\/types\/page"}],"author":[{"embeddable":true,"href":"https:\/\/hubertpietka.bialystok.pl\/index.php?rest_route=\/wp\/v2\/users\/1"}],"replies":[{"embeddable":true,"href":"https:\/\/hubertpietka.bialystok.pl\/index.php?rest_route=%2Fwp%2Fv2%2Fcomments&post=9212"}],"version-history":[{"count":1,"href":"https:\/\/hubertpietka.bialystok.pl\/index.php?rest_route=\/wp\/v2\/pages\/9212\/revisions"}],"predecessor-version":[{"id":9214,"href":"https:\/\/hubertpietka.bialystok.pl\/index.php?rest_route=\/wp\/v2\/pages\/9212\/revisions\/9214"}],"wp:attachment":[{"href":"https:\/\/hubertpietka.bialystok.pl\/index.php?rest_route=%2Fwp%2Fv2%2Fmedia&parent=9212"}],"curies":[{"name":"wp","href":"https:\/\/api.w.org\/{rel}","templated":true}]}}