{"id":9216,"date":"2025-04-01T05:49:10","date_gmt":"2025-04-01T05:49:10","guid":{"rendered":"https:\/\/hubertpietka.bialystok.pl\/?page_id=9216"},"modified":"2025-04-01T05:49:10","modified_gmt":"2025-04-01T05:49:10","slug":"perfidia-bandycka-szatanska-w-obludzie-bez-granic","status":"publish","type":"page","link":"https:\/\/hubertpietka.bialystok.pl\/?page_id=9216","title":{"rendered":"Perfidia bandycka szata\u0144ska \/ w ob\u0142udzie bez granic"},"content":{"rendered":"\n<p>1.<br>A \u017ce ja niby<br>Epatuj\u0119 szata\u0144stwem strasznie<br>Oni mog\u0105 czyni\u0107 wszelkie szata\u0144stwa<br>K\u0142amstwa ob\u0142udne i perfidne zbrodnie<br>Ale oni nie epatuj\u0105 szata\u0144stwem<br>Oni tylko je robi\u0105<br>Ja z kolei<br>Nie mog\u0119 nazywa\u0107 tego<br>Wed\u0142ug prawdy Bo\u017cej<br>I zwyk\u0142ego poczucia moralno\u015bci sprawiedliwiej<br>Ja epatuj\u0119 szata\u0144stwem<br>A przecie\u017c trzeba mi<br>Usta zamkn\u0105\u0107 bo to<br>Nie pasuje bardzo temu bandyctwu<br>I wszelkim im podobnym<br>\u017be stawiam spraw\u0119 jasno<br>I nazywam rzeczy po imieniu<\/p>\n\n\n\n<p>Id\u0105c wi\u0119c dalej<br>Kto to ma do mnie<br>Czy do nas szczeka\u0107<br>Tak w\u0142a\u015bnie po szata\u0144sku<br>Tak jak to pasuje<br>Tym bandytom i ze skutkiem<br>Jedynie s\u0142usznym bandycko-szata\u0144skim<br>Szkody jakiej\u015b dla nas<br>\u015amierci zniewolenia gwa\u0142tu czy zniszczenia<br>Kto to ma tak w\u0142a\u015bnie<br>Szczeka\u0107 po szata\u0144sku<br>Pod\u0142ug w\u0142a\u015bnie tych bandyt\u00f3w<br>Psy nie mog\u0105 szczeka\u0107 normalnie<br>Ale ta podwija cho\u0107by<br>Czy te\u017c inni psychopaci<br>Mog\u0105 szczeka\u0107 po szata\u0144sku zawsze<br>Byleby ze skutkiem odpowiednim bandyckim<br>Podobnie te bandyckie misie<br>Zale\u017cy gdzie jeste\u015b przecie\u017c<br>Zawsze mog\u0105 wed\u0142ug atrybut\u00f3w przemocy<br>Sobie zaszczeka\u0107 po szata\u0144sku<br>To co trzeba pod\u0142ug bandyctwa<br>Do nas te\u017c ze skutkiem<br>Oczywi\u015bcie tym porz\u0105danym szata\u0144sko<br>Przez tych bandyt\u00f3w<br>I wszelkich im podobnych<br>W z\u0142u szata\u0144skim<br>Czy te\u017c zreszt\u0105 i tam<br>Jacy bandyccy s\u0142u\u017calcy<br>I to jest najciekawsze<br>\u017be misie i inni str\u00f3\u017ce<br>Tak zwanego porz\u0105dku publicznego<br>Jedynie s\u0142usznego pod\u0142ug tych bandyt\u00f3w<br>Graj\u0105 z r\u00f3\u017cnymi szemranymi mentami<br>Po bandycku do jednej bramki<br>Byleby tylko wszystko<br>By\u0142o po szata\u0144sku<br>Czyli w\u0142a\u015bnie po bandycku<br>Byle by tylko<br>\u015amier\u0107 zbrodnie bandyckie i k\u0142amstwa<br>By\u0142y na wierzchu<br>I tu nie mo\u017cna tego<br>Nazywa\u0107 po imieniu<br>Oni mog\u0105 dzia\u0142a\u0107 wszyscy<br>Pod\u0142ug z\u0142owrogiej nienawi\u015bci<br>Nie w s\u0142owie tylko bynajmniej<br>Lecz w r\u00f3\u017cnych zbrodniczych czynach<br>Pod\u0142ug szatana<br>Ale ty po imieniu<br>Tak jak si\u0119 zreszt\u0105 nale\u017cy<br>Nie mo\u017cesz tego okre\u015bla\u0107<br>Cho\u0107by wed\u0142ug tylko ontologiczno-epistemologicznych warto\u015bci<br>A co dopiero wizji eschatologicznych<br>Czy w\u0142a\u015bciwego rozumienia spraw religijnych<br>Szata\u0144skie te\u017c poj\u0119cie mowy nienawi\u015bci<br>Jako kolejny bandycki czynnik<br>Ma ci przecie\u017c zamkn\u0105\u0107 usta<\/p>\n\n\n\n<p>A kto epatuje szata\u0144stwem<br>Zdecydowanie bardziej je\u015bli ju\u017c<br>Kto\u015b kto je czyni<br>Czy kto\u015b kto je nazywa<br>Kto\u015b kto dzia\u0142a z pe\u0142n\u0105 z\u0142owrog\u0105 nienawi\u015bci\u0105<br>Czy kto\u015b kto chce chroni\u0107<br>Cz\u0142owiecze\u0144stwo w cz\u0142owieku<br>Kto\u015b kto ob\u0142udnie perfidnie podle zak\u0142amuje te\u017c wszystko<br>Czy kto\u015b kto si\u0119 troszczy<br>O w\u0142a\u015bciwe rozumienie warto\u015bci Bo\u017cych<\/p>\n\n\n\n<p>2.<br>Teraz ju\u017c wiem<br>Jak to jest i<br>Ma by\u0107 wszystko<br>Wed\u0142ug tego szata\u0144skiego bandyctwa ca\u0142ego<br>\u017be oni wszystkim steruj\u0105<br>Nie tylko ruchem wsz\u0119dzie<br>Gdzie akurat jeste\u015bmy<br>Ale i nawet kto<br>Co i jak mo\u017ce odpowiedzie\u0107<br>Na nasze posty<br>Na tzw. profilach spo\u0142eczno\u015bciowych<br>Nawet grupa rodzinna na Whatsappie<br>Jest przez nich bandycko sterowana<br>Nawet kontakt \u017cony ze mn\u0105<br>A co dopiero innych<br>A wszystko ma by\u0107<br>W ten w\u0142a\u015bnie spos\u00f3b<br>\u017be nikt nas nie lubi<br>\u017be stracili\u015bmy akceptacj\u0119<br>\u017be nie mamy \u017cadnego poparcia<br>Nawet w rodzinie<br>Tak wszystkim steruje to bandyctwo<br>Po szata\u0144sku<br>Byleby tylko spe\u0142nia\u0107 swe wszelkie<br>Z\u0142owrogie nienawistne zap\u0119dy<br>Wobec nas naszych i naszego<br>Tak szata\u0144skie jest to<br>Bandyctwo wszelkie ca\u0142e<br>Byleby tylko m\u00f3c spokojnie<br>Nas zniewala\u0107 zabi\u0107<br>I szkodzi\u0107 jakkolwiek te\u017c<br>Nam naszemu i naszym<br>Ale chyba i innym<br>Te\u017c czyni\u0105 podobnie<br>Obserwuje to w r\u00f3\u017cnych mediach<br>\u017be ci kt\u00f3rzy podpadli jako\u015b<br>Temu pieprzonemu wszelkimi szata\u0144skimi k\u0142amstwami<br>Wszelkiemu bandyctwu<br>Nie mog\u0105 mie\u0107 \u017cadnego poparcia<br>A ich korespondencja ma by\u0107<br>Odpowiednio marginalizowana<br>Tak post\u0119puje to ca\u0142e szata\u0144stwo<br>Przeciwnik\u00f3w Boga i cz\u0142owieka<br>Przeciwnik\u00f3w dzieci Bo\u017cych<br>W prawdzie i niewinno\u015bci<br>Kt\u00f3rzy podpadli tyrani przemocowej bandyckiej<br>Wszystko po szata\u0144sku u nich<br>Byleby tylko zniszczy\u0107 dzieci Bo\u017ce<br>Kt\u00f3re ju\u017c nawet<br>Z samej tylko natury<br>Trwania w Bogu<br>Przeciwstawiaj\u0105 si\u0119 temu szata\u0144stwu<br>Jednocze\u015bnie podpadaj\u0105c pieprzonemu k\u0142amstwami bandyctwu<br>Ca\u0142emu i wszelkiemu<br>I tak oni rozgrywaj\u0105 wszystko<br>Wobec nas naszego i naszych<br>Ale i dzieci Bo\u017cych innych<br>Byleby tylko wszystko po szata\u0144sku<br>Ja to tylko nazywam<br>Wystarczy mi rozumu<br>P\u00f3ki co jeszcze<br>By to wszystko ocenia\u0107 w\u0142a\u015bciwie<br>Nie tylko pod\u0142ug r\u00f3\u017cnych<br>Tez ob\u0142udnych fa\u0142szywych<br>Tego szata\u0144skiego bandyctwa<\/p>\n\n\n\n<figure class=\"wp-block-gallery has-nested-images columns-default is-cropped wp-block-gallery-1 is-layout-flex wp-block-gallery-is-layout-flex\">\n<figure class=\"wp-block-image size-large\"><a href=\"https:\/\/hubertpietka.bialystok.pl\/wp-content\/uploads\/2025\/04\/Resized_20250327_194440.jpeg\"><img loading=\"lazy\" decoding=\"async\" width=\"1008\" height=\"756\" data-id=\"9217\" src=\"https:\/\/hubertpietka.bialystok.pl\/wp-content\/uploads\/2025\/04\/Resized_20250327_194440.jpeg\" alt=\"\" class=\"wp-image-9217\" srcset=\"https:\/\/hubertpietka.bialystok.pl\/wp-content\/uploads\/2025\/04\/Resized_20250327_194440.jpeg 1008w, https:\/\/hubertpietka.bialystok.pl\/wp-content\/uploads\/2025\/04\/Resized_20250327_194440-300x225.jpeg 300w, https:\/\/hubertpietka.bialystok.pl\/wp-content\/uploads\/2025\/04\/Resized_20250327_194440-768x576.jpeg 768w\" sizes=\"auto, (max-width: 1008px) 100vw, 1008px\" \/><\/a><\/figure>\n<\/figure>\n\n\n\n<p><em>Na zdj. Obrazek we mgle<br>Owieczki czy co tam jeszcze<br>Ka\u017cdy widzi co chce<br>Albo wed\u0142ug prawd Bo\u017cych<br>Albo k\u0142amstw szata\u0144skich tych bandyt\u00f3w<br>I wszelkich im podobnych<br>Albo si\u0119 \u017cyje Bogiem<br>Albo te\u017c szatanem<br>Albo si\u0119 pos\u0142uch Jemu daje<br>I dzieciom Bo\u017cym<br>Kt\u00f3re wskazuj\u0105 na Niego<br>Albo temu bandyctwu<br>I szata\u0144stwu k\u0142amliwemu wszelkiemu<br>Droga do\u015b\u0107 prosta<br>Droga \u017cycia i \u015bmierci droga<br>I nie chodzi tu tylko<br>O te sprawy doczesne<br>Ale i o \u017cycie wieczne<br>O eschatologi\u0119 i apokaliptyk\u0119<br>W rozumieniu biblijnym<br>A nie wed\u0142ug tez k\u0142amliwych<br>Tego bandyctwa wszelkiego pod\u0142ug szatana<\/em><\/p>\n\n\n\n<p><strong>I ani mi Ani<br>Z nami naszymi i naszym<br>Bo \u015bwiat si\u0119 sko\u0144czy<br>Zobaczycie te\u017c wtedy<br>Kto m\u00f3wi\u0142 prawd\u0119<br>A kto k\u0142ama\u0142 ob\u0142udnie perfidnie<br>Ale wtedy b\u0119dzie niestety<br>Ju\u017c za p\u00f3\u017ano<\/strong><\/p>\n\n\n\n<p class=\"has-text-align-center\">( <strong><em><a href=\"https:\/\/youtu.be\/LOMMoDO5j_4?si=tdn5oZQEAAosOabA\">Varius Manx &amp; Kasia Stankiewicz  &#8211; Kot bez ogona <\/a><\/em><\/strong> )<\/p>\n","protected":false},"excerpt":{"rendered":"<p>1.A \u017ce ja nibyEpatuj\u0119 szata\u0144stwem strasznieOni mog\u0105 czyni\u0107 wszelkie szata\u0144stwaK\u0142amstwa ob\u0142udne i perfidne zbrodnieAle oni nie epatuj\u0105 szata\u0144stwemOni tylko je robi\u0105Ja z koleiNie mog\u0119 nazywa\u0107&hellip; <\/p>\n","protected":false},"author":1,"featured_media":0,"parent":0,"menu_order":0,"comment_status":"closed","ping_status":"closed","template":"","meta":{"footnotes":""},"class_list":["post-9216","page","type-page","status-publish","hentry"],"_links":{"self":[{"href":"https:\/\/hubertpietka.bialystok.pl\/index.php?rest_route=\/wp\/v2\/pages\/9216","targetHints":{"allow":["GET"]}}],"collection":[{"href":"https:\/\/hubertpietka.bialystok.pl\/index.php?rest_route=\/wp\/v2\/pages"}],"about":[{"href":"https:\/\/hubertpietka.bialystok.pl\/index.php?rest_route=\/wp\/v2\/types\/page"}],"author":[{"embeddable":true,"href":"https:\/\/hubertpietka.bialystok.pl\/index.php?rest_route=\/wp\/v2\/users\/1"}],"replies":[{"embeddable":true,"href":"https:\/\/hubertpietka.bialystok.pl\/index.php?rest_route=%2Fwp%2Fv2%2Fcomments&post=9216"}],"version-history":[{"count":1,"href":"https:\/\/hubertpietka.bialystok.pl\/index.php?rest_route=\/wp\/v2\/pages\/9216\/revisions"}],"predecessor-version":[{"id":9218,"href":"https:\/\/hubertpietka.bialystok.pl\/index.php?rest_route=\/wp\/v2\/pages\/9216\/revisions\/9218"}],"wp:attachment":[{"href":"https:\/\/hubertpietka.bialystok.pl\/index.php?rest_route=%2Fwp%2Fv2%2Fmedia&parent=9216"}],"curies":[{"name":"wp","href":"https:\/\/api.w.org\/{rel}","templated":true}]}}