{"id":9220,"date":"2025-04-01T20:23:11","date_gmt":"2025-04-01T20:23:11","guid":{"rendered":"https:\/\/hubertpietka.bialystok.pl\/?page_id=9220"},"modified":"2025-04-01T20:23:11","modified_gmt":"2025-04-01T20:23:11","slug":"przeciwnicy-zaprzedani-w-zlu-szatanskim-czyz-nie-sa-nominalnie-szatanami","status":"publish","type":"page","link":"https:\/\/hubertpietka.bialystok.pl\/?page_id=9220","title":{"rendered":"Przeciwnicy zaprzedani w z\u0142u szata\u0144skim \/ czy\u017c nie s\u0105 nominalnie szatanami"},"content":{"rendered":"\n<p>A teraz o Panie<br>Czy ja nie mog\u0119<br>Nazywa\u0107 przeciwnik\u00f3w swoich<br>I przeciwnik\u00f3w te\u017c cz\u0142owiecze\u0144stwa<br>Po Bo\u017cemu w prawdzie<br>Nazywa\u0107 szatanami tak w\u0142a\u015bnie<br>Skoro ty tak nazwa\u0142e\u015b<br>\u015aw. Piotra m\u00f3wi\u0105c mu<br>&#8222;Zejd\u017a mi z oczu<br>Bo nie my\u015blisz po Bo\u017cemu<br>Lecz bardziej po ludzku&#8221;<br>Czy w zwi\u0105zku z tym<br>Ja szatanami nie mog\u0119<br>Te\u017c tak nazywa\u0107 ich<br>Skoro wa\u017cniejsze s\u0105 dla nich<br>Ni\u017c wszelkie Bo\u017ce sprawy<br>Sprawki nawet nie tylko ludzkie<br>Ale szata\u0144skie<br>Skoro nieustannie d\u0105\u017c\u0105<br>Do zbrodni na nas naszych naszym<br>Ale przecie\u017c nie tylko<br>I to ob\u0142udnie perfidnie k\u0142amliwie<br>Tak\u017ce bardzo po szata\u0144sku<br>Wobec tego czy ja ich<br>I wszelkich pod\u0142ug nich<br>W z\u0142u szata\u0144skim<br>Nie mog\u0119 nazywa\u0107 tak w\u0142a\u015bnie<br>Skoro tylko \u015bmier\u0107 zniewolenie zniszczenie<br>Przywo\u0142uj\u0105 bez ustanku oni<br>I do tego d\u0105\u017c\u0105<br>Wobec mnie \u017cony naszych naszego<br>Ale i innych tak\u017ce<br>A ile ju\u017c z tego<br>Te\u017c k\u0142amliwie i zbrodniczo zrealizowali<\/p>\n\n\n\n<p>Ale czy ja ich<br>Nazywam te\u017c biblijnie &#8222;raka&#8221;<br>Czyli &#8222;bezbo\u017cnicy&#8221; bro\u0144 Bo\u017ce<br>Lubi\u0105 oni przecie\u017c i r\u00f3\u017cni im podobni<br>Parodiowa\u0107 udawa\u0107 itp sprawy Bo\u017ce<br>Cho\u0107by w ko\u015bcio\u0142ach ku zbrodniom<br>Z kt\u00f3rych ju\u017c uczynili<br>Jaskinie zb\u00f3jc\u00f3w i ci\u0105gle tak czyni\u0105 oni<br>I wszelcy im podobni<br>Poza tym szatan te\u017c potrafi<br>Pobo\u017cno\u015b\u0107 udawa\u0107<br>By k\u0142amliwie zwodzi\u0107 ludzi<br>Wi\u0119c i wszelcy pod\u0142ug niego<br>Cho\u0107by ci bandyci<br>I im te\u017c podobni<br>W k\u0142amstwach i zbrodniach<br>Wi\u0119c bro\u0144 Bo\u017ce<br>Nie nazywam ich bezbo\u017cnicy *<strong>raka<\/strong>*<br>Cho\u0107 szatan to akurat *<strong>po-kraka<\/strong>*<br>Ale kt\u00f3ra si\u0119 przedstawia\u0107 umie<br>By z uznaniem przyjmowali go<br>R\u00f3\u017cni pokr\u0119tni ludzie i niecni<br>Nieuststematyzowani w wierze i warto\u015bciach<br>Dla nich przecie\u017c szatan<br>To wszystko co niesie te\u017c z sob\u0105<br>Wszelkie zbrodnie i ob\u0142udne k\u0142amstwa<br>Mog\u0105 sta\u0107 si\u0119 atrakcj\u0105 bo\u017ckiem<br>W imi\u0119 kt\u00f3rego trzeba walczy\u0107<br>Z Bogiem i dzie\u0107mi Bo\u017cymi<br>Ma na to szatan<br>Swoje r\u00f3\u017cne sposoby<br>Cho\u0107by wsp\u00f3\u0142czesne i nie ideologie<br>Kt\u00f3rymi ludziom szatan betonuje umys\u0142y<br>I wszelcy pod\u0142ug niego<br><br>Ale bro\u0144 Bo\u017ce<br>Nawet szatan nie powiem<br>\u017be jest bezbo\u017cny<br>Co dopiero ci bandyci<br>I im podobni wszelacy<br>Ale to nie przeszkadza te\u017c<br>Tych przeciwnik\u00f3w Bo\u017cych nazywa\u0107 szatanami<br>Pod\u0142ug prawdy dzia\u0142a\u0144 przeciwnych Bogu<br>Pod\u0142ug wszelkich k\u0142amstw i zbrodni<br>Kt\u00f3rymi si\u0119 kieruj\u0105<br>Kt\u00f3re czyni\u0105<br>I kt\u00f3rymi \u015bwiat ten<br>Chc\u0105 psu\u0107 w ca\u0142kowitej zgodzie<br>Z szatanem w\u0142a\u015bnie<br>I z nim to\u017csami<br>We wszelkich diabelskich aktach<\/p>\n\n\n\n<figure class=\"wp-block-gallery has-nested-images columns-default is-cropped wp-block-gallery-1 is-layout-flex wp-block-gallery-is-layout-flex\">\n<figure class=\"wp-block-image size-large\"><a href=\"https:\/\/hubertpietka.bialystok.pl\/wp-content\/uploads\/2025\/04\/IMG-20250326-WA0022.jpg\"><img loading=\"lazy\" decoding=\"async\" width=\"768\" height=\"1024\" data-id=\"9221\" src=\"https:\/\/hubertpietka.bialystok.pl\/wp-content\/uploads\/2025\/04\/IMG-20250326-WA0022-768x1024.jpg\" alt=\"\" class=\"wp-image-9221\" srcset=\"https:\/\/hubertpietka.bialystok.pl\/wp-content\/uploads\/2025\/04\/IMG-20250326-WA0022-768x1024.jpg 768w, https:\/\/hubertpietka.bialystok.pl\/wp-content\/uploads\/2025\/04\/IMG-20250326-WA0022-225x300.jpg 225w, https:\/\/hubertpietka.bialystok.pl\/wp-content\/uploads\/2025\/04\/IMG-20250326-WA0022-1152x1536.jpg 1152w, https:\/\/hubertpietka.bialystok.pl\/wp-content\/uploads\/2025\/04\/IMG-20250326-WA0022.jpg 1200w\" sizes=\"auto, (max-width: 768px) 100vw, 768px\" \/><\/a><\/figure>\n<\/figure>\n\n\n\n<p><em>Na zdj. Ecco Homo g\u0142osi z ambony<br>&#8222;Oto cz\u0142owiek'&#8221;<br>Bo ja nie m\u00f3wi\u0119<br>Sam tylko od siebie<br>Lecz to co B\u00f3g<br>Mi w\u0142o\u017cy w usta serce i rozum<br>A to si\u0119 sprzeciwia<br>Zbrodniom i k\u0142amstwom tych bandyt\u00f3w<br>I wszelkich pod\u0142ug nich<br>W z\u0142u szata\u0144skim<br>Czy wobec tego nie mo\u017cna te\u017c ich<br>Tak nazywa\u0107 w\u0142a\u015bnie szatanami<br>W zgodzie z biblijn\u0105 wyk\u0142adni\u0105<br>I prawd\u0105 nagannych czyn\u00f3w moralnie<br>I s\u0142\u00f3w prawd\u0119 przewrotnie kalaj\u0105cych<br>To wszystko jest przecie\u017c istot\u0105<br>Wszelkich akt\u00f3w diabelskich<br>Pod\u0142ug szatana i nie inaczej<\/em><\/p>\n\n\n\n<p>\/ &#8211;<\/p>\n\n\n\n<p>Jak oni wszyscy<br>Pod\u0142ug tego bandyctwa i wsp\u00f3\u0142pracuj\u0105cy z nimi<br>S\u0105 pewni siebie<br>Pewni przewagi tego bandyctwa przemocowej<br>I wszelkiego szata\u0144stwa<br>Jak oni s\u0105 pyszni<br>W sobie zadufani<br>I w z\u0142u przy okazji<br>Bo to zawsze idzie te\u017c w parze<br>Mia\u0142 racj\u0119 \u015bw. Pawe\u0142<br>Kiedy pisa\u0142 \u017ce<br>&#8222;U ko\u0144ca czas\u00f3w ludzie<br>Tacy w\u0142a\u015bnie b\u0119d\u0105<br>Nie znosz\u0105cy \u017cadnych \u015bwi\u0119to\u015bci<br>Przeciwstawiaj\u0105cy si\u0119 im<br>A nawet z nimi walcz\u0105cy&#8221;<br>Tacy s\u0105 wszyscy<br>Kt\u00f3rzy pok\u0142adaj\u0105 ufno\u015b\u0107<br>W przewadze przemocowej tego bandyctwa<br>\u017be po szata\u0144sku ma by\u0107 przecie\u017c wszystko<br>Biedni nie wiedz\u0105<br>\u017be jak to bandyctwo wygra<br>Pod\u0142ug szatana<br>To sami sp\u0142on\u0105 tak\u017ce<br>Docze\u015bnie i w ogniu wiecznym<br>Co jest du\u017co gorsze<br>Temu nie wierz\u0105 to sp\u0142on\u0105<br>Bo nie uwierzyli Bogu<br>A ufno\u015b\u0107 sw\u0105 z\u0142o\u017cyli<br>W szata\u0144stwie wszelkim zbrodniczym k\u0142amliwym<br>A najbiedniejsi b\u0119d\u0105 ci<br>Kt\u00f3rzy si\u0119 przyczyni\u0105<br>Do zwyci\u0119stwa szatana<br>I wszelkich s\u0142ug jego<br>Nad tymi dzie\u0107mi Bo\u017cymi<br>Podobnie zreszt\u0105 jak<br>By\u0142o i z Judaszem<br>Bo to wszystko<br>Tu si\u0119 analogicznie odbija<br>Co by\u0142o w czasach Jezusa<br>Przewaga ob\u0142udy faryzejskiej<br>Oboj\u0119tno\u015b\u0107 posp\u00f3lstwa<br>Potem odpowiednio nastawionego<br>Niesprawiedliwe s\u0105dy wszelkie<br>I tak dalej<br>Widocznie i tu si\u0119 ma<br>Powt\u00f3rzy\u0107 to wszystko<br>Z tym \u017ce tu<br>Ju\u017c nie b\u0119dzie odwrotu wtedy<br>Od Apokalipsy<br>Wbrew k\u0142amstwom szata\u0144skim tego bandyctwa<br>Bo to jest tzw. kalka<br>\u017bycia Jezusa tutaj<br>Nie wierzycie to zobaczycie<br>Ale wtedy b\u0119dzie ju\u017c<br>Niestety za p\u00f3\u017ano<br>Tak si\u0119 Bogu spodoba\u0142o<br>Uczyni\u0107 z nas ma\u0142ych<br>Paradygmat Bo\u017cy taki<br>A kt\u00f3\u017c zabroni Bogu<br>Zrobi\u0107 co Mu si\u0119 podoba<br>A oczywi\u015bcie temu zawsze<br>Sprzeciwia si\u0119 mocno szatan<br>I wszelcy w z\u0142u pod\u0142ug niego te\u017c<\/p>\n","protected":false},"excerpt":{"rendered":"<p>A teraz o PanieCzy ja nie mog\u0119Nazywa\u0107 przeciwnik\u00f3w swoichI przeciwnik\u00f3w te\u017c cz\u0142owiecze\u0144stwaPo Bo\u017cemu w prawdzieNazywa\u0107 szatanami tak w\u0142a\u015bnieSkoro ty tak nazwa\u0142e\u015b\u015aw. Piotra m\u00f3wi\u0105c mu&#8222;Zejd\u017a mi&hellip; <\/p>\n","protected":false},"author":1,"featured_media":0,"parent":0,"menu_order":0,"comment_status":"closed","ping_status":"closed","template":"","meta":{"footnotes":""},"class_list":["post-9220","page","type-page","status-publish","hentry"],"_links":{"self":[{"href":"https:\/\/hubertpietka.bialystok.pl\/index.php?rest_route=\/wp\/v2\/pages\/9220","targetHints":{"allow":["GET"]}}],"collection":[{"href":"https:\/\/hubertpietka.bialystok.pl\/index.php?rest_route=\/wp\/v2\/pages"}],"about":[{"href":"https:\/\/hubertpietka.bialystok.pl\/index.php?rest_route=\/wp\/v2\/types\/page"}],"author":[{"embeddable":true,"href":"https:\/\/hubertpietka.bialystok.pl\/index.php?rest_route=\/wp\/v2\/users\/1"}],"replies":[{"embeddable":true,"href":"https:\/\/hubertpietka.bialystok.pl\/index.php?rest_route=%2Fwp%2Fv2%2Fcomments&post=9220"}],"version-history":[{"count":1,"href":"https:\/\/hubertpietka.bialystok.pl\/index.php?rest_route=\/wp\/v2\/pages\/9220\/revisions"}],"predecessor-version":[{"id":9222,"href":"https:\/\/hubertpietka.bialystok.pl\/index.php?rest_route=\/wp\/v2\/pages\/9220\/revisions\/9222"}],"wp:attachment":[{"href":"https:\/\/hubertpietka.bialystok.pl\/index.php?rest_route=%2Fwp%2Fv2%2Fmedia&parent=9220"}],"curies":[{"name":"wp","href":"https:\/\/api.w.org\/{rel}","templated":true}]}}