{"id":9229,"date":"2025-04-05T17:54:55","date_gmt":"2025-04-05T17:54:55","guid":{"rendered":"https:\/\/hubertpietka.bialystok.pl\/?page_id=9229"},"modified":"2025-04-05T17:54:55","modified_gmt":"2025-04-05T17:54:55","slug":"trwac-w-bozej-prawdzie-na-przekor-bandyckiej-przemocy-szatanskiej","status":"publish","type":"page","link":"https:\/\/hubertpietka.bialystok.pl\/?page_id=9229","title":{"rendered":"Trwa\u0107 w Bo\u017cej prawdzie \/ na przek\u00f3r bandyckiej przemocy szata\u0144skiej"},"content":{"rendered":"\n<p>Zrozumcie to wy<br>\u017be ja nawet je\u015bli<br>Bym nie kocha\u0142 swojej \u017cony<br>Co nie jest prawd\u0105<br>I wie to szatan<br>Dlatego si\u0119 temu tak przeciwstawia<br>Ale nawet je\u015bli<br>To nie m\u00f3g\u0142bym wykroczy\u0107<br>Przeciwko jasnej co do mnie<br>Woli Bo\u017cej<br>Ani na lewo ani te\u017c na prawo<br>A B\u00f3g powiedzia\u0142 mi<br>Masz obroni\u0107 swoj\u0105 \u017con\u0119<br>Nawet w\u0142asnego \u017cycia kosztem<br>Dlatego tak si\u0119 temu sprzeciwia<br>To ca\u0142e szata\u0144stwo bandyckie<br>Bo ono jest Bogu przeciwne<br>Z gruntu tendencji odwiecznych szatana<br>I nie rozumiej\u0105 te\u017c tego<br>Ci r\u00f3\u017cni kt\u00f3rzy nie doceniaj\u0105<br>Mocy sakramentu ma\u0142\u017ce\u0144stwa w Panu<\/p>\n\n\n\n<p>A teraz czy ja mog\u0119<br>Sobie traktowa\u0107 dowolnie wol\u0119 Bo\u017c\u0105<br>Jasno wyra\u017con\u0105 co do mnie<br>Jako m\u00f3j g\u0142\u00f3wny cel<br>I czy\u017c nie jest to<br>Wszelkie bandyctwo szata\u0144stwem<br>Skoro ono wprost si\u0119<br>Tej woli Bo\u017cej sprzeciwia<br>I jeszcze mnie chce kara\u0107<br>Za to \u017ce id\u0119 wiernie<br>Za Bogiem a nie szatanem<br>Jak bym szed\u0142 za nim<br>Jak oni pewnie uwa\u017cali by<br>Mnie wtedy za swojego<br>Pod\u0142ug w\u0142a\u015bnie szatana<br>I wszelkich zbrodni kt\u00f3re<br>Nieustannie chc\u0105 czyni\u0107 oni<br>I wszelkich k\u0142amstw<br>Kt\u00f3re genetycznie ju\u017c nawet<br>Sprzeciwiaj\u0105 si\u0119 wszelkim prawdom Bo\u017cym<br>Ludziom danym w tradycji \u015bwiat\u0142a<\/p>\n\n\n\n<p>A jednak dzi\u0119kuj\u0119 te\u017c wszystkim<br>Kt\u00f3rzy nie zgadzaj\u0105 si\u0119<br>Na t\u0105 jedynie s\u0142uszn\u0105<br>Przez przemoc wizj\u0119 szata\u0144sk\u0105 \u015bwiata<br>Tym kt\u00f3rzy otwieraj\u0105 si\u0119<br>Na Boz\u0105 prawd\u0119<br>I z ni\u0105 wsp\u00f3\u0142pracuj\u0105<br>Na r\u00f3\u017cnych poziomach \u017cycia<br>Tym kt\u00f3rzy nie s\u0105 oboj\u0119tni<br>Tym kt\u00f3rym przeszkadza<br>Z\u0142o w \u015bwiecie realizowane<br>We wszelkich zbrodniach i k\u0142amstwach<br>Pod\u0142ug w\u0142a\u015bnie szatana<br>Jak u tego bandyctwa<br>I poplecznik\u00f3w ich wszelakich<br>Jawnych czy ukrytych<br>Kt\u00f3rych celem jest tak<br>Czy te\u017c inaczej<br>Dominacja z\u0142a szata\u0144skiego w \u015bwiecie<br>A tym tyle powiem<br>Je\u015bli z\u0142o szata\u0144skie nas zniszczy<br>To odziedziczycie szata\u0144stwo kt\u00f3re wybierali\u015bcie<br>Odziedziczycie je a\u017c do granic<br>Po kres sko\u0144czenia \u015bwiata tego<br>I zniszczenia szata\u0144skiego<br>Kt\u00f3re si\u0119 wtedy dope\u0142ni<br>I tak samo zginiecie<br>W szata\u0144stwie kt\u00f3re wybierali\u015bcie<br>A do wszelkich dzieci Bo\u017cych<br>Tylko to s\u0142owo dzi\u0119kuj\u0119 b\u0105d\u017acie<br>Trwajcie w jasnych Bo\u017cych prawdach<br>I wspierajmy si\u0119 nawzajem<br>Pod\u0142ug wiedzy jak\u0105 B\u00f3g daje<\/p>\n\n\n\n<figure class=\"wp-block-gallery has-nested-images columns-default is-cropped wp-block-gallery-1 is-layout-flex wp-block-gallery-is-layout-flex\">\n<figure class=\"wp-block-image size-large\"><a href=\"https:\/\/hubertpietka.bialystok.pl\/wp-content\/uploads\/2025\/04\/Resized_20250404_160405.jpeg\"><img loading=\"lazy\" decoding=\"async\" width=\"756\" height=\"1008\" data-id=\"9230\" src=\"https:\/\/hubertpietka.bialystok.pl\/wp-content\/uploads\/2025\/04\/Resized_20250404_160405.jpeg\" alt=\"\" class=\"wp-image-9230\" srcset=\"https:\/\/hubertpietka.bialystok.pl\/wp-content\/uploads\/2025\/04\/Resized_20250404_160405.jpeg 756w, https:\/\/hubertpietka.bialystok.pl\/wp-content\/uploads\/2025\/04\/Resized_20250404_160405-225x300.jpeg 225w\" sizes=\"auto, (max-width: 756px) 100vw, 756px\" \/><\/a><\/figure>\n<\/figure>\n\n\n\n<p><em>Na zdj. Maryja w strugach \u015bwiat\u0142a<br>Ona zawsze pomaga wybiera\u0107<br>Najlepsz\u0105 drog\u0119 pod\u0142ug Boga<br>Wspieraj Maryjo w walce<br>Wszelkie dzieci Bo\u017ce<br>Z tym wszelkim szata\u0144stwem<br>I nas i innych<br>By mog\u0142o zwyci\u0119\u017cy\u0107 dobro<br>Nie z\u0142o szata\u0144skie<br>By mog\u0142a zwyci\u0119\u017cy\u0107 Bo\u017ca prawda<br>Nie wszelkie ob\u0142udne perfidne k\u0142amstwa<br>By \u015bwiat m\u00f3g\u0142 si\u0119 odnowi\u0107<br>W Bogu otrz\u0105sn\u0105\u0107 z tego<br>Wszelkiego obrzydliwego tak naprawd\u0119<br>Pod\u0142ug istoty moralnej z\u0142a<br>Bandyckiego szata\u0144stwa<br>W Panu trwajmy przez Maryj\u0119<br>Jezu ufam Tobie<\/em><\/p>\n","protected":false},"excerpt":{"rendered":"<p>Zrozumcie to wy\u017be ja nawet je\u015bliBym nie kocha\u0142 swojej \u017conyCo nie jest prawd\u0105I wie to szatanDlatego si\u0119 temu tak przeciwstawiaAle nawet je\u015bliTo nie m\u00f3g\u0142bym wykroczy\u0107Przeciwko&hellip; <\/p>\n","protected":false},"author":1,"featured_media":0,"parent":0,"menu_order":0,"comment_status":"closed","ping_status":"closed","template":"","meta":{"footnotes":""},"class_list":["post-9229","page","type-page","status-publish","hentry"],"_links":{"self":[{"href":"https:\/\/hubertpietka.bialystok.pl\/index.php?rest_route=\/wp\/v2\/pages\/9229","targetHints":{"allow":["GET"]}}],"collection":[{"href":"https:\/\/hubertpietka.bialystok.pl\/index.php?rest_route=\/wp\/v2\/pages"}],"about":[{"href":"https:\/\/hubertpietka.bialystok.pl\/index.php?rest_route=\/wp\/v2\/types\/page"}],"author":[{"embeddable":true,"href":"https:\/\/hubertpietka.bialystok.pl\/index.php?rest_route=\/wp\/v2\/users\/1"}],"replies":[{"embeddable":true,"href":"https:\/\/hubertpietka.bialystok.pl\/index.php?rest_route=%2Fwp%2Fv2%2Fcomments&post=9229"}],"version-history":[{"count":1,"href":"https:\/\/hubertpietka.bialystok.pl\/index.php?rest_route=\/wp\/v2\/pages\/9229\/revisions"}],"predecessor-version":[{"id":9231,"href":"https:\/\/hubertpietka.bialystok.pl\/index.php?rest_route=\/wp\/v2\/pages\/9229\/revisions\/9231"}],"wp:attachment":[{"href":"https:\/\/hubertpietka.bialystok.pl\/index.php?rest_route=%2Fwp%2Fv2%2Fmedia&parent=9229"}],"curies":[{"name":"wp","href":"https:\/\/api.w.org\/{rel}","templated":true}]}}