{"id":9239,"date":"2025-04-10T07:42:03","date_gmt":"2025-04-10T07:42:03","guid":{"rendered":"https:\/\/hubertpietka.bialystok.pl\/?page_id=9239"},"modified":"2025-04-10T07:42:03","modified_gmt":"2025-04-10T07:42:03","slug":"mgla-zbrodniczych-klamstw-nad-tym-swiatem-jest","status":"publish","type":"page","link":"https:\/\/hubertpietka.bialystok.pl\/?page_id=9239","title":{"rendered":"Mg\u0142a zbrodniczych k\u0142amstw \/ nad tym \u015bwiatem jest"},"content":{"rendered":"\n<p>Mg\u0142a rozpo\u015bciera si\u0119<br>Nad tym ca\u0142ym \u015bwiatem<br>Mg\u0142a k\u0142amstw szata\u0144skich<br>Bo on jest ojcem k\u0142amstwa<br>Wszelkiego szczeg\u00f3lnie tego w zaparte<\/p>\n\n\n\n<p>Czy\u017c nie jest tak te\u017c<br>Ze Smole\u0144skiem<br>Podobnie jak z k\u0142amstwem katy\u0144skim<br>Kt\u00f3re pr\u00f3bowali serwowa\u0107 maj\u0105cy<br>W tym interes<br>By zakrywa\u0107 prawd\u0119 o zbrodni<br>Od 25 lat to wydarzenie<br>Nakrywa k\u0142amstwo mg\u0142y<br>A kto ma cho\u0107 troch\u0119<br>Zdrowego rozs\u0105dku i dobrej woli<br>Potrafi to oceni\u0107 w\u0142a\u015bciwie<br>Zbrodnie trzeba tak nazywa\u0107<br>Cho\u0107 to oczywi\u015bcie nie pasuje<br>Tym kt\u00f3rzy maj\u0105 interes<br>W nakryciu k\u0142amstwem zbrodni<br>Ale na k\u0142amstwie niczego<br>Si\u0119 nie zbuduje dobrego<br>Dok\u0105d zmierzasz \u015bwiecie<br>A w k\u0142amstwach mo\u017cna tylko<br>Si\u0119 zapada\u0107 produkuj\u0105c podobne odpowiednio<\/p>\n\n\n\n<p>A czy\u017c to bandyctwo<br>Nie tak te\u017c z nami<br>Z innej strony<br>Byleby tylko nas usidli\u0107<br>A to wszystko te\u017c jest<br>Na k\u0142amstwie w zaparte<br>\u017be maj\u0105 prawo do zbrodni<br>\u017be mog\u0105 bezkarnie zabija\u0107 zniewala\u0107<br>\u017be mog\u0105 dyba\u0107<br>Na wszelkie dobra nasze<br>I robi\u0105 to te\u017c k\u0142amliwie<br>Bo najlepiej tym niby przypadkiem<br>K\u0142amstwa przecie\u017c najlepiej podpiera\u0107 k\u0142amstwem<br>I to tym w zaparte<br>Jak z t\u0105 podwij\u0105<br>Bandyckimi misiami i tak dalej<br>Byleby tylko ku zbrodniom<br>Na nas naszych i naszym<\/p>\n\n\n\n<p>Jak\u017ce\u017c to wszystko<br>To nie jest szata\u0144stwo<br>Skoro punktem wyj\u015bcia<br>Do wszelkich ich zbrodni<br>Jest w\u0142a\u015bnie k\u0142amstwo w zaparte<br>Szata\u0144ski pocz\u0105tek punkt wyj\u015bcia<br>Szata\u0144skie metody zreszt\u0105 jakiekolwiek<br>D\u0105\u017cenia do wszelkich zbrodni<br>I cel tego<br>\u015amier\u0107 zniewolenie gwa\u0142t zniszczenie<br>Szata\u0144ski pocz\u0105tek taka te\u017c droga<br>I cele do kt\u00f3rych d\u0105\u017c\u0105<br>Perfidnie podle ob\u0142udnie i ob\u0142\u0119dnie<br>To jak\u017ce\u017c to szata\u0144stwo<br>I nie jest<br>I jak\u017ce\u017c oni wszyscy<br>Nie s\u0105 szata\u0144scy<br>Wed\u0142ug cho\u0107by dedukcji przynale\u017cno\u015bci prostej<br>\u017be kto czym \u017cyje<br>Tym si\u0119 te\u017c staje<br>Szata\u0144stwo od pocz\u0105tku do ko\u0144ca<br>I szata\u0144scy tak post\u0119puj\u0105cy<br>Koniec i kropka<\/p>\n\n\n\n<figure class=\"wp-block-gallery has-nested-images columns-default is-cropped wp-block-gallery-1 is-layout-flex wp-block-gallery-is-layout-flex\">\n<figure class=\"wp-block-image size-large\"><a href=\"https:\/\/hubertpietka.bialystok.pl\/wp-content\/uploads\/2025\/04\/IMG-20250410-WA0013.jpg\"><img loading=\"lazy\" decoding=\"async\" width=\"768\" height=\"1024\" data-id=\"9240\" src=\"https:\/\/hubertpietka.bialystok.pl\/wp-content\/uploads\/2025\/04\/IMG-20250410-WA0013-768x1024.jpg\" alt=\"\" class=\"wp-image-9240\" srcset=\"https:\/\/hubertpietka.bialystok.pl\/wp-content\/uploads\/2025\/04\/IMG-20250410-WA0013-768x1024.jpg 768w, https:\/\/hubertpietka.bialystok.pl\/wp-content\/uploads\/2025\/04\/IMG-20250410-WA0013-225x300.jpg 225w, https:\/\/hubertpietka.bialystok.pl\/wp-content\/uploads\/2025\/04\/IMG-20250410-WA0013-1152x1536.jpg 1152w, https:\/\/hubertpietka.bialystok.pl\/wp-content\/uploads\/2025\/04\/IMG-20250410-WA0013.jpg 1200w\" sizes=\"auto, (max-width: 768px) 100vw, 768px\" \/><\/a><\/figure>\n<\/figure>\n\n\n\n<p><em>Na zdj. Perfidia k\u0142amstw pod\u0142ych wszelkich<br>Idzie w parze<br>Z przeinaczaniem zbrodni<br>I ob\u0142\u0119dnym do nich d\u0105\u017ceniem<br>Wspomagaj nas \u015bw. Michale Archaniele<br>W walce z tym ca\u0142ym<br>I wszelkim szata\u0144stwem<br>Czy tego \u015bwiadomo\u015b\u0107 maj\u0105<br>Czy te\u017c nie<br>To tak w\u0142a\u015bnie jest<br>K\u0142amstwami i d\u0105\u017ceniami do zbrodni<br>Ci wszelcy r\u00f3\u017cni s\u0142u\u017c\u0105 szatanowi<br>Zw\u0142aszcza \u017ce to wszystko<br>Wobec niewinnych tak naprawd\u0119<br>Dzieci Bo\u017cych kt\u00f3re tylko tym<br>\u017be tak w\u0142a\u015bnie jest<br>Podpad\u0142y nienawi\u015bci z\u0142owrogiej diabelskiej<br>A to bandyctwo ca\u0142e<br>To tymbardziej bo<br>Na zaparte &#8222;na przepad\u0142e&#8221;<br>W tym szata\u0144stwie<br>W k\u0142amstwach ze zbrodniami<br>Czyli tym wszystkim<br>Co definiuje i dookre\u015bla z\u0142o<\/em><\/p>\n","protected":false},"excerpt":{"rendered":"<p>Mg\u0142a rozpo\u015bciera si\u0119Nad tym ca\u0142ym \u015bwiatemMg\u0142a k\u0142amstw szata\u0144skichBo on jest ojcem k\u0142amstwaWszelkiego szczeg\u00f3lnie tego w zaparte Czy\u017c nie jest tak te\u017cZe Smole\u0144skiemPodobnie jak z k\u0142amstwem&hellip; <\/p>\n","protected":false},"author":1,"featured_media":0,"parent":0,"menu_order":0,"comment_status":"closed","ping_status":"closed","template":"","meta":{"footnotes":""},"class_list":["post-9239","page","type-page","status-publish","hentry"],"_links":{"self":[{"href":"https:\/\/hubertpietka.bialystok.pl\/index.php?rest_route=\/wp\/v2\/pages\/9239","targetHints":{"allow":["GET"]}}],"collection":[{"href":"https:\/\/hubertpietka.bialystok.pl\/index.php?rest_route=\/wp\/v2\/pages"}],"about":[{"href":"https:\/\/hubertpietka.bialystok.pl\/index.php?rest_route=\/wp\/v2\/types\/page"}],"author":[{"embeddable":true,"href":"https:\/\/hubertpietka.bialystok.pl\/index.php?rest_route=\/wp\/v2\/users\/1"}],"replies":[{"embeddable":true,"href":"https:\/\/hubertpietka.bialystok.pl\/index.php?rest_route=%2Fwp%2Fv2%2Fcomments&post=9239"}],"version-history":[{"count":1,"href":"https:\/\/hubertpietka.bialystok.pl\/index.php?rest_route=\/wp\/v2\/pages\/9239\/revisions"}],"predecessor-version":[{"id":9241,"href":"https:\/\/hubertpietka.bialystok.pl\/index.php?rest_route=\/wp\/v2\/pages\/9239\/revisions\/9241"}],"wp:attachment":[{"href":"https:\/\/hubertpietka.bialystok.pl\/index.php?rest_route=%2Fwp%2Fv2%2Fmedia&parent=9239"}],"curies":[{"name":"wp","href":"https:\/\/api.w.org\/{rel}","templated":true}]}}