{"id":9243,"date":"2025-04-10T21:30:10","date_gmt":"2025-04-10T21:30:10","guid":{"rendered":"https:\/\/hubertpietka.bialystok.pl\/?page_id=9243"},"modified":"2025-04-10T21:30:10","modified_gmt":"2025-04-10T21:30:10","slug":"skarbeczki-bandyckie-i-pograniczuchy-sprzedawczyki-podobnie-jak-bandyckie-misie-i-sluzalcy-medyczni-klamstw-bandyckich","status":"publish","type":"page","link":"https:\/\/hubertpietka.bialystok.pl\/?page_id=9243","title":{"rendered":"Skarbeczki bandyckie i pograniczuchy \/ sprzedawczyki podobnie jak bandyckie misie \/ i s\u0142u\u017calcy medyczni k\u0142amstw bandyckich"},"content":{"rendered":"\n<p>Kpi\u0105 se w \u017cywe oczy<br>Ci bandyci wszelcy po szata\u0144sku<br>Bo ja m\u00f3wi\u0119<br>A oni tak w\u0142a\u015bnie<\/p>\n\n\n\n<p>A maj\u0105 oni ci bandyci<br>R\u00f3\u017cne szata\u0144skie m\u0119ty<br>I s\u0142u\u017cbowe i prywatne<br>Bandyckie misie to wiadomo<br>Z metodami przymusu bezpo\u015bredniego<br>Ale dzisiaj rozgryz\u0142em skarbeczk\u00f3w bandyckich<br>Ci przecie\u017c mog\u0105 kaza\u0107<br>Wysi\u0105\u015b\u0107 z samochodu<br>Pod pozorem go sprawdzenia<br>Takie szata\u0144skie fiku miku<br>I ju\u017c mnie maj\u0105 bandyci<br>Ju\u017c teraz wiem czemu<br>Ich tak cz\u0119sto na drodze<br>Rozstawiaj\u0105 mojej bandyci<br>A pograniczuchy tak samo maj\u0105<br>Spe\u0142nia\u0107 bandyckie szata\u0144stwa<\/p>\n\n\n\n<p>A tak poza tym<br>To ta podwija czy inni<br>Te\u017c jacy\u015b sprzedawczyki<br>Zdradliwa morda najgorsza ze wszystkich<\/p>\n\n\n\n<p>To tak z mnie dopadaniem<br>Bandycko szata\u0144skim r\u00f3\u017cnych z\u0142a s\u0142u\u017calc\u00f3w<br>Ale przecie\u017c odpowiednio mo\u017cna \u017con\u0119<br>I zabi\u0107 te\u017c mo\u017cna przecie\u017c<br>Wed\u0142ug szata\u0144stwa bandyckiego tego<br>Do tego te\u017c si\u0119 znajd\u0105<br>R\u00f3\u017cni s\u0142u\u017calcy bandyckiego z\u0142a<br>I by nam naszemu naszym<br>Jako\u015b szkodzi\u0107<br>Cho\u0107by i te\u017c s\u0142u\u017cby grodzkie<br>Czy s\u0142ugasy medyczni<br>K\u0142amstw szata\u0144skich tych bandyt\u00f3w<br>I przy okazji te\u017c ich wszelkich zbrodni<\/p>\n\n\n\n<p>Pi\u0119knie si\u0119 urz\u0105dzili bandyci<br>Ze z\u0142em szata\u0144skim wszelakim<br>S\u0142u\u017c\u0105 ich szata\u0144stwu zar\u00f3wno s\u0142u\u017calcy<br>Prywatni i s\u0142u\u017cbowi<br>Du\u017co mo\u017ce by\u0107 przecie\u017c tutaj<br>Zdradliwych mord<br>No i jest jak wida\u0107<\/p>\n\n\n\n<figure class=\"wp-block-gallery has-nested-images columns-default is-cropped wp-block-gallery-1 is-layout-flex wp-block-gallery-is-layout-flex\">\n<figure class=\"wp-block-image size-large\"><a href=\"https:\/\/hubertpietka.bialystok.pl\/wp-content\/uploads\/2025\/04\/IMG-20250410-WA0032.jpg\"><img loading=\"lazy\" decoding=\"async\" width=\"1024\" height=\"768\" data-id=\"9244\" src=\"https:\/\/hubertpietka.bialystok.pl\/wp-content\/uploads\/2025\/04\/IMG-20250410-WA0032-1024x768.jpg\" alt=\"\" class=\"wp-image-9244\" srcset=\"https:\/\/hubertpietka.bialystok.pl\/wp-content\/uploads\/2025\/04\/IMG-20250410-WA0032-1024x768.jpg 1024w, https:\/\/hubertpietka.bialystok.pl\/wp-content\/uploads\/2025\/04\/IMG-20250410-WA0032-300x225.jpg 300w, https:\/\/hubertpietka.bialystok.pl\/wp-content\/uploads\/2025\/04\/IMG-20250410-WA0032-768x576.jpg 768w, https:\/\/hubertpietka.bialystok.pl\/wp-content\/uploads\/2025\/04\/IMG-20250410-WA0032-1536x1152.jpg 1536w, https:\/\/hubertpietka.bialystok.pl\/wp-content\/uploads\/2025\/04\/IMG-20250410-WA0032.jpg 1600w\" sizes=\"auto, (max-width: 1024px) 100vw, 1024px\" \/><\/a><\/figure>\n<\/figure>\n\n\n\n<p>Na zdj. I to jest dramat<br>\u017be oni wszelkie s\u0142u\u017cby zagarniaj\u0105<br>Do swych proceder\u00f3w szata\u0144sko bandyckich<br>Przeciwko bezbronnym i niewinnym<br>To jest dramat<br>To jest ju\u017c pa\u0144stwo totalitarne<br>Skoro wszystkich zagarn\u0105\u0107 mo\u017cna<br>Do walki z jednostk\u0105<br>Jak w komunie<br>W jakim my \u017cyjemy \u015bwiecie<br>Co zrobili bandyci<br>Z tym tu wszystkim<br>Jak ludzi zdegradowali<br>Do sprzedawczyk\u00f3w roli i zdrajc\u00f3w<br>I s\u0142u\u017cbowych i prywatnych<br>\u017be chyba prawie wszyscy<br>Uprawiaj\u0105 nierz\u0105d z tym<br>Szata\u0144stwem tego bandyctwa<br>Ku z\u0142u dla niewinnych<br>Wszystko przecie\u017c mo\u017cna<br>Ku szata\u0144skim tego bandyctwa<br>K\u0142amstwom i zbrodniom<br>To jest dramat<br>To jest z *<strong>demo-kracji<\/strong>* kpina<br>*<strong>Demono-kracji<\/strong>* wszelakiej pod\u0142ug tych bandyt\u00f3w<\/p>\n","protected":false},"excerpt":{"rendered":"<p>Kpi\u0105 se w \u017cywe oczyCi bandyci wszelcy po szata\u0144skuBo ja m\u00f3wi\u0119A oni tak w\u0142a\u015bnie A maj\u0105 oni ci bandyciR\u00f3\u017cne szata\u0144skie m\u0119tyI s\u0142u\u017cbowe i prywatneBandyckie misie&hellip; <\/p>\n","protected":false},"author":1,"featured_media":0,"parent":0,"menu_order":0,"comment_status":"closed","ping_status":"closed","template":"","meta":{"footnotes":""},"class_list":["post-9243","page","type-page","status-publish","hentry"],"_links":{"self":[{"href":"https:\/\/hubertpietka.bialystok.pl\/index.php?rest_route=\/wp\/v2\/pages\/9243","targetHints":{"allow":["GET"]}}],"collection":[{"href":"https:\/\/hubertpietka.bialystok.pl\/index.php?rest_route=\/wp\/v2\/pages"}],"about":[{"href":"https:\/\/hubertpietka.bialystok.pl\/index.php?rest_route=\/wp\/v2\/types\/page"}],"author":[{"embeddable":true,"href":"https:\/\/hubertpietka.bialystok.pl\/index.php?rest_route=\/wp\/v2\/users\/1"}],"replies":[{"embeddable":true,"href":"https:\/\/hubertpietka.bialystok.pl\/index.php?rest_route=%2Fwp%2Fv2%2Fcomments&post=9243"}],"version-history":[{"count":1,"href":"https:\/\/hubertpietka.bialystok.pl\/index.php?rest_route=\/wp\/v2\/pages\/9243\/revisions"}],"predecessor-version":[{"id":9245,"href":"https:\/\/hubertpietka.bialystok.pl\/index.php?rest_route=\/wp\/v2\/pages\/9243\/revisions\/9245"}],"wp:attachment":[{"href":"https:\/\/hubertpietka.bialystok.pl\/index.php?rest_route=%2Fwp%2Fv2%2Fmedia&parent=9243"}],"curies":[{"name":"wp","href":"https:\/\/api.w.org\/{rel}","templated":true}]}}