{"id":9247,"date":"2025-04-13T06:21:45","date_gmt":"2025-04-13T06:21:45","guid":{"rendered":"https:\/\/hubertpietka.bialystok.pl\/?page_id=9247"},"modified":"2025-04-13T06:21:45","modified_gmt":"2025-04-13T06:21:45","slug":"podziekowania-wdziecznosc-skruchy-wyrazy-dla-zony-najpierw","status":"publish","type":"page","link":"https:\/\/hubertpietka.bialystok.pl\/?page_id=9247","title":{"rendered":"Podzi\u0119kowania wdzi\u0119czno\u015b\u0107 skruchy wyrazy \/ dla \u017cony najpierw"},"content":{"rendered":"\n<p>Je\u017celi mam za co\u015b<br>Kogo\u015b przeprasza\u0107 to najpierw<br>Moj\u0105 \u017con\u0119 za wszelkie<br>Nerwy moje moj\u0105 wredot\u0119<br>Spowodowan\u0105 napi\u0119ciami walki<br>Z tym bandyctwem szata\u0144skim ca\u0142ym<br>A niestety to si\u0119 zawsze<br>Odbija najpierw na niej<br>Bo pomi\u0119dzy nami<br>W zwi\u0105zku najbli\u017cszej relacji<br>Nie ma prawie granic<\/p>\n\n\n\n<p>Je\u017celi mam za co\u015b dzi\u0119kowa\u0107<br>To najpierw mojej \u017conie<br>\u017be jest po prostu<br>Ze mn\u0105 we wszystkim<br>Na co dzie\u0144<br>A to nie jest \u0142atwe<br>\u017bycie swe ku temu zaryzykowa\u0142a<br>W zwi\u0105zku z nienawi\u015bci\u0105 z\u0142owrog\u0105<br>Tego bandyctwa ca\u0142ego<br>Je\u015bli mam by\u0107 za co\u015b<br>Komu\u015b wdzi\u0119czny to jej najpierw<br>Bo to ona mnie wyci\u0105gn\u0119\u0142a<br>Z do\u0142u poni\u017cenia przywracaj\u0105c<br>Zwyk\u0142\u0105 ludzk\u0105 godno\u015b\u0107 nale\u017cn\u0105 ka\u017cdemu<br>A teraz kto\u015b inny<br>My\u015bli sobie \u017ce b\u0119dzie<br>Spija\u0142 \u015bmietank\u0119 naszej \u015bmiertelnej<br>Z tym bandyctwem walki<br>Nie b\u0119dzie bo ja te\u017c<br>Jestem dla niej<br>Albo nas nie b\u0119dzie<br>I przy okazji te\u017c \u2026<\/p>\n\n\n\n<p>A teraz czy to jest<br>Wewn\u0119trzna tylko sprawa<br>Tego znieprawionego kraju<br>I tego ca\u0142ego bandyctwa<br>A czy\u017c koniec \u015bwiata<br>Wedle swej definicji<br>B\u0119dzie dotyczy\u0142 tylko tej cz\u0105stki<br>Czy b\u0119dzie te\u017c mo\u017ce<br>Wed\u0142ug k\u0142amstw szata\u0144skich tego bandyctwa<br>Czy wedle tego jednak<br>Co B\u00f3g powiedzia\u0142<\/p>\n\n\n\n<figure class=\"wp-block-gallery has-nested-images columns-default is-cropped wp-block-gallery-1 is-layout-flex wp-block-gallery-is-layout-flex\">\n<figure class=\"wp-block-image size-large\"><a href=\"https:\/\/hubertpietka.bialystok.pl\/wp-content\/uploads\/2025\/04\/IMG-20250412-WA0002.jpg\"><img loading=\"lazy\" decoding=\"async\" width=\"1024\" height=\"768\" data-id=\"9248\" src=\"https:\/\/hubertpietka.bialystok.pl\/wp-content\/uploads\/2025\/04\/IMG-20250412-WA0002-1024x768.jpg\" alt=\"\" class=\"wp-image-9248\" srcset=\"https:\/\/hubertpietka.bialystok.pl\/wp-content\/uploads\/2025\/04\/IMG-20250412-WA0002-1024x768.jpg 1024w, https:\/\/hubertpietka.bialystok.pl\/wp-content\/uploads\/2025\/04\/IMG-20250412-WA0002-300x225.jpg 300w, https:\/\/hubertpietka.bialystok.pl\/wp-content\/uploads\/2025\/04\/IMG-20250412-WA0002-768x576.jpg 768w, https:\/\/hubertpietka.bialystok.pl\/wp-content\/uploads\/2025\/04\/IMG-20250412-WA0002-1536x1153.jpg 1536w, https:\/\/hubertpietka.bialystok.pl\/wp-content\/uploads\/2025\/04\/IMG-20250412-WA0002.jpg 1599w\" sizes=\"auto, (max-width: 1024px) 100vw, 1024px\" \/><\/a><\/figure>\n<\/figure>\n\n\n\n<p><em>Na zdj. Najpierw wszystko zawsze \u017conie<br>Tym zwierz\u0105tkom tak\u017ce<br>Bo one s\u0105 z nami<br>Na co dzie\u0144<br>W ka\u017cdej sytuacji kt\u00f3r\u0105 generuje<br>Z\u0142o\u015b\u0107 bandycka<br>To w porz\u0105dku ludzkim<br>Bo zawsze te\u017c Bogu<br>Dzi\u0119kowa\u0107 bardzo trzeba<br>\u017be nas uzdatnia do walki<br>Z tym bandyctwem wszelkim<br>A ju\u017c na pewno<br>Nie szatanowi kt\u00f3ry odwraca Bo\u017ce porz\u0105dki<br>Czy jemu za co\u015b<br>Mamy by\u0107 wdzi\u0119czni<br>I temu te\u017c bandyctwu szata\u0144skiemu<br>Tak chyba za wszelk\u0105<br>Nienawi\u015b\u0107 z\u0142owrogo\u015b\u0107 z\u0142o\u015b\u0107 wszelk\u0105<br>W d\u0105\u017ceniach ku zbrodniom k\u0142amliwie<br>Nieustannie dla nas naszych naszego<br>I tak\u017ce dla innych<br>Czy za to nale\u017cy si\u0119<br>Wdzi\u0119czno\u015b\u0107 szatanowi i temu<br>Ca\u0142emu bandyctwu pod\u0142ug z\u0142a jego<\/em><\/p>\n","protected":false},"excerpt":{"rendered":"<p>Je\u017celi mam za co\u015bKogo\u015b przeprasza\u0107 to najpierwMoj\u0105 \u017con\u0119 za wszelkieNerwy moje moj\u0105 wredot\u0119Spowodowan\u0105 napi\u0119ciami walkiZ tym bandyctwem szata\u0144skim ca\u0142ymA niestety to si\u0119 zawszeOdbija najpierw na&hellip; <\/p>\n","protected":false},"author":1,"featured_media":0,"parent":0,"menu_order":0,"comment_status":"closed","ping_status":"closed","template":"","meta":{"footnotes":""},"class_list":["post-9247","page","type-page","status-publish","hentry"],"_links":{"self":[{"href":"https:\/\/hubertpietka.bialystok.pl\/index.php?rest_route=\/wp\/v2\/pages\/9247","targetHints":{"allow":["GET"]}}],"collection":[{"href":"https:\/\/hubertpietka.bialystok.pl\/index.php?rest_route=\/wp\/v2\/pages"}],"about":[{"href":"https:\/\/hubertpietka.bialystok.pl\/index.php?rest_route=\/wp\/v2\/types\/page"}],"author":[{"embeddable":true,"href":"https:\/\/hubertpietka.bialystok.pl\/index.php?rest_route=\/wp\/v2\/users\/1"}],"replies":[{"embeddable":true,"href":"https:\/\/hubertpietka.bialystok.pl\/index.php?rest_route=%2Fwp%2Fv2%2Fcomments&post=9247"}],"version-history":[{"count":1,"href":"https:\/\/hubertpietka.bialystok.pl\/index.php?rest_route=\/wp\/v2\/pages\/9247\/revisions"}],"predecessor-version":[{"id":9249,"href":"https:\/\/hubertpietka.bialystok.pl\/index.php?rest_route=\/wp\/v2\/pages\/9247\/revisions\/9249"}],"wp:attachment":[{"href":"https:\/\/hubertpietka.bialystok.pl\/index.php?rest_route=%2Fwp%2Fv2%2Fmedia&parent=9247"}],"curies":[{"name":"wp","href":"https:\/\/api.w.org\/{rel}","templated":true}]}}