{"id":9251,"date":"2025-04-15T08:43:29","date_gmt":"2025-04-15T08:43:29","guid":{"rendered":"https:\/\/hubertpietka.bialystok.pl\/?page_id=9251"},"modified":"2025-04-15T08:43:29","modified_gmt":"2025-04-15T08:43:29","slug":"hegemonia-zla-a-obrona-wartosci-w-bogu","status":"publish","type":"page","link":"https:\/\/hubertpietka.bialystok.pl\/?page_id=9251","title":{"rendered":"Hegemonia z\u0142a \/ a obrona &#8211; warto\u015bci w Bogu"},"content":{"rendered":"\n<p>Chc\u0119 wr\u00f3ci\u0107 tutaj do<br>\u015awi\u0119tej z Niedzieli Palmowej tej<br>*<strong>Ida z Lov-anium<\/strong>*<br>*<strong>Id\u0119 z kochan\u0105 Ani\u0105<\/strong>* moj\u0105<br>I tak b\u0119dzie zawsze<br>Wbrew z\u0142o\u015bci piekielnej<br>Z mi\u0142o\u015bci to i jasny te\u017c<br>Przykaz Bo\u017cy by postawi\u0107<br>Temu z\u0142u szata\u0144skiemu tam\u0119<\/p>\n\n\n\n<p>Nie znaczy to wcale<br>\u017be inni nie s\u0105 dla mnie wa\u017cni<br>Rodzice rodze\u0144stwo wujostwo kuzynostwo itd<br>Wed\u0142ug wi\u0119z\u00f3w krwi ducha przyja\u017ani<br>Wreszcie wsp\u00f3lnoty narodowej dzieci Bo\u017cych<br>I analogicznie \u015bwiata<br>Wszyscy s\u0105 dla mnie wa\u017cni<br>Bo ka\u017cde \u017cycie<br>Ma nienaruszaln\u0105 godno\u015b\u0107 Bo\u017c\u0105<br>Wbrew nienawi\u015bci bandyckiej<br>Mno\u017c\u0105cej bestialstwa wobec dzieci Bo\u017cych<br>Patrz poczet niewinnych wsp\u00f3\u0142czesnych m\u0119czennik\u00f3w<\/p>\n\n\n\n<p>I w temacie innym<br>Nie udaje si\u0119 forsowa\u0107 nowych pandemii<br>Wobec ludzi to mo\u017ce si\u0119<br>Uda jako\u015b inaczej<br>Trzeba przecie\u017c uderza\u0107 po szata\u0144sku<br>A teraz w rolnik\u00f3w<br>I innych tak\u017ce<br>Bo wiadomo \u017ce w mleku<br>Jest \u017cyciodajne bia\u0142ko<br>A mi\u0119so krowie te\u017c wzmacnia<br>Poprzez now\u0105 niby zaraz\u0119 pryszczyc\u0119<br>A przy okazji wyt\u0119pi\u0107<br>Inne zwierz\u0119ta kt\u00f3re s\u0142u\u017c\u0105 ludziom<br>To s\u0105 celowe dzia\u0142ania<br>Przeciwko normalnemu \u017cyciu ludzi<br>Kto za tym stoi<br>Komu zale\u017cy na nieszcz\u0119\u015bciach ludzi<\/p>\n\n\n\n<figure class=\"wp-block-gallery has-nested-images columns-default is-cropped wp-block-gallery-1 is-layout-flex wp-block-gallery-is-layout-flex\">\n<figure class=\"wp-block-image size-large\"><a href=\"https:\/\/hubertpietka.bialystok.pl\/wp-content\/uploads\/2025\/04\/Resized_20250413_223712.jpeg\"><img loading=\"lazy\" decoding=\"async\" width=\"756\" height=\"1008\" data-id=\"9252\" src=\"https:\/\/hubertpietka.bialystok.pl\/wp-content\/uploads\/2025\/04\/Resized_20250413_223712.jpeg\" alt=\"\" class=\"wp-image-9252\" srcset=\"https:\/\/hubertpietka.bialystok.pl\/wp-content\/uploads\/2025\/04\/Resized_20250413_223712.jpeg 756w, https:\/\/hubertpietka.bialystok.pl\/wp-content\/uploads\/2025\/04\/Resized_20250413_223712-225x300.jpeg 225w\" sizes=\"auto, (max-width: 756px) 100vw, 756px\" \/><\/a><\/figure>\n<\/figure>\n\n\n\n<p><em>Na zdj. *<strong>Bluszcz<\/strong>* po prostu<br>Oni mog\u0105 *<strong>bluzga\u0107<\/strong>* przecie\u017c nieustannie<br>Nienawistnie i z\u0142owrogo<br>A ty nie powiniene\u015b si\u0119<br>Przecie\u017c broni\u0107 swojego i swoich<br>Bo za nimi stoi<br>Przemoc wszelka szata\u0144ska<br>Cho\u0107by podporz\u0105dkowania sobie r\u00f3\u017cnych ludzi<br>Prywatnych i wszelkich s\u0142u\u017cb<br>Byleby tylko spe\u0142nia\u0107<br>Swe wszelkie zap\u0119dy diabelskie<br>Gro\u017c\u0105 nam i prze\u015bladuj\u0105 nas<br>Ci bandyci tak w\u0142a\u015bnie<br>\u015acigaj\u0105c \u015bmierci\u0105 zniewoleniem i zniszczeniem<br>Poprzez takich r\u00f3\u017cnych<br>Bo trwamy w Bo\u017cej prawdzie<br>I w mi\u0142o\u015bci wbrew wszelkim<br>Szata\u0144skim k\u0142amliwym tezom tego bandyctwa<br>I im podobnych w nienawi\u015bci<\/em><\/p>\n\n\n\n<p><em>Oni przecie\u017c mog\u0105 bluzga\u0107<br>Na wszelkie sposoby czynem s\u0142owem<br>Wobec nas naszego i naszych<br>Tak se po szata\u0144sku upodobali<br>Podczas gdy my tylko<br>Chcemy \u017cy\u0107 po prostu zwyczajnie<br>Ale nawet to im przeszkadza<br>Wed\u0142ug hegemonii dominacji szata\u0144skiej przemocy<br>Kt\u00f3r\u0105 prezentuje to bandyctwo<br>I pod\u0142ug nich wszelacy<\/em><\/p>\n\n\n\n<p class=\"has-text-align-center\">( <strong><em><a href=\"https:\/\/youtu.be\/bix1tb6rVeU?si=CLYMqnMRFJhewbgr\">Wilki &#8211; Son of The Blue Sky<\/a><\/em><\/strong> )<\/p>\n","protected":false},"excerpt":{"rendered":"<p>Chc\u0119 wr\u00f3ci\u0107 tutaj do\u015awi\u0119tej z Niedzieli Palmowej tej*Ida z Lov-anium**Id\u0119 z kochan\u0105 Ani\u0105* moj\u0105I tak b\u0119dzie zawszeWbrew z\u0142o\u015bci piekielnejZ mi\u0142o\u015bci to i jasny te\u017cPrzykaz Bo\u017cy&hellip; <\/p>\n","protected":false},"author":1,"featured_media":0,"parent":0,"menu_order":0,"comment_status":"closed","ping_status":"closed","template":"","meta":{"footnotes":""},"class_list":["post-9251","page","type-page","status-publish","hentry"],"_links":{"self":[{"href":"https:\/\/hubertpietka.bialystok.pl\/index.php?rest_route=\/wp\/v2\/pages\/9251","targetHints":{"allow":["GET"]}}],"collection":[{"href":"https:\/\/hubertpietka.bialystok.pl\/index.php?rest_route=\/wp\/v2\/pages"}],"about":[{"href":"https:\/\/hubertpietka.bialystok.pl\/index.php?rest_route=\/wp\/v2\/types\/page"}],"author":[{"embeddable":true,"href":"https:\/\/hubertpietka.bialystok.pl\/index.php?rest_route=\/wp\/v2\/users\/1"}],"replies":[{"embeddable":true,"href":"https:\/\/hubertpietka.bialystok.pl\/index.php?rest_route=%2Fwp%2Fv2%2Fcomments&post=9251"}],"version-history":[{"count":1,"href":"https:\/\/hubertpietka.bialystok.pl\/index.php?rest_route=\/wp\/v2\/pages\/9251\/revisions"}],"predecessor-version":[{"id":9253,"href":"https:\/\/hubertpietka.bialystok.pl\/index.php?rest_route=\/wp\/v2\/pages\/9251\/revisions\/9253"}],"wp:attachment":[{"href":"https:\/\/hubertpietka.bialystok.pl\/index.php?rest_route=%2Fwp%2Fv2%2Fmedia&parent=9251"}],"curies":[{"name":"wp","href":"https:\/\/api.w.org\/{rel}","templated":true}]}}