{"id":9255,"date":"2025-04-20T12:31:06","date_gmt":"2025-04-20T12:31:06","guid":{"rendered":"https:\/\/hubertpietka.bialystok.pl\/?page_id=9255"},"modified":"2025-04-20T12:31:06","modified_gmt":"2025-04-20T12:31:06","slug":"szatanstwa-bandyctwa-tego-a-wartosci-plynace-od-zmartwychwstalego","status":"publish","type":"page","link":"https:\/\/hubertpietka.bialystok.pl\/?page_id=9255","title":{"rendered":"Szata\u0144stwa bandyctwa tego \/ a warto\u015bci p\u0142yn\u0105ce od Zmartwychwsta\u0142ego"},"content":{"rendered":"\n<p>1.<br>Zmartwychwstanie zmartwychwstaniem<br>Co nie przeszkadza temu bandyctwu<br>Czyni\u0107 r\u00f3\u017cnych swych szata\u0144stw bynajmniej<\/p>\n\n\n\n<p>Ta podwija czy tam jacy<br>Ma si\u0119 rzuca\u0107 jak przys\u0142owiowe<br>G\u00f3wno w trawie<br>Takiej warto\u015bci jest pow\u00f3d napa\u015bci<br>Podobnie te mi\u015bki bandyckie<br>I inni bandyccy s\u0142u\u017calcy<br>Zawsze znajd\u0105 pretekst g\u00f3wniany<br>Do wszelkich bandyckich prowokacji<\/p>\n\n\n\n<p>Zmartwychwstanie zmartwychwstaniem<br>A przecie\u017c trzeba zabi\u0107 \u017con\u0119<br>Lub chocia\u017c zniewoli\u0107 i mnie<br>I te zwierz\u0119ta i bliskich<br>A pewnie tak\u017ce i innych<br>Tak szata\u0144skie totalnie<br>Jest to bandyctwo ca\u0142e<br>I to najlepiej wszystko przecie\u017c<br>W upami\u0119tnienie zwyci\u0119stwa Chrystusa<br>Nad szatanem i \u015bmierci\u0105<br>Tak oni przewrotnie szata\u0144sko w\u0142a\u015bnie<br>Chc\u0105 pokaza\u0107 \u017ce to przemoc<br>Jest wa\u017cniejsza od \u017cycia mi\u0142o\u015bci<br>Prawdy dobra i pi\u0119kna<br>A wszystko te\u017c trzeba przecie\u017c<br>Te\u017c zawsze podpiera\u0107 odpowiednio<br>Ob\u0142udnym perfidnym k\u0142amstwem<br>Tak\u017ce Zmartwychwstanie zmartwychwstaniem<br>A oni szata\u0144stwa swoje<br>Ci\u0105gle i dalej<br>Z wyrazem najwy\u017cszej pod\u0142o\u015bci zreszt\u0105<\/p>\n\n\n\n<p>2.<br>A jednak wczoraj by\u0142o<br>Wspomnienie \u015bw. *<strong>Elf-ego<\/strong>*<br>Mimo ich szata\u0144stw wszelkich<br>Trzeba w sobie<br>Stara\u0107 si\u0119 zachowa\u0107&nbsp; jednak<br>Wn\u0119trze *<strong>ego<\/strong>* podobne do *<strong>Elfa<\/strong>*<br>Na kszta\u0142t pokory anielskiej<br>W czysto\u015bci mimo tych<br>Walka \u015bmiertelnych z tym<br>Zar\u00f3wno bandyctwem jak i szata\u0144stwem<br>I wszelkich s\u0142u\u017c\u0105cych bandyckim<br>K\u0142amstwom i zbrodniom<\/p>\n\n\n\n<figure class=\"wp-block-gallery has-nested-images columns-default is-cropped wp-block-gallery-1 is-layout-flex wp-block-gallery-is-layout-flex\">\n<figure class=\"wp-block-image size-large\"><a href=\"https:\/\/hubertpietka.bialystok.pl\/wp-content\/uploads\/2025\/04\/IMG-20250416-WA0039.jpg\"><img loading=\"lazy\" decoding=\"async\" width=\"1024\" height=\"768\" data-id=\"9256\" src=\"https:\/\/hubertpietka.bialystok.pl\/wp-content\/uploads\/2025\/04\/IMG-20250416-WA0039-1024x768.jpg\" alt=\"\" class=\"wp-image-9256\" srcset=\"https:\/\/hubertpietka.bialystok.pl\/wp-content\/uploads\/2025\/04\/IMG-20250416-WA0039-1024x768.jpg 1024w, https:\/\/hubertpietka.bialystok.pl\/wp-content\/uploads\/2025\/04\/IMG-20250416-WA0039-300x225.jpg 300w, https:\/\/hubertpietka.bialystok.pl\/wp-content\/uploads\/2025\/04\/IMG-20250416-WA0039-768x576.jpg 768w, https:\/\/hubertpietka.bialystok.pl\/wp-content\/uploads\/2025\/04\/IMG-20250416-WA0039-1536x1152.jpg 1536w, https:\/\/hubertpietka.bialystok.pl\/wp-content\/uploads\/2025\/04\/IMG-20250416-WA0039.jpg 1600w\" sizes=\"auto, (max-width: 1024px) 100vw, 1024px\" \/><\/a><\/figure>\n<\/figure>\n\n\n\n<p><em>Na zdj. 2 drogi \u017cycia i \u015bmierci<br>I ich konsekwencje cho\u0107 to ekspozycja wielkopostna jeszcze <br>To co wybieraj\u0105 dzieci Bo\u017ce<br>I to co wybiera<br>To bandyctwo szata\u0144skie<br>I wszelcy pod\u0142ug nich<br>W nienawistnej z\u0142o\u015bci<br>Chrystus ju\u017c zwyci\u0119\u017cy\u0142<br>Mimo \u017ce szatan dysponuje przemoc\u0105<br>\u015awiatow\u0105 bogat\u0105 wszelkimi pod\u0142ymi<br>\u015arodkami nacisku i restrykcji<br>Ale koniec tego wszystkiego<br>I tak pod\u0142ug Boga b\u0119dzie<br>A wtedy b\u0119d\u0105 bardzo biedni<br>Ci kt\u00f3rzy s\u0142u\u017cyli szatanowi<br>I temu bandyctwu zbrodniczo zdradliwie<\/em><\/p>\n\n\n\n<p class=\"has-text-align-center\"><strong><em><a href=\"https:\/\/youtu.be\/n3Hv-1MWz2Y?feature=shared\">Enej &#8211; Skrzydlate r\u0119ce <\/a><\/em><\/strong><\/p>\n\n\n\n<p class=\"has-text-align-right\"><strong><em><a href=\"https:\/\/youtu.be\/FjCbvxUTo-w?feature=shared\">D\u017cem &#8211; Dusza<\/a><\/em><\/strong><\/p>\n","protected":false},"excerpt":{"rendered":"<p>1.Zmartwychwstanie zmartwychwstaniemCo nie przeszkadza temu bandyctwuCzyni\u0107 r\u00f3\u017cnych swych szata\u0144stw bynajmniej Ta podwija czy tam jacyMa si\u0119 rzuca\u0107 jak przys\u0142owioweG\u00f3wno w trawieTakiej warto\u015bci jest pow\u00f3d napa\u015bciPodobnie&hellip; <\/p>\n","protected":false},"author":1,"featured_media":0,"parent":0,"menu_order":0,"comment_status":"closed","ping_status":"closed","template":"","meta":{"footnotes":""},"class_list":["post-9255","page","type-page","status-publish","hentry"],"_links":{"self":[{"href":"https:\/\/hubertpietka.bialystok.pl\/index.php?rest_route=\/wp\/v2\/pages\/9255","targetHints":{"allow":["GET"]}}],"collection":[{"href":"https:\/\/hubertpietka.bialystok.pl\/index.php?rest_route=\/wp\/v2\/pages"}],"about":[{"href":"https:\/\/hubertpietka.bialystok.pl\/index.php?rest_route=\/wp\/v2\/types\/page"}],"author":[{"embeddable":true,"href":"https:\/\/hubertpietka.bialystok.pl\/index.php?rest_route=\/wp\/v2\/users\/1"}],"replies":[{"embeddable":true,"href":"https:\/\/hubertpietka.bialystok.pl\/index.php?rest_route=%2Fwp%2Fv2%2Fcomments&post=9255"}],"version-history":[{"count":1,"href":"https:\/\/hubertpietka.bialystok.pl\/index.php?rest_route=\/wp\/v2\/pages\/9255\/revisions"}],"predecessor-version":[{"id":9257,"href":"https:\/\/hubertpietka.bialystok.pl\/index.php?rest_route=\/wp\/v2\/pages\/9255\/revisions\/9257"}],"wp:attachment":[{"href":"https:\/\/hubertpietka.bialystok.pl\/index.php?rest_route=%2Fwp%2Fv2%2Fmedia&parent=9255"}],"curies":[{"name":"wp","href":"https:\/\/api.w.org\/{rel}","templated":true}]}}