{"id":9259,"date":"2025-04-21T07:11:21","date_gmt":"2025-04-21T07:11:21","guid":{"rendered":"https:\/\/hubertpietka.bialystok.pl\/?page_id=9259"},"modified":"2025-04-21T07:11:21","modified_gmt":"2025-04-21T07:11:21","slug":"obluda-klamliwa-pokretna-slug-zla-a-dzieci-bozych-droga-prosta","status":"publish","type":"page","link":"https:\/\/hubertpietka.bialystok.pl\/?page_id=9259","title":{"rendered":"Ob\u0142uda klamliwa pokr\u0119tna s\u0142ug z\u0142a \/ a dzieci Bo\u017cych droga prosta"},"content":{"rendered":"\n<p>1.<br><strong>Najlepiej z syna Bo\u017cego<br>Uczyni\u0107 przest\u0119pc\u0119 strasznego<\/strong><\/p>\n\n\n\n<p><strong>To samo zrobili przecie\u017c<br>R\u00f3\u017cni faryzeusze ob\u0142udnicy<br>Z Jezusem<\/strong><\/p>\n\n\n\n<p><strong>Ta sama szata\u0144ska taktyka<br>I tego wszelkiego bandyctwa<\/strong><\/p>\n\n\n\n<p>2.<br>Zawzi\u0119li si\u0119 niekt\u00f3rzy<br>By zniszczy\u0107 t\u0105 mi\u0142o\u015b\u0107<br>By zniszczy\u0107 te\u017c t\u0105 rodzin\u0119<\/p>\n\n\n\n<p>Za to chc\u0105 mnie kara\u0107<br>\u017be \u017cony zabi\u0107 nie pozwalam<\/p>\n\n\n\n<p>Dzi\u015b \u015bw. *<strong>An-zelma z A-osty<\/strong>*<br>M\u00f3wi\u0142em ju\u017c to i<br>Niezmiennie powtarza\u0142 b\u0119d\u0119<br>Wbrew tej nienawi\u015bci z\u0142owrogiej<br>*<strong>An ma by\u0107 ze mn\u0105<\/strong>*<br>Kropka koniec&nbsp; wbrew wszystkiemu<br>Tak w\u0142a\u015bnie na przek\u00f3r<br>*<strong>A te osy<\/strong>* z\u0142e<br>Wszelkie i wszystkie<\/p>\n\n\n\n<p>3.<br>Nieopatrznie i troch\u0119 lekcewa\u017c\u0105co niechc\u0105cy<br>Bo te\u017c mieli\u015bmy<br>Trudne warunki finansowe co jest<br>Te\u017c zreszt\u0105 generowane ca\u0142y czas<br>Przez to wszelkie bandyctwo<br>Wp\u0119dzi\u0142a mnie \u017cona troch\u0119<br>W kaba\u0142\u0119 z tym bandyctwem<br>Z tymi wszelkimi bandyckimi s\u0142u\u017cbami<br>Bo teraz maj\u0105 pretekst ci bandyci<br>Skoro by\u0142 ju\u017c przecie\u017c precedens<br>Ustawiony bandycko zreszt\u0105 te\u017c przecie\u017c<br>Z pewnym tytoniem<br>I teraz maj\u0105 bandyccy s\u0142u\u017calcy<br>Niby szata\u0144skie podstawy<br>Do r\u00f3\u017cnych czynno\u015bci bandyckich<br>Wobec mnie wobec nas tak\u017ce<\/p>\n\n\n\n<p>A przecie\u017c wiadomo<br>\u017be wed\u0142ug starej zasady komunistycznej<br>Aby kogo\u015b odpowiednio zniszczy\u0107<br>Jakiego\u015b przeciwnika tzw. poprawno\u015bci politycznej<br>Pod\u0142ug nowomodnych ideologii k\u0142amliwych<br>Najlepiej uczyni\u0107 z niego przest\u0119pc\u0119<br>Skompromitowa\u0107 w oczach \u015bwiata<br>Zohydzi\u0107 wobec wszystkich<br>I tego odpowiednio potem umie\u015bci\u0107<br>W psychuszce albo w wi\u0119zieniu<br>By m\u00f3c ju\u017c swobodnie<br>Spe\u0142nia\u0107 wszelkie szata\u0144skie zbrodnie swoje<\/p>\n\n\n\n<p>4.<br>I nie podoba im si\u0119 to bardzo<br>\u017be ich dzia\u0142ania nazywam szata\u0144skimi<br>A takimi s\u0105 w istocie<br>Bo jak nazwa\u0107<br>Nieustannie ich d\u0105\u017cenia do zbrodni<br>I realizowanie za wszelk\u0105 cen\u0119<br>Wed\u0142ug te\u017c przynale\u017cno\u015bci<br>Atrybut\u00f3w z\u0142a do metaforycznie paradygmatu<br>Czyli do ojca zbrodni i k\u0142amstw<br>Czyli szatana<br>Kto post\u0119puje szata\u0144sko jest szata\u0144ski<br>Kropka koniec to chyba proste<br>Wed\u0142ug zasady \u017ce dzieci Bo\u017ce<br>W przeciwie\u0144stwie do nich<br>Post\u0119puj\u0105 wed\u0142ug prawd Bo\u017cych<br>W d\u0105\u017ceniu ku dobru<br>A nie z\u0142u totalnemu powszechnemu<\/p>\n\n\n\n<figure class=\"wp-block-gallery has-nested-images columns-default is-cropped wp-block-gallery-1 is-layout-flex wp-block-gallery-is-layout-flex\">\n<figure class=\"wp-block-image size-large\"><a href=\"https:\/\/hubertpietka.bialystok.pl\/wp-content\/uploads\/2025\/04\/IMG-20250418-WA0024.jpg\"><img loading=\"lazy\" decoding=\"async\" width=\"1024\" height=\"768\" data-id=\"9260\" src=\"https:\/\/hubertpietka.bialystok.pl\/wp-content\/uploads\/2025\/04\/IMG-20250418-WA0024-1024x768.jpg\" alt=\"\" class=\"wp-image-9260\" srcset=\"https:\/\/hubertpietka.bialystok.pl\/wp-content\/uploads\/2025\/04\/IMG-20250418-WA0024-1024x768.jpg 1024w, https:\/\/hubertpietka.bialystok.pl\/wp-content\/uploads\/2025\/04\/IMG-20250418-WA0024-300x225.jpg 300w, https:\/\/hubertpietka.bialystok.pl\/wp-content\/uploads\/2025\/04\/IMG-20250418-WA0024-768x576.jpg 768w, https:\/\/hubertpietka.bialystok.pl\/wp-content\/uploads\/2025\/04\/IMG-20250418-WA0024-1536x1152.jpg 1536w, https:\/\/hubertpietka.bialystok.pl\/wp-content\/uploads\/2025\/04\/IMG-20250418-WA0024.jpg 1600w\" sizes=\"auto, (max-width: 1024px) 100vw, 1024px\" \/><\/a><\/figure>\n<\/figure>\n\n\n\n<p><em>Na zdj. Si\u0119ga\u0107 szczyt\u00f3w drzew<br>Zmierza\u0107 zawsze ku niebieskim warto\u015bciom<br>Wbrew wszelkiej szata\u0144skiej z\u0142o\u015bci<br>Tak si\u0119 dzia\u0142a pod\u0142ug Boga<br>To trzeba w \u017cyciu realizowa\u0107<br>Jak Jezus niewinny by\u0142 zreszt\u0105<br>Wobec ob\u0142udy szata\u0144skiej wszelkiej<br>I perfidii pod\u0142ej post\u0119puj\u0105cych<br>Nie pod\u0142ug Boga lecz szatana<br>W zbrodniach wszelkich i k\u0142amstwach<br>Tak nam dopom\u00f3\u017c Bo\u017ce<\/em><\/p>\n","protected":false},"excerpt":{"rendered":"<p>1.Najlepiej z syna Bo\u017cegoUczyni\u0107 przest\u0119pc\u0119 strasznego To samo zrobili przecie\u017cR\u00f3\u017cni faryzeusze ob\u0142udnicyZ Jezusem Ta sama szata\u0144ska taktykaI tego wszelkiego bandyctwa 2.Zawzi\u0119li si\u0119 niekt\u00f3rzyBy zniszczy\u0107 t\u0105&hellip; <\/p>\n","protected":false},"author":1,"featured_media":0,"parent":0,"menu_order":0,"comment_status":"closed","ping_status":"closed","template":"","meta":{"footnotes":""},"class_list":["post-9259","page","type-page","status-publish","hentry"],"_links":{"self":[{"href":"https:\/\/hubertpietka.bialystok.pl\/index.php?rest_route=\/wp\/v2\/pages\/9259","targetHints":{"allow":["GET"]}}],"collection":[{"href":"https:\/\/hubertpietka.bialystok.pl\/index.php?rest_route=\/wp\/v2\/pages"}],"about":[{"href":"https:\/\/hubertpietka.bialystok.pl\/index.php?rest_route=\/wp\/v2\/types\/page"}],"author":[{"embeddable":true,"href":"https:\/\/hubertpietka.bialystok.pl\/index.php?rest_route=\/wp\/v2\/users\/1"}],"replies":[{"embeddable":true,"href":"https:\/\/hubertpietka.bialystok.pl\/index.php?rest_route=%2Fwp%2Fv2%2Fcomments&post=9259"}],"version-history":[{"count":1,"href":"https:\/\/hubertpietka.bialystok.pl\/index.php?rest_route=\/wp\/v2\/pages\/9259\/revisions"}],"predecessor-version":[{"id":9261,"href":"https:\/\/hubertpietka.bialystok.pl\/index.php?rest_route=\/wp\/v2\/pages\/9259\/revisions\/9261"}],"wp:attachment":[{"href":"https:\/\/hubertpietka.bialystok.pl\/index.php?rest_route=%2Fwp%2Fv2%2Fmedia&parent=9259"}],"curies":[{"name":"wp","href":"https:\/\/api.w.org\/{rel}","templated":true}]}}