{"id":9263,"date":"2025-04-22T06:41:21","date_gmt":"2025-04-22T06:41:21","guid":{"rendered":"https:\/\/hubertpietka.bialystok.pl\/?page_id=9263"},"modified":"2025-04-22T06:41:21","modified_gmt":"2025-04-22T06:41:21","slug":"jasne-dziedzictwo-wbrew-zlosci-diabelskiej","status":"publish","type":"page","link":"https:\/\/hubertpietka.bialystok.pl\/?page_id=9263","title":{"rendered":"Jasne dziedzictwo \/ wbrew z\u0142o\u015bci diabelskiej"},"content":{"rendered":"\n<p>Pan B\u00f3g daje nam wszystko<br>Pos\u0142uguj\u0105c si\u0119 tak\u017ce lud\u017ami<br>Wbrew z\u0142o\u015bci nienawistnej tych bandyt\u00f3w<br>I wszelkich pod\u0142ug nich<\/p>\n\n\n\n<p>B\u00f3g jest dobry<br>Da\u0142 nam tak\u017ce t\u0105 *<strong>en-klaw\u0119<\/strong>*<br>Na przek\u00f3r wszelkiej szata\u0144skiej ob\u0142udzie<\/p>\n\n\n\n<p>I jedynie *<strong>An klawa<\/strong>*<br>Jest dla mnie<br>&#8222;Klawa jak cholera&#8221; cytuj\u0105c klasyka<br>Nie b\u0119dzie innej pomniejszej<br>Tylko *<strong>piena<\/strong>* \u017cadna tam *<strong>pienka<\/strong>*<br>Czy tam jaka zreszt\u0105<br>Powiedzia\u0142em<\/p>\n\n\n\n<p>Wszystko z Bo\u017c\u0105 pomoc\u0105 zrobimy<br>Na przek\u00f3r wszelkim z\u0142ym ludziom<br>Wystarczy \u017cyczliwo\u015b\u0107 swobodna<br>Ludzi czystych intencji woli dobrej<br>I tu jest moje nasze<br>Miejsce na ziemi<br>Nasze i tych zwierz\u0105t<br>W\u015br\u00f3d r\u00f3\u017cnych swoich<br>I w naturalnym \u015brodowisku naszym<br>Nigdzie czu\u0107 dobrze<br>Bym si\u0119 nie m\u00f3g\u0142<br>Wyrwany z dziedzictwa swego<br>Naturalnego Bogo-ojczy\u017anianego<\/p>\n\n\n\n<figure class=\"wp-block-gallery has-nested-images columns-default is-cropped wp-block-gallery-1 is-layout-flex wp-block-gallery-is-layout-flex\">\n<figure class=\"wp-block-image size-large\"><a href=\"https:\/\/hubertpietka.bialystok.pl\/wp-content\/uploads\/2025\/04\/20250422_081816-scaled.jpg\"><img loading=\"lazy\" decoding=\"async\" width=\"1024\" height=\"768\" data-id=\"9264\" src=\"https:\/\/hubertpietka.bialystok.pl\/wp-content\/uploads\/2025\/04\/20250422_081816-1024x768.jpg\" alt=\"\" class=\"wp-image-9264\" srcset=\"https:\/\/hubertpietka.bialystok.pl\/wp-content\/uploads\/2025\/04\/20250422_081816-1024x768.jpg 1024w, https:\/\/hubertpietka.bialystok.pl\/wp-content\/uploads\/2025\/04\/20250422_081816-300x225.jpg 300w, https:\/\/hubertpietka.bialystok.pl\/wp-content\/uploads\/2025\/04\/20250422_081816-768x576.jpg 768w, https:\/\/hubertpietka.bialystok.pl\/wp-content\/uploads\/2025\/04\/20250422_081816-1536x1152.jpg 1536w, https:\/\/hubertpietka.bialystok.pl\/wp-content\/uploads\/2025\/04\/20250422_081816-2048x1536.jpg 2048w\" sizes=\"auto, (max-width: 1024px) 100vw, 1024px\" \/><\/a><\/figure>\n<\/figure>\n\n\n\n<p><em>Na zdj. Tutaj czuj\u0105 si\u0119 dobrze<br>Te\u017c nasze zwierz\u0105tka<br>Nie tylko my a z nimi<br>Tworzymy swe \u015brodowisko ma\u0142e<br>Dla innych jako\u015b bardzo tak\u017ce<br>I mimo \u017ce z\u0142o<br>Chc\u0119 zniszczy\u0107 ka\u017cde dobro<br>Bo z natury swej z\u0142owrogiej jest przeciwne<br>Wszelkim Bo\u017cym sprawom<br>To my ufam \u017ce<br>Z pomoc\u0105 Bo\u017c\u0105 tu wytrwamy<br>I to z\u0142o przetrzymamy<br>By m\u00f3g\u0142 si\u0119 odnowi\u0107<br>\u015awiat w Bogu<\/em><\/p>\n\n\n\n<p class=\"has-text-align-right\"><strong><em><a href=\"https:\/\/youtu.be\/8z1wGg39fXA?feature=shared\">Olsen Banden \/ Gang Olsena &#8211; Intromusic (main theme)<\/a><\/em><\/strong><\/p>\n","protected":false},"excerpt":{"rendered":"<p>Pan B\u00f3g daje nam wszystkoPos\u0142uguj\u0105c si\u0119 tak\u017ce lud\u017amiWbrew z\u0142o\u015bci nienawistnej tych bandyt\u00f3wI wszelkich pod\u0142ug nich B\u00f3g jest dobryDa\u0142 nam tak\u017ce t\u0105 *en-klaw\u0119*Na przek\u00f3r wszelkiej szata\u0144skiej&hellip; <\/p>\n","protected":false},"author":1,"featured_media":0,"parent":0,"menu_order":0,"comment_status":"closed","ping_status":"closed","template":"","meta":{"footnotes":""},"class_list":["post-9263","page","type-page","status-publish","hentry"],"_links":{"self":[{"href":"https:\/\/hubertpietka.bialystok.pl\/index.php?rest_route=\/wp\/v2\/pages\/9263","targetHints":{"allow":["GET"]}}],"collection":[{"href":"https:\/\/hubertpietka.bialystok.pl\/index.php?rest_route=\/wp\/v2\/pages"}],"about":[{"href":"https:\/\/hubertpietka.bialystok.pl\/index.php?rest_route=\/wp\/v2\/types\/page"}],"author":[{"embeddable":true,"href":"https:\/\/hubertpietka.bialystok.pl\/index.php?rest_route=\/wp\/v2\/users\/1"}],"replies":[{"embeddable":true,"href":"https:\/\/hubertpietka.bialystok.pl\/index.php?rest_route=%2Fwp%2Fv2%2Fcomments&post=9263"}],"version-history":[{"count":1,"href":"https:\/\/hubertpietka.bialystok.pl\/index.php?rest_route=\/wp\/v2\/pages\/9263\/revisions"}],"predecessor-version":[{"id":9265,"href":"https:\/\/hubertpietka.bialystok.pl\/index.php?rest_route=\/wp\/v2\/pages\/9263\/revisions\/9265"}],"wp:attachment":[{"href":"https:\/\/hubertpietka.bialystok.pl\/index.php?rest_route=%2Fwp%2Fv2%2Fmedia&parent=9263"}],"curies":[{"name":"wp","href":"https:\/\/api.w.org\/{rel}","templated":true}]}}