{"id":9271,"date":"2025-04-30T05:37:45","date_gmt":"2025-04-30T05:37:45","guid":{"rendered":"https:\/\/hubertpietka.bialystok.pl\/?page_id=9271"},"modified":"2025-04-30T05:37:45","modified_gmt":"2025-04-30T05:37:45","slug":"dzieci-swiatlosci-w-walce-z-klamstwami-zbrodniczymi-szatana-synow","status":"publish","type":"page","link":"https:\/\/hubertpietka.bialystok.pl\/?page_id=9271","title":{"rendered":"Dzieci \u015bwiat\u0142o\u015bci w walce \/ z k\u0142amstwami zbrodniczymi szatana syn\u00f3w"},"content":{"rendered":"\n<p>Jaka jest r\u00f3\u017cnica<br>Mi\u0119dzy dzie\u0107mi \u015bwiat\u0142a<br>A synami ciemno\u015bci analogicznie<\/p>\n\n\n\n<p>Taka \u017ce dzieci Bo\u017ce<br>Chc\u0105 trwa\u0107 w mi\u0142o\u015bci<br>A tamci chc\u0105 zniszczy\u0107<br>T\u0105 mi\u0142o\u015b\u0107 i ka\u017cd\u0105<br>\u017be chc\u0105 trwa\u0107 w prawdzie<br>A tamci pos\u0142uguj\u0105 si\u0119<br>Ka\u017cdym nawet najbardziej wyrafinowanym<br>K\u0142amstwem po to<br>By uderza\u0107 w t\u0105 mi\u0142o\u015b\u0107<\/p>\n\n\n\n<p>By zasadza\u0107 si\u0119 na mi\u0142o\u015b\u0107<br>Zbrodniczo \u015bmierci\u0105 zniewoleniem gwa\u0142tem zniszczeniem<br>Pod\u0142ug ojca k\u0142amstwa i zab\u00f3jcy<br>I to seryjnego szatana<br>Pana pod\u0142ug tych czyn\u00f3w<br>Wszelkich dzieci ciemno\u015bci<br>Bo te\u017c wszelkim k\u0142amstwem ob\u0142udnym<br>Chc\u0105 oni zaciemnia\u0107 wszelkie swe<br>Pod\u0142e zbrodnie<\/p>\n\n\n\n<p>Tak wobec nas naszych naszego<br>Ale i nie tylko<br>Ci\u0105gle do tych rzeczy d\u0105\u017c\u0105<br>R\u00f3\u017cni synowie ciemno\u015bci<br>Szatan zawsze sprzeciwia si\u0119 Bogu<br>Tak te\u017c oni dzieciom \u015bwiat\u0142o\u015bci<\/p>\n\n\n\n<p>Czy to znaczy<br>\u017be trzeba podda\u0107 si\u0119<br>Tej przemocy szata\u0144skiej syn\u00f3w ciemno\u015bci<br>Da\u0107 si\u0119 zastraszy\u0107<br>Zaszanta\u017cowa\u0107 wszelkim z\u0142em sparali\u017cowa\u0107 k\u0142amstwami<br>Czy mo\u017ce raczej<br>Trzeba wiernie trwa\u0107<br>W mi\u0142o\u015bci i prawdzie zar\u00f3wno<\/p>\n\n\n\n<p>Lepkie s\u0105 te\u017c k\u0142amstwa z\u0142a<br>Dla tego \u015bwiata<br>Bo tak jest \u0142atwiej<br>\u0141yka\u0107 szata\u0144sk\u0105 papk\u0119<br>Ni\u017c si\u0119 przeciwstawia\u0107 wszelkim zbrodniom<br>Szatana i syn\u00f3w ciemno\u015bci<br>\u0141atwiej chyba \u015bwiat wierzy dzisiaj<br>K\u0142amstwom ni\u017c prawdzie mi\u0142o\u015bci<br>Bo to nie wymaga konsekwencji<br>W walce ze z\u0142em wszelkim<br>Trzeba jednak wytrwa\u0107<br>Na swym Bo\u017cym stanowisku<br>To jest zadanie dzieci \u015bwiat\u0142o\u015bci<br>Wbrew wszelkiej przemocy kt\u00f3r\u0105 ch\u0119tnie<br>Pos\u0142uguj\u0105 si\u0119 po szata\u0144sku perfidnie<br>Dzieci ciemno\u015bci wszelacy<\/p>\n\n\n\n<p>Poza tym z\u0142o chce sterroryzowa\u0107<br>Ten \u015bwiat by m\u00f3c dope\u0142ni\u0107<br>Wszelkie dzie\u0142a zniszczenia<br>A tak si\u0119 sk\u0142ada<br>\u017be to my jeste\u015bmy tu<br>J\u0119zykiem *<strong>u wagi<\/strong>* tego przesilenia<br>Pod\u0142ug Boga<br>Ale przecie\u017c \u0142atwiej wierzy\u0107<br>We wszelkie k\u0142amstwa szata\u0144skie<br>Umywa\u0107 r\u0119ce<br>By nie powiedzie\u0107 z\u0142u<br>Nie pozwalam &#8222;veto&#8221;<\/p>\n\n\n\n<figure class=\"wp-block-gallery has-nested-images columns-default is-cropped wp-block-gallery-1 is-layout-flex wp-block-gallery-is-layout-flex\">\n<figure class=\"wp-block-image size-large\"><a href=\"https:\/\/hubertpietka.bialystok.pl\/wp-content\/uploads\/2025\/04\/1000001640.jpg\"><img loading=\"lazy\" decoding=\"async\" width=\"771\" height=\"1024\" data-id=\"9272\" src=\"https:\/\/hubertpietka.bialystok.pl\/wp-content\/uploads\/2025\/04\/1000001640-771x1024.jpg\" alt=\"\" class=\"wp-image-9272\" srcset=\"https:\/\/hubertpietka.bialystok.pl\/wp-content\/uploads\/2025\/04\/1000001640-771x1024.jpg 771w, https:\/\/hubertpietka.bialystok.pl\/wp-content\/uploads\/2025\/04\/1000001640-226x300.jpg 226w, https:\/\/hubertpietka.bialystok.pl\/wp-content\/uploads\/2025\/04\/1000001640-768x1021.jpg 768w, https:\/\/hubertpietka.bialystok.pl\/wp-content\/uploads\/2025\/04\/1000001640-1156x1536.jpg 1156w, https:\/\/hubertpietka.bialystok.pl\/wp-content\/uploads\/2025\/04\/1000001640.jpg 1204w\" sizes=\"auto, (max-width: 771px) 100vw, 771px\" \/><\/a><\/figure>\n<\/figure>\n\n\n\n<p><em>Na zdj. \u015aw. Micha\u0142 Archanio\u0142<br>Tak czy inaczej<br>Trzeba walczy\u0107 ze z\u0142em<br>Nawet je\u015bli osamotnionym jako\u015b<br>Si\u0119 w tym jest<br>Nawet je\u015bli przewaga przemocy z\u0142a<br>Wydaje si\u0119 przyt\u0142aczaj\u0105ca<br>Dlatego bo B\u00f3g jest<br>Z dzie\u0107mi \u015bwiat\u0142o\u015bci<br>I to si\u0119 oka\u017ce jeszcze<br>W ca\u0142ej pe\u0142ni<br>\u017be tak czy inaczej<br>B\u00f3g zwyci\u0119\u017cy tylko \u017ce mo\u017ce<br>To te\u017c by\u0107 &#8222;przez ogie\u0144&#8221;<br>Tak niejako je\u015bli z\u0142o<br>Dope\u0142ni dzie\u0142o swego zniszczenia szata\u0144sko<br>A do z\u0142a zwyci\u0119stwa wystarczy<br>\u017be si\u0119 nie robi<br>Tego co si\u0119 powinno<br>Z nim w walce<\/em><\/p>\n","protected":false},"excerpt":{"rendered":"<p>Jaka jest r\u00f3\u017cnicaMi\u0119dzy dzie\u0107mi \u015bwiat\u0142aA synami ciemno\u015bci analogicznie Taka \u017ce dzieci Bo\u017ceChc\u0105 trwa\u0107 w mi\u0142o\u015bciA tamci chc\u0105 zniszczy\u0107T\u0105 mi\u0142o\u015b\u0107 i ka\u017cd\u0105\u017be chc\u0105 trwa\u0107 w prawdzieA&hellip; <\/p>\n","protected":false},"author":1,"featured_media":0,"parent":0,"menu_order":0,"comment_status":"closed","ping_status":"closed","template":"","meta":{"footnotes":""},"class_list":["post-9271","page","type-page","status-publish","hentry"],"_links":{"self":[{"href":"https:\/\/hubertpietka.bialystok.pl\/index.php?rest_route=\/wp\/v2\/pages\/9271","targetHints":{"allow":["GET"]}}],"collection":[{"href":"https:\/\/hubertpietka.bialystok.pl\/index.php?rest_route=\/wp\/v2\/pages"}],"about":[{"href":"https:\/\/hubertpietka.bialystok.pl\/index.php?rest_route=\/wp\/v2\/types\/page"}],"author":[{"embeddable":true,"href":"https:\/\/hubertpietka.bialystok.pl\/index.php?rest_route=\/wp\/v2\/users\/1"}],"replies":[{"embeddable":true,"href":"https:\/\/hubertpietka.bialystok.pl\/index.php?rest_route=%2Fwp%2Fv2%2Fcomments&post=9271"}],"version-history":[{"count":1,"href":"https:\/\/hubertpietka.bialystok.pl\/index.php?rest_route=\/wp\/v2\/pages\/9271\/revisions"}],"predecessor-version":[{"id":9273,"href":"https:\/\/hubertpietka.bialystok.pl\/index.php?rest_route=\/wp\/v2\/pages\/9271\/revisions\/9273"}],"wp:attachment":[{"href":"https:\/\/hubertpietka.bialystok.pl\/index.php?rest_route=%2Fwp%2Fv2%2Fmedia&parent=9271"}],"curies":[{"name":"wp","href":"https:\/\/api.w.org\/{rel}","templated":true}]}}