{"id":9275,"date":"2025-05-02T06:03:57","date_gmt":"2025-05-02T06:03:57","guid":{"rendered":"https:\/\/hubertpietka.bialystok.pl\/?page_id=9275"},"modified":"2025-05-02T06:03:57","modified_gmt":"2025-05-02T06:03:57","slug":"takze-zawaluowane-tego-bandyctwa-rozne-metody-oddzialywania","status":"publish","type":"page","link":"https:\/\/hubertpietka.bialystok.pl\/?page_id=9275","title":{"rendered":"Tak\u017ce zawaluowane \/ tego bandyctwa r\u00f3\u017cne metody oddzia\u0142ywania"},"content":{"rendered":"\n<p>Nara\u017c\u0119 si\u0119 na kolejn\u0105<br>kpin\u0119<br>Kolejne szyderstwa tego bandyctwa<br>I tych pod\u0142ug nich<br>Kiedy to powiem<br>Bo oni lubi\u0105 reagowa\u0107<br>Tak w\u0142a\u015bnie kiedy si\u0119<br>Prawd\u0119 obna\u017ca i ich wszelkie<br>Podst\u0119pne dzia\u0142ania z\u0142owrogie<br>Ale powiem<\/p>\n\n\n\n<p>Czy\u017c moja nerwowo\u015b\u0107 wynika tylko<br>Z niew\u0142a\u015bciwego post\u0119powania mojej \u017cony<br>Albo z dziedzictwa<br>Mojego do\u015b\u0107 trudnego nerwowego dzieci\u0144stwa<\/p>\n\n\n\n<p>Przecie\u017c ju\u017c mia\u0142em<br>To wszystko wewn\u0119trznie uporz\u0105dkowane<br>A z \u017con\u0105 chyba i<br>Przez lat 10 pierwszych<br>Naszej znajomo\u015bci nie k\u0142\u00f3cili\u015bmy si\u0119<br>Niemal wcale<br>A na pewno nie mia\u0142em<br>Wybuch\u00f3w nerwowo\u015bci tak jak wsp\u00f3\u0142cze\u015bnie<\/p>\n\n\n\n<p>Zaryzykuj\u0119 stwierdzenie<br>\u017be to nie tylko przez<br>\u017bycie w permanentnym stresie<br>Kt\u00f3re nam funduje to bandyctwo<br>I wszelcy pod\u0142ug nich<br>W z\u0142o\u015bci nienawistnej<\/p>\n\n\n\n<p>A mo\u017ce to jest<br>Przez medykamenty cho\u0107by<br>Czy oni by si\u0119 cofn\u0119li<br>Przed czymkolwiek co mog\u0142oby nam<br>Jako\u015b zaszkodzi\u0107 a szczeg\u00f3lnie<br>Kiedy to robi\u0107 mog\u0105<br>W tak zwany zawaluowany spos\u00f3b<br>A ich dzia\u0142anie odczuwam<br>Na sobie ju\u017c od do\u015b\u0107<br>D\u0142ugiego czasu<br>Tyj\u0119 cho\u0107 ryzykownie si\u0119 przecie\u017c<br>Nie od\u017cywiam zm\u0119czenie chroniczne niemal<br>Przezi\u0119bienie zatok w nocy<br>Od razu kiedy si\u0119 \u015bpi bez czapki<br>A przecie\u017c kiedy\u015b<br>Tak nie by\u0142o bynajmniej<br>Maj\u0105 oni i inne metody<br>Wp\u0142ywania na nasze samopoczucie zdrowie<br>Cho\u0107by gazowania r\u00f3\u017cne<br>Ale i nie tylko<br>A czy oni i im podobni w tym<br>W nienawi\u015bci szata\u0144skiej<br>Cofn\u0119li by si\u0119 przed czymkolwiek<br>Co mog\u0142oby nam chocia\u017c<br>Zaszkodzi\u0107 jako\u015b skoro oni przecie\u017c<br>Nieustannie chc\u0105 nas zabija\u0107<br>Nas naszych i nasze<br>Ale nie tylko<br>Sk\u0105d niby te wszystkie<br>\u015amierci powolne i nag\u0142e<br>Ludzi wok\u00f3\u0142 nas<br>Nie starych przecie\u017c jeszcze<br>Ludzi kt\u00f3rzy byli zdrowi<br>Pod\u0142ug zwyk\u0142ego rozumienia stanu tego<\/p>\n\n\n\n<p>Najbardziej przykre jest to<br>Dla mnie \u017ce to uderza<br>Nerwowo\u015b\u0107 taka nadmierna<br>W moj\u0105 \u017con\u0119 najpierw<br>Bo to bandyctwo jest przecie\u017c<br>Tak szata\u0144skie \u017ce lubi<br>Oskar\u017ca\u0107 o wszystko<br>Wyabstrachowuj\u0105c faktyczne przyczyny<br>Kt\u00f3re s\u0105 im niewygodne<br>Od stanu rzeczy kt\u00f3re powoduj\u0105<br>\u017be sprawiam jej przykro\u015b\u0107<br>Cho\u0107 nie chc\u0119 tego<br>\u017be nie potrafi\u0119 wytrzyma\u0107<br>Tego podra\u017cnienia nadmiernego<br>Kt\u00f3re uderza w ni\u0105 najpierw<br>A czy\u017c to w\u0142a\u015bnie<br>Nie s\u0142u\u017cy szata\u0144stwom tego bandyctwa<br>Ku ich z\u0142ym celom r\u00f3\u017cnym<\/p>\n\n\n\n<p>Nie oszukujcie si\u0119<br>Oni wiedz\u0105 jak uderza\u0107<br>Na wszelkie chyba mo\u017cliwe sposoby<br>A czy\u017c takie manipulacje<br>W medykamentach s\u0105 dla nich<br>I im podobnych r\u00f3\u017cn\u0105 chemi\u0105<br>Rzeczywi\u015bcie nie do wykorzystania<br>Skoro oni u\u017cywaj\u0105 metod wszelkich<br>W nas uderzania<\/p>\n\n\n\n<p>Dzi\u015b wspominany \u015bw. *<em><strong>Atanazy<\/strong><\/em>*<br>Ja zawsze b\u0119d\u0119 sta\u0142<br>*<em><strong>A na stra\u017cy<\/strong><\/em>* \u017cony wbrew<br>Tym r\u00f3\u017cnym zas\u0142onom fa\u0142szu<br>Kt\u00f3re oni tworz\u0105<br>A ta nerwowo\u015b\u0107 kt\u00f3r\u0105 oni<br>Tak czy inaczej zreszt\u0105<br>Generuj\u0105 we mnie<br>W taki czy inny spos\u00f3b<br>Mo\u017ce si\u0119 adekwatnie zreszt\u0105<br>Na nich obr\u00f3ci\u0107<br>W zgodzie przecie\u017c zreszt\u0105<br>Z gwa\u0142towno\u015bci\u0105 reakcji cz\u0142owieka podra\u017cnionego<br>A wtedy konsekwencje<br>Ich k\u0142amstw i zbrodni<br>Ca\u0142y \u015bwiat dotkn\u0105<br>Wed\u0142ug tego co B\u00f3g powiedzia\u0142<br>I co ja te\u017c potwierdzi\u0142em<\/p>\n\n\n\n<figure class=\"wp-block-image size-large\"><a href=\"https:\/\/hubertpietka.bialystok.pl\/wp-content\/uploads\/2025\/05\/1000001819.jpg\"><img loading=\"lazy\" decoding=\"async\" width=\"1024\" height=\"771\" src=\"https:\/\/hubertpietka.bialystok.pl\/wp-content\/uploads\/2025\/05\/1000001819-1024x771.jpg\" alt=\"\" class=\"wp-image-9276\" srcset=\"https:\/\/hubertpietka.bialystok.pl\/wp-content\/uploads\/2025\/05\/1000001819-1024x771.jpg 1024w, https:\/\/hubertpietka.bialystok.pl\/wp-content\/uploads\/2025\/05\/1000001819-300x226.jpg 300w, https:\/\/hubertpietka.bialystok.pl\/wp-content\/uploads\/2025\/05\/1000001819-768x578.jpg 768w, https:\/\/hubertpietka.bialystok.pl\/wp-content\/uploads\/2025\/05\/1000001819-1536x1156.jpg 1536w, https:\/\/hubertpietka.bialystok.pl\/wp-content\/uploads\/2025\/05\/1000001819.jpg 1600w\" sizes=\"auto, (max-width: 1024px) 100vw, 1024px\" \/><\/a><\/figure>\n\n\n\n<p><em>Na zdj. Bia\u0142e kwiaty niewinno\u015bci<br>Mo\u017cna pr\u00f3bowa\u0107 podepta\u0107 skazi\u0107 jako\u015b<br>Zniszczy\u0107 zatru\u0107 na wszelkie sposoby<br>Tak jest z nasz\u0105 mi\u0142o\u015bci\u0105<br>W oczach tego podst\u0119pnego bandyctwa<br>Byleby tylko w nas<br>Jako\u015b uderza\u0107<br>W nas naszych i nasze<br>Zawaluowanym z\u0142em r\u00f3\u017cnym czy otwarcie<br>W s\u0142owie podst\u0119pie i ka\u017cdym<br>Czynie nienawistnym z\u0142owrogim r\u00f3\u017cnym<br>A mimo to<br>Wzywamy zawsze deszczu Bo\u017cej \u0142aski<br>By pod\u0142ug prawdy i Ducha<br>Oczyszcza\u0142 w nas<br>I w tym \u015bwiecie wszystko<\/em><\/p>\n\n\n\n<p><strong>I na koniec odniesienie<br>Do \u015awi\u0119ta Flagi dzisiejszego<br>Biel i czerwie\u0144<br>To mo\u017ce by\u0107 te\u017c<br>Czysto\u015b\u0107 i gniew<\/strong><\/p>\n","protected":false},"excerpt":{"rendered":"<p>Nara\u017c\u0119 si\u0119 na kolejn\u0105kpin\u0119Kolejne szyderstwa tego bandyctwaI tych pod\u0142ug nichKiedy to powiemBo oni lubi\u0105 reagowa\u0107Tak w\u0142a\u015bnie kiedy si\u0119Prawd\u0119 obna\u017ca i ich wszelkiePodst\u0119pne dzia\u0142ania z\u0142owrogieAle powiem&hellip; <\/p>\n","protected":false},"author":1,"featured_media":0,"parent":0,"menu_order":0,"comment_status":"closed","ping_status":"closed","template":"","meta":{"footnotes":""},"class_list":["post-9275","page","type-page","status-publish","hentry"],"_links":{"self":[{"href":"https:\/\/hubertpietka.bialystok.pl\/index.php?rest_route=\/wp\/v2\/pages\/9275","targetHints":{"allow":["GET"]}}],"collection":[{"href":"https:\/\/hubertpietka.bialystok.pl\/index.php?rest_route=\/wp\/v2\/pages"}],"about":[{"href":"https:\/\/hubertpietka.bialystok.pl\/index.php?rest_route=\/wp\/v2\/types\/page"}],"author":[{"embeddable":true,"href":"https:\/\/hubertpietka.bialystok.pl\/index.php?rest_route=\/wp\/v2\/users\/1"}],"replies":[{"embeddable":true,"href":"https:\/\/hubertpietka.bialystok.pl\/index.php?rest_route=%2Fwp%2Fv2%2Fcomments&post=9275"}],"version-history":[{"count":1,"href":"https:\/\/hubertpietka.bialystok.pl\/index.php?rest_route=\/wp\/v2\/pages\/9275\/revisions"}],"predecessor-version":[{"id":9277,"href":"https:\/\/hubertpietka.bialystok.pl\/index.php?rest_route=\/wp\/v2\/pages\/9275\/revisions\/9277"}],"wp:attachment":[{"href":"https:\/\/hubertpietka.bialystok.pl\/index.php?rest_route=%2Fwp%2Fv2%2Fmedia&parent=9275"}],"curies":[{"name":"wp","href":"https:\/\/api.w.org\/{rel}","templated":true}]}}