{"id":9283,"date":"2025-05-05T09:47:59","date_gmt":"2025-05-05T09:47:59","guid":{"rendered":"https:\/\/hubertpietka.bialystok.pl\/?page_id=9283"},"modified":"2025-05-05T09:47:59","modified_gmt":"2025-05-05T09:47:59","slug":"infantylna-naiwnosc-wiara-w-iluzje-szatanskie-bandyctwa","status":"publish","type":"page","link":"https:\/\/hubertpietka.bialystok.pl\/?page_id=9283","title":{"rendered":"Infantylna naiwno\u015b\u0107 \/ wiara w iluzje szata\u0144skie bandyctwa"},"content":{"rendered":"\n<p>Czy wy jeste\u015bcie normalni<br>Tak g\u0142upi czy tylko naiwni<br>\u017be wierzycie w k\u0142amstwa<br>Wszelkie szata\u0144skie tego ca\u0142ego bandyctwa<\/p>\n\n\n\n<p>\u017be jak si\u0119 na przyk\u0142ad<br>Zgodz\u0119 na zabicie swojej \u017cony<br>To wtedy b\u0119dzie spoko<br>Znajd\u0119 sobie inn\u0105 itd<\/p>\n\n\n\n<p>Ju\u017c mi nawet chyba<br>Przygotowali\u015bcie r\u00f3\u017cne takie<br>Nikt mnie nie zmusi<br>By by\u0107 z kimkolwiek<br>Ale to tak na marginesie<\/p>\n\n\n\n<p>Czy my\u015blicie \u017ce ta zbrodnia<br>Powstrzyma inne tego bandyctwa<br>Jak\u017ce jeste\u015bcie naiwni albo g\u0142upi<br>Po prostu nie wiem<br>Czy przez tyle lat<br>To bandyctwo swych zbrodni r\u00f3\u017cnych<br>Nie pope\u0142nia\u0142o podpieraj\u0105c je<br>R\u00f3\u017cnymi szata\u0144skimi k\u0142amstwami<br>I my\u015blicie \u017ce zaprzestan\u0105<br>\u017be z demonicznych si\u0119<br>No anio\u0142kami stan\u0105<\/p>\n\n\n\n<p>Poza tym jak\u017ce jeste\u015bcie naiwni<br>Pr\u00f3bowali mnie zabi\u0107<br>Chyba z tysi\u0105c razy<br>A wy im debilnie wierzycie<br>\u017be oni nic<br>\u017be tylko chc\u0105 mnie chroni\u0107<br>Jak\u017ce\u017c jeste\u015bcie g\u0142upi czy naiwni<br>Bo ju\u017c nie wiem<\/p>\n\n\n\n<p>Poza tym nigdy \u017cadnym dobrym<br>Czegokolwiek pocz\u0105tkiem jest zgoda<br>Na jakiekolwiek zbrodnie<br>Ich jakiekolwiek zaaprobowanie tego z\u0142a<br>Nigdy si\u0119 nie zgodz\u0119<br>Na zabicie \u017cony<br>Ca\u0142y \u015bwiat na to patrzy<br>I za to zap\u0142aci<br>Poza tym nie martwcie si\u0119<br>Jak im si\u0119 uda ju\u017c<br>Mnie zniewoli\u0107 by (sic) chroni\u0107<br>To tak samo mnie wyko\u0144cz\u0105<br>Bo do tego zreszt\u0105<br>Od ju\u017c do\u015b\u0107 dawna d\u0105\u017c\u0105<\/p>\n\n\n\n<p>A wy wierzycie k\u0142amstwom szata\u0144skim<br>Tego bandyctwa<br>A tylko tak mo\u017cna<br>Postawi\u0107 mu tam\u0119<br>I temu wszelkiemu ich szata\u0144stwu<br>Nie rozumiecie jeszcze<br>\u017be \u017cona i jej ochrona<br>Jest w tym kamieniem milowym<\/p>\n\n\n\n<p>I g\u00f3wno mnie obchodzi<br>Za przeproszeniem powiem nieskromnie<br>Zdanie jakiejkolwiek pindzi potencjalnej<br>Na temat naszego psa<br>Bo nie b\u0119dzie \u017cadnej pindzi<br>Ani \u017cadnego pedzia<br>Powiedzia\u0142em i tego nie zmieni\u0119<\/p>\n\n\n\n<p>Czy wy jeste\u015bcie naprawd\u0119<br>A\u017c tak g\u0142upi czy naiwni<br>\u017be nie widzicie<br>\u017be to wszystko to tylko<br>Tego bandyctwa zas\u0142ona dymna<br>\u017be oni si\u0119 niby<br>Na to wszystko godz\u0105<br>Jakby tak by\u0142o<br>Nie pr\u00f3bowaliby by mnie zabija\u0107<br>Ob\u0142udnie i podst\u0119pnie po wielokro\u0107<\/p>\n\n\n\n<p>Nie wierzycie bo tak wam<br>Wygodniej trwa\u0107 w iluzji szata\u0144skiej<br>\u017be wtedy wszystko b\u0119dzie spoko<br>Nie b\u0119dzie<br>Bo szata\u0144stwa si\u0119 nie zatrzymuje<br>Kolejne ofiary mu podsuwaj\u0105c daruj\u0105c<br>I zbyt dobrze znam<br>Szata\u0144stwa tego bandyctwa<br>By im w czymkolwiek zaufa\u0107<br>Podobnie zreszt\u0105 jak szatanowi<br>W nic co m\u00f3wi<br>Nie uwierz\u0119 nigdy<br>Tak samo oni jak on<br>To k\u0142amcy chroniczni<\/p>\n\n\n\n<p>Dlatego m\u00f3wi\u0119 veto<br>I te\u017c to zrobi\u0119<br>Wbrew temu naiwnemu \u015bwiatu<br>Temu bandyctwu i szatanowi<br>Bo tylko tak mo\u017cna<br>Tam\u0119 postawi\u0107 temu wszelkiemu<br>Z\u0142u szata\u0144skiemu ich zbrodniom k\u0142amstwom<\/p>\n\n\n\n<figure class=\"wp-block-gallery has-nested-images columns-default is-cropped wp-block-gallery-1 is-layout-flex wp-block-gallery-is-layout-flex\">\n<figure class=\"wp-block-image size-large\"><a href=\"https:\/\/hubertpietka.bialystok.pl\/wp-content\/uploads\/2025\/05\/1000002008.jpg\"><img loading=\"lazy\" decoding=\"async\" width=\"1024\" height=\"771\" data-id=\"9284\" src=\"https:\/\/hubertpietka.bialystok.pl\/wp-content\/uploads\/2025\/05\/1000002008-1024x771.jpg\" alt=\"\" class=\"wp-image-9284\" srcset=\"https:\/\/hubertpietka.bialystok.pl\/wp-content\/uploads\/2025\/05\/1000002008-1024x771.jpg 1024w, https:\/\/hubertpietka.bialystok.pl\/wp-content\/uploads\/2025\/05\/1000002008-300x226.jpg 300w, https:\/\/hubertpietka.bialystok.pl\/wp-content\/uploads\/2025\/05\/1000002008-768x578.jpg 768w, https:\/\/hubertpietka.bialystok.pl\/wp-content\/uploads\/2025\/05\/1000002008-1536x1156.jpg 1536w, https:\/\/hubertpietka.bialystok.pl\/wp-content\/uploads\/2025\/05\/1000002008.jpg 1600w\" sizes=\"auto, (max-width: 1024px) 100vw, 1024px\" \/><\/a><\/figure>\n<\/figure>\n\n\n\n<p><em>Na zdj. A wy je\u015bli im wierzycie<br>Jeste\u015bcie ca\u0142y czas<br>W tak zwanym punkcie wyj\u015bcia<br>A oni sobie dalej<br>B\u0119d\u0105 czyni\u0107 swoje r\u00f3\u017cne szata\u0144stwa<br>Wobec nas naszego i naszych<br>Ale przecie\u017c nie tylko<br>A my uciec w g\u00f3ry<br>Czy na pustyni\u0119<br>Wsz\u0119dzie oni sobie znajd\u0105 odpowiednich<br>Kt\u00f3rzy wierz\u0105 ich k\u0142amstwom<br>I b\u0119d\u0105 spe\u0142nia\u0107 wobec nas<br>Szata\u0144stwa tego bandyctwa wszelkie<\/em><\/p>\n\n\n\n<p><em>Bo nie wiem wierz\u0105 chyba<br>\u017be \u015bwiat si\u0119 mo\u017ce odnowi\u0107<br>W szatanie tak chyba<br>Ku k\u0142amstwom i zbrodniom totalnym<br>Nie chc\u0105 wierzy\u0107 Bogu<br>Lecz wol\u0105 trwa\u0107<br>We wszelkich iluzjach szata\u0144skich<br>Tak naprawd\u0119 akceptuj\u0105c i potwierdzaj\u0105c<br>Wszelkie zbrodnie szata\u0144skie tego bandyctwa<br>Tak czy inaczej<br>Jezu ufam Tobie ave Maryja<\/em><\/p>\n\n\n\n<p><em>A jak \u015bwiat nie umie<br>Zatrzyma\u0107 szata\u0144skich zbrodni tego bandyctwa<br>To za nie odpowiednio zap\u0142aci<br>Bo B\u00f3g tak powiedzia\u0142<br>I tak spodoba\u0142o si\u0119 Bogu<br>Z nas tu przyk\u0142ad uczyni\u0107<br>Na przek\u00f3r \u015bwiatu<br>I temu ca\u0142emu bandyctwu<br>A kt\u00f3\u017c Bogu zabroni<br>Co chce zrobi\u0107<br>Nawet je\u015bli si\u0119 wydaje<br>\u017be \u015bwiat jest domen\u0105 szatana<\/em><\/p>\n","protected":false},"excerpt":{"rendered":"<p>Czy wy jeste\u015bcie normalniTak g\u0142upi czy tylko naiwni\u017be wierzycie w k\u0142amstwaWszelkie szata\u0144skie tego ca\u0142ego bandyctwa \u017be jak si\u0119 na przyk\u0142adZgodz\u0119 na zabicie swojej \u017conyTo wtedy&hellip; <\/p>\n","protected":false},"author":1,"featured_media":0,"parent":0,"menu_order":0,"comment_status":"closed","ping_status":"closed","template":"","meta":{"footnotes":""},"class_list":["post-9283","page","type-page","status-publish","hentry"],"_links":{"self":[{"href":"https:\/\/hubertpietka.bialystok.pl\/index.php?rest_route=\/wp\/v2\/pages\/9283","targetHints":{"allow":["GET"]}}],"collection":[{"href":"https:\/\/hubertpietka.bialystok.pl\/index.php?rest_route=\/wp\/v2\/pages"}],"about":[{"href":"https:\/\/hubertpietka.bialystok.pl\/index.php?rest_route=\/wp\/v2\/types\/page"}],"author":[{"embeddable":true,"href":"https:\/\/hubertpietka.bialystok.pl\/index.php?rest_route=\/wp\/v2\/users\/1"}],"replies":[{"embeddable":true,"href":"https:\/\/hubertpietka.bialystok.pl\/index.php?rest_route=%2Fwp%2Fv2%2Fcomments&post=9283"}],"version-history":[{"count":1,"href":"https:\/\/hubertpietka.bialystok.pl\/index.php?rest_route=\/wp\/v2\/pages\/9283\/revisions"}],"predecessor-version":[{"id":9285,"href":"https:\/\/hubertpietka.bialystok.pl\/index.php?rest_route=\/wp\/v2\/pages\/9283\/revisions\/9285"}],"wp:attachment":[{"href":"https:\/\/hubertpietka.bialystok.pl\/index.php?rest_route=%2Fwp%2Fv2%2Fmedia&parent=9283"}],"curies":[{"name":"wp","href":"https:\/\/api.w.org\/{rel}","templated":true}]}}