{"id":9287,"date":"2025-05-05T21:00:00","date_gmt":"2025-05-05T21:00:00","guid":{"rendered":"https:\/\/hubertpietka.bialystok.pl\/?page_id=9287"},"modified":"2025-05-05T21:00:00","modified_gmt":"2025-05-05T21:00:00","slug":"kaini-i-judasze-marne-beda-tez-losy-wasze","status":"publish","type":"page","link":"https:\/\/hubertpietka.bialystok.pl\/?page_id=9287","title":{"rendered":"Kaini i Judasze \/ marne b\u0119d\u0105 te\u017c losy wasze"},"content":{"rendered":"\n<p>Na bandycki gniew nara\u017cony<br>Czy tylko z powodu \u017cony<br>Czy za to si\u0119 m\u015bci\u0107 oni maj\u0105<br>\u017be jeszcze nie uda\u0142o im si\u0119<br>Jej zabi\u0107<br>To raczej nie przeszkadza im<br>Pope\u0142nia\u0107 zbrodni r\u00f3\u017cnych gdzie indziej<br>A mo\u017ce raczej<br>Chodzi o skal\u0119 tych zbrodni<br>\u017be nie mog\u0105 ich pope\u0142nia\u0107<br>W pe\u0142ni swobodnie<br>Tak szata\u0144skie jest to<br>Bandyctwo ca\u0142e i im podobni<br>Maj\u0105 si\u0119 m\u015bci\u0107<br>\u017be jeszcze nie uda\u0142o si\u0119<br>Zabi\u0107 \u017cony mnie lub zniewoli\u0107<br>Krzywd\u0119 nam naszemu naszym wyrz\u0105dzi\u0107<br>Do czego zreszt\u0105 nieustannie d\u0105\u017c\u0105<\/p>\n\n\n\n<p>A je\u015bli zabij\u0105 mnie \u017con\u0119<br>Wszystko jedno w sumie<br>To ca\u0142y \u015bwiat zap\u0142aci<br>Za ich zbrodnie<br>Bo tak spodoba\u0142o si\u0119 Bogu<br>Papierkiem lakmusowym ludzkich intencji pod\u0142ych<br>Nas uczyni\u0107<\/p>\n\n\n\n<p>A teraz ta podwija<br>Kt\u00f3ra si\u0119 ma rzuca\u0107 przys\u0142owiowo<br>Jak w trawie g\u00f3wno<br>I r\u00f3wnie bez powodu<br>Tak naprawd\u0119 a motywem<br>Jego nienawi\u015bci jest to<br>\u017be ja wiem co on tu robi<br>I \u017ce trzeba zap\u0142aci\u0107 bandytom<br>Za dobra mu dane w nagrod\u0119 za to<\/p>\n\n\n\n<p>A misie bandyckie tak\u017ce dybi\u0105<br>Pod\u0142ug tych bandyt\u00f3w<br>Jak nie na \u015bwiat\u0142ach<br>To na b\u0142\u0105d jakikolwiek zreszt\u0105<br>I oni nic tak w\u0142a\u015bnie<br>Tym bandyckim niby przypadkiem<br>Podobnie zreszt\u0105 i inni<br>Bandyccy s\u0142u\u017calcy wszelcy<br>Spe\u0142niaj\u0105cy po\u017c\u0105dliwo\u015b\u0107 szata\u0144sk\u0105 tego bandyctwa<\/p>\n\n\n\n<p>A teraz czy to ja<br>Chce komu\u015b robi\u0107 krzywd\u0119<br>Czy raczej ci bandyci<br>I za to si\u0119 mnie oskar\u017ca w\u0142a\u015bnie<br>\u017be oni swobodnie nie mog\u0105<br>Pope\u0142nia\u0107 wszelkich zbrodni swoich<br>Z potwierdzeniem tego szata\u0144skimi k\u0142amstwami<br>Czy wy my\u015blicie<br>\u017be mo\u017cecie \u017cy\u0107 swobodnie spokojnie i wygodnie<br>A oni niech dalej pope\u0142niaj\u0105<br>Wszelkie najgorsze zbrodnie<br>My\u015blicie \u017ce B\u00f3g nie ka\u017ce<br>Zap\u0142aci\u0107 za oboj\u0119tno\u015b\u0107 na los<br>Wszelkich tak naprawd\u0119 niewinnych wsp\u00f3\u0142braci<br>\u017be was nie dotknie szata\u0144stwo<br>Ju\u017c was dotkn\u0119\u0142o oboj\u0119tno\u015bci\u0105 znieczulic\u0105<br>Kt\u00f3ra przesuwa granic\u0119 z\u0142a przyswajania<br>My\u015blicie \u017ce mog\u0105 z\u0142o czyni\u0107<br>Byle by nie wam tylko<br>Za to mnie nas prze\u015bladujecie<br>\u017beby to wpisywa\u0142o si\u0119<br>We wszelkie ich k\u0142amstwa<br>U\u0142ud\u0119 spokoju i trwa\u0142o\u015bci<br>We wszelkim komforcie<br>Nawet kosztem innych a pewnie<br>Byleby was nic z tego<br>Jako\u015b nie dotkn\u0119\u0142o<\/p>\n\n\n\n<p>Wszelcy bandyccy przydupasy<br>Biedni b\u0119dziecie kiedy trzeba b\u0119dzie<br>Si\u0119 Bo\u017cej sprawiedliwo\u015bci wywdzi\u0119czy\u0107<br>Nie tylko za oboj\u0119tno\u015b\u0107 wobec zbrodni wszelkich<br>Ale i Kainowo i Judaszowo<br>Przyk\u0142adanie r\u0119ki ku w\u0142a\u015bnie temu<\/p>\n\n\n\n<figure class=\"wp-block-gallery has-nested-images columns-default is-cropped wp-block-gallery-1 is-layout-flex wp-block-gallery-is-layout-flex\">\n<figure class=\"wp-block-image size-large\"><a href=\"https:\/\/hubertpietka.bialystok.pl\/wp-content\/uploads\/2025\/05\/1000002032.jpg\"><img loading=\"lazy\" decoding=\"async\" width=\"771\" height=\"1024\" data-id=\"9288\" src=\"https:\/\/hubertpietka.bialystok.pl\/wp-content\/uploads\/2025\/05\/1000002032-771x1024.jpg\" alt=\"\" class=\"wp-image-9288\" srcset=\"https:\/\/hubertpietka.bialystok.pl\/wp-content\/uploads\/2025\/05\/1000002032-771x1024.jpg 771w, https:\/\/hubertpietka.bialystok.pl\/wp-content\/uploads\/2025\/05\/1000002032-226x300.jpg 226w, https:\/\/hubertpietka.bialystok.pl\/wp-content\/uploads\/2025\/05\/1000002032-768x1021.jpg 768w, https:\/\/hubertpietka.bialystok.pl\/wp-content\/uploads\/2025\/05\/1000002032-1156x1536.jpg 1156w, https:\/\/hubertpietka.bialystok.pl\/wp-content\/uploads\/2025\/05\/1000002032.jpg 1204w\" sizes=\"auto, (max-width: 771px) 100vw, 771px\" \/><\/a><\/figure>\n<\/figure>\n\n\n\n<p><em>Na zdj. Mi\u0142osierdzie Bo\u017ce tak i owszem<br>Ale i Bo\u017ca sprawiedliwo\u015b\u0107<br>Wobec wszelkich post\u0119puj\u0105cych ob\u0142udnie<br>Pod\u0142ug k\u0142amstw zbrodni szata\u0144sko-bandyckich<br>A Bo\u017cemu gniewowi kt\u00f3\u017c ujdzie<br>Nie \u0142ud\u017acie si\u0119<br>B\u00f3g si\u0119 upomni o krew<br>Ka\u017cdego twego brata<br>O niesprawiedliwe zniewalanie<br>Niszczenie d\u00f3br kogo\u015b kogokolwiek<br>O przyklask wszelkim szata\u0144skim k\u0142amstwom<\/em><\/p>\n","protected":false},"excerpt":{"rendered":"<p>Na bandycki gniew nara\u017conyCzy tylko z powodu \u017conyCzy za to si\u0119 m\u015bci\u0107 oni maj\u0105\u017be jeszcze nie uda\u0142o im si\u0119Jej zabi\u0107To raczej nie przeszkadza imPope\u0142nia\u0107 zbrodni&hellip; <\/p>\n","protected":false},"author":1,"featured_media":0,"parent":0,"menu_order":0,"comment_status":"closed","ping_status":"closed","template":"","meta":{"footnotes":""},"class_list":["post-9287","page","type-page","status-publish","hentry"],"_links":{"self":[{"href":"https:\/\/hubertpietka.bialystok.pl\/index.php?rest_route=\/wp\/v2\/pages\/9287","targetHints":{"allow":["GET"]}}],"collection":[{"href":"https:\/\/hubertpietka.bialystok.pl\/index.php?rest_route=\/wp\/v2\/pages"}],"about":[{"href":"https:\/\/hubertpietka.bialystok.pl\/index.php?rest_route=\/wp\/v2\/types\/page"}],"author":[{"embeddable":true,"href":"https:\/\/hubertpietka.bialystok.pl\/index.php?rest_route=\/wp\/v2\/users\/1"}],"replies":[{"embeddable":true,"href":"https:\/\/hubertpietka.bialystok.pl\/index.php?rest_route=%2Fwp%2Fv2%2Fcomments&post=9287"}],"version-history":[{"count":1,"href":"https:\/\/hubertpietka.bialystok.pl\/index.php?rest_route=\/wp\/v2\/pages\/9287\/revisions"}],"predecessor-version":[{"id":9289,"href":"https:\/\/hubertpietka.bialystok.pl\/index.php?rest_route=\/wp\/v2\/pages\/9287\/revisions\/9289"}],"wp:attachment":[{"href":"https:\/\/hubertpietka.bialystok.pl\/index.php?rest_route=%2Fwp%2Fv2%2Fmedia&parent=9287"}],"curies":[{"name":"wp","href":"https:\/\/api.w.org\/{rel}","templated":true}]}}