{"id":9291,"date":"2025-05-06T22:19:51","date_gmt":"2025-05-06T22:19:51","guid":{"rendered":"https:\/\/hubertpietka.bialystok.pl\/?page_id=9291"},"modified":"2025-05-07T00:00:07","modified_gmt":"2025-05-07T00:00:07","slug":"metodologia-bandycka-na-nich-wszyscy","status":"publish","type":"page","link":"https:\/\/hubertpietka.bialystok.pl\/?page_id=9291","title":{"rendered":"Metodologia bandycka \/ na nich wszyscy"},"content":{"rendered":"\n<p>Jak nie ma kota z myszami<br>Mnie z ni\u0105 naszymi i naszym<br>To te piranie bandyckie<br>My\u015bl\u0105 \u017ce mo\u017cna po\u017cre\u0107<br>Te rybki Bo\u017ce<\/p>\n\n\n\n<p>A tam na rod\u00f3wce<br>W takiej w\u0142a\u015bnie sytuacji<br>Poprawczak po s\u0105siedzku<br>To mo\u017cna cho\u0107by takich odpowiednich<br>Nas\u0142a\u0107 czy mo\u017ce szumowiny r\u00f3\u017cne<br>Jakie\u015b inne cho\u0107by ujadaj\u0105ce<br>W \u015bwiat ca\u0142y na to<br>Ps\u00f3w szczekanie jakby dziwne by\u0142o<br>\u017be psy maj\u0105 tak w\u0142a\u015bnie<\/p>\n\n\n\n<p>Czy tam zreszt\u0105<br>I w jaki spos\u00f3b<br>Byleby tylko z\u0142o wyrz\u0105dzi\u0107<br>Tej mojej \u017conie tym zwierz\u0119tom<br>Czy tam komu czemu naszemu<br>Pod\u0142ug szata\u0144stwa zdefiniowanego bandyctwa tego<\/p>\n\n\n\n<p>A ta podwija to<br>Ma chyba glejt bandycki jaki\u015b<br>Na ochron\u0119 jego szata\u0144skich napa\u015bci<br>Albo cyrograf swego rodzaju<br>Rzek\u0142bym troch\u0119 inaczej<br>Konszachty bandyckie przecie\u017c<br>S\u0105 wi\u0105\u017c\u0105ce te\u017c odpowiednio<\/p>\n\n\n\n<p>A te misie bandyckie<br>Czy inni s\u0142u\u017calcy<br>Jak\u017ce lubi\u0105 szata\u0144skie ustawki wkr\u0119canki<br>Byleby tylko pod\u0142ug po\u017c\u0105da\u0144 szata\u0144skich<br>By\u0142o tych bandyt\u00f3w<br>I mog\u0105 te\u017c oni<br>Jako tajniacy za tob\u0105<br>Kilkadziesi\u0105t kilometr\u00f3w jecha\u0107<br>Czyhaj\u0105c tylko na b\u0142\u0105d<br>Tam byle jaki<\/p>\n\n\n\n<p>Jak dzisiaj cho\u0107by z \u017con\u0105<br>Troch\u0119 inaczej bo<br>W strefie parkowania cho\u0107 parkomat<br>Nie dzia\u0142a\u0142 i nie mo\u017cna<br>By\u0142o wykupi\u0107 biletu za monety<br>To trzeba by\u0142o od razu<br>Po bandycku szata\u0144sku spraw\u0119 za\u0142atwi\u0107<br>I wlepi\u0107 jej mimo to<br>A mo\u017ce raczej dlatego w\u0142a\u015bnie<br>Mandat za brak biletu parkowania<br>Cho\u0107 nie mo\u017cna go by\u0142o<br>Przecie\u017c wykupi\u0107<\/p>\n\n\n\n<p>Tak po szata\u0144sku wszystko<br>Ci bandyci i ich przydupasy<br>Zawodowi i prywatni<br>A przecie\u017c maj\u0105 oni te\u017c<br>Cele wi\u0119zienne<br>Co ju\u017c zauwa\u017cy\u0142em jaki\u015b<br>I czas temu<br>Super w kraju totalitarnym<br>Przecie\u017c to zwyczajne zniewala\u0107 niewinnych<br>A najlepiej pos\u0142ugiwa\u0107 si\u0119 totalnie<br>Wszystkimi ku temu mo\u017cliwymi s\u0142u\u017cbami<br>I oni nic ci bandyci<br>Tylko po szata\u0144sku jednocze\u015bnie wszystko<\/p>\n\n\n\n<p>Bo te\u017c wiadomo by\u0142o<br>Gdzie dzisiaj zaparkuj\u0119 jak wr\u00f3c\u0119<br>Bo wsz\u0119dzie indziej by\u0142o zaj\u0119te<br>To trzeba by\u0142o na \u015bcie\u017cce opon<br>Szk\u0142o te\u017c odpowiednio rozsypa\u0107<br>Zapewne tym samym<br>Bandyckim niby przypadkiem szata\u0144skim<\/p>\n\n\n\n<p>I tak oni wszystko<br>Ci bandyci i pod\u0142ug nich<br>Byleby tylko po szata\u0144sku<br>Ku z\u0142u dla nas<br>A jak to ju\u017c jest<br>Mniej wa\u017cne<br>C\u00f3\u017c za r\u00f3\u017cnica przecie\u017c<br>Dla tego bandyctwa i szatana<br>Te\u017c jednocze\u015bnie<br>Kto nam z\u0142o wyrz\u0105dzi<br>I jakie odpowiednio<\/p>\n\n\n\n<figure class=\"wp-block-gallery has-nested-images columns-default is-cropped wp-block-gallery-1 is-layout-flex wp-block-gallery-is-layout-flex\">\n<figure class=\"wp-block-image size-large\"><a href=\"https:\/\/hubertpietka.bialystok.pl\/wp-content\/uploads\/2025\/05\/1000002323.jpg\"><img loading=\"lazy\" decoding=\"async\" width=\"1024\" height=\"771\" data-id=\"9292\" src=\"https:\/\/hubertpietka.bialystok.pl\/wp-content\/uploads\/2025\/05\/1000002323-1024x771.jpg\" alt=\"\" class=\"wp-image-9292\" srcset=\"https:\/\/hubertpietka.bialystok.pl\/wp-content\/uploads\/2025\/05\/1000002323-1024x771.jpg 1024w, https:\/\/hubertpietka.bialystok.pl\/wp-content\/uploads\/2025\/05\/1000002323-300x226.jpg 300w, https:\/\/hubertpietka.bialystok.pl\/wp-content\/uploads\/2025\/05\/1000002323-768x578.jpg 768w, https:\/\/hubertpietka.bialystok.pl\/wp-content\/uploads\/2025\/05\/1000002323-1536x1157.jpg 1536w, https:\/\/hubertpietka.bialystok.pl\/wp-content\/uploads\/2025\/05\/1000002323.jpg 2040w\" sizes=\"auto, (max-width: 1024px) 100vw, 1024px\" \/><\/a><\/figure>\n<\/figure>\n\n\n\n<p><em>Na zdj. *<strong>Wota<\/strong>*<br>Nikt si\u0119 nie znajdzie<br>W tym \u015bwiecie<br>Kto powie *<strong>veto<\/strong>* odpowiednio<br>Na szata\u0144stwa wszelkie tego bandyctwa<br>To rzeczywi\u015bcie se mog\u0105<br>Kpi\u0107 i szydzi\u0107 ze wszystkiego<br>Jakakolwiek elementarna nawet przyzwoito\u015b\u0107<br>Ich przecie\u017c nie dotyczy<br>A byleby tylko co\u015b wygl\u0105da\u0142o<br>Jak chc\u0105 to przedstawia\u0107<br>Ci szata\u0144scy bandyci<br>Pod\u0142ug pozor\u00f3w dokumentuj\u0105cych ich wszelkie<br>Ob\u0142\u0119dnie szata\u0144skie k\u0142amliwe dialektyczne tezy<\/em><\/p>\n","protected":false},"excerpt":{"rendered":"<p>Jak nie ma kota z myszamiMnie z ni\u0105 naszymi i naszymTo te piranie bandyckieMy\u015bl\u0105 \u017ce mo\u017cna po\u017cre\u0107Te rybki Bo\u017ce A tam na rod\u00f3wceW takiej w\u0142a\u015bnie&hellip; <\/p>\n","protected":false},"author":1,"featured_media":0,"parent":0,"menu_order":0,"comment_status":"closed","ping_status":"closed","template":"","meta":{"footnotes":""},"class_list":["post-9291","page","type-page","status-publish","hentry"],"_links":{"self":[{"href":"https:\/\/hubertpietka.bialystok.pl\/index.php?rest_route=\/wp\/v2\/pages\/9291","targetHints":{"allow":["GET"]}}],"collection":[{"href":"https:\/\/hubertpietka.bialystok.pl\/index.php?rest_route=\/wp\/v2\/pages"}],"about":[{"href":"https:\/\/hubertpietka.bialystok.pl\/index.php?rest_route=\/wp\/v2\/types\/page"}],"author":[{"embeddable":true,"href":"https:\/\/hubertpietka.bialystok.pl\/index.php?rest_route=\/wp\/v2\/users\/1"}],"replies":[{"embeddable":true,"href":"https:\/\/hubertpietka.bialystok.pl\/index.php?rest_route=%2Fwp%2Fv2%2Fcomments&post=9291"}],"version-history":[{"count":3,"href":"https:\/\/hubertpietka.bialystok.pl\/index.php?rest_route=\/wp\/v2\/pages\/9291\/revisions"}],"predecessor-version":[{"id":9296,"href":"https:\/\/hubertpietka.bialystok.pl\/index.php?rest_route=\/wp\/v2\/pages\/9291\/revisions\/9296"}],"wp:attachment":[{"href":"https:\/\/hubertpietka.bialystok.pl\/index.php?rest_route=%2Fwp%2Fv2%2Fmedia&parent=9291"}],"curies":[{"name":"wp","href":"https:\/\/api.w.org\/{rel}","templated":true}]}}