{"id":9297,"date":"2025-05-08T08:47:38","date_gmt":"2025-05-08T08:47:38","guid":{"rendered":"https:\/\/hubertpietka.bialystok.pl\/?page_id=9297"},"modified":"2025-05-08T08:47:38","modified_gmt":"2025-05-08T08:47:38","slug":"terrorysci-zamachowcy-szatanscy-to-bandyctwo-wszelkie-cale","status":"publish","type":"page","link":"https:\/\/hubertpietka.bialystok.pl\/?page_id=9297","title":{"rendered":"Terrory\u015bci zamachowcy szata\u0144scy\/ to bandyctwo wszelkie ca\u0142e"},"content":{"rendered":"\n<p>Zamach zosta\u0142 obmy\u015blony<br>W zale\u017cno\u015bci od miejsca<br>Zmieniaj\u0105 si\u0119 tylko pionki<br>Wykorzystywane przez to bandyctwo<br>Do wszelkich szata\u0144skich zbrodni nieprawych<br>Pod\u0142ug ob\u0142\u0119dnie ob\u0142udnych k\u0142amstw ichnich<\/p>\n\n\n\n<p>Tak z \u017con\u0105<br>Wsz\u0119dzie maj\u0105 r\u00f3\u017cnych wyst\u0119pnych przecie\u017c<br>Kt\u00f3rzy mog\u0105 realizowa\u0107 ich<br>Po\u017c\u0105dania szata\u0144skie w tym wzgl\u0119dzie<br>W r\u00f3\u017cnych miejscach<br>\u017bongluj\u0105c szata\u0144sko ruletk\u0105 bandyck\u0105<br>\u015amierci\u0105 zniewoleniem gwa\u0142tem i zniszczeniem<br>Tak szata\u0144skie jest to<br>Bandyctwu ca\u0142e i wszelcy ci<br>Pod\u0142ug nich ich k\u0142amstw zbrodni<\/p>\n\n\n\n<p>Podobnie i do mnie<br>Wczoraj po powrocie z pracy<br>Ca\u0142e tabuny misi\u00f3w<br>Na mnie nasy\u0142ali<br>Tu na miejscu w Bia\u0142ym<br>Co za r\u00f3\u017cnica zreszt\u0105<br>Dla szatana i tego bandyctwa<br>Jakich s\u0142u\u017calc\u00f3w bandyckich wykorzystaj\u0105<br>Do swych niecnych wyst\u0119pnych zamiar\u00f3w<br>Przeciwko bezbronnym i niewinnym<br>Dysponuj\u0105 oni przecie\u017c przemoc\u0105 wszelk\u0105<\/p>\n\n\n\n<p>Podobnie i z tym pieskiem<br>Te\u017c zamach odpowiednio obmy\u015blony zosta\u0142<br>Bo przeszkadza on cho\u0107by<br>Tej podwiji w szata\u0144skich zamiarach<br>R\u00f3\u017cnych napastliwych i te\u017c innym<br>Bo ten pies przecie\u017c<br>Wspania\u0142ym obro\u0144c\u0105 mo\u017ce by\u0107<\/p>\n\n\n\n<p>Tak se obmy\u015blili<br>\u017be trzeba zrobi\u0107 z niego<br>Psa dla otoczenia niebezpiecznego<br>Rozpuszczaj\u0105 takie newsy po osiedlu<br>Przez odpowiednich<br>\u017be jest gro\u017any<br>Cho\u0107 nasz pies jeszcze<br>Nikogo bynajmniej nie pogryz\u0142<br>I nie gryz\u0142 si\u0119 te\u017c<br>Z innymi psami do krwi<br>Jak ich zreszt\u0105 psy<\/p>\n\n\n\n<p>A na tym wybiegu<br>To przecie\u017c psy powinny by\u0107<br>Odpowiednio statyczne jak psy emeryckie<br>Nawet te m\u0142ode nie powinny<br>Przecie\u017c wyra\u017ca\u0107 swojej ekspresji<br>P\u0142yn\u0105cej w\u0142a\u015bnie z m\u0142odo\u015bci<br>Wprost przeciwnie do nazwy wybiegiem<br>Tego miejsca<br>Tak szata\u0144skie jest to bandyctwo<br>I najlepiej nagrywa\u0107 oczywi\u015bcie<br>Na wszelkie sposoby ekspresj\u0119 pieska<br>By mie\u0107 szata\u0144skie odpowiednie dowody<br>Podobnie z t\u0105 rod\u00f3wka zreszt\u0105<br>Znale\u017ali si\u0119 tam zdziwieni niemowlacko<br>\u017be pies mo\u017ce szczeka\u0107<br>I ujada\u0107 za to mog\u0105<br>Odpowiednio w \u015bwiat ca\u0142y<br>Tak szata\u0144skie jest to bandyctwo<br>I wszelacy pod\u0142ug nich<\/p>\n\n\n\n<p>Zamachy ob\u0142udne pod\u0142e<br>Tak\u017ce na nasze samochody<br>Na nasze miejsca te\u017c oczywi\u015bcie<br>Wszystko co nasze<br>I kt\u00f3rzy s\u0105 nasi<br>S\u0105 obiektami do zniszczenia<br>Dla tego szata\u0144skiego bandyctwa<br>Tak realizuj\u0105 oni terroryzm z\u0142a<br>W \u017cyciu naszym<br>Na wszelkie ob\u0142\u0119dne szata\u0144sko sposoby<\/p>\n\n\n\n<figure class=\"wp-block-gallery has-nested-images columns-default is-cropped wp-block-gallery-1 is-layout-flex wp-block-gallery-is-layout-flex\">\n<figure class=\"wp-block-image size-large\"><a href=\"https:\/\/hubertpietka.bialystok.pl\/wp-content\/uploads\/2025\/05\/1000002550.jpg\"><img loading=\"lazy\" decoding=\"async\" width=\"1024\" height=\"771\" data-id=\"9298\" src=\"https:\/\/hubertpietka.bialystok.pl\/wp-content\/uploads\/2025\/05\/1000002550-1024x771.jpg\" alt=\"\" class=\"wp-image-9298\" srcset=\"https:\/\/hubertpietka.bialystok.pl\/wp-content\/uploads\/2025\/05\/1000002550-1024x771.jpg 1024w, https:\/\/hubertpietka.bialystok.pl\/wp-content\/uploads\/2025\/05\/1000002550-300x226.jpg 300w, https:\/\/hubertpietka.bialystok.pl\/wp-content\/uploads\/2025\/05\/1000002550-768x578.jpg 768w, https:\/\/hubertpietka.bialystok.pl\/wp-content\/uploads\/2025\/05\/1000002550-1536x1156.jpg 1536w, https:\/\/hubertpietka.bialystok.pl\/wp-content\/uploads\/2025\/05\/1000002550.jpg 1600w\" sizes=\"auto, (max-width: 1024px) 100vw, 1024px\" \/><\/a><\/figure>\n<\/figure>\n\n\n\n<p><em>Na zdj. To prawda nasz pies<br>Nie jest anio\u0142kiem<br>Ale potrafi nim te\u017c by\u0107<br>Przecie\u017c ku\u017awa o bandyctwo szata\u0144skie<br>Jest on owczarkiem pracuj\u0105cym zreszt\u0105<br>A to szata\u0144skie bandyctwo<br>Chce wszystko przeciwko nam wykorzystywa\u0107<br>Z ob\u0142ud\u0105 najgorsz\u0105 ob\u0142\u0119dn\u0105 podle<br>\u015aci\u015ble pod\u0142ug ich k\u0142amstw szata\u0144skich<br>Zabi\u0107 zniszczy\u0107 gwa\u0142t zada\u0107 zniewoli\u0107<br>Tak szata\u0144skie jest to bandyctwo<br>I wszelacy pod\u0142ug nich<br>W zbrodniach wszelkich i k\u0142amstwach<br>Co do nas naszego naszych<br>Ale przecie\u017c chyba nie tylko<br>My jeste\u015bmy tylko ilustracj\u0105<br>Ich dzia\u0142a\u0144 szata\u0144skich wszelkich<br>Terrory\u015bci zamachowcy tylko obmy\u015blaj\u0105 przecie\u017c<br>Po szata\u0144sku z ob\u0142ud\u0105 najgorsz\u0105<br>Jak uderza\u0107 pod\u0142ug nienawi\u015bci z\u0142o\u015bci<\/em><\/p>\n","protected":false},"excerpt":{"rendered":"<p>Zamach zosta\u0142 obmy\u015blonyW zale\u017cno\u015bci od miejscaZmieniaj\u0105 si\u0119 tylko pionkiWykorzystywane przez to bandyctwoDo wszelkich szata\u0144skich zbrodni nieprawychPod\u0142ug ob\u0142\u0119dnie ob\u0142udnych k\u0142amstw ichnich Tak z \u017con\u0105Wsz\u0119dzie maj\u0105 r\u00f3\u017cnych&hellip; <\/p>\n","protected":false},"author":1,"featured_media":0,"parent":0,"menu_order":0,"comment_status":"closed","ping_status":"closed","template":"","meta":{"footnotes":""},"class_list":["post-9297","page","type-page","status-publish","hentry"],"_links":{"self":[{"href":"https:\/\/hubertpietka.bialystok.pl\/index.php?rest_route=\/wp\/v2\/pages\/9297","targetHints":{"allow":["GET"]}}],"collection":[{"href":"https:\/\/hubertpietka.bialystok.pl\/index.php?rest_route=\/wp\/v2\/pages"}],"about":[{"href":"https:\/\/hubertpietka.bialystok.pl\/index.php?rest_route=\/wp\/v2\/types\/page"}],"author":[{"embeddable":true,"href":"https:\/\/hubertpietka.bialystok.pl\/index.php?rest_route=\/wp\/v2\/users\/1"}],"replies":[{"embeddable":true,"href":"https:\/\/hubertpietka.bialystok.pl\/index.php?rest_route=%2Fwp%2Fv2%2Fcomments&post=9297"}],"version-history":[{"count":1,"href":"https:\/\/hubertpietka.bialystok.pl\/index.php?rest_route=\/wp\/v2\/pages\/9297\/revisions"}],"predecessor-version":[{"id":9299,"href":"https:\/\/hubertpietka.bialystok.pl\/index.php?rest_route=\/wp\/v2\/pages\/9297\/revisions\/9299"}],"wp:attachment":[{"href":"https:\/\/hubertpietka.bialystok.pl\/index.php?rest_route=%2Fwp%2Fv2%2Fmedia&parent=9297"}],"curies":[{"name":"wp","href":"https:\/\/api.w.org\/{rel}","templated":true}]}}