{"id":9307,"date":"2025-05-11T20:08:05","date_gmt":"2025-05-11T20:08:05","guid":{"rendered":"https:\/\/hubertpietka.bialystok.pl\/?page_id=9307"},"modified":"2025-05-11T20:08:05","modified_gmt":"2025-05-11T20:08:05","slug":"para-dramaty-bandyckie-a-te-prawdziwe-walki-wszelkich-sil-zla-z-tymi-malymi","status":"publish","type":"page","link":"https:\/\/hubertpietka.bialystok.pl\/?page_id=9307","title":{"rendered":"Para-dramaty bandyckie \/ a te prawdziwe \/ walki wszelkich si\u0142 z\u0142a \/ z tymi ma\u0142ymi"},"content":{"rendered":"\n<p>Straszn\u0105 rzecz us\u0142ysza\u0142em<br>Kiedy tu na rod\u00f3wk\u0119 przyjecha\u0142em<br>Pieski wystraszy\u0142y szczekaniem dzieci<br>Co za trauma<br>Co za dramat wprost pora\u017caj\u0105ce<br>Przecie\u017c nie ma innego z\u0142a<br>Na \u015bwiecie ni\u017c szczekanie piesk\u00f3w<br>Dzieci ju\u017c zapewne si\u0119<br>Z \u017cadnym z\u0142em nie spotkaj\u0105<br>Cho\u0107by tym bandyckim<br>A tu taka straszna sprawa<br>To mo\u017ce im zosta\u0107<br>Na \u017cycie ca\u0142e taki uraz<br>Zabi\u0107 pieski i w\u0142a\u015bcicieli najlepiej<br>Sprawc\u00f3w takiego dramatu wstrz\u0105saj\u0105cego dzieci<br>Zapewne odpowiedzialni za podopiecznych<br>Zareaguj\u0105 te\u017c mocno odpowiednio<br>Ujadaj\u0105c w \u015bwiat ca\u0142y cho\u0107by<br>Na takie straszne piesk\u00f3w szczekanie<br>Przecie\u017c nigdzie indziej<br>Nie szczekaj\u0105 \u017cadne pieski<br>A ju\u017c szczeg\u00f3lnie na dzieci<\/p>\n\n\n\n<p>To ja dla tych dzieci<br>Na z\u0142agodzenie ich traumy<br>Mam o smerfach odpowiedni\u0105 bajk\u0119<br>Cho\u0107 nie wiem zbytnio<br>Czy to jednak tego wstrz\u0105su<br>Nie wzmo\u017ce u nich odpowiednio<br>A nie z\u0142agodzi<\/p>\n\n\n\n<p>Mianowicie drogie dzieci<br>Smerfy niebieskie na przek\u00f3r troch\u0119<br>Ni\u017c w bajce s\u0142u\u017c\u0105 Gargamelowi i klakierom jego<br>A nie innym ma\u0142ym<br>I na tym si\u0119 ko\u0144czy<br>Ta dla dzieci bajka<br>Niestety odwrotna troch\u0119<br>Ale zawsze sobie mog\u0105<br>Obejrze\u0107 gdzie\u015b Smerfy prawdziwe<\/p>\n\n\n\n<p>A teraz dla doros\u0142ych<br>To ja powiem wprost<br>Jak nie szata\u0144skie<br>Te misie bandyckie i inni<br>Bandyccy s\u0142u\u017calcy szata\u0144skiego zniewalania<br>Skoro tak w\u0142a\u015bnie<br>Nie s\u0142u\u017c\u0105 ma\u0142ym niewinnym bezbronnym<br>Lecz k\u0142amstwom szata\u0144skim tych bandyt\u00f3w<br>Pod\u0142ug wszelkiej im dost\u0119pnej przemocy<\/p>\n\n\n\n<p>Dzi\u015b ich nazwa\u0142em niebieskimi szatanami<br>A to tak nie\u0142adnie<br>A jak ich niby<br>Nazwa\u0107 mo\u017cna inaczej<br>Skoro s\u0142u\u017c\u0105 szata\u0144stwom tych bandyt\u00f3w<br>A nie obronie tych<br>Kt\u00f3rych powinni broni\u0107<br>Przed z\u0142em szata\u0144skim tych w\u0142a\u015bnie<br>Mo\u017cna ich te\u017c nazwa\u0107<br>Prosz\u0119 bardzo analogicznie<br>Anio\u0142ami ale tymi upad\u0142ymi<br>Skoro nie strzeg\u0105 dzieci Bo\u017cych<br>Lecz w zgodzie z szata\u0144stwem<br>Tych bandyt\u00f3w pod\u0142ug warunkowania przemocy<br>S\u0142u\u017c\u0105 ich zbrodniom<br>\u015amierci zniewoleniu gwa\u0142towi na niewinnych<br>Wszelkiemu zniszczeniu<\/p>\n\n\n\n<p>Czy\u017c to nie jest<br>W pe\u0142ni szata\u0144stwo<br>Skoro nast\u0119puje tu odwr\u00f3cenie<br>Odwiecznego moralnego porz\u0105dku<br>Str\u00f3\u017ce strzeg\u0105 szata\u0144stw bandyckich<br>A nie niewinno\u015bci tych ma\u0142ych<br>I to w pe\u0142nym pensum<br>Przemocy im dost\u0119pnej<br>Pod\u0142ug totalitaryzmu si\u0142 z\u0142a<br>Wobec jednostek kt\u00f3re podpad\u0142y<br>Szata\u0144skiemu z\u0142a systemowi<\/p>\n\n\n\n<figure class=\"wp-block-gallery has-nested-images columns-default is-cropped wp-block-gallery-1 is-layout-flex wp-block-gallery-is-layout-flex\">\n<figure class=\"wp-block-image size-large\"><a href=\"https:\/\/hubertpietka.bialystok.pl\/wp-content\/uploads\/2025\/05\/1000003356.jpg\"><img loading=\"lazy\" decoding=\"async\" width=\"1024\" height=\"771\" data-id=\"9308\" src=\"https:\/\/hubertpietka.bialystok.pl\/wp-content\/uploads\/2025\/05\/1000003356-1024x771.jpg\" alt=\"\" class=\"wp-image-9308\" srcset=\"https:\/\/hubertpietka.bialystok.pl\/wp-content\/uploads\/2025\/05\/1000003356-1024x771.jpg 1024w, https:\/\/hubertpietka.bialystok.pl\/wp-content\/uploads\/2025\/05\/1000003356-300x226.jpg 300w, https:\/\/hubertpietka.bialystok.pl\/wp-content\/uploads\/2025\/05\/1000003356-768x578.jpg 768w, https:\/\/hubertpietka.bialystok.pl\/wp-content\/uploads\/2025\/05\/1000003356-1536x1156.jpg 1536w, https:\/\/hubertpietka.bialystok.pl\/wp-content\/uploads\/2025\/05\/1000003356.jpg 1600w\" sizes=\"auto, (max-width: 1024px) 100vw, 1024px\" \/><\/a><\/figure>\n<\/figure>\n\n\n\n<p><em>Na zdj. Dzisiaj niestety przegrali niebiescy<br>Ku \u017ca\u0142o\u015bci bandyckiej<br>Ale ci zapewne b\u0119d\u0105 chcieli<br>Si\u0119 m\u015bci\u0107 za to<br>Bo oni tak dzia\u0142aj\u0105 zawsze<br>A i innych przecie\u017c maj\u0105<br>Z\u0142u szata\u0144skiemu bandyt\u00f3w podporz\u0105dkowanych<br>Nie tylko s\u0142u\u017cbowych zawodowych r\u00f3\u017cnych<br>Ale i tych prywatnych<br>Mo\u017cna przecie\u017c te\u017c zawsze<br>Chcie\u0107 \u017con\u0119 zabi\u0107 skrzywdzi\u0107<br>Lub chocia\u017c te zwierz\u0119ta<br>\u017be o sobie skromnie<br>I nie wspomn\u0119<br>I uderza\u0107 jako\u015b<br>W inne dobra nasze<br>Czy te\u017c bliskich<br>Tak szata\u0144skie jest to ca\u0142e<br>Bandyctwo i im podobni<br>We wszelkich k\u0142amstwach i zbrodniach<br>\u017be oni wsz\u0119dzie i zawsze<br>Chc\u0105 czyni\u0107 wszelkie z\u0142o szata\u0144skie<\/em><\/p>\n\n\n\n<p><strong><em><a href=\"https:\/\/youtu.be\/kwWRYJUUhhM\">Smerfy (piosenka tytu\u0142owa) <\/a><\/em><\/strong><\/p>\n\n\n\n<p class=\"has-text-align-center\">\/<\/p>\n\n\n\n<p class=\"has-text-align-right\"><strong><em><a href=\"https:\/\/youtu.be\/SVxFQ3ThDIs\">Jak ja nie cierpi\u0119 tych okropnych smerf\u00f3w (Sidney Polak)<\/a><\/em><\/strong><\/p>\n","protected":false},"excerpt":{"rendered":"<p>Straszn\u0105 rzecz us\u0142ysza\u0142emKiedy tu na rod\u00f3wk\u0119 przyjecha\u0142emPieski wystraszy\u0142y szczekaniem dzieciCo za traumaCo za dramat wprost pora\u017caj\u0105cePrzecie\u017c nie ma innego z\u0142aNa \u015bwiecie ni\u017c szczekanie piesk\u00f3wDzieci ju\u017c&hellip; <\/p>\n","protected":false},"author":1,"featured_media":0,"parent":0,"menu_order":0,"comment_status":"closed","ping_status":"closed","template":"","meta":{"footnotes":""},"class_list":["post-9307","page","type-page","status-publish","hentry"],"_links":{"self":[{"href":"https:\/\/hubertpietka.bialystok.pl\/index.php?rest_route=\/wp\/v2\/pages\/9307","targetHints":{"allow":["GET"]}}],"collection":[{"href":"https:\/\/hubertpietka.bialystok.pl\/index.php?rest_route=\/wp\/v2\/pages"}],"about":[{"href":"https:\/\/hubertpietka.bialystok.pl\/index.php?rest_route=\/wp\/v2\/types\/page"}],"author":[{"embeddable":true,"href":"https:\/\/hubertpietka.bialystok.pl\/index.php?rest_route=\/wp\/v2\/users\/1"}],"replies":[{"embeddable":true,"href":"https:\/\/hubertpietka.bialystok.pl\/index.php?rest_route=%2Fwp%2Fv2%2Fcomments&post=9307"}],"version-history":[{"count":1,"href":"https:\/\/hubertpietka.bialystok.pl\/index.php?rest_route=\/wp\/v2\/pages\/9307\/revisions"}],"predecessor-version":[{"id":9309,"href":"https:\/\/hubertpietka.bialystok.pl\/index.php?rest_route=\/wp\/v2\/pages\/9307\/revisions\/9309"}],"wp:attachment":[{"href":"https:\/\/hubertpietka.bialystok.pl\/index.php?rest_route=%2Fwp%2Fv2%2Fmedia&parent=9307"}],"curies":[{"name":"wp","href":"https:\/\/api.w.org\/{rel}","templated":true}]}}