{"id":9315,"date":"2025-05-14T07:40:41","date_gmt":"2025-05-14T07:40:41","guid":{"rendered":"https:\/\/hubertpietka.bialystok.pl\/?page_id=9315"},"modified":"2025-05-14T21:43:11","modified_gmt":"2025-05-14T21:43:11","slug":"niezmierzona-droga-obludy-szatanskiej-po-bandycku-do-nas","status":"publish","type":"page","link":"https:\/\/hubertpietka.bialystok.pl\/?page_id=9315","title":{"rendered":"Niezmierzona droga &#8211; ob\u0142udy szata\u0144skiej \/ po bandycku do nas"},"content":{"rendered":"\n<p>Ob\u0142\u0119dny \u015bwiat ob\u0142udy bandyckiej<br>Wygl\u0105da w ten spos\u00f3b<br>\u017be jak nie mnie zniewoli\u0107<br>To zniewoli\u0107 \u017con\u0119<br>Zapewne to te\u017c nie przeszkadza<br>Zabija\u0107 niszczy\u0107 nas naszych nasze<\/p>\n\n\n\n<p>Misie bandyckie itp<br>Wykonuj\u0105 tylko swoj\u0105 prac\u0119<br>Prosz\u0119 wybaczy\u0107 kat w \u015bredniowieczu<br>Te\u017c wykonywa\u0142 tylko swoj\u0105 prac\u0119<br>A my to niby co<br>Na wycieczki tylko<\/p>\n\n\n\n<p>A poza tym nawet<br>Jak nie oni<br>To zawsze mog\u0105 liczy\u0107 bandyci<br>Na podwij\u0119 odpowiednio<br>Czy te\u017c psychopat\u00f3w innych<br>Pod\u0142ug z\u0142a dla nas bandyckiego<br>Ten bydlak si\u0119 wy\u015bpi cho\u0107by<br>I od rana zdrada napastliwa<br>Na nas<br>A jak go i niby<br>Pod\u0142ug tego nazwa\u0107 inaczej<br>A mo\u017ce skowronek<br>Tak ale chyba szata\u0144skiej napastliwo\u015bci<br>I ujadania w\u015bciek\u0142ego<br>W nocy albo od \u015bwitu<br>Tak najlepiej<br>Co nie przeszkadza te\u017c inaczej<br>I jemu i innym<br>Tak\u017ce za bia\u0142ego dnia<br>Pod\u0142ug tego bandyctwa<br>I im podobnych wszelkich<br>Zawsze jest czas dobry<br>Na napa\u015bci i wszelkie z\u0142o<br>Dla nas naszego i naszych<\/p>\n\n\n\n<p>Ob\u0142\u0119dny \u015bwiat bandyckiej ob\u0142udy<br>I wszelkich pod\u0142ug nich<br>W d\u0105\u017ceniu do zbrodni<br>Dla nas ale i innych<br>A wszystko podparte pod\u0142ym k\u0142amstwem<br>Takie to wszelkie szata\u0144stwa<br>Wszelkich bandyckich dzia\u0142a\u0144 i tych<br>W zbrodniach i k\u0142amstwach zar\u00f3wno<br>Pod\u0142ug nich<\/p>\n\n\n\n<figure class=\"wp-block-gallery has-nested-images columns-default is-cropped wp-block-gallery-1 is-layout-flex wp-block-gallery-is-layout-flex\">\n<figure class=\"wp-block-image size-large\"><a href=\"https:\/\/hubertpietka.bialystok.pl\/wp-content\/uploads\/2025\/05\/1000003796.jpg\"><img loading=\"lazy\" decoding=\"async\" width=\"1024\" height=\"771\" data-id=\"9316\" src=\"https:\/\/hubertpietka.bialystok.pl\/wp-content\/uploads\/2025\/05\/1000003796-1024x771.jpg\" alt=\"\" class=\"wp-image-9316\" srcset=\"https:\/\/hubertpietka.bialystok.pl\/wp-content\/uploads\/2025\/05\/1000003796-1024x771.jpg 1024w, https:\/\/hubertpietka.bialystok.pl\/wp-content\/uploads\/2025\/05\/1000003796-300x226.jpg 300w, https:\/\/hubertpietka.bialystok.pl\/wp-content\/uploads\/2025\/05\/1000003796-768x578.jpg 768w, https:\/\/hubertpietka.bialystok.pl\/wp-content\/uploads\/2025\/05\/1000003796.jpg 1130w\" sizes=\"auto, (max-width: 1024px) 100vw, 1024px\" \/><\/a><\/figure>\n<\/figure>\n\n\n\n<p><em>Na zdj. Jestem pod wra\u017ceniem<br>Mojego mechanika i jego syna<br>Mogliby otworzy\u0107 niejako ASO Porshe<br>Samochod\u00f3w klasyk\u00f3w z tzw. dusz\u0105<br>A tak poza tym<br>Misie sobie je\u017cd\u017c\u0105<br>I inne s\u0142u\u017cby podobnie<br>To tu to tam<br>Tam i z powrotem<br>Wykonuj\u0105 swoj\u0105 prac\u0119<br>To niech nam pozwol\u0105<br>Wykonywa\u0107 te\u017c i t\u0105 nasz\u0105<br>Na zasadzie podobnej<br>Bo intencj\u0105 nasz\u0105 nie jest<br>Nigdy bynajmniej wykraczanie tak\u017ce wobec<br>Tego nie zawsze jednak sk\u0142adnego<br>Prawa drogowego<\/em><\/p>\n\n\n\n<p><em>Nasz mechanik jest z Kuchar\u00f3wki<br>&#8222;\u017byjcie i pozw\u00f3lcie \u017cy\u0107&#8221;<br>Chcecie spo\u017cywa\u0107 r\u00f3\u017cne potrawy wykwintne<br>I dos\u0142ownie i w przeno\u015bni<br>Na r\u00f3\u017cnych p\u0142aszczyznach egzystencji ludzkiej<br>To pozw\u00f3lcie nam si\u0119 karmi\u0107<br>Nasz\u0105 codzienn\u0105 zwyczajn\u0105 straw\u0105<br>Inaczej b\u0119d\u0119 mia\u0142 dla was<br>Zawsze s\u0142owo surowe<br>Pod\u0142ug uczestnictwa w pod\u0142ej ob\u0142udzie<br>Szata\u0144skiej bandyckiej<br>Jak cho\u0107by wobec tej podwiji<br>I innych takich zaawansowanych<br>W bandyctwach szata\u0144skich wszelakich<br>Kt\u00f3rzy nie chc\u0105 zawr\u00f3ci\u0107<br>Z drogi k\u0142amstw i zbrodni<\/em><\/p>\n\n\n\n<p class=\"has-text-align-right\"><strong><em><a href=\"https:\/\/youtu.be\/w37Wry9XMOs\">Maciej Balcar &#8211; Za daleko <\/a><\/em><\/strong><\/p>\n","protected":false},"excerpt":{"rendered":"<p>Ob\u0142\u0119dny \u015bwiat ob\u0142udy bandyckiejWygl\u0105da w ten spos\u00f3b\u017be jak nie mnie zniewoli\u0107To zniewoli\u0107 \u017con\u0119Zapewne to te\u017c nie przeszkadzaZabija\u0107 niszczy\u0107 nas naszych nasze Misie bandyckie itpWykonuj\u0105 tylko&hellip; <\/p>\n","protected":false},"author":1,"featured_media":0,"parent":0,"menu_order":0,"comment_status":"closed","ping_status":"closed","template":"","meta":{"footnotes":""},"class_list":["post-9315","page","type-page","status-publish","hentry"],"_links":{"self":[{"href":"https:\/\/hubertpietka.bialystok.pl\/index.php?rest_route=\/wp\/v2\/pages\/9315","targetHints":{"allow":["GET"]}}],"collection":[{"href":"https:\/\/hubertpietka.bialystok.pl\/index.php?rest_route=\/wp\/v2\/pages"}],"about":[{"href":"https:\/\/hubertpietka.bialystok.pl\/index.php?rest_route=\/wp\/v2\/types\/page"}],"author":[{"embeddable":true,"href":"https:\/\/hubertpietka.bialystok.pl\/index.php?rest_route=\/wp\/v2\/users\/1"}],"replies":[{"embeddable":true,"href":"https:\/\/hubertpietka.bialystok.pl\/index.php?rest_route=%2Fwp%2Fv2%2Fcomments&post=9315"}],"version-history":[{"count":2,"href":"https:\/\/hubertpietka.bialystok.pl\/index.php?rest_route=\/wp\/v2\/pages\/9315\/revisions"}],"predecessor-version":[{"id":9320,"href":"https:\/\/hubertpietka.bialystok.pl\/index.php?rest_route=\/wp\/v2\/pages\/9315\/revisions\/9320"}],"wp:attachment":[{"href":"https:\/\/hubertpietka.bialystok.pl\/index.php?rest_route=%2Fwp%2Fv2%2Fmedia&parent=9315"}],"curies":[{"name":"wp","href":"https:\/\/api.w.org\/{rel}","templated":true}]}}